{"id":27776,"date":"2017-12-14T13:15:39","date_gmt":"2017-12-14T12:15:39","guid":{"rendered":"https:\/\/www.esteri.it\/trasparenza_comunicazioni_legali\/servizi_erogati\/standard-di-qualita-dei-servizi_0\/"},"modified":"2024-03-27T11:12:20","modified_gmt":"2024-03-27T10:12:20","slug":"standard-di-qualita-dei-servizi_0","status":"publish","type":"page","link":"https:\/\/www.esteri.it\/it\/trasparenza_comunicazioni_legali\/servizi_erogati\/standard-di-qualita-dei-servizi_0\/","title":{"rendered":"Standard di qualit\u00e0 dei servizi erogati &#8211; Esito della consultazione pubblica (7 novembre 2017)"},"content":{"rendered":"<p>La <a title=\"consultazione pubblica\" href=\"\/trasparenza_comunicazioni_legali\/servizi_erogati\/standard-di-qualita-dei-servizi\">consultazione pubblica<\/a>\u00a0sull\u2019aggiornamento degli standard di qualit\u00e0 del Ministero degli Affari Esteri e della Cooperazione Internazionale (MAECI), avviata il 13 settembre scorso, \u00e8 terminata il 23 ottobre.<\/p>\n<p>La consultazione si \u00e8 conclusa senza riscontri, a conferma della validit\u00e0 dell\u2019impostazione seguita per l\u2019aggiornamento degli standard, definiti \u2013 come previsto dalle Linee guida per il miglioramento degli strumenti per la qualit\u00e0 dei servizi pubblici \u2013 secondo una logica orientata al miglioramento continuo dei servizi erogati dall\u2019amministrazione a beneficio dei cittadini\/utenti e anche a seguito di consultazioni informali tra le strutture interessate del Ministero e i principali stakeholder.Il decreto ministeriale di adozione dei nuovi standard sar\u00e0 pubblicato sul sito istituzionale.<\/p>\n<p>Antonio Alessandro<\/p>\n<p>Capo Unit\u00e0 di Coordinamento della Segreteria Generale<\/p>\n<p>7 novembre 2017<\/p>\n","protected":false},"excerpt":{"rendered":"La consultazione pubblica\u00a0sull\u2019aggiornamento degli standard di qualit\u00e0 del Ministero degli Affari Esteri e della Cooperazione Internazionale (MAECI), avviata il 13 settembre scorso, \u00e8 terminata il 23 ottobre. La consultazione si \u00e8 conclusa senza riscontri, a conferma della validit\u00e0 dell\u2019impostazione seguita per l\u2019aggiornamento degli standard, definiti \u2013 come previsto dalle Linee guida per il miglioramento degli [&hellip;]","protected":false},"author":1,"featured_media":0,"parent":27414,"menu_order":0,"comment_status":"closed","ping_status":"closed","template":"page-trasparente.php","meta":{"footnotes":""},"class_list":["post-27776","page","type-page","status-publish","hentry"],"_links":{"self":[{"href":"https:\/\/www.esteri.it\/it\/wp-json\/wp\/v2\/pages\/27776","targetHints":{"allow":["GET"]}}],"collection":[{"href":"https:\/\/www.esteri.it\/it\/wp-json\/wp\/v2\/pages"}],"about":[{"href":"https:\/\/www.esteri.it\/it\/wp-json\/wp\/v2\/types\/page"}],"author":[{"embeddable":true,"href":"https:\/\/www.esteri.it\/it\/wp-json\/wp\/v2\/users\/1"}],"replies":[{"embeddable":true,"href":"https:\/\/www.esteri.it\/it\/wp-json\/wp\/v2\/comments?post=27776"}],"version-history":[{"count":2,"href":"https:\/\/www.esteri.it\/it\/wp-json\/wp\/v2\/pages\/27776\/revisions"}],"predecessor-version":[{"id":114890,"href":"https:\/\/www.esteri.it\/it\/wp-json\/wp\/v2\/pages\/27776\/revisions\/114890"}],"up":[{"embeddable":true,"href":"https:\/\/www.esteri.it\/it\/wp-json\/wp\/v2\/pages\/27414"}],"wp:attachment":[{"href":"https:\/\/www.esteri.it\/it\/wp-json\/wp\/v2\/media?parent=27776"}],"curies":[{"name":"wp","href":"https:\/\/api.w.org\/{rel}","templated":true}]}}