{"id":27829,"date":"2020-07-09T16:25:02","date_gmt":"2020-07-09T14:25:02","guid":{"rendered":"https:\/\/www.esteri.it\/trasparenza_comunicazioni_legali\/altri-contenuti-canale\/altri-contenuti-dati-ulteriori\/buoneprassi-mae\/"},"modified":"2026-02-26T12:22:39","modified_gmt":"2026-02-26T11:22:39","slug":"buoneprassi","status":"publish","type":"page","link":"https:\/\/www.esteri.it\/it\/ministero\/riconoscimenti-e-buone-pratiche\/buoneprassi\/","title":{"rendered":"Premio Buone Prassi &#8211; Farnesina che innova"},"content":{"rendered":"<p>\u201c<em>Non \u00e8 perch\u00e8 le cose sono difficili che non osiamo, ma \u00e8 perch\u00e9 non osiamo che sono difficili<\/em>\u201d (Seneca)<\/p>\n<p>In virt\u00f9 della sua forte proiezione esterna e della costante interazione con diversificate realt\u00e0 pubbliche e private in Italia ed all\u2019estero, il Ministero degli Affari Esteri e della Cooperazione Internazionale intende caratterizzarsi sempre pi\u00f9 come Amministrazione aperta al cambiamento ed all\u2019innovazione.<\/p>\n<p>Tutto il personale \u00e8 impegnato in tale prospettiva: ne sono testimonianza i numerosi premi ricevuti in occasione del Forum PA e di altre analoghe manifestazioni.<\/p>\n<p>Questa pagina rappresenta una vetrina delle migliori prassi emerse dalle sperimentazioni avviate da Ambasciate, Consolati ed Uffici Ministeriali, cos\u00ec come descritte dagli stessi Uffici proponenti.<\/p>\n<p>Essa ha il duplice intento di valorizzare e di favorire la progressiva diffusione delle \u201cbuone prassi\u201d, in sintonia con la visione di una Pubblica Amministrazione che intende porsi costantemente al servizio dei Cittadini e delle Imprese.<\/p>\n<p>Per commenti e suggerimenti, scrivere a <a href=\"mailto:buoneprassi@esteri.it\">buoneprassi@esteri.it<\/a><\/p>\n<p>&nbsp;<\/p>\n<h5><strong>Anno 2020<\/strong><\/h5>\n<h6><strong>Progetto vincitore<br \/>\n<\/strong><\/h6>\n<p><a href=\"https:\/\/www.esteri.it\/wp-content\/uploads\/2022\/01\/1-Buone-prassi-questionario.pdf\"><strong><em>INFOCOVID &#8211; Questionario sugli spostamenti da\/per l\u2019estero<\/em><\/strong><\/a><br \/>\npresentato dalla <em>Segreteria Generale \u2013 Unit\u00e0 di Crisi &#8211;\u00a0<\/em><em>(Categoria: Servizi ai cittadini)\u00a0 \u00a0\u00a0<\/em><\/p>\n<p>&nbsp;<\/p>\n<h6><strong>Progetti meritevoli di menzione speciale<\/strong><\/h6>\n<p><a href=\"https:\/\/www.esteri.it\/wp-content\/uploads\/2022\/01\/2-Buone-prassi-accorciare-distanze.pdf\"><strong><em>Accorciare le distanze: comunicare in tempo di pandemia<\/em><\/strong><\/a><br \/>\n<em>presentato dal <\/em>Cons. a Friburgo\u00a0 &#8211; <em>(Categoria: Servizi ai Cittadini)<\/em><\/p>\n<p><a href=\"https:\/\/www.esteri.it\/wp-content\/uploads\/2022\/01\/3-Buone-prassi-farnesina-imprese.pdf\"><strong><em>#Farnesina per le imprese<\/em><\/strong><\/a><br \/>\npresentato dalla DGSP \u2013 UFF. I &#8211; <em>(Categoria: Promozione Integrata del Sistema Paese e della lingua e cultura italiana)<\/em><\/p>\n<p><a href=\"https:\/\/www.esteri.it\/wp-content\/uploads\/2022\/01\/4-Buone-prassi-maemento.pdf\"><strong><em>MAEmento: molto pi\u00f9 che un\u2019agenda legale digitale!<\/em><\/strong><\/a><br \/>\n<em>presentato dalla <\/em>DGRI &#8211; UFF. IV e dalla DGAI &#8211; UFF. VIII &#8211; <em>(Categoria: Innovazione Organizzativa e dell\u2019Amministrazione)<\/em><\/p>\n<p><a href=\"https:\/\/www.esteri.it\/wp-content\/uploads\/2022\/01\/5-Buone-prassi-sistema-ingresso-pubblico.pdf\"><strong><em>Sistema integrato di ingresso del pubblico<\/em><\/strong><\/a><br \/>\npresentato dal C.G. a Rosario &#8211; (<em>Categoria: Innovazione organizzativa e dell\u2019Amministrazione)<\/em><\/p>\n<p>&nbsp;<\/p>\n<p>&nbsp;<\/p>\n<h5><strong>Anno 2019<\/strong><\/h5>\n<h6><strong>Progetto vincitore<br \/>\n<\/strong><\/h6>\n<p><a href=\"https:\/\/www.esteri.it\/mae\/resource\/doc\/2020\/07\/BuonePrassi_Present_dom_visto_domicilio.pdf\"><strong><em>Presentazione delle domande di visto a domicilio<\/em><\/strong><\/a><br \/>\n<em>presentato dalla <\/em>DGIT \u2013 Unit\u00e0 per i Visti &#8211; <em>(Categoria: Servizi ai Cittadini)\u00a0 <\/em><\/p>\n<p><em>\u00a0<\/em><\/p>\n<h6><strong>Progetti meritevoli di menzione speciale<\/strong><\/h6>\n<p><a href=\"http:\/\/www.esteri.it\/mae\/resource\/doc\/2020\/07\/BuonePrassi_Mobilita_sostenibile.pdf\"><strong><em>Mobilit\u00e0 sostenibile<\/em><\/strong><\/a><br \/>\n<em>presentato dalla DGAI &#8211; UFF. II e UFF. VI &#8211; <\/em><em>(Categoria: Innovazione Organizzativa e dell\u2019Amministrazione)<\/em><\/p>\n<p><a href=\"http:\/\/www.esteri.it\/mae\/resource\/doc\/2020\/07\/BuonePrassi_Plastic_free.pdf\"><strong><em>Farnesina plastic free<\/em><\/strong><\/a><br \/>\n<em>presentato dalla DGAI &#8211; UFF. II e UFF. VI &#8211; <\/em><em>(Categoria: Innovazione Organizzativa e dell\u2019Amministrazione)<\/em><\/p>\n<p><a href=\"https:\/\/www.esteri.it\/mae\/resource\/doc\/2020\/07\/BuonePrassi_Sanremo_giovani_WorlTour.pdf\"><strong><em>Sanremo Giovani World Tour<\/em><\/strong><\/a><br \/>\npresentato dalla DGSP \u2013 UFF. VIII e dal Servizio Stampa &#8211; <em>(Categoria: Promozione Integrata del Sistema Paese e della lingua e cultura italiana)<\/em><\/p>\n<p><a href=\"https:\/\/www.esteri.it\/mae\/resource\/doc\/2020\/07\/BuonePrassi_Oculus.pdf\"><strong><em>Oculus<\/em><\/strong><\/a><br \/>\n<em>presentato dal C.G. a Boston &#8211; <\/em><em>(Categoria: Promozione Integrata del Sistema Paese e della lingua e cultura italiana)<\/em><\/p>\n<p><a href=\"https:\/\/www.esteri.it\/mae\/resource\/doc\/2020\/07\/BuonePrassi_Nexus.pdf\"><strong><em>Nexus: applicativo condiviso con la rete diplomatico-consolare per la gestione dei contatti con le aziende italiane all\u2019estero<\/em><\/strong><\/a><br \/>\n<em>presentato dalla DGSP- UFF. I &#8211; <\/em><em>(Categoria: Promozione Integrata del Sistema Paese e della lingua e cultura italiana)<\/em><\/p>\n<p><a href=\"https:\/\/www.esteri.it\/mae\/resource\/doc\/2020\/07\/BuonePrassi_Mostra_Leonardo_Tascabile.pdf\"><strong><em>Mostra tascabile Leonardo, genio gentile all\u2019estero<\/em><\/strong><\/a><br \/>\n<em>presentato dall\u2019Amb. a Sofia &#8211; <\/em><em>(Categoria: Promozione Integrata del Sistema Paese e della lingua e cultura italiana)<\/em><\/p>\n<p>&nbsp;<\/p>\n<p>&nbsp;<\/p>\n<h5><strong>Anno 2018<\/strong><\/h5>\n<h6><strong>Progetto vincitore<\/strong><\/h6>\n<p><a href=\"http:\/\/www.esteri.it\/mae\/resource\/doc\/2019\/05\/buone_prassi_fico.pdf\"><strong><em>F.I.C.O. \u2013 Funzionario Itinerante Console Onorario<\/em><\/strong><\/a><br \/>\n<em>presentato dalla DGAI e dalla DGIT &#8211; <\/em><em>(Categoria: Servizi ai Cittadini)\u00a0 <\/em><\/p>\n<p>&nbsp;<\/p>\n<h6><strong>Progetti meritevoli di menzione speciale<\/strong><\/h6>\n<p><a href=\"http:\/\/www.esteri.it\/mae\/resource\/doc\/2019\/05\/buone_prassi_portale_accreditamento_stampa.pdf\"><strong><em>Portale accreditamento stampa<\/em><\/strong><\/a><br \/>\n<em>presentato dalla DGAI e dal Servizio Stampa &#8211; <\/em><em>(Categoria: Innovazione Organizzativa e dell\u2019Amministrazione)<\/em><\/p>\n<p><a href=\"http:\/\/www.esteri.it\/mae\/resource\/doc\/2019\/05\/buone_prassi_epplication.pdf\"><strong><em>E-@pplication per i richiedenti visto<\/em><\/strong><\/a><br \/>\n<em>presentato dalla DGAI e dalla DGIT &#8211; <\/em><em>(Categoria: Innovazione Organizzativa e dell\u2019Amministrazione)<\/em><\/p>\n<p><a href=\"http:\/\/www.esteri.it\/mae\/resource\/doc\/2019\/05\/buone_prassi_portale_voto.pdf\"><strong><em>Portale voto all\u2019estero<\/em><\/strong><\/a><br \/>\n<em>presentato dalla DGAI e dalla DGIT &#8211; <\/em><em>(Categoria: Innovazione Organizzativa e dell\u2019Amministrazione)<\/em><\/p>\n<p><a href=\"http:\/\/www.esteri.it\/mae\/resource\/doc\/2019\/05\/buone_prassi_maggiore_efficienza_nelle_procedure_di_voto_allestero_il_codice_a_barre.pdf\"><strong><em>Maggior efficienza nelle procedure di voto all\u2019estero: il codice a barre<\/em><\/strong><\/a><br \/>\n<em>presentato dalla<\/em> DGIT &#8211; <em>(Categoria: Innovazione Organizzativa e dell\u2019Amministrazione)<\/em><\/p>\n<p><a href=\"http:\/\/www.esteri.it\/mae\/resource\/doc\/2019\/05\/buone_prassi_beijing_career_day.pdf\"><strong><em>Beijing career day<\/em><\/strong><\/a><br \/>\n<em>presentato dall\u2019Amb. a Pechino &#8211; <\/em><em>(Categoria: Servizi ai Cittadini)\u00a0 <\/em><\/p>\n<p><a href=\"https:\/\/www.esteri.it\/mae\/resource\/doc\/2019\/05\/buone_prassi_portale_study_in_italy.pdf\"><strong><em>Portale Study in Italy<\/em><\/strong><\/a><br \/>\n<em>presentato dalla DGSP e dalla DGAI &#8211; <\/em><em>(Categoria: Servizi ai Cittadini)\u00a0<\/em><\/p>\n<p>&nbsp;<\/p>\n<p>&nbsp;<\/p>\n<h5><strong>Anno 2017<\/strong><\/h5>\n<h6><strong>Progetto vincitore<\/strong><\/h6>\n<p><a href=\"http:\/\/www.esteri.it\/mae\/resource\/doc\/2019\/05\/dgsp_i_-_il_valore_della_diplomazia_economica.pdf\"><strong><em>Farnesina a sostegno delle imprese \u2013 Il valore della diplomazia economica<\/em><\/strong><\/a><br \/>\n<em>presentato dalla DGSP &#8211;\u00a0<\/em><em>(Categoria: Innovazione Organizzativa e dell\u2019Amministrazione)<\/em><\/p>\n<p><em>\u00a0<\/em><\/p>\n<h6><strong>Progetti meritevoli di menzione speciale<\/strong><\/h6>\n<p><a href=\"http:\/\/www.esteri.it\/mae\/resource\/doc\/2019\/05\/amb._buenos_aires.pdf\"><strong><em>Sito web delle sedi all\u2019estero<\/em><\/strong><\/a><br \/>\n<em>presentato dall\u2019Amb. a Buenos Aires &#8211; <\/em><em>(Categoria: Innovazione Organizzativa e dell\u2019Amministrazione)<\/em><\/p>\n<p><a href=\"http:\/\/www.esteri.it\/mae\/resource\/doc\/2019\/05\/amb._algeri.pdf\"><strong><em>Spazio bimbi<\/em><\/strong><\/a><br \/>\n<em>presentato dall\u2019 Amb. ad Algeri &#8211; <\/em><em>(Categoria: Innovazione Organizzativa e dell\u2019Amministrazione)<\/em><\/p>\n<p><a href=\"https:\/\/www.esteri.it\/mae\/ministero\/trasparenza\/buoneprassi\/2018\/AMB_MADRID.pdf\"><strong><em>ITmakES<\/em><\/strong><\/a><br \/>\n<em>presentato dall\u2019Amb. a Madrid &#8211; <\/em><em>(Categoria: Promozione Integrata del Sistema Paese e della lingua e cultura italiana)<\/em><\/p>\n<p><a href=\"https:\/\/www.esteri.it\/mae\/ministero\/trasparenza\/buoneprassi\/2018\/DGSP_II_prima_giornata_del_design_Italiano_nel_mondo.pdf\"><strong><em>Prima giornata del Design Italiano nel Mondo<\/em><\/strong><\/a><br \/>\n<em>presentato dalla DGSP &#8211;\u00a0<\/em><em>(Categoria: Promozione Integrata del Sistema Paese e della lingua e cultura italiana)<\/em><\/p>\n<p><em>\u00a0<\/em><\/p>\n<p><em>\u00a0<\/em><\/p>\n<h5><strong>Anno 2016<\/strong><\/h5>\n<h6><strong>Progetto vincitore<\/strong><\/h6>\n<p><a href=\"http:\/\/www.esteri.it\/mae\/ministero\/trasparenza\/buoneprassi\/2017\/DGSP_Settimana_cucina.pdf\"><strong><em>Prima settimana della cucina italiana nel mondo<\/em><\/strong><\/a><br \/>\n<em>presentato dalla DGSP &#8211; <\/em><em>(Categoria: Promozione Integrata del Sistema Paese e della lingua e cultura italiana)<\/em><\/p>\n<p>&nbsp;<\/p>\n<h6><strong>Progetti meritevoli di menzione speciale<\/strong><\/h6>\n<p><a href=\"http:\/\/www.esteri.it\/mae\/ministero\/Trasparenza\/BuonePrassi\/2017\/DGIT_DGAI_VISTO_PER_ITALIA.pdf\"><strong><em>Il visto per l&#8217;Italia<\/em><\/strong><\/a><br \/>\n<em>presentato dalla DGIT e dalla DGAI &#8211;\u00a0<\/em><em>(Categoria: Servizi ai cittadini)<\/em><\/p>\n<p><a href=\"http:\/\/www.esteri.it\/mae\/ministero\/trasparenza\/buoneprassi\/2017\/DGAI_UffII_Radio_inventario_gestione_beni_Stato.pdf\"><strong><em>Radio frequenza: inventario e gestione dei beni dello Stato<\/em><\/strong><\/a><br \/>\n<em>presentato dalla DGAI &#8211;\u00a0<\/em><em>(<\/em><em>Categoria: Innovazione Organizzativa e dell\u2019Amministrazione)<\/em><\/p>\n<p><em>\u00a0<\/em><\/p>\n<p><em>\u00a0<\/em><strong>\u00a0<\/strong><\/p>\n<h5><strong>Anno 2015<\/strong><\/h5>\n<h6><strong>Progetto vincitore<\/strong><\/h6>\n<p><a href=\"http:\/\/www.esteri.it\/mae\/ministero\/trasparenza\/buoneprassi\/2015\/amm_2015_bilanciotrasparente_dgri-2.pdf\"><strong><em>Bilancio Trasparente<\/em><\/strong><\/a><br \/>\n<em>presentato dalla DGRI &#8211;\u00a0<\/em><em>(Categoria: Innovazione Organizzativa e dell\u2019Amministrazione)<\/em><\/p>\n<p><em>\u00a0<\/em><strong>\u00a0<\/strong><\/p>\n<h6><strong>Progetti meritevoli di menzione speciale<\/strong><strong>\u00a0<\/strong><\/h6>\n<p><a href=\"http:\/\/www.esteri.it\/mae\/ministero\/trasparenza\/buoneprassi\/2015\/imp_2015_sotto%20una%20buona%20stella_beirut.pdf\"><strong><em>Sotto una buona stella\/Under a lucky star<\/em><\/strong><\/a><br \/>\npresentato dal C.G. a Toronto &#8211;\u00a0<em>(Categoria: Promozione Integrata del Sistema Paese e della lingua e cultura italiana)<\/em><\/p>\n<p><a href=\"http:\/\/www.esteri.it\/mae\/ministero\/trasparenza\/buoneprassi\/2015\/citt_2015_mano%20nella%20mano_wolfsburg.pdf\"><strong><em>Mano nella mano, assistenza emigrati<\/em><\/strong><\/a><br \/>\n<em>presentato dall\u2019A.C. a Wolfsburg &#8211;\u00a0<\/em><em>(Categoria: Servizi ai cittadini)<\/em><\/p>\n<p>&nbsp;<\/p>\n<p><em><strong> <a href=\"https:\/\/www.esteri.it\/it\/trasparenza_comunicazioni_legali\/altri-contenuti-canale\/altri-contenuti-dati-ulteriori\/premiog-cloudaward\/\">Premio G-CLOUD Award<\/a><\/strong><\/em><\/p>\n<p>&nbsp;<\/p>\n<h5><strong>Anno 2013 e 2014<\/strong><\/h5>\n<h6><strong>Progetto vincitore<\/strong><\/h6>\n<p><a href=\"http:\/\/www.esteri.it\/mae\/resource\/mae\/2014\/02\/progettoprimoapprodoconsolatogeneralealondra.pdf\"><strong><em>Progetto Primo Approdo<\/em><\/strong><\/a><br \/>\n<em>presentato da C.G. a Londra \u2013\u00a0(Categoria: Servizi ai Cittadini)<\/em><\/p>\n<p><a href=\"http:\/\/www.esteri.it\/mae\/resource\/mae\/2014\/09\/atrio_v2.pdf\"><strong><em>ATRIO: Archivio Trattati Internazionali Online<\/em><\/strong><\/a><br \/>\n<em>presentato dal SGCT e dalla DGAI \u2013\u00a0(Categoria: Servizi ai Cittadini)<\/em><\/p>\n<p>&nbsp;<\/p>\n<h6><strong>Progetti meritevoli di menzione speciale<\/strong><\/h6>\n<p><a href=\"http:\/\/www.esteri.it\/mae\/resource\/mae\/2013\/11\/isdilearningcorner.pdf\"><strong><em>ISDI Learning Corner<\/em><\/strong><\/a><br \/>\n<em>presentato dalla DGRI \u2013 Unit\u00e0 per la formazione \u2013\u00a0(Categoria: Innovazione Organizzativa e dell\u2019Amministrazione)<\/em><\/p>\n<p><a href=\"http:\/\/www.esteri.it\/mae\/resource\/mae\/2014\/06\/italiagodturismamoscaamb.pdf\"><strong><em>Sito portale turismo in russo<\/em><\/strong><\/a><br \/>\n<em>presentato dall\u2019 Amb. a Mosca \u2013\u00a0(Categoria: Promozione Integrata del Sistema Paese e della lingua e cultura italiana)<\/em><\/p>\n<p><a href=\"http:\/\/www.esteri.it\/mae\/resource\/mae\/2013\/04\/buoneprassielezioni.pdf\"><strong><em>Portale E-lezioni<\/em><\/strong><\/a><br \/>\n<em>presentato dalla DGIT \u2013\u00a0(Categoria: Innovazione Organizzativa e dell\u2019Amministrazione)<\/em><\/p>\n<p><a href=\"http:\/\/www.esteri.it\/mae\/resource\/mae\/2013\/11\/progettocasaitalia.pdf\"><strong><em>Progetto Casa Italia<\/em><\/strong><\/a><br \/>\n<em>presentato da Amb. ad Hanoi \u2013\u00a0(Categoria: Promozione Integrata del Sistema Paese e della lingua e cultura italiana)<\/em><\/p>\n<p>&nbsp;<\/p>\n<p><strong>\u00a0<\/strong><\/p>\n<h5><strong>Anno 2012<\/strong><\/h5>\n<h6><strong>Progetto vincitore<\/strong><\/h6>\n<p><a href=\"http:\/\/www.esteri.it\/mae\/ministero\/trasparenza\/buoneprassi\/citt_2012_porte_aperte_brasilia.pdf\"><strong><em>Ambasciata Porte Aperte<\/em><\/strong><\/a><br \/>\n<em>presentato dall\u2019Amb. <\/em><em>a Brasilia &#8211;\u00a0<\/em><em>(Categoria: Servizi ai Cittadini)<\/em><\/p>\n<p><em>\u00a0<\/em><\/p>\n<h6><strong>Progetti meritevoli di menzione speciale<\/strong><\/h6>\n<p><a href=\"http:\/\/www.esteri.it\/mae\/resource\/mae\/2013\/03\/manifestazionidelmadeinitalyinambasciata.pdf\"><strong><em>Manifestazioni del \u201cMade in Italy\u201d in Ambasciata<\/em><\/strong><\/a><br \/>\n<em>presentato dall\u2019 Amb. a Parigi &#8211;\u00a0<\/em><em>(Categoria: Promozione Integrata del Sistema Paese e della lingua e cultura italiana)<\/em><\/p>\n<p><a href=\"http:\/\/www.esteri.it\/mae\/resource\/mae\/2013\/03\/fiat500tricoloredirappresentanzainrussia.pdf\"><strong><em>Fiat 500 tricolore di rappresentanza in Russia<\/em><\/strong><\/a><br \/>\n<em>presentato dall\u2019Amb.<\/em><em> a Mosca &#8211;\u00a0<\/em><em>(Categoria: Promozione Integrata del Sistema Paese e della lingua e cultura italiana)<\/em><\/p>\n<p>&nbsp;<\/p>\n<p><strong>\u00a0<\/strong><\/p>\n<h5><strong>Anno 2011<\/strong><\/h5>\n<h6><strong>Progetto vincitore<\/strong><\/h6>\n<p><a href=\"http:\/\/www.esteri.it\/mae\/resource\/mae\/2011\/10\/modellodisviluppoindustrialedelsistemaitaliainbras.pdf\"><strong><em>Modello di sviluppo industriale del Sistema Italia in Brasile<\/em><\/strong><\/a><br \/>\n<em>presentato dall\u2019Amb. a Brasilia &#8211;\u00a0<\/em><em>(Categoria: Promozione Integrata del Sistema Paese e della lingua e cultura italiana)<\/em><\/p>\n<h6><strong><br \/>\nRiconoscimento straordinario<\/strong><\/h6>\n<p><a href=\"https:\/\/www.esteri.it\/mae\/resource\/mae\/2011\/12\/processodigestionedelrischio.pdf\"><strong><em>Processo di Gestione del Rischio<\/em><\/strong><\/a><br \/>\npresentato dalla DGCS &#8211;\u00a0<em>(Categoria: Innovazione Organizzativa e dell\u2019Amministrazione)<\/em><\/p>\n<p><strong>\u00a0<\/strong><\/p>\n<h6><strong>Progetti meritevoli di menzione speciale<\/strong><\/h6>\n<p><a href=\"http:\/\/www.esteri.it\/mae\/resource\/mae\/2011\/12\/dismissionesocialeedecosostenibiledelmaterialeinfo.pdf\"><strong><em>Dismissione sociale ed ecosostenibile del materiale informatico<\/em><\/strong><\/a><br \/>\npresentato <em>dalla DGAI &#8211;\u00a0<\/em><em>(Categoria: Innovazione Organizzativa e dell\u2019Amministrazione)<\/em><\/p>\n<p><a href=\"http:\/\/www.esteri.it\/mae\/resource\/mae\/2011\/03\/paginawebsupreparativipergliuragani.pdf\"><strong><em>Call center e servizi consolari in Spagna<\/em><\/strong><\/a><br \/>\n<em>presentato dall\u2019Amb. a Madrid &#8211; <\/em><em>(<\/em><em>Categoria: Servizi ai Cittadini)<\/em><\/p>\n<p><em>\u00a0<\/em><\/p>\n<p>&nbsp;<\/p>\n<p>&nbsp;<\/p>\n","protected":false},"excerpt":{"rendered":"\u201cNon \u00e8 perch\u00e8 le cose sono difficili che non osiamo, ma \u00e8 perch\u00e9 non osiamo che sono difficili\u201d (Seneca) In virt\u00f9 della sua forte proiezione esterna e della costante interazione con diversificate realt\u00e0 pubbliche e private in Italia ed all\u2019estero, il Ministero degli Affari Esteri e della Cooperazione Internazionale intende caratterizzarsi sempre pi\u00f9 come Amministrazione [&hellip;]","protected":false},"author":1,"featured_media":0,"parent":155973,"menu_order":0,"comment_status":"closed","ping_status":"closed","template":"page-trasparente.php","meta":{"footnotes":""},"class_list":["post-27829","page","type-page","status-publish","hentry"],"_links":{"self":[{"href":"https:\/\/www.esteri.it\/it\/wp-json\/wp\/v2\/pages\/27829","targetHints":{"allow":["GET"]}}],"collection":[{"href":"https:\/\/www.esteri.it\/it\/wp-json\/wp\/v2\/pages"}],"about":[{"href":"https:\/\/www.esteri.it\/it\/wp-json\/wp\/v2\/types\/page"}],"author":[{"embeddable":true,"href":"https:\/\/www.esteri.it\/it\/wp-json\/wp\/v2\/users\/1"}],"replies":[{"embeddable":true,"href":"https:\/\/www.esteri.it\/it\/wp-json\/wp\/v2\/comments?post=27829"}],"version-history":[{"count":6,"href":"https:\/\/www.esteri.it\/it\/wp-json\/wp\/v2\/pages\/27829\/revisions"}],"predecessor-version":[{"id":177243,"href":"https:\/\/www.esteri.it\/it\/wp-json\/wp\/v2\/pages\/27829\/revisions\/177243"}],"up":[{"embeddable":true,"href":"https:\/\/www.esteri.it\/it\/wp-json\/wp\/v2\/pages\/155973"}],"wp:attachment":[{"href":"https:\/\/www.esteri.it\/it\/wp-json\/wp\/v2\/media?parent=27829"}],"curies":[{"name":"wp","href":"https:\/\/api.w.org\/{rel}","templated":true}]}}