{"id":27840,"date":"2015-04-27T15:51:46","date_gmt":"2015-04-27T13:51:46","guid":{"rendered":"https:\/\/www.esteri.it\/trasparenza_comunicazioni_legali\/altri-contenuti-canale\/altri-contenuti-dati-ulteriori\/premiog-cloudaward\/"},"modified":"2015-04-27T20:03:23","modified_gmt":"2015-04-27T18:03:23","slug":"premiog-cloudaward","status":"publish","type":"page","link":"https:\/\/www.esteri.it\/it\/trasparenza_comunicazioni_legali\/altri-contenuti-canale\/altri-contenuti-dati-ulteriori\/premiog-cloudaward\/","title":{"rendered":"Premio G-CLOUD Award"},"content":{"rendered":"<p>In occasione del 1\u00b0 Cloud Computing Summit per la Pubblica Amministrazione, organizzato dalle Fondazioni Astrid e Think, il Ministero degli Affari Esteri ha ottenuto con il Progetto \u201c<strong>LIMES<\/strong> \u2013 Linea Informatica di Migrazione, Emergenza e Sicurezza\u201d uno dei sei riconoscimenti \u201c<strong>G-CLOUD Award<\/strong>\u201d attribuiti a progetti innovativi sviluppati con tecnologia \u201cCloud\u201d.<\/p>\n<p>Il Capo dell\u2019Uff. IV della DGAI Francesco Lazzaro ha ricevuto il riconoscimento dal Ministro per la Pubblica Amministrazione e la Semplificazione Filippo Patroni Griffi. Il MAE \u00e8 la sola P. A. Centrale premiata insieme al Dipartimento del Tesoro del MEF.<\/p>\n<p>Il Progetto \u201cLimes\u201d, realizzato dall\u2019Ufficio IV della DGAI, \u00e8 poi stato presentato ai partecipanti nella sessione &#8220;Agenda digitale, CLOUD Computing e priorit\u00e0&#8217; strategiche per il nostro Paese &#8211; Prime realizzazioni e progetti di successo\u201d.<\/p>\n<p>Il nuovo riconoscimento conseguito conferma l\u2019eccellenza della nostra Amministrazione nel campo dell\u2019innovazione e dello sviluppo delle tecnologie di \u201cfrontiera\u201d al servizio dei cittadini.<\/p>\n<p>\u201c<strong>LIMES \u2013 Linea Informatica di Migrazione, Emergenza e Sicurezza<\/strong>\u201d \u00e8 un progetto pilota ideato dal Ministero degli esteri con l\u2019obiettivo primario di assicurare una continuit\u00e0 dei servizi rivolti ai connazionali residenti all\u2019estero. Esso \u00e8 destinato in primo luogo al \u201crafforzamento delle misure di sicurezza attiva, passiva nonch\u00e9 per la messa in sicurezza informatica delle sedi diplomatico-consolari situate in aree ad alta conflittualit\u00e0\u201d, ai sensi del decreto legge n. 215\/2011 (c.d. decreto di finanziamento delle missioni internazionali).<\/p>\n<p><strong>Scheda LIMES<\/strong><br \/>\n\u201c<strong>LIMES \u2013 Linea Informatica di Migrazione, Emergenza e Sicurezza<\/strong>\u201d \u00e8 un progetto pilota ideato dal Ministero degli esteri con l\u2019obiettivo primario di assicurare una continuit\u00e0 dei servizi rivolti ai connazionali residenti all\u2019estero. Esso \u00e8 destinato in primo luogo al \u201crafforzamento delle misure di sicurezza attiva, passiva nonch\u00e9 per la messa in sicurezza informatica delle sedi diplomatico-consolari situate in aree ad alta conflittualit\u00e0\u201d, ai sensi del decreto legge n. 215\/2011 (c.d. decreto di finanziamento delle missioni internazionali).<\/p>\n<p>Il concetto di fondo \u00e8 quello della <strong>continuit\u00e0 operativa<\/strong>, sia nella consultazione delle banche dati della collettivit\u00e0 italiana all\u2019estero, sia nell&#8217;erogazione dei servizi consolari durante i periodi di crisi. Pi\u00f9 nel dettaglio il progetto consiste nella configurazione di appositi server virtuali che, ospitati presso l\u2019infrastruttura dell\u2019Amministrazione Centrale e popolati con i dati e le applicazioni di funzioni consolari delle sedi nei Paesi a rischio, garantiscono la continuit\u00e0 dei servizi consolari e, comunque, la possibilit\u00e0 di effettuare ricerche ed estrapolazioni sulle basi dati.<\/p>\n<p>LIMES si compone di una <strong>serie coordinata di interventi<\/strong> che mirano nel loro complesso a offrire il massimo grado di sicurezza informatica a beneficio delle collettivit\u00e0 italiane all\u2019estero. Si tratta di un <strong>private cloud<\/strong>, interamente realizzato e gestito dal MAE.<\/p>\n<p>LIMES \u00e8 strutturato in primo luogo in un <strong>rafforzato data center ministeriale<\/strong>, che ospita le banche dati virtualizzate.<br \/>\nIn secondo luogo LIMES rappresenta un efficiente sistema di contrasto alla pirateria informatica, disponendo di strumenti di <strong>protezione di elevata affidabilit\u00e0<\/strong> (antivirus, logging, firewall\u2026).<\/p>\n<p>Infine LIMES offre un <strong>sistema di comunicazione convergente integrata<\/strong>, alimentato da canali aggiuntivi rispetto a quelli tradizionali. Mantenere attiva la comunicazione con le aree a rischio \u00e8 di fondamentale importanza e oggi ci\u00f2 avviene attraverso una pluralit\u00e0 di mezzi: telefono, fax, mail, instant messaging\u2026<\/p>\n<p>Il progetto \u00e8 stato gi\u00e0 attivato, a diverso livello, in sei Stati, per un totale di otto Sedi coinvolte e oltre 7.000 connazionali gestiti (in termini di schede individuali presenti nel Sistema integrato delle funzioni consolari).<\/p>\n","protected":false},"excerpt":{"rendered":"In occasione del 1\u00b0 Cloud Computing Summit per la Pubblica Amministrazione, organizzato dalle Fondazioni Astrid e Think, il Ministero degli Affari Esteri ha ottenuto con il Progetto \u201cLIMES \u2013 Linea Informatica di Migrazione, Emergenza e Sicurezza\u201d uno dei sei riconoscimenti \u201cG-CLOUD Award\u201d attribuiti a progetti innovativi sviluppati con tecnologia \u201cCloud\u201d. Il Capo dell\u2019Uff. IV della [&hellip;]","protected":false},"author":1,"featured_media":0,"parent":27816,"menu_order":0,"comment_status":"closed","ping_status":"closed","template":"page-trasparente.php","meta":{"footnotes":""},"class_list":["post-27840","page","type-page","status-publish","hentry"],"_links":{"self":[{"href":"https:\/\/www.esteri.it\/it\/wp-json\/wp\/v2\/pages\/27840","targetHints":{"allow":["GET"]}}],"collection":[{"href":"https:\/\/www.esteri.it\/it\/wp-json\/wp\/v2\/pages"}],"about":[{"href":"https:\/\/www.esteri.it\/it\/wp-json\/wp\/v2\/types\/page"}],"author":[{"embeddable":true,"href":"https:\/\/www.esteri.it\/it\/wp-json\/wp\/v2\/users\/1"}],"replies":[{"embeddable":true,"href":"https:\/\/www.esteri.it\/it\/wp-json\/wp\/v2\/comments?post=27840"}],"version-history":[{"count":0,"href":"https:\/\/www.esteri.it\/it\/wp-json\/wp\/v2\/pages\/27840\/revisions"}],"up":[{"embeddable":true,"href":"https:\/\/www.esteri.it\/it\/wp-json\/wp\/v2\/pages\/27816"}],"wp:attachment":[{"href":"https:\/\/www.esteri.it\/it\/wp-json\/wp\/v2\/media?parent=27840"}],"curies":[{"name":"wp","href":"https:\/\/api.w.org\/{rel}","templated":true}]}}