{"id":28957,"date":"2015-06-15T10:15:59","date_gmt":"2015-06-15T08:15:59","guid":{"rendered":"https:\/\/www.esteri.it\/ministero\/normativaonline\/principali_disposizioni\/2015-2\/"},"modified":"2025-12-01T11:58:10","modified_gmt":"2025-12-01T10:58:10","slug":"2015-2","status":"publish","type":"page","link":"https:\/\/www.esteri.it\/it\/ministero\/normativaonline\/principali_disposizioni\/2015-2\/","title":{"rendered":"2015"},"content":{"rendered":"<p><a href=\"http:\/\/www.gazzettaufficiale.it\/atto\/serie_generale\/caricaDettaglioAtto\/originario?atto.dataPubblicazioneGazzetta=2016-01-02&amp;atto.codiceRedazionale=15A09712&amp;elenco30giorni=true\">Decreto del Ministro degli Affari Esteri e della Cooperazione Internazionale 16 dicembre 2015, n. 113<\/a><a href=\"http:\/\/www.gazzettaufficiale.it\/atto\/serie_generale\/caricaDettaglioAtto\/originario?atto.dataPubblicazioneGazzetta=2016-01-02&amp;atto.codiceRedazionale=15A09712&amp;elenco30giorni=true\"><br \/>\n<\/a>Determinazione dei compensi convenzionali per il personale impiegato all\u2019estero da organizzazioni della societ\u00e0 civile e altri soggetti senza finalit\u00e0 di lucro nelle attivit\u00e0 di cooperazione internazionale allo sviluppo.<\/p>\n<p><a href=\"https:\/\/www.esteri.it\/mae\/resource\/doc\/2016\/01\/reg_cont_aics_0.pdf\">Decreto del Ministro degli Affari Esteri e della Cooperazione Internazionale\u00a015 dicembre 2015, n. 2500<\/a><br \/>\nRegolamento interno di contabilit\u00e0 dell\u2019Agenzia Italiana per la Cooperazione allo Sviluppo.<\/p>\n<p><a href=\"https:\/\/www.esteri.it\/mae\/resource\/doc\/2018\/05\/decreto_del_ministro_degli_affari_esteri_e_della_cooperazione_internazionale_15_dicembre_2015_n_2438.pdf\">Decreto del Ministro degli Affari Esteri e della Cooperazione Internazionale 15 dicembre 2015, n. 2438<\/a><br \/>\n<a href=\"https:\/\/www.esteri.it\/mae\/resource\/doc\/2018\/05\/e_successive_modifiche_come_da_dm_del_29_aprile_2016_n_893_new.pdf\">e successive modifiche come da DM del 29 aprile 2016 n. 893<\/a><a href=\"https:\/\/www.esteri.it\/mae\/resource\/doc\/2018\/05\/e_successive_modifiche_come_da_dm_del_29_aprile_2016_n_893_0.pdf\"><br \/>\n<\/a>Regolamento di organizzazione dell\u2019Agenzia Italiana per la Cooperazione allo Sviluppo.<\/p>\n<p><a href=\"http:\/\/www.normattiva.it\/uri-res\/N2Ls?urn:nir:ministero.affari.esteri.e.cooperazione.internazionale:decreto:2015-12-03;211!vig=\">Decreto del Ministro degli Affari Esteri e della Cooperazione Internazionale 3 dicembre 2015, n. 211<\/a><br \/>\nRegolamento recante modifiche al decreto 27 aprile 1995, n. 392, sull\u2019organizzazione, il funzionamento e la gestione finanziaria ed economico-patrimoniale degli istituti italiani di cultura all\u2019estero.<\/p>\n<p><a href=\"http:\/\/www.gazzettaufficiale.it\/atto\/serie_generale\/caricaDettaglioAtto\/originario?atto.dataPubblicazioneGazzetta=2015-12-17&amp;atto.codiceRedazionale=15A09352&amp;elenco30giorni=true\">Decreto del Presidente del Consiglio dei Ministri 2 novembre 2015<\/a><br \/>\nApprovazione della dotazione organica dell\u2019Agenzia italiana per la cooperazione allo sviluppo.<\/p>\n<p><a href=\"https:\/\/www.esteri.it\/mae\/resource\/doc\/2016\/10\/dm_5011-bis-475.pdf\">Decreto Ministeriale degli Affari Esteri e della Cooperazione Internazionale 1 ottobre 2015, n. 5011\/BIS\/475<\/a><br \/>\nComposizione dell\u2019Ufficio Procedimenti Disciplinari.<\/p>\n<p><a href=\"https:\/\/www.esteri.it\/mae\/resource\/doc\/2015\/09\/dm_n._1769_del_15.09.2015.pdf\">Decreto del Ministro degli Affari Esteri e della Cooperazione Internazionale 15 settembre 2015, n.1769<\/a><br \/>\nDecreto di attuazione dell\u2019Art. 112, comma ottavo, D.P.R. n. 18\/67 in materia di modalit\u00e0 per la valutazione dei risultati conseguiti dai diplomatici, ai fini dell\u2019attribuzione della componente del trattamento economico metropolitano correlata ai risultati.<\/p>\n<p><a href=\"http:\/\/www.normattiva.it\/uri-res\/N2Ls?urn:nir:ministero.affari.esteri.e.cooperazione.internazionale:decreto:2015-07-22;113!vig=\">Decreto del Ministro degli Affari Esteri e della Cooperazione Internazionale 22 luglio 2015, n. 113<\/a><br \/>\nRegolamento recante: \u00abStatuto dell\u2019Agenzia italiana per la cooperazione allo sviluppo\u00bb.<\/p>\n<p>&nbsp;<\/p>\n","protected":false},"excerpt":{"rendered":"Decreto del Ministro degli Affari Esteri e della Cooperazione Internazionale 16 dicembre 2015, n. 113 Determinazione dei compensi convenzionali per il personale impiegato all\u2019estero da organizzazioni della societ\u00e0 civile e altri soggetti senza finalit\u00e0 di lucro nelle attivit\u00e0 di cooperazione internazionale allo sviluppo. Decreto del Ministro degli Affari Esteri e della Cooperazione Internazionale\u00a015 dicembre 2015, [&hellip;]","protected":false},"author":1,"featured_media":0,"parent":28920,"menu_order":0,"comment_status":"closed","ping_status":"closed","template":"","meta":{"footnotes":""},"class_list":["post-28957","page","type-page","status-publish","hentry"],"_links":{"self":[{"href":"https:\/\/www.esteri.it\/it\/wp-json\/wp\/v2\/pages\/28957","targetHints":{"allow":["GET"]}}],"collection":[{"href":"https:\/\/www.esteri.it\/it\/wp-json\/wp\/v2\/pages"}],"about":[{"href":"https:\/\/www.esteri.it\/it\/wp-json\/wp\/v2\/types\/page"}],"author":[{"embeddable":true,"href":"https:\/\/www.esteri.it\/it\/wp-json\/wp\/v2\/users\/1"}],"replies":[{"embeddable":true,"href":"https:\/\/www.esteri.it\/it\/wp-json\/wp\/v2\/comments?post=28957"}],"version-history":[{"count":3,"href":"https:\/\/www.esteri.it\/it\/wp-json\/wp\/v2\/pages\/28957\/revisions"}],"predecessor-version":[{"id":161834,"href":"https:\/\/www.esteri.it\/it\/wp-json\/wp\/v2\/pages\/28957\/revisions\/161834"}],"up":[{"embeddable":true,"href":"https:\/\/www.esteri.it\/it\/wp-json\/wp\/v2\/pages\/28920"}],"wp:attachment":[{"href":"https:\/\/www.esteri.it\/it\/wp-json\/wp\/v2\/media?parent=28957"}],"curies":[{"name":"wp","href":"https:\/\/api.w.org\/{rel}","templated":true}]}}