{"id":28991,"date":"2021-06-30T13:17:20","date_gmt":"2021-06-30T11:17:20","guid":{"rendered":"https:\/\/www.esteri.it\/?page_id=28991"},"modified":"2025-12-01T12:53:38","modified_gmt":"2025-12-01T11:53:38","slug":"organismo-indipendente-di-valutazione-oiv","status":"publish","type":"page","link":"https:\/\/www.esteri.it\/it\/ministero\/organismo-indipendente-di-valutazione-oiv\/","title":{"rendered":"Organismo Indipendente di Valutazione (OIV)"},"content":{"rendered":"<table id=\"Table1\" class=\"tblComLegali table table-bordered table-sm export-table\">\n<tbody>\n<tr>\n<td width=\"0\">Denominazione ufficio<\/td>\n<td width=\"0\"><strong>Organismo Indipendente di Valutazione<\/strong><\/td>\n<\/tr>\n<tr>\n<td width=\"0\">Competenze<\/td>\n<td width=\"0\">Opera a norma del decreto legislativo 27 ottobre 2009, n. 150, di attuazione della legge 4 marzo 2009, n. 15, in materia di ottimizzazione della produttivit\u00e0 del lavoro pubblico e di efficienza e trasparenza delle pubbliche amministrazioni. L\u2019Organismo di cui sopra sostituisce i Servizi di Controllo Interno, comunque denominati, di cui al decreto legislativo 30 luglio 1999, n. 286. Esercita, altres\u00ec, le attivit\u00e0 di controllo strategico di cui all\u2019articolo 6, comma 1, del citato decreto legislativo n. 286 del 1999, e riferisce, in proposito, direttamente all\u2019organo di indirizzo politico \u2013 amministrativo. Il citato d. lgs. n. 150\/2009 ne elenca le principali funzioni.<\/td>\n<\/tr>\n<tr>\n<td width=\"0\">Nominativo responsabile<\/td>\n<td width=\"0\">Cons. Stefano Glinianski<\/td>\n<\/tr>\n<tr>\n<td width=\"0\">Qualifica<\/td>\n<td width=\"0\">Organismo Indipendente di Valutazione<\/td>\n<\/tr>\n<tr>\n<td width=\"0\">Recapito telefonico<\/td>\n<td width=\"0\">Segreteria OIV<br \/>\n<em>06 3691 2991<\/em><\/td>\n<\/tr>\n<tr>\n<td width=\"0\">Casella di posta elettronica ordinaria<\/td>\n<td width=\"0\"><a href=\"mailto:org.valutazione@esteri.it\">org.valutazione@esteri.it<\/a><\/td>\n<\/tr>\n<tr>\n<td width=\"0\">Casella di posta elettronica certificata<\/td>\n<td width=\"0\"><a href=\"mailto:organismo.valutazione@cert.esteri.it\">organismo.valutazione@cert.esteri.it<\/a><\/td>\n<\/tr>\n<\/tbody>\n<\/table>\n<p>&nbsp;<\/p>\n<p>L\u2019Organismo Indipendente di Valutazione della performance svolge le seguenti attivit\u00e0:<\/p>\n<ul>\n<li>monitora il funzionamento complessivo del sistema della valutazione, della trasparenza e integrit\u00e0 dei controlli interni ed elabora una relazione annuale sullo stato dello stesso. Comunica tempestivamente le criticit\u00e0 riscontrate ai competenti organi interni di governo ed amministrazione, nonch\u00e9 alla Corte dei conti, all\u2019Ispettorato per la funzione pubblica e alla Commissione di cui all\u2019articolo 13 del decreto legislativo n. 150 del 2009;<\/li>\n<li>valida la Relazione sulla performance di cui all\u2019articolo 10 del decreto legislativo n.150 del 2009 e ne assicura la visibilit\u00e0 attraverso la pubblicazione sul sito istituzionale dell\u2019amministrazione;<\/li>\n<li>garantisce la correttezza dei processi di misurazione e valutazione, nonch\u00e9 dell\u2019utilizzo dei premi di cui al Titolo III, secondo quanto previsto dal presente decreto, dai contratti collettivi nazionali, dai contratti integrativi, dai regolamenti interni all\u2019amministrazione, nel rispetto del principio di valorizzazione del merito e della professionalit\u00e0;<\/li>\n<li>propone, sulla base del sistema di cui all\u2019articolo 7 del citato decreto, all\u2019organo di indirizzo politico-amministrativo, la valutazione annuale dei dirigenti di vertice e l\u2019attribuzione ad essi dei premi di cui al Titolo III;<\/li>\n<li>\u00e8 responsabile della corretta applicazione delle linee guida, delle metodologie e degli strumenti predisposti dalla Commissione di cui all\u2019articolo 13 del decreto legislativo n.150 del 2009;<\/li>\n<li>promuove e attesta l\u2019assolvimento degli obblighi relativi alla trasparenza e all\u2019integrit\u00e0;<\/li>\n<li>verifica i risultati e le buone pratiche di promozione delle pari opportunit\u00e0.<\/li>\n<\/ul>\n","protected":false},"excerpt":{"rendered":"Denominazione ufficio Organismo Indipendente di Valutazione Competenze Opera a norma del decreto legislativo 27 ottobre 2009, n. 150, di attuazione della legge 4 marzo 2009, n. 15, in materia di ottimizzazione della produttivit\u00e0 del lavoro pubblico e di efficienza e trasparenza delle pubbliche amministrazioni. L\u2019Organismo di cui sopra sostituisce i Servizi di Controllo Interno, comunque [&hellip;]","protected":false},"author":1,"featured_media":0,"parent":47,"menu_order":5,"comment_status":"closed","ping_status":"closed","template":"","meta":{"footnotes":""},"class_list":["post-28991","page","type-page","status-publish","hentry"],"_links":{"self":[{"href":"https:\/\/www.esteri.it\/it\/wp-json\/wp\/v2\/pages\/28991","targetHints":{"allow":["GET"]}}],"collection":[{"href":"https:\/\/www.esteri.it\/it\/wp-json\/wp\/v2\/pages"}],"about":[{"href":"https:\/\/www.esteri.it\/it\/wp-json\/wp\/v2\/types\/page"}],"author":[{"embeddable":true,"href":"https:\/\/www.esteri.it\/it\/wp-json\/wp\/v2\/users\/1"}],"replies":[{"embeddable":true,"href":"https:\/\/www.esteri.it\/it\/wp-json\/wp\/v2\/comments?post=28991"}],"version-history":[{"count":6,"href":"https:\/\/www.esteri.it\/it\/wp-json\/wp\/v2\/pages\/28991\/revisions"}],"predecessor-version":[{"id":161892,"href":"https:\/\/www.esteri.it\/it\/wp-json\/wp\/v2\/pages\/28991\/revisions\/161892"}],"up":[{"embeddable":true,"href":"https:\/\/www.esteri.it\/it\/wp-json\/wp\/v2\/pages\/47"}],"wp:attachment":[{"href":"https:\/\/www.esteri.it\/it\/wp-json\/wp\/v2\/media?parent=28991"}],"curies":[{"name":"wp","href":"https:\/\/api.w.org\/{rel}","templated":true}]}}