{"id":29081,"date":"2019-09-23T14:29:20","date_gmt":"2019-09-23T12:29:20","guid":{"rendered":"https:\/\/www.esteri.it\/trasparenza_comunicazioni_legali\/bandi-gara-contratti\/atti-amministrazioni-aggiudicatrici\/avvisi-di-post-informazione-2012\/"},"modified":"2019-09-23T14:29:20","modified_gmt":"2019-09-23T12:29:20","slug":"avvisi-di-post-informazione-2012","status":"publish","type":"page","link":"https:\/\/www.esteri.it\/it\/trasparenza_comunicazioni_legali\/bandi-gara-contratti\/atti-amministrazioni-aggiudicatrici\/avvisi-di-post-informazione-2012\/","title":{"rendered":"Avvisi di post-informazione 2012"},"content":{"rendered":"<p><strong>27.09.2012<\/strong><br \/>La Direzione Generale per l&#8217;Amministrazione, l&#8217;Informatica e le Comunicazioni \u2013 Ufficio IV rende noto che, con decreto 27\/09\/2012, n. 5514\/1085 ha affidato con procedura in economia e mediante cottimo fiduciario alla societ\u00e0 Eustema S.p.A. il servizio informatico relativo alla gestione del sito web istituzionale, della Intranet e della Extranet del Ministero degli Affari Esteri, per un importo di \u20ac 128.930,54, I.V.A. esclusa.<\/p>\n<p><strong>03.07.2012<\/strong><br \/>La Direzione Generale per l&#8217;Amministrazione, l&#8217;Informatica e le Comunicazioni \u2013 Ufficio IV rende noto che, con decreto 27\/06\/2012, n. 5514\/766 ha affidato con procedura in economia e mediante cottimo fiduciario alla societ\u00e0 Almaviva s.p.a. la fornitura di attivit\u00e0 professionali per un servizio informatico di help desk di primo e secondo livello e un servizio di manutenzione adeguativa e correttiva dei sistemi informativi che gestiscono la contabilit\u00e0 delle Sedi all&#8217;estero e dei Finanziamenti da parte degli uffici Centrali, per un importo di \u20ac124.085,81, I.V.A. esclusa.<\/p>\n<p><strong>03.07.2012<\/strong><br \/>La Direzione Generale per l&#8217;Amministrazione, l&#8217;Informatica e le Comunicazioni \u2013 Ufficio IV rende noto che, con decreto 27\/06\/2012, n. 5514\/765 ha affidato con procedura in economia e mediante cottimo fiduciario alla societ\u00e0 Almaviva s.p.a. la fornitura di un&#8217;attivit\u00e0 di analisi, progettazione e sviluppo per la realizzazione di Servizi Applicativi per lo scambio di dati con il MEF e altre Applicazioni, per un importo di \u20ac 119.816,81, I.V.A. esclusa.<\/p>\n<p><strong>28.06.2012<\/strong><br \/>La Direzione Generale per l&#8217;Amministrazione, l&#8217;Informatica e le Comunicazioni \u2013 Ufficio IV rende noto che, con decreto 27\/06\/2012, n. 5514\/767 ha affidato con procedura in economia e mediante cottimo fiduciario alla societ\u00e0 Almaviva s.p.a. la fornitura di un&#8217;attivit\u00e0 di analisi, progettazione e sviluppo per l&#8217;aggiornamento ed il potenziamento di procedure gi\u00e0 in essere presso questa Amministrazione secondo quanto previsto dall&#8217;Accordo quadro n. 5\/2007 (lotto 2 della gara indetta dal CNIPA, ora DIGITPA, pr n. 1\/2006 nell&#8217;ambito del &#8220;sistema pubblico di connettivit\u00e0&#8221;) in prossima scadenza, per un importo di \u20ac 120.676,89, I.V.A. esclusa.<\/p>\n<p><strong>25.06.2012<\/strong><br \/>La Direzione Generale per l&#8217;Amministrazione, l&#8217;Informatica e le Comunicazioni \u2013 Ufficio IV rende noto che, con decreto, n. 5514\/743 del 22.06.2012 ha affidato per l&#8217;anno 2012, con procedura in economia e mediante cottimo fiduciario, alla societ\u00e0 Mathema s.r.l. la fornitura di un&#8217;attivit\u00e0 di studio, analisi, progettazione e sviluppo di un&#8217;apposita architettura informatica che rappresenti il punto di raccolta centrale di strutture dati rilevanti e contenute sia nei sistemi informativi dei comuni italiani (dati AIRE) sia nei sistemi periferici SIFC delle sedi estere, nell&#8217;ambito del complesso progetto interministeriale e-AIRE di cui \u00e8 prevista l&#8217;operativit\u00e0 entro Luglio 2013, per un importo di \u20ac 122.402,00 I.V.A. esclusa.<\/p>\n<p><strong>18.05.2012<\/strong><br \/>La Direzione Generale per l&#8217;Amministrazione, l&#8217;Informatica e le Comunicazioni \u2013 Ufficio IV rende noto che, con decreto 17\/05\/2012, n. 5514\/610 ha affidato con procedura in economia e mediante cottimo fiduciario alla societ\u00e0 Seven One Solution S.r.l. il servizio informatico di manutenzione degli apparati Enterasys installati presso questa Amministrazione, per un importo di \u20ac 72.000,00 I.V.A. esclusa.<\/p>\n<p><strong>30.03.2012<\/strong><br \/>La Direzione Generale per l&#8217;Amministrazione, l&#8217;Informatica e le Comunicazioni \u2013 Ufficio IV rende noto che, con decreto 29\/03\/2012, n. 5514\/426 ha affidato con procedura in economia e mediante cottimo fiduciario alla societ\u00e0 Softlab-Laboratori per la produzione industriale del software s.p.a. la fornitura di n. 2 sistemisti con comprovata esperienza e conoscenza sistemistica per il progetto Limes, consistente nella virtualizzazione e centralizzazione dei server SIFC (Sistema integrato Funzioni Consolari) al MAE per le sedi belliche, per un importo di \u20ac 71.445,00, I.V.A. esclusa.<\/p>\n","protected":false},"excerpt":{"rendered":"27.09.2012La Direzione Generale per l&#8217;Amministrazione, l&#8217;Informatica e le Comunicazioni \u2013 Ufficio IV rende noto che, con decreto 27\/09\/2012, n. 5514\/1085 ha affidato con procedura in economia e mediante cottimo fiduciario alla societ\u00e0 Eustema S.p.A. il servizio informatico relativo alla gestione del sito web istituzionale, della Intranet e della Extranet del Ministero degli Affari Esteri, per [&hellip;]","protected":false},"author":1,"featured_media":0,"parent":27914,"menu_order":0,"comment_status":"closed","ping_status":"closed","template":"","meta":{"footnotes":""},"class_list":["post-29081","page","type-page","status-publish","hentry"],"_links":{"self":[{"href":"https:\/\/www.esteri.it\/it\/wp-json\/wp\/v2\/pages\/29081","targetHints":{"allow":["GET"]}}],"collection":[{"href":"https:\/\/www.esteri.it\/it\/wp-json\/wp\/v2\/pages"}],"about":[{"href":"https:\/\/www.esteri.it\/it\/wp-json\/wp\/v2\/types\/page"}],"author":[{"embeddable":true,"href":"https:\/\/www.esteri.it\/it\/wp-json\/wp\/v2\/users\/1"}],"replies":[{"embeddable":true,"href":"https:\/\/www.esteri.it\/it\/wp-json\/wp\/v2\/comments?post=29081"}],"version-history":[{"count":0,"href":"https:\/\/www.esteri.it\/it\/wp-json\/wp\/v2\/pages\/29081\/revisions"}],"up":[{"embeddable":true,"href":"https:\/\/www.esteri.it\/it\/wp-json\/wp\/v2\/pages\/27914"}],"wp:attachment":[{"href":"https:\/\/www.esteri.it\/it\/wp-json\/wp\/v2\/media?parent=29081"}],"curies":[{"name":"wp","href":"https:\/\/api.w.org\/{rel}","templated":true}]}}