{"id":29170,"date":"2007-04-18T10:34:02","date_gmt":"2007-04-18T08:34:02","guid":{"rendered":"https:\/\/www.esteri.it\/ministero\/struttura\/il_mae\/ministri_esteri\/gianfranco_fini\/"},"modified":"2025-10-15T18:53:42","modified_gmt":"2025-10-15T16:53:42","slug":"gianfranco_fini","status":"publish","type":"page","link":"https:\/\/www.esteri.it\/it\/ministero\/il_mae\/ministri_esteri\/gianfranco_fini\/","title":{"rendered":"Gianfranco Fini"},"content":{"rendered":"<p>Nato a Bologna il 3 gennaio 1952. Sposato, ha una figlia.<\/p>\n<p>Laureato in psicologia, \u00e8 giornalista professionista dal 1979.<\/p>\n<p>Segretario nazionale del Fronte della Giovent\u00f9 nel 1977, \u00e8 eletto deputato per la prima volta il 26 giugno 1983.<\/p>\n<p>Dal dicembre 1987 al gennaio 1990 \u00e8 segretario nazionale del MSI-DN, incarico che ricopre nuovamente dal luglio del 1991.<\/p>\n<p>Al congresso di Fiuggi (25-29 Gennaio 1995) viene eletto Presidente di Alleanza Nazionale.<\/p>\n<p>Alle elezioni politiche del 1996 \u00e8 eletto deputato nel collegio Roma 24; \u00e8 parlamentare europeo eletto in tutte e cinque le circoscrizioni nazionali nel 1994. Alle amministrative di novembre del 1997 \u00e8 eletto consigliere comunale di Roma.<\/p>\n<p>Eletto nel maggio 2001 alla Camera dei deputati con il sistema maggioritario nella circoscrizione XV(LAZIO 1).<\/p>\n<p>L&#8217;11 giugno 2001 assume la carica di Vice-Presidente del Consiglio dei Ministri<\/p>\n<p>Nel febbraio del 2002 \u00e8 stato nominato rappresentante del governo italiano in seno alla Convenzione Europea.<\/p>\n<p>Dal 18 novembre 2004 al 17 maggio 2006 \u00e8 Ministro degli Affari Esteri.<\/p>\n","protected":false},"excerpt":{"rendered":"Nato a Bologna il 3 gennaio 1952. Sposato, ha una figlia. Laureato in psicologia, \u00e8 giornalista professionista dal 1979. Segretario nazionale del Fronte della Giovent\u00f9 nel 1977, \u00e8 eletto deputato per la prima volta il 26 giugno 1983. Dal dicembre 1987 al gennaio 1990 \u00e8 segretario nazionale del MSI-DN, incarico che ricopre nuovamente dal luglio [&hellip;]","protected":false},"author":1,"featured_media":0,"parent":29167,"menu_order":15,"comment_status":"closed","ping_status":"closed","template":"","meta":{"footnotes":""},"class_list":["post-29170","page","type-page","status-publish","hentry"],"_links":{"self":[{"href":"https:\/\/www.esteri.it\/it\/wp-json\/wp\/v2\/pages\/29170","targetHints":{"allow":["GET"]}}],"collection":[{"href":"https:\/\/www.esteri.it\/it\/wp-json\/wp\/v2\/pages"}],"about":[{"href":"https:\/\/www.esteri.it\/it\/wp-json\/wp\/v2\/types\/page"}],"author":[{"embeddable":true,"href":"https:\/\/www.esteri.it\/it\/wp-json\/wp\/v2\/users\/1"}],"replies":[{"embeddable":true,"href":"https:\/\/www.esteri.it\/it\/wp-json\/wp\/v2\/comments?post=29170"}],"version-history":[{"count":1,"href":"https:\/\/www.esteri.it\/it\/wp-json\/wp\/v2\/pages\/29170\/revisions"}],"predecessor-version":[{"id":153038,"href":"https:\/\/www.esteri.it\/it\/wp-json\/wp\/v2\/pages\/29170\/revisions\/153038"}],"up":[{"embeddable":true,"href":"https:\/\/www.esteri.it\/it\/wp-json\/wp\/v2\/pages\/29167"}],"wp:attachment":[{"href":"https:\/\/www.esteri.it\/it\/wp-json\/wp\/v2\/media?parent=29170"}],"curies":[{"name":"wp","href":"https:\/\/api.w.org\/{rel}","templated":true}]}}