{"id":29175,"date":"2007-04-18T10:38:22","date_gmt":"2007-04-18T08:38:22","guid":{"rendered":"https:\/\/www.esteri.it\/ministero\/struttura\/il_mae\/ministri_esteri\/vincenzo_scotti\/"},"modified":"2025-10-15T19:01:19","modified_gmt":"2025-10-15T17:01:19","slug":"vincenzo_scotti","status":"publish","type":"page","link":"https:\/\/www.esteri.it\/it\/ministero\/il_mae\/ministri_esteri\/vincenzo_scotti\/","title":{"rendered":"Vincenzo Scotti"},"content":{"rendered":"<p>Nato a Napoli il 16 settembre 1933.<\/p>\n<p>Laureato in Giurisprudenza.<\/p>\n<p>Proveniente dall\u2019Azione cattolica italiana, milita nella Democrazia cristiana, nella quale ricopre l\u2019incarico di vice segretario politico dal 1984 al 1989.<\/p>\n<p>Ricopre diversi incarichi di governo: nel III Governo Andreotti \u00e8 Sottosegretario al bilancio e programmazione economica; sempre con Andreotti dal 1978 al 1979 \u00e8 Ministro del lavoro e della previdenza sociale e riconfermato con il I Governo Cossiga; \u00e8 poi alle politiche comunitarie nel II Governo Cossiga e nel Governo Forlani.<\/p>\n<p>Successivamente, \u00e8 Ministro dei beni culturali e ambientali con Spadolini e nuovamente Ministro del lavoro e della previdenza sociale con Fanfani.<\/p>\n<p>Nel I Governo Craxi, \u00e8 Ministro senza portafoglio per la protezione civile; si dimette da questo incarico il 26 marzo 1984. Nel VI Governo Andreotti sostituisce al Ministero dell\u2019interno l\u2019on. Gava, dimessosi per ragioni di salute il 15 ottobre 1990. Viene poi riconfermato nell\u2019incarico nel VII Governo Andreotti.<\/p>\n<p>Ministro degli affari esteri nel I Governo Amato, si dimette dal 28 luglio 1992, in relazione alla nuova linea adottata dalla DC circa la dichiarata incompatibilit\u00e0 tra il mandato parlamentare e l\u2019incarico di ministro.<\/p>\n<p>&nbsp;<\/p>\n","protected":false},"excerpt":{"rendered":"Nato a Napoli il 16 settembre 1933. Laureato in Giurisprudenza. Proveniente dall\u2019Azione cattolica italiana, milita nella Democrazia cristiana, nella quale ricopre l\u2019incarico di vice segretario politico dal 1984 al 1989. Ricopre diversi incarichi di governo: nel III Governo Andreotti \u00e8 Sottosegretario al bilancio e programmazione economica; sempre con Andreotti dal 1978 al 1979 \u00e8 Ministro [&hellip;]","protected":false},"author":1,"featured_media":0,"parent":29167,"menu_order":32,"comment_status":"closed","ping_status":"closed","template":"","meta":{"footnotes":""},"class_list":["post-29175","page","type-page","status-publish","hentry"],"_links":{"self":[{"href":"https:\/\/www.esteri.it\/it\/wp-json\/wp\/v2\/pages\/29175","targetHints":{"allow":["GET"]}}],"collection":[{"href":"https:\/\/www.esteri.it\/it\/wp-json\/wp\/v2\/pages"}],"about":[{"href":"https:\/\/www.esteri.it\/it\/wp-json\/wp\/v2\/types\/page"}],"author":[{"embeddable":true,"href":"https:\/\/www.esteri.it\/it\/wp-json\/wp\/v2\/users\/1"}],"replies":[{"embeddable":true,"href":"https:\/\/www.esteri.it\/it\/wp-json\/wp\/v2\/comments?post=29175"}],"version-history":[{"count":1,"href":"https:\/\/www.esteri.it\/it\/wp-json\/wp\/v2\/pages\/29175\/revisions"}],"predecessor-version":[{"id":153086,"href":"https:\/\/www.esteri.it\/it\/wp-json\/wp\/v2\/pages\/29175\/revisions\/153086"}],"up":[{"embeddable":true,"href":"https:\/\/www.esteri.it\/it\/wp-json\/wp\/v2\/pages\/29167"}],"wp:attachment":[{"href":"https:\/\/www.esteri.it\/it\/wp-json\/wp\/v2\/media?parent=29175"}],"curies":[{"name":"wp","href":"https:\/\/api.w.org\/{rel}","templated":true}]}}