{"id":29200,"date":"2008-05-29T11:45:34","date_gmt":"2008-05-29T09:45:34","guid":{"rendered":"https:\/\/www.esteri.it\/ministero\/struttura\/il_mae\/ministri_esteri\/massimo_dalema\/"},"modified":"2025-10-15T18:58:44","modified_gmt":"2025-10-15T16:58:44","slug":"massimo_dalema","status":"publish","type":"page","link":"https:\/\/www.esteri.it\/it\/ministero\/il_mae\/ministri_esteri\/massimo_dalema\/","title":{"rendered":"Massimo D&#8217;Alema"},"content":{"rendered":"<p>Nato a Roma il 20 aprile 1949.<\/p>\n<p>Sposato con Linda Giuva, ha due figli: Giulia e Francesco.<\/p>\n<p>Ha conseguito la maturit\u00e0 classica e studiato Filosofia all&#8217;Universit\u00e0 di Pisa.<\/p>\n<p>Giornalista professionista, ha collaborato a &#8220;Citt\u00e0 futura&#8221;, &#8220;Rinascita&#8221; e &#8220;l&#8217;Unit\u00e0&#8221; di cui \u00e8 stato direttore dal 1988 al 1990.<\/p>\n<p>Il suo impegno politico \u00e8 cominciato nel 1963, quando si iscrive alla Federazione giovanile comunista italiana (Fgci), della quale dal 1975 al 1980 \u00e8 Segretario nazionale.<\/p>\n<p>La prima tessera del Partito comunista italiano (Pci) \u00e8 del 1968.<\/p>\n<p>Entra a far parte nel 1979 del Comitato centrale al XV congresso, al congresso successivo nel 1983 \u00e8 nella Direzione, nel 1986 nella segreteria.<\/p>\n<p>E&#8217; tra i giovani dirigenti della &#8220;svolta&#8221; che, nel 1989, con Achille Occhetto, trasformano il Pci in Partito democratico della sinistra (Pds).<\/p>\n<p>Alla nascita del nuovo partito, nel 1990, ne diviene Coordinatore politico.<\/p>\n<p>Il primo luglio 1994 \u00e8 eletto Segretario nazionale del Pds.<\/p>\n<p>Entra per la prima volta alla Camera dei deputati nel 1987, eletto nella circoscrizione di Lecce-Brindisi-Taranto. Nel 1992 \u00e8 capolista.<\/p>\n<p>Rieletto, assume l&#8217;incarico di Presidente del gruppo dei deputati del Pds.<\/p>\n<p>Nel 1994 \u00e8 candidato, con il nuovo sistema elettorale uninominale, nel collegio n.11 della Puglia, in cui \u00e8 stato riconfermato il 21 aprile 1996.<\/p>\n<p>Il 5 febbraio 1997 \u00e8 eletto Presidente della Commissione parlamentare per le riforme istituzionali che il 4 novembre dello stesso anno ha trasmesso ai Presidenti delle due Camere un progetto di legge Costituzionale di revisione della parte seconda della Costituzione.<\/p>\n<p>Dal 21 ottobre 1998 all&#8217;aprile 2000 ricopre la carica di Presidente del Consiglio dei Ministri.<\/p>\n<p>Presidente della Fondazione di cultura politica Italianieuropei.<\/p>\n<p>Nel dicembre 2000 viene eletto Presidente dei Democratici di sinistra.<\/p>\n<p>Nell&#8217;ottobre 2003, a San Paolo del Brasile, durante il 22esimo Congresso, viene eletto Vice Presidente dell&#8217;Internazionale Socialista.<\/p>\n<p>Nel giugno 2004 viene eletto al Parlamento Europeo dove ricopre l&#8217;incarico di Presidente della Delegazione Permanente per le relazioni tra l&#8217;Unione Europea e il Mercosur.<\/p>\n<p>Il 9 aprile 2006 viene eletto deputato nella lista dell&#8217;Ulivo nella Circoscrizione Puglia.<\/p>\n<p>Il 17 maggio 2006 \u00e8 nominato Vicepresidente del Consiglio e Ministro degli esteri del II governo Prodi.<\/p>\n","protected":false},"excerpt":{"rendered":"Nato a Roma il 20 aprile 1949. Sposato con Linda Giuva, ha due figli: Giulia e Francesco. Ha conseguito la maturit\u00e0 classica e studiato Filosofia all&#8217;Universit\u00e0 di Pisa. Giornalista professionista, ha collaborato a &#8220;Citt\u00e0 futura&#8221;, &#8220;Rinascita&#8221; e &#8220;l&#8217;Unit\u00e0&#8221; di cui \u00e8 stato direttore dal 1988 al 1990. Il suo impegno politico \u00e8 cominciato nel 1963, [&hellip;]","protected":false},"author":1,"featured_media":0,"parent":29167,"menu_order":10,"comment_status":"closed","ping_status":"closed","template":"","meta":{"footnotes":""},"class_list":["post-29200","page","type-page","status-publish","hentry"],"_links":{"self":[{"href":"https:\/\/www.esteri.it\/it\/wp-json\/wp\/v2\/pages\/29200","targetHints":{"allow":["GET"]}}],"collection":[{"href":"https:\/\/www.esteri.it\/it\/wp-json\/wp\/v2\/pages"}],"about":[{"href":"https:\/\/www.esteri.it\/it\/wp-json\/wp\/v2\/types\/page"}],"author":[{"embeddable":true,"href":"https:\/\/www.esteri.it\/it\/wp-json\/wp\/v2\/users\/1"}],"replies":[{"embeddable":true,"href":"https:\/\/www.esteri.it\/it\/wp-json\/wp\/v2\/comments?post=29200"}],"version-history":[{"count":1,"href":"https:\/\/www.esteri.it\/it\/wp-json\/wp\/v2\/pages\/29200\/revisions"}],"predecessor-version":[{"id":153071,"href":"https:\/\/www.esteri.it\/it\/wp-json\/wp\/v2\/pages\/29200\/revisions\/153071"}],"up":[{"embeddable":true,"href":"https:\/\/www.esteri.it\/it\/wp-json\/wp\/v2\/pages\/29167"}],"wp:attachment":[{"href":"https:\/\/www.esteri.it\/it\/wp-json\/wp\/v2\/media?parent=29200"}],"curies":[{"name":"wp","href":"https:\/\/api.w.org\/{rel}","templated":true}]}}