{"id":29202,"date":"2014-02-24T09:46:09","date_gmt":"2014-02-24T08:46:09","guid":{"rendered":"https:\/\/www.esteri.it\/ministero\/struttura\/il_mae\/ministri_esteri\/emma_bonino\/"},"modified":"2014-02-24T09:46:09","modified_gmt":"2014-02-24T08:46:09","slug":"emma_bonino","status":"publish","type":"page","link":"https:\/\/www.esteri.it\/it\/ministero\/il_mae\/ministri_esteri\/emma_bonino\/","title":{"rendered":"Emma Bonino"},"content":{"rendered":"<p>Emma Bonino \u00e8 nata a Bra (CN), il 9 marzo 1948.<BR><BR>Laureata in Lingue e Letteratura moderna all&#8217;Universit\u00e0 Bocconi di Milano (1972).<BR><BR>Carriera politica nazionale:<BR>Nel 1976, a 28 anni, \u00e8 eletta per la prima volta alla Camera dei Deputati per il Partito Radicale; rieletta nel 1979, 1983, 1987, 1992, 1994, 2006. <BR>E&#8217; stata presidente del gruppo parlamentare e segretario di presidenza della Camera. <BR>Nella XVI legislatura (2008-2013) \u00e8 eletta al Senato della Repubblica dove ha ricoperto la carica di Vice-Presidente.<BR>Negli anni 70-80, come attivista radicale, ha promosso una serie di referendum come quello che ha introdotto la legislazione in materia di aborto in Italia e quello contro il nucleare. <BR>Nel 2006, \u00e8 stata nominata Ministro per il Commercio Internazionale e le Politiche europee nel Governo Prodi II.<BR>Carriera politica europea ed internazionale:<BR>Nel 1978 \u00e8 fondatrice e segretaria dell&#8217;associazione &#8220;Food and Disarmament International&#8221;, che ha lanciato la campagna internazionale contro la fame nel mondo basata sul &#8220;Manifesto dei Premi Nobel&#8221;.<BR>Nel 1979 \u00e8 eletta al Parlamento europeo; rieletta nel 1984,1999 e nel 2004. <BR>Tra il 2002 e il 2004 vive parte dell&#8217;anno al Cairo dove impara l&#8217;arabo e cura la rassegna stampa araba per Radio Radicale.<BR>Nel periodo 1990\/2002 \u00e8 promotrice delle campagne internazionali in favore dei tribunali ad hoc contro i crimini di guerra nell&#8217;ex Jugoslavia e in Ruanda, per l&#8217;istituzione della Corte penale internazionale e per la moratoria sulla pena di morte, moratoria sancita dall&#8217;Assemblea Generale dell&#8217;Onu nel 2007. <BR>E&#8217; tra i fondatori delle Ong &#8220;Nessuno Tocchi Caino&#8221; e &#8220;Non c&#8217;\u00e8 Pace senza giustizia&#8221;.<BR>Dal 1991 al 1993 \u00e8 Presidente del Partito Radicale Transnazionale; Segretaria dal 1993 al 1994.<BR>Nel 1994 \u00e8 nominata Commissario europeo alla Pesca, alla Politica dei consumatori e agli aiuti umanitari d&#8217;urgenza. <BR>Nel 1997 le sue competenze sono state ampliate alla sicurezza alimentare.<BR>Nominata, nel novembre 2002, Rappresentante del governo italiano alla Conferenza Intergovernativa della Comunit\u00e0 delle Democrazie a Seul. Nominata nell&#8217;aprile 2005, Rappresentante del governo italiano alla Conferenza Intergovernativa della Comunit\u00e0 delle Democrazie a Santiago del Cile e ancora nell&#8217;aprile 2005, Capo della delegazione italiana alla Terza Conferenza Ministeriale della Comunit\u00e0 delle Democrazie.<BR>E&#8217; stata Capo della missione degli osservatori elettorali dell&#8217;Unione europea in Ecuador (2002) e in Afghanistan (2005).<BR>Nello stesso periodo lancia la campagna internazionale contro le mutilazioni genitali femminili (MGF) che ottiene una risoluzione dell&#8217;Onu per la messa al bando universale nel dicembre 2012.<BR>Emma Bonino \u00e8 membro del Consiglio dell&#8217;International Crisis Group (ICG), del Board dell&#8217;Open Society Initiative for Europe (OSIFE), del Board dell&#8217;European Council on Foreign Relations (ECFR), e del Comitato Direttivo dell&#8217;Istituto Affari Internazionali (IAI). <BR>Fa anche parte dell&#8217;Indipendent Commission on Turkey (ICT), presieduta dall&#8217;ex Premier finlandese e Premio Nobel per la Pace Martti Ahtisaari.<BR>Emma Bonino ha ricevuto numerosi riconoscimenti, tra i quali il &#8220;Premio Principe de Asturias&#8221; per la cooperazione internazionale nel 1998, il &#8220;Premio Presidente della Repubblica&#8221; nel 2003 per il suo impegno nella promozione dei diritti umani e civili nel mondo, l&#8217; &#8220;Atlantic Council Freedom Award&#8221; nel 2012. <BR>E&#8217; Commendatore della Legion d&#8217;Onore francese dal 2009.<BR><\/p>\n","protected":false},"excerpt":{"rendered":"Emma Bonino \u00e8 nata a Bra (CN), il 9 marzo 1948.Laureata in Lingue e Letteratura moderna all&#8217;Universit\u00e0 Bocconi di Milano (1972).Carriera politica nazionale:Nel 1976, a 28 anni, \u00e8 eletta per la prima volta alla Camera dei Deputati per il Partito Radicale; rieletta nel 1979, 1983, 1987, 1992, 1994, 2006. E&#8217; stata presidente del gruppo parlamentare [&hellip;]","protected":false},"author":1,"featured_media":0,"parent":29167,"menu_order":6,"comment_status":"closed","ping_status":"closed","template":"","meta":{"footnotes":""},"class_list":["post-29202","page","type-page","status-publish","hentry"],"_links":{"self":[{"href":"https:\/\/www.esteri.it\/it\/wp-json\/wp\/v2\/pages\/29202","targetHints":{"allow":["GET"]}}],"collection":[{"href":"https:\/\/www.esteri.it\/it\/wp-json\/wp\/v2\/pages"}],"about":[{"href":"https:\/\/www.esteri.it\/it\/wp-json\/wp\/v2\/types\/page"}],"author":[{"embeddable":true,"href":"https:\/\/www.esteri.it\/it\/wp-json\/wp\/v2\/users\/1"}],"replies":[{"embeddable":true,"href":"https:\/\/www.esteri.it\/it\/wp-json\/wp\/v2\/comments?post=29202"}],"version-history":[{"count":0,"href":"https:\/\/www.esteri.it\/it\/wp-json\/wp\/v2\/pages\/29202\/revisions"}],"up":[{"embeddable":true,"href":"https:\/\/www.esteri.it\/it\/wp-json\/wp\/v2\/pages\/29167"}],"wp:attachment":[{"href":"https:\/\/www.esteri.it\/it\/wp-json\/wp\/v2\/media?parent=29202"}],"curies":[{"name":"wp","href":"https:\/\/api.w.org\/{rel}","templated":true}]}}