{"id":29203,"date":"2014-10-31T17:49:00","date_gmt":"2014-10-31T16:49:00","guid":{"rendered":"https:\/\/www.esteri.it\/ministero\/struttura\/il_mae\/ministri_esteri\/federica_mogherini\/"},"modified":"2014-10-31T17:49:00","modified_gmt":"2014-10-31T16:49:00","slug":"federica_mogherini","status":"publish","type":"page","link":"https:\/\/www.esteri.it\/it\/ministero\/il_mae\/ministri_esteri\/federica_mogherini\/","title":{"rendered":"Federica Mogherini"},"content":{"rendered":"<p><P>E&#8217; nata a Roma nel 1973. Laureata in Scienze Politiche, \u00e8 sposata ed \u00e8 madre di due figlie.<\/P><br \/>\n<P>Eletta alla Camera dei Deputati nel 2008 e rieletta nel 2013, ha ricoperto l\u2019incarico di Segretario della IV Commissione Difesa ed \u00e8 stata membro della delegazione italiana all\u2019Assemblea parlamentare del Consiglio d\u2019Europa, della III Commissione Affari esteri e della IV Commissione Difesa. <\/P><br \/>\n<P>Il 1 agosto 2013 \u00e8 stata eletta Presidente della Delegazione italiana all\u2019Assemblea Parlamentare della NATO. E\u2019 stata inoltre la coordinatrice del Gruppo interparlamentare per la Cooperazione allo Sviluppo.<\/P><br \/>\n<P>E&#8217; socio dello IAI (Istituto Affari Internazionali), membro del Consiglio per le relazioni fra Italia e Stati Uniti e fellow del German Marshall Fund degli Stati Uniti.<\/P><br \/>\n<P>E\u2019 membro del Consiglio dell\u2019European Leadership Network for Multilateral Nuclear Disarmament and Non-Proliferation (ELN) e del Group of Eminent Persons (GEM) della Preparatory Commission for the Comprehensive Nuclear-Test-Ban Treaty Organization (CTBTO).<\/P><br \/>\n<P>A dicembre 2013 \u00e8 entrata a far parte della Segreteria Nazionale del Partito Democratico in qualit\u00e0 di responsabile Europa e Affari Internazionali.<BR>Era gi\u00e0 stata membro della Segreteria nazionale del Partito Democratico nel 2009 e, tra il 2007 e il 2008, in qualit\u00e0 di responsabile per le Riforme Istituzionali. <BR>In precedenza, nei Democratici di Sinistra, \u00e8 stata responsabile delle Relazioni Internazionali, curando in particolare i rapporti con i Democratici americani, il PSE, il Forum Sociale Mondiale ed Europeo, i movimenti per la pace.<BR>Negli anni precedenti \u00e8 stata membro del Board dello European Youth Forum, Vicepresidente dell\u2019European Community Organisation of Socialist Youth (Ecosy), membro della Segreteria del Forum della Giovent\u00f9 della FAO, responsabile Universit\u00e0 e poi Esteri della Sinistra giovanile.<BR>Negli anni &#8217;90 ha seguito, da volontaria Arci, le campagne nazionali ed europee contro il razzismo e la xenofobia (&#8220;Nero e non solo!&#8221; e &#8220;All different, all equal&#8221; del Consiglio d&#8217;Europa).<\/P><\/p>\n","protected":false},"excerpt":{"rendered":"E&#8217; nata a Roma nel 1973. Laureata in Scienze Politiche, \u00e8 sposata ed \u00e8 madre di due figlie. Eletta alla Camera dei Deputati nel 2008 e rieletta nel 2013, ha ricoperto l\u2019incarico di Segretario della IV Commissione Difesa ed \u00e8 stata membro della delegazione italiana all\u2019Assemblea parlamentare del Consiglio d\u2019Europa, della III Commissione Affari esteri [&hellip;]","protected":false},"author":1,"featured_media":0,"parent":29167,"menu_order":23,"comment_status":"closed","ping_status":"closed","template":"","meta":{"footnotes":""},"class_list":["post-29203","page","type-page","status-publish","hentry"],"_links":{"self":[{"href":"https:\/\/www.esteri.it\/it\/wp-json\/wp\/v2\/pages\/29203","targetHints":{"allow":["GET"]}}],"collection":[{"href":"https:\/\/www.esteri.it\/it\/wp-json\/wp\/v2\/pages"}],"about":[{"href":"https:\/\/www.esteri.it\/it\/wp-json\/wp\/v2\/types\/page"}],"author":[{"embeddable":true,"href":"https:\/\/www.esteri.it\/it\/wp-json\/wp\/v2\/users\/1"}],"replies":[{"embeddable":true,"href":"https:\/\/www.esteri.it\/it\/wp-json\/wp\/v2\/comments?post=29203"}],"version-history":[{"count":0,"href":"https:\/\/www.esteri.it\/it\/wp-json\/wp\/v2\/pages\/29203\/revisions"}],"up":[{"embeddable":true,"href":"https:\/\/www.esteri.it\/it\/wp-json\/wp\/v2\/pages\/29167"}],"wp:attachment":[{"href":"https:\/\/www.esteri.it\/it\/wp-json\/wp\/v2\/media?parent=29203"}],"curies":[{"name":"wp","href":"https:\/\/api.w.org\/{rel}","templated":true}]}}