{"id":29206,"date":"2019-09-05T19:48:38","date_gmt":"2019-09-05T17:48:38","guid":{"rendered":"https:\/\/www.esteri.it\/ministero\/struttura\/il_mae\/ministri_esteri\/enzo-moavero-milanesi_0\/"},"modified":"2019-09-05T19:48:38","modified_gmt":"2019-09-05T17:48:38","slug":"enzo-moavero-milanesi_0","status":"publish","type":"page","link":"https:\/\/www.esteri.it\/it\/ministero\/il_mae\/ministri_esteri\/enzo-moavero-milanesi_0\/","title":{"rendered":"Enzo Moavero Milanesi"},"content":{"rendered":"<div>\n<p>Ministro degli Affari Esteri e della Cooperazione Internazionale (dal 31 maggio 2018 al 5 Settembre 2019).<\/p>\n<p>Universit\u00e0 LUISS Guido Carli: Direttore della School of Law e professore di Diritto dell\u2019Unione Europea presso il Dipartimento di Giurisprudenza (dal 2014; attualmente, in aspettativa non retribuita).<\/p>\n<p>Coll\u00e8ge d\u2019Europe (Bruges, Belgio): professore (dal 2007; attivit\u00e0 attualmente sospesa).<\/p>\n<p>Governo italiano: Ministro per gli Affari Europei (2011-2014); rappresenta l\u2019Italia al Consiglio UE \u2018Affari Generali\u2019 e \u2018Competitivit\u00e0\u2019, presiede il Comitato Interministeriale per gli Affari Europei (CIAE).<\/p>\n<p>Corte di Giustizia dell\u2019Unione Europea: Presidente di Sezione e giudice al Tribunale dell\u2019Unione Europea (2006-2011).<\/p>\n<p>Commissione europea: Segretario Generale vicario della Commissione (2002-2005); Direttore Generale del BEPA, Bureau of European Policy Advisors (2005-2006); Direttore \u2018Antitrust Servizi\u2019 (2000-2002); Capo di gabinetto del Commissario per il \u2018mercato interno\u2019, i servizi finanziari, la fiscalit\u00e0 e la concorrenza (1995-1999) e del Vice-Presidente per le tecnologie dell\u2019informazione, le telecomunicazioni e la ricerca (1989-1992). Inoltre, Consigliere Speciale del Commissario europeo al Mercato Interno per gli aspetti giuridici del \u2018mercato interno\u2019 (2014) e del Primo Vice-Presidente della Commissione Europea, per gli aspetti relativi alla \u2018Rule of Law\u2019 e all\u2019azione \u2018Better Regulation\u2019 (2015-2017).<\/p>\n<p>Universit\u00e0 LUISS (1993-1996, 2002-2006 e 2004-2011), Universit\u00e0 Bocconi (1991-1998 e 1996-2000) e Universit\u00e0 La Sapienza (1993-1995): docente di Diritto delle Comunit\u00e0 europee.<\/p>\n<p>Presidenza del Consiglio dei Ministri: membro del Comitato degli Esperti per il programma di Governo (Governo Ciampi 1993-1994); dirige la Segreteria per gli affari comunitari (1993-1995); membro del Gruppo di lavoro per l\u2019analisi dei piani industriali e finanziari delle societ\u00e0 pubbliche (1993-1994); membro del Comitato tecnico istruttorio per le deliberazioni del CIPE in materia di coordinamento della politica economica nazionale con quella comunitaria (1993-1994); della Commissione d\u2019indagine sulla povert\u00e0 (1993-1995); del Comitato scientifico per il recepimento in Italia del diritto comunitario (1999).<\/p>\n<p>Condirettore della Rivista italiana di Antitrust &#8211; Italian Antitrust Review (ed. AGCM) e della rivista La Comunit\u00e0 internazionale (Editoriale Scientifica). Membro del Comitato di Direzione delle riviste: Rivista delle societ\u00e0 (ed. Giuffr\u00e8); Revue du droit de l\u2019Union Europ\u00e9enne (ed. Cl\u00e8ment Juglar): Diritto degli scambi e del commercio internazionale (Editoriale Scientifica).<\/p>\n<p>Fa parte del: Consiglio Scientifico dell\u2019Istituto dell\u2019Enciclopedia Italiana (Treccani); Consiglio Scientifico del Global Competition Law Centre (GCLC). Ha fatto parte del Consiglio Direttivo della Societ\u00e0 Italiana per l\u2019Organizzazione Internazionale (SIOI).<\/p>\n<p>Laurea in Giurisprudenza all\u2019Universit\u00e0 La Sapienza, Roma (1977), tesi in Diritto commerciale. Specializzazione in Diritto comunitario (i.e. diritto dell\u2019Unione Europea) al Coll\u00e8ge d\u2019Europe di Bruges (Belgio).<\/p>\n<p>\u00c8 autore di svariate pubblicazioni scientifiche, fra le quali:<\/p>\n<p>&#8211;\u00a0<em>Diritto della concorrenza dell\u2019Unione Europea<\/em>, ed. Scientifica, Napoli, 2004, pp. XVI\/303.<br \/>&#8211;\u00a0<em>Lezioni di diritto comunitario<\/em>, Scientifica, Napoli; IV edizione, 2002, Volume secondo, pp. XI\/491 (pubblicato con L. Ferrari Bravo, autore della Parte prima).<br \/>&#8211;\u00a0<em>Antitrust e concentrazioni fra imprese nel diritto comunitario<\/em>, Giuffr\u00e8, Milano, 1992, pp. XXVI\/ 612.<br \/>&#8211;\u00a0<em>Le regole a garanzia della libera concorrenza<\/em>, in Europa, Istituto dell&#8217;Enciclopedia Italiana (Treccani), 2018, p. 318 ss.<br \/>&#8211;\u00a0<em>Non solo Fiscal Compact: badiamo alla pi\u00f9 generale cornice in cui si inserisce, in<\/em>\u00a0\u2018\u00c8 possibile una riforma radicale della governance fiscale europea? Fondazione Basso, 2017, Roma.<br \/>&#8211;\u00a0<em>Serve, ancora, un&#8217;Europa dei piccoli passi?<\/em>. in \u2018Il Piano Juncker per l&#8217;Europa in crisi. Verso industria 4.0 e crescita verde?\u2019, a cura di L. Paganetto, Fondazione Economia Tor Vergata, Ed. Eurlink, Roma, 2016, pp. 181 ss.<br \/>&#8211;\u00a0<em>Il sistema delle &#8216;conferenze&#8217; di raccordo fra lo Stato e le autonomie territoriali: riflessioni in relazione all&#8217;ordinamento dell&#8217;Unione Europea<\/em>, in Rassegna Parlamentare. 2016, p. 481ss.<br \/>&#8211;\u00a0<em>Some Considerations on the Role of the Court of Justice of the European Union and the Compliance of Italy with EU Law<\/em>, in New Journal of European Criminal Law, vol. 6, Special Issue, 2015, Intersentia Publishers, Belgium, pp. 414 ss.<br \/>&#8211;\u00a0<em>Quattro punti programmatici (realizzabili) per rafforzare l\u2019Unione Economica e Monetaria e l\u2019Unione Europea<\/em>, in \u2018La sfida europea. Crescita,\u00a0occupazione e riforme\u2019, ed. Franco Angeli, 2015, pp. 129 ss.<br \/>&#8211;\u00a0<em>L\u2019Unione Europea: un cantiere aperto<\/em>, in \u2018Rapporto dei 20: Revitalizing Anaemic Europe\u2019, a cura di L. Paganetto, Fondazione Economia Tor Vergata, Ed. Eurlink, Roma, 2014, pp. 233 ss.<br \/>&#8211;\u00a0<em>I servizi d\u2019interesse generale e i servizi d\u2019interesse economico generale<\/em>, in \u2018Il mercato unico dei servizi\u2019, Giuffr\u00e8, Milano, 2007, pp. 89 ss.<br \/>&#8211;\u00a0<em>L\u2019azione della Commissione europea per migliorare il processo legislativo dell\u2019Unione europea<\/em>, in \u2018La qualit\u00e0 della regolazione, Presidenza del Consiglio dei Ministri\u2019, Maggioli ed., Roma, 2006, pp. 77 ss.<br \/>&#8211;<em>\u00a0Legami personali fra imprese (\u00abinterlocking directorship\u00bb) e diritto comunitario della concorrenza: riflessioni<\/em>, in \u2018Scritti giuridici per Guido Rossi\u2019 Giuffr\u00e8, Milano, 2002, pp. 943 ss.<br \/>&#8211;\u00a0<em>Minority Shareholdings, Interlocking Directorships and the EC Competition rules.\u00a0<\/em><em>Recent Commission practice<\/em>, in Competition Policy Newsletter, 1\/2002, pp. 15 ss. (con A. Winterstein).<br \/>&#8211;\u00a0<em>Minderheitsbeteiligungen und personelle Verflechtungen zwichen Wettbewerbern. Zur Anwendung von Artikel 81 und 82 EG Vertrag<\/em>, in \u2018Handbuch der europaichen Finanzdienstleistungsindustrie\u2019, F.Knapp Verlag, Frankfurt am Main, 2001, pp.251 ss. (con A. Winterstein).<br \/>&#8211;\u00a0<em>Les \u00abservices d\u2019int\u00e9r\u00eat \u00e9conomique g\u00e9n\u00e9ral\u00bb, les entreprises publiques et les privatisations<\/em>, in Revue du droit de l\u2019Union europ\u00e9enne, 2000, pp.117 ss.<br \/>&#8211;\u00a0<em>Commercio intracomunitario<\/em>, in \u2018Trattato di diritto amministrativo europeo\u2019, a cura di M. Chiti e B. Greco, Giuffr\u00e8, Milano, 1998, parte spec., tomo I, pp. 465 ss.<br \/>&#8211;\u00a0<em>Sovereignty and federalism<\/em>, in \u2018Europa &#8211; Programme, Today\u2019s Europe: the present situation, trends in Italy and in the Nordic Countries\u2019, Oslo, 1995, n. 7, pp. 22 ss.<br \/>&#8211;\u00a0<em>Privatizzazioni.\u00a0<\/em><em>Diritto comunitario<\/em>, voce in \u2018Enciclopedia giuridica\u2019, Istituto della Enciclopedia italiana, Roma, vol. di aggiornamento IV, 1995, pp. 1 ss.<br \/>&#8211;\u00a0<em>La Commissione: funzioni e organizzazione<\/em>, in Rivista italiana di diritto pubblico comunitario, 1993, pp. 1133 ss.<br \/>&#8211; Normativa ed organizzazione comunitaria per il controllo delle concentrazioni tra imprese, in \u2018Concorrenza e controllo delle concentrazioni in Europa\u2019, Il Mulino, Bologna, 1993, pp. 95 ss.<br \/>&#8211;\u00a0<em>La politica industriale della Comunit\u00e0 Europea. Dal trattato di Roma al trattato di Maastricht<\/em>, in Acquisizioni, Fusioni, Concorrenza, Laboratorio di politica industriale, Nomisma, 1992, pp. 11 ss.<br \/>&#8211;\u00a0<em>Il trattato di Maastricht e le novit\u00e0 che comporta: spunti di compendio e riflessioni<\/em>, in Diritto comunitario e degli scambi internazionali, 1992, pp. 7 ss.<br \/>&#8211;\u00a0<em>Il nuovo Regolamento CEE sul controllo delle concentrazioni tra imprese<\/em>, in Rivista delle societ\u00e0, 1990, pp. 1153 ss.<br \/>&#8211;\u00a0<em>Spunti per uno studio del diritto antitrust della CEE<\/em>, in Diritto comunitario e degli scambi internazionali, 1990, pp. 331 ss.<br \/>&#8211;\u00a0<em>Partecipazione dello Stato nelle imprese e disciplina comunitaria degli aiuti pubblici<\/em>, in Rivista di diritto europeo, 1990, pp. 515 ss.<br \/>&#8211;\u00a0<em>Disciplina comunitaria delle concentrazioni tra imprese<\/em>, in Acquisizioni, Fusioni, Concorrenza, Laboratorio di Politica Industriale, Nomisma, 1990, pp. 13 ss.<br \/>&#8211;\u00a0<em>Normativa comunitaria antitrust e accordi di ristrutturazione industriale<\/em>, in Diritto comunitario e degli scambi internazionali, 1989, pp. 301 ss.<br \/>&#8211;\u00a0<em>Concorrenza e concentrazioni tra imprese<\/em>, in Rivista delle societ\u00e0, 1988, pp. 499 ss.<br \/>&#8211;\u00a0<em>Legittimazione attiva ai fini della constatazione da parte della Commissione CE di un&#8217;infrazione alle norme comunitarie in materia di concorrenza<\/em>, in Diritto comunitario e degli scambi internazionali, 1988, pp. 17 ss.<br \/>&#8211;\u00a0<em>Provvedimenti provvisori nei procedimenti amministrativi del diritto comunitario della concorrenza: precisazioni giurisprudenziali della Corte di Giustizia<\/em>, in Rivista di diritto industriale, 1985, pp. 119 ss.<br \/>&#8211;<em>\u00a0Libera circolazione delle merci: osservazioni circa l&#8217;attualit\u00e0 dell&#8217;obiettivo per gli scambi commerciali nella CEE<\/em>, in Rivista del diritto commerciale e delle obbligazioni, 1984, pp. 331 ss.<br \/>&#8211;\u00a0<em>Il potere della Commissione CE di adottare provvedimenti cautelari provvisori nel corso delle procedure di applicazione delle regole di concorrenza<\/em>, in Rivista di diritto industriale, 1984, pp. 97 ss.<br \/>&#8211;\u00a0<em>Licenza di diritti della propriet\u00e0 industriale, unicit\u00e0 del mercato comune e regole di concorrenza in una controversa sentenza della Corte di Giustizia; prime osservazioni<\/em>, in Rivista di diritto industriale, 1983, pp. 106 ss.<br \/>&#8211;<em>\u00a0Il principio dell&#8217;esaurimento del brevetto nella CEE alla luce della Convenzione sul brevetto comunitario e della giurisprudenza<\/em>, in \u2018Studi in onore di Remo Franceschelli\u2019, Giuffr\u00e8, 1983, pp. 674 ss.<br \/>&#8211;\u00a0<em>Gli sviluppi della giurisprudenza tedesca in materia di diritti della propriet\u00e0 industriale e di liberalizzazione degli scambi commerciali tra gli Stati nella Comunit\u00e0 Economica Europea<\/em>, in Rivista di diritto industriale, 1982, pp. 219 ss.<br \/>&#8211;\u00a0<em>Conferenza e risoluzione delle Nazioni Unite sulle pratiche commerciali restrittive<\/em>, in Rivista di diritto industriale, 1982, pp. 61 ss.<br \/>&#8211;\u00a0<em>L&#8217;attuazione dell&#8217;articolo 90 CEE, paragrafo 3, e la direttiva della Commissione CE relativa alla trasparenza delle relazioni finanziarie tra gli Stati membri e le loro imprese<\/em>, in Rivista di diritto industriale, 1981, pp. 302 ss.\u00a0<\/p>\n<\/div>\n","protected":false},"excerpt":{"rendered":"Ministro degli Affari Esteri e della Cooperazione Internazionale (dal 31 maggio 2018 al 5 Settembre 2019). Universit\u00e0 LUISS Guido Carli: Direttore della School of Law e professore di Diritto dell\u2019Unione Europea presso il Dipartimento di Giurisprudenza (dal 2014; attualmente, in aspettativa non retribuita). Coll\u00e8ge d\u2019Europe (Bruges, Belgio): professore (dal 2007; attivit\u00e0 attualmente sospesa). Governo italiano: [&hellip;]","protected":false},"author":1,"featured_media":0,"parent":29167,"menu_order":37,"comment_status":"closed","ping_status":"closed","template":"","meta":{"footnotes":""},"class_list":["post-29206","page","type-page","status-publish","hentry"],"_links":{"self":[{"href":"https:\/\/www.esteri.it\/it\/wp-json\/wp\/v2\/pages\/29206","targetHints":{"allow":["GET"]}}],"collection":[{"href":"https:\/\/www.esteri.it\/it\/wp-json\/wp\/v2\/pages"}],"about":[{"href":"https:\/\/www.esteri.it\/it\/wp-json\/wp\/v2\/types\/page"}],"author":[{"embeddable":true,"href":"https:\/\/www.esteri.it\/it\/wp-json\/wp\/v2\/users\/1"}],"replies":[{"embeddable":true,"href":"https:\/\/www.esteri.it\/it\/wp-json\/wp\/v2\/comments?post=29206"}],"version-history":[{"count":0,"href":"https:\/\/www.esteri.it\/it\/wp-json\/wp\/v2\/pages\/29206\/revisions"}],"up":[{"embeddable":true,"href":"https:\/\/www.esteri.it\/it\/wp-json\/wp\/v2\/pages\/29167"}],"wp:attachment":[{"href":"https:\/\/www.esteri.it\/it\/wp-json\/wp\/v2\/media?parent=29206"}],"curies":[{"name":"wp","href":"https:\/\/api.w.org\/{rel}","templated":true}]}}