{"id":29211,"date":"2021-07-02T14:12:14","date_gmt":"2021-07-02T12:12:14","guid":{"rendered":"https:\/\/www.esteri.it\/?page_id=29211"},"modified":"2025-12-01T09:06:04","modified_gmt":"2025-12-01T08:06:04","slug":"farnesina-verde","status":"publish","type":"page","link":"https:\/\/www.esteri.it\/it\/ministero\/riconoscimenti-e-buone-pratiche\/farnesina-verde\/","title":{"rendered":"Farnesina Verde"},"content":{"rendered":"<p><strong>Le iniziative di sostenibilit\u00e0 ambientale alla Farnesina<\/strong><\/p>\n<p>La protezione dell\u2019ambiente tramite riduzione degli sprechi, la promozione di condotte virtuose ed ispirate alla sostenibilit\u00e0 investe pienamente le scelte ed i processi di trasformazione della Pubblica Amministrazione.<br \/>\nIl Ministero degli Affari Esteri e della Cooperazione Internazionale ha lanciato oltre venti anni fa ed intende sempre pi\u00f9 ampliare e rafforzare la sua azione per la promozione di pi\u00f9 alti standard ambientali sia nel Palazzo della Farnesina sia nella rete diplomatico consolare secondo un articolato \u201cPiano d\u2019Azione\u201d.<\/p>\n<p><strong>Aree di intervento nella sede della Farnesina<\/strong><\/p>\n<p><strong>Impianto fotovoltaico<\/strong><\/p>\n<p>In copertura del Palazzo della Farnesina \u00e8 presente un impianto fotovoltaico solare. Dalla sua entrata in funzione 13 anni fa sono stati ad oggi (2025) prodotti oltre 380.000 MWh, con un risparmio di circa 85 mila litri di petrolio e 195.000 kg di emissioni di \u201canidride carbonica equivalente\u201d, che sarebbe stato necessario compensare con oltre 31.400 alberi. Per il 2026 \u00e8 previsto un aggiornamento dell\u2019attuale impianto con inserimento di pannelli fotovoltaici di nuova generazione molto pi\u00f9 efficienti, che permetteranno di produrre il doppio dell\u2019energia a parit\u00e0 di superficie.<\/p>\n<p><strong>Riduzione consumo della plastica presso la Farnesina<\/strong><\/p>\n<p>Al fine di ridurre il consumo di plastica monouso da parte dei 2.000 dipendenti e visitatori che in media sono ospitati ogni giorno alla Farnesina, sono stati installati\u00a0<strong>erogatori di acqua potabile<\/strong>\u00a0presso tutti i piani del palazzo. A completamento dell\u2019iniziativa, sono state distribuite gratuitamente\u00a0<strong>borracce di alluminio riciclato<\/strong>\u00a0al personale, in sostituzione dei bicchieri di plastica, grazie ad una partnership con il CiAl (Consorzio Imballaggi Alluminio). Il progetto \u00e8 stato premiato nel corso dell\u2019edizione del Forum PA, nell\u2019ambito del premio \u00abPA Sostenibile 2019\u00bb. L\u2019iniziativa Farnesina \u201cplastic free\u201d \u00e8 stata individuata da altre Amministrazioni pubbliche come\u00a0<strong>best practice<\/strong>\u00a0a cui ispirarsi per replicarla al loro interno.<\/p>\n<p>Grazie alle pratiche sostenibili gi\u00e0 in essere presso la mensa ministeriale\u00a0<strong>si sono risparmiate quasi 8 tonnellate di plastica ed oltre 2 tonnellate di alluminio ogni anno<\/strong>. Questo ha evitato il consumo, necessario per la produzione della plastica, di circa 87.100 litri di acqua e di circa 11.700 chilogrammi di CO2 ed il risparmio di alluminio ha portato ad un \u201cguadagno ambientale\u201d pari a 39.200 litri di acqua e 11.300 chilogrammi di CO2, con l\u2019obiettivo di incrementare progressivamente tali livelli.<\/p>\n<p><strong>Risparmio energetico nell\u2019attivit\u00e0 informatica<\/strong><\/p>\n<p>\u2018Quid noctis\u2019: si chiama cos\u00ec il progetto della Farnesina che garantisce un risparmio energetico quantificabile in circa 130.000 euro l\u2019anno, solo grazie alla gestione centralizzata delle modalit\u00e0 di spegnimento dei PC ministeriali. Le postazioni di lavoro attualmente coinvolte sono circa 3200 e sono state programmate in modo intelligente per azzerarne i consumi nelle ore in cui non vengono utilizzate. Le regole di \u201cpower management\u201d si applicano sia nell\u2019orario lavorativo, sia in quello notturno, secondo modalit\u00e0 volte a massimizzare il risparmio energetico.<\/p>\n<p><strong>Aggiornamento sistemi di illuminazione<\/strong><\/p>\n<p>Si \u00e8 agito su\u00a0<strong>tre fronti<\/strong>:\u00a0<strong>sostituzione delle lampadine<\/strong>,\u00a0<strong>rimodulazione degli orari<\/strong>\u00a0di illuminazione delle parti comuni e\u00a0<strong>installazione di rilevatori di movimento<\/strong>\u00a0per evitare sprechi.<\/p>\n<p><strong>Lampade<\/strong>\u00a0\u2013 Dagli ultimi anni si sta procedendo al progressivo inserimento, nelle principali aree della Farnesina, di lampade a basso consumo. A tal riguardo \u00e8 in corso di svolgimento una gara di appalto che prevede la completa sostituzione dei sistemi di illuminazione presenti in tutte stanze del Palazzo (oltre 1700), con inserimento di elementi led a basso consumo. Tali interventi conseguiranno una significativa riduzione dei consumi elettrici e relativa spesa economica. A titolo di esempio sulla base di una rilevazione relativa alla sola illuminazione dell\u2019ingresso centrale del Ministero, i consumi annui sono stati abbattuti circa del 75%, passando da 31.000 a 8.000 Kwh, con un conseguente risparmio annuo di oltre 15.000 euro.<br \/>\n<strong>Rimodulazione orari illuminazione\u00a0<\/strong>\u2013 Da ormai un decennio la Farnesina persegue una graduale rimodulazione degli orari di accensione e spegnimento dell\u2019illuminazione nelle parti comuni. Il nuovo regime energetico ha portato un notevole risparmio di energia elettrica.<\/p>\n<p><strong>Installazione rilevatori presenza<\/strong>\u00a0\u2013 \u00c8 stata completata l\u2019installazione di rilevatori di movimento nei locali servizi della Farnesina con eliminazione degli sprechi nelle ore diurne e notturne.<\/p>\n<p>Inoltre, sul tetto della Farnesina sono installati\u00a0<strong>pannelli solari<\/strong>\u00a0fotovoltaici.<\/p>\n<p><strong>Raccolta differenziata<\/strong><\/p>\n<p>Presso la sede centrale viene curata la raccolta differenziata per carta, plastica ed altri materiali. Progressivamente la raccolta differenziata viene adottata anche dalle Sedi all\u2019estero, pur con tempi diversi secondo le caratteristiche dei Paesi di accreditamento..<\/p>\n<p>All\u2019interno della mensa MAECI tutto il materiale di ritorno proveniente dall\u2019attivit\u00e0 di produzione viene classificato secondo la tipologia di scarto ed avviato al circuito di raccolta differenziata comunale. Un particolare trattamento viene riservato allo smaltimento degli oli alimentari esausti, che vengono trattati con l\u2019ausilio di ditte specializzate e con una modalit\u00e0 diversa, in quanto classificati come rifiuti speciali.<\/p>\n<p><strong>Mensa eco-responsabile<\/strong><\/p>\n<p>L\u2019attuale contratto con la societ\u00e0 che gestisce il servizio mensa prevede che il\u00a0<strong>20-30% degli acquisti avvenga a livello locale<\/strong>\u00a0privilegiando cos\u00ec i\u00a0<strong>prodotti a km zero<\/strong>. L\u2019installazione di erogatori di bevande e l\u2019introduzione del divieto di utilizzo di stoviglie usa e getta ha reso possibile una sensibile riduzione\u00a0<strong>dell\u2019uso della plastica<\/strong>: non pi\u00f9 bottiglie in PVC e piatti e posate monouso, ma bicchieri di materiale riciclabile, vasellame in coccio e posate in metallo<\/p>\n<p>Sono stati\u00a0<strong>sostituiti i gruppi frigo<\/strong>\u00a0con modelli di nuova generazione con gas refrigerante HFC, senza cloro in aderenza agli standard ambientali internazionali per la riduzione delle principali sostanze che possono avere ricadute in termini di \u201ceffetto serra\u201d. L\u2019impegno della societ\u00e0 che gestisce il servizio mensa ad utilizzare, per il trasporto delle derrate, mezzi a basso impatto ambientale contribuisce alla riduzione dell\u2019inquinamento atmosferico.<\/p>\n<p><strong>Iniziative di mobilit\u00e0 sostenibile<\/strong><\/p>\n<p>La Farnesina organizza dal 2019\u00a0<strong>\u201cGiornate della mobilit\u00e0 sostenibile\u201d<\/strong>. Nel corso di tali eventi, dedicati al personale ed a ospiti esterni vengonopresentate le iniziative intraprese dal Ministero per incentivare forme di mobilit\u00e0 sostenibile, attraverso l\u2019implementazione di azioni che incoraggino il personale ad utilizzare sistemi integrati di mobilit\u00e0 per il raggiungimento del posto di lavoro. In particolare, \u00e8 stato lanciato il progetto\u00a0<strong>\u201cBike-bike to work\u201d<\/strong>\u00a0attraverso cui il Ministero ha messo a disposizione del personale, che intende utilizzare la forma di trasporto integrato \u00abmezzi pubblici-bicicletta\u00bb, uno spogliatoio, in cui all\u2019arrivo, \u00e8 possibile cambiarsi prima di recarsi nel proprio in ufficio Inoltre \u00e8 stato messa a disposizione del personale una nuova rastrelliera biciclette che si aggiunge a quelle gi\u00e0 presenti nel piazzale antistante il Ministero..<\/p>\n<p>Il progetto \u201cBike-bike to work\u201d \u2013 premiato nel corso dell\u2019edizione 2019 del Forum PA, nella sezione \u00abPA Sostenibile 2019\u00bb \u2013 \u00e8 stato individuato da altre Amministrazioni pubbliche come best practice da prendere come esempio.<\/p>\n<p>Al fine di incentivare l\u2019utilizzo di forme ecosostenibili di mobilit\u00e0, sono state sottoscritte numerose convenzioni dedicate al personale della Farnesina con gestori di\u00a0<strong>car sharing elettrico, bike sharing, utilizzo di monopattini elettrici<\/strong>\u00a0presenti sul territorio cittadino. Inoltre, agli inizi del 2022 \u00e8 stata stipulata una convenzione con un distributore che fornisce il\u00a0<strong>servizio di ricarica dell\u2019auto elettrica<\/strong>\u00a0tramite l\u2019utilizzo di van che raggiungono facilmente il veicolo da alimentare.<\/p>\n<p>Nel luglio 2022 si \u00e8 svolta una\u00a0<strong>seconda giornata per la mobilit\u00e0<\/strong>\u00a0con l\u2019inaugurazione di nuove colonnine per le ricariche elettriche per le autovetture di servizio e la presentazione del sopra indicato servizio di ricarica mobile a favore di tutto il personale.<\/p>\n<p>Il Mobility Manager del Ministero partecipa al tavolo sulla mobilit\u00e0 organizzato dal Comune di Roma capitale con l\u2019obiettivo di raccogliere le esigenze e le idee degli enti pubblici e privati di Roma al fine di adattare il sistema dei trasporti pubblici alle esigenze del personale e di migliorare il sistema di piste ciclabili utilizzabili per raggiungere il Palazzo.<\/p>\n<p><strong>Sostituzione del parco auto con modelli a basso consumo<\/strong><\/p>\n<p>Oltre alle misure di\u00a0<strong>razionalizzazione dell\u2019uso delle autovetture<\/strong>\u00a0di servizio, sono stati progressivamente sostituiti gli autoveicoli in dotazione con\u00a0<strong>modelli a minore consumo<\/strong>\u00a0energetico, ed in particolare basse cilindrate con alimentazione ibrida.<\/p>\n<p>Inoltre, \u00e8 stata installata, nel parcheggio interno del Ministero, una\u00a0<strong>palina<\/strong>\u00a0per la ricarica\u00a0<strong>dell\u2019auto elettrica<\/strong>\u00a0del Corpo dei Carabinieri.<\/p>\n<p><strong>Forniture eco-responsabili<\/strong><\/p>\n<p>La Farnesina\u00a0ha da tempo indirizzato i propri acquisti di beni strumentali verso prodotti con\u00a0<strong>certificazione \u201cEMAS\u201d<\/strong>\u00a0(<em>Eco-Management and Audit Scheme<\/em>), che offre maggiori garanzie di sostenibilit\u00e0 ambientale del processo produttivo. Questo certificato \u00e8\u00a0 richiesto anche alla mensa per garantire il massimo standard ambientale nella\u00a0\u00a0gestione\u00a0del servizio.<\/p>\n<p><strong>Dismissione vecchi computer<\/strong><br \/>\nNel quadro di quanto previsto dalla normativa vigente sulla gestione dei beni mobili di propriet\u00e0 dello Stato, il Ministero privilegia un approccio volto a consentire il riutilizzo dei vecchi computer per altre attivit\u00e0 di pubblica utilit\u00e0, nonch\u00e9 una maggiore salvaguardia dell\u2019ambiente ed una pi\u00f9 efficace gestione delle risorse pubbliche, optando per il mero smaltimento solo in via residuale e se effettivamente necessario.<br \/>\nIn particolare, i PC ancora funzionanti ma non pi\u00f9 utilizzabili per le esigenze operative dell\u2019Amministrazione centrale e della Rete estera \u2013 dopo la pubblicazione di un apposito Avviso pubblico e la valutazione delle richieste pervenute \u2013 vengono ceduti a titolo gratuito ad Enti ed Organismi pubblici o di pubblica utilit\u00e0 (Croce Rossa Italiana; Organismi di volontariato di protezione civile iscritti negli appositi registri operanti in Italia ed all\u2019estero per scopi umanitari; Istituzioni scolastiche; altre Pubbliche Amministrazioni ed Enti Pubblici; Enti no profit; altri Enti ed Organismi la cui attivit\u00e0 assume le caratteristiche di pubblica utilit\u00e0.<\/p>\n<p><strong>Good Habits (GH)<\/strong><\/p>\n<p>\u00c8 un\u2019iniziativa lanciata per incentivare comportamenti virtuosi e consapevoli nel consumo dell\u2019acqua, dell\u2019energia e nella salute. In particolare, si \u00e8 voluta promuovere l\u2019abitudine di fare le scale: un piccolo gesto, ma che se ripetuto quotidianamente pu\u00f2 favorire un sensibile miglioramento del proprio stile di vita.<\/p>\n<p>La campagna fa leva su nuovo sistema di segnaletica in luoghi chiave all\u2019interno del palazzo (ascensori, principali percorsi verso la mensa, trombe delle scale, ecc.), che veicola, in modo semplice e diretto, messaggi e \u201cparole chiave\u201d per stimolare l\u2019esercizio fisico. Per incentivare l\u2019uso delle scale, sono state inoltre affisse foto storiche degli angoli pi\u00f9 suggestivi della Farnesina: una passeggiata virtuale attraverso la storia del palazzo.<\/p>\n<p><strong>Il Foro delle Ambasciate Verdi (FOAV)<\/strong><\/p>\n<p>Alle iniziative condotte nell\u2019ambito di Farnesina Verde si affianca l\u2019impegno del MAECI ad animare il Foro delle Ambasciate Verdi, un gruppo che riunisce le\u00a0<strong>Ambasciate straniere accreditate e le Organizzazioni Internazionali<\/strong>\u00a0e impegnate nella promozione di pi\u00f9 elevati standard ambientali. Nel novembre 2021 si \u00e8 realizzato un incontro di informazione, condivisione e contatto che ha visto la partecipazione di numerose Ambasciate accreditate in Italia. L\u2019incontro ha dato modo di confrontarsi con una variegata schiera di partners a livello mondiale riguardo le prassi seguite in tema ambientale, dalla mobilit\u00e0 alternativa ai sistemi di riciclo dei rifiuti, dall\u2019illuminazione a basso consumo ad altre forme di risparmio energetico, fino alla la riduzione del consumo di acqua e dell\u2019uso della plastica.<\/p>\n<p><strong>Premio Farnesina Verde<\/strong><\/p>\n<p>Infine, nel 2022 \u00e8 stato lanciato il\u00a0<strong>\u201cPremio Farnesina Verde\u201d\u00a0<\/strong>indirizzato a tutta la rete estera italiana. Le numerose candidature pervenute manifestano il vivissimo interesse ad allineare la rete estera agli standard ambientali seguiti a Roma. Le Sedi candidate sono chiamate a sviluppare progetti in tre macro-aree: riuso e smaltimento rifiuti; risparmio ed efficientamento energetico e riduzione del consumo di plastica. Sono state presentate 15 candidature dalle Sedi, tra le quali Washington, Parigi, Berlino, Londra e Pechino.<\/p>\n<p>&nbsp;<\/p>\n","protected":false},"excerpt":{"rendered":"Le iniziative di sostenibilit\u00e0 ambientale alla Farnesina La protezione dell\u2019ambiente tramite riduzione degli sprechi, la promozione di condotte virtuose ed ispirate alla sostenibilit\u00e0 investe pienamente le scelte ed i processi di trasformazione della Pubblica Amministrazione. Il Ministero degli Affari Esteri e della Cooperazione Internazionale ha lanciato oltre venti anni fa ed intende sempre pi\u00f9 ampliare [&hellip;]","protected":false},"author":1,"featured_media":0,"parent":155973,"menu_order":1,"comment_status":"closed","ping_status":"closed","template":"","meta":{"footnotes":""},"class_list":["post-29211","page","type-page","status-publish","hentry"],"_links":{"self":[{"href":"https:\/\/www.esteri.it\/it\/wp-json\/wp\/v2\/pages\/29211","targetHints":{"allow":["GET"]}}],"collection":[{"href":"https:\/\/www.esteri.it\/it\/wp-json\/wp\/v2\/pages"}],"about":[{"href":"https:\/\/www.esteri.it\/it\/wp-json\/wp\/v2\/types\/page"}],"author":[{"embeddable":true,"href":"https:\/\/www.esteri.it\/it\/wp-json\/wp\/v2\/users\/1"}],"replies":[{"embeddable":true,"href":"https:\/\/www.esteri.it\/it\/wp-json\/wp\/v2\/comments?post=29211"}],"version-history":[{"count":7,"href":"https:\/\/www.esteri.it\/it\/wp-json\/wp\/v2\/pages\/29211\/revisions"}],"predecessor-version":[{"id":161712,"href":"https:\/\/www.esteri.it\/it\/wp-json\/wp\/v2\/pages\/29211\/revisions\/161712"}],"up":[{"embeddable":true,"href":"https:\/\/www.esteri.it\/it\/wp-json\/wp\/v2\/pages\/155973"}],"wp:attachment":[{"href":"https:\/\/www.esteri.it\/it\/wp-json\/wp\/v2\/media?parent=29211"}],"curies":[{"name":"wp","href":"https:\/\/api.w.org\/{rel}","templated":true}]}}