{"id":29255,"date":"2007-04-19T10:05:24","date_gmt":"2007-04-19T08:05:24","guid":{"rendered":"https:\/\/www.esteri.it\/ministero\/lavora-con-noi\/concorsi-pubblici\/accesso_alle_aree_funzionali\/"},"modified":"2025-11-05T17:27:11","modified_gmt":"2025-11-05T16:27:11","slug":"accesso_alle_aree_funzionali","status":"publish","type":"page","link":"https:\/\/www.esteri.it\/it\/servizi-opportunita\/opportunita\/al-maeci\/accesso_alle_aree_funzionali\/","title":{"rendered":"Accesso alle aree funzionali"},"content":{"rendered":"<p>Il personale di ruolo del Ministero Affari Esteri e della Cooperazione Internazionale, analogamente a quanto previsto per il comparto funzioni centrali, \u00e8 articolato in quattro aree (Area degli operatori; Area degli assistenti; Area dei funzionari; Area delle elevate professionalit\u00e0). All\u2019interno dell\u2019area si ha equivalenza e fungibilit\u00e0 delle mansioni ed esigibilit\u00e0 delle stesse in relazione alle esigenze dell\u2019organizzazione del lavoro. In ciascuna area il personale \u00e8 inquadrato in famiglie professionali. L\u2019attuale sistema di classificazione del personale \u00e8 stato adottato tramite il <a href=\"https:\/\/www.esteri.it\/wp-content\/uploads\/2024\/10\/CONTRATTO_COLLETTIVO_INTEGRATIVO.pdf\">contratto collettivo integrativo siglato nell\u2019ottobre 2024.<\/a><\/p>\n<p>L\u2019accesso all\u2019impiego presso questa Amministrazione \u00e8 disciplinato dalle disposizioni legislative e contrattuali in materia di lavoro alle dipendenze delle Amministrazioni pubbliche. Tali disposizioni prevedono l\u2019assunzione a seguito di procedure di concorso, procedure di mobilit\u00e0 e di allocazione nell\u2019ambito della Pubblica Amministrazione, oppure attraverso altre specifiche forme di reclutamento nei casi tassativamente previsti e tutelati dalla legge. Per i profili per i quali \u00e8 richiesto il solo requisito della scuola dell\u2019obbligo, facendo salvi gli eventuali ulteriori requisiti per specifiche professionalit\u00e0, l\u2019assunzione avviene mediante avviamento numerico degli iscritti nelle liste di collocamento, secondo l\u2019ordine di graduatoria risultante dalle liste delle circoscrizioni per l\u2019impiego territorialmente competenti.<\/p>\n<p>L\u2019assunzione avviene mediante la sottoscrizione del contratto individuale di lavoro al termine delle procedure concorsuali o selettive sopra menzionate, conformi ai seguenti principi:<\/p>\n<ul>\n<li>adeguata pubblicit\u00e0 della selezione (sul sito della Farnesina,\u00a0<a href=\"https:\/\/www.esteri.it\/\">www.esteri.it<\/a>, contestualmente alla pubblicazione sul portale unico del Reclutamento inPA ) e modalit\u00e0 di svolgimento che garantiscano l\u2019imparzialit\u00e0 ed assicurino economicit\u00e0 e celerit\u00e0 di espletamento, ricorrendo, ove sia opportuno, all\u2019ausilio di sistemi automatizzati, diretti anche a realizzare forme di preselezione;<\/li>\n<li>adozione di meccanismi oggettivi e trasparenti, idonei a verificare il possesso dei requisiti attitudinali e professionali richiesti, in relazione alla posizione da ricoprire;<\/li>\n<li>rispetto delle pari opportunit\u00e0 tra lavoratrici e lavoratori;<\/li>\n<li>composizione delle commissioni esclusivamente con esperti di comprovata competenza nelle materie di concorso.<\/li>\n<\/ul>\n<p>Fatti salvi i requisiti richiesti dal CCNL comparto funzioni centrali, per l\u2019accesso alla quasi totalit\u00e0 delle famiglie professionali del Ministero degli Affari Esteri e della Cooperazione Internazionale \u00e8 previsto l\u2019accertamento della conoscenza della lingua inglese e di un\u2019altra lingua straniera a scelta tra quelle indicate nel bando di concorso, oltre all\u2019uso delle apparecchiature e delle applicazioni informatiche pi\u00f9 diffuse.<\/p>\n<p>I titoli di studio previsti sono i seguenti:<\/p>\n<p>\u2013 Area degli operatori: assolvimento dell\u2019obbligo scolastico;<\/p>\n<p>\u2013 Area degli assistenti: scuola secondaria di secondo grado;<\/p>\n<p>\u2013 Area dei funzionari: laurea (triennale o magistrale);<\/p>\n<p>\u2013 Area delle elevate professionalit\u00e0: laurea magistrale accompagnata, di norma, da un periodo pluriennale di esperienza lavorativa in funzioni specialistiche e\/o di responsabilit\u00e0 che possono anche richiedere l\u2019iscrizione ad albi professionali.<\/p>\n<p>Il totale dei dipendenti del Ministero degli Affari Esteri e della Cooperazione Internazionale al 31.12.2024 ammonta a 4.014 unit\u00e0 cos\u00ec ripartite:<\/p>\n<ul>\n<li>carriera diplomatica: 1.086 unit\u00e0.<\/li>\n<li>dirigenti : 38 unit\u00e0 di cui 5 dell\u2019area della promozione culturale.<\/li>\n<li>aree: 2.885 unit\u00e0.<\/li>\n<\/ul>\n","protected":false},"excerpt":{"rendered":"Il personale di ruolo del Ministero Affari Esteri e della Cooperazione Internazionale, analogamente a quanto previsto per il comparto funzioni centrali, \u00e8 articolato in quattro aree (Area degli operatori; Area degli assistenti; Area dei funzionari; Area delle elevate professionalit\u00e0). All\u2019interno dell\u2019area si ha equivalenza e fungibilit\u00e0 delle mansioni ed esigibilit\u00e0 delle stesse in relazione alle [&hellip;]","protected":false},"author":1,"featured_media":0,"parent":29419,"menu_order":3,"comment_status":"closed","ping_status":"closed","template":"","meta":{"footnotes":""},"class_list":["post-29255","page","type-page","status-publish","hentry"],"_links":{"self":[{"href":"https:\/\/www.esteri.it\/it\/wp-json\/wp\/v2\/pages\/29255","targetHints":{"allow":["GET"]}}],"collection":[{"href":"https:\/\/www.esteri.it\/it\/wp-json\/wp\/v2\/pages"}],"about":[{"href":"https:\/\/www.esteri.it\/it\/wp-json\/wp\/v2\/types\/page"}],"author":[{"embeddable":true,"href":"https:\/\/www.esteri.it\/it\/wp-json\/wp\/v2\/users\/1"}],"replies":[{"embeddable":true,"href":"https:\/\/www.esteri.it\/it\/wp-json\/wp\/v2\/comments?post=29255"}],"version-history":[{"count":2,"href":"https:\/\/www.esteri.it\/it\/wp-json\/wp\/v2\/pages\/29255\/revisions"}],"predecessor-version":[{"id":132384,"href":"https:\/\/www.esteri.it\/it\/wp-json\/wp\/v2\/pages\/29255\/revisions\/132384"}],"up":[{"embeddable":true,"href":"https:\/\/www.esteri.it\/it\/wp-json\/wp\/v2\/pages\/29419"}],"wp:attachment":[{"href":"https:\/\/www.esteri.it\/it\/wp-json\/wp\/v2\/media?parent=29255"}],"curies":[{"name":"wp","href":"https:\/\/api.w.org\/{rel}","templated":true}]}}