{"id":29293,"date":"2021-07-05T11:54:15","date_gmt":"2021-07-05T09:54:15","guid":{"rendered":"https:\/\/www.esteri.it\/?page_id=29293"},"modified":"2025-12-03T20:01:49","modified_gmt":"2025-12-03T19:01:49","slug":"figura_del_diplomatico","status":"publish","type":"page","link":"https:\/\/www.esteri.it\/it\/servizi-opportunita\/opportunita\/al-maeci\/carriera_diplom\/figura_del_diplomatico\/","title":{"rendered":"La figura del diplomatico"},"content":{"rendered":"<p>Lo sviluppo dei sistemi di comunicazione e la globalizzazione dei mercati e dell\u2019informazione hanno profondamente modificato le fondamenta su cui poggiano le relazioni fra gli Stati e fra i popoli. Le complesse interconnessioni economiche e commerciali hanno affiancato i pi\u00f9 tradizionali legami politici, amplificando la portata di eventi lontani.<\/p>\n<p>Il diplomatico del XXI secolo ha adattato il proprio ruolo a questo nuovo contesto. Le parole d\u2019ordine oggi sono interdisciplinarit\u00e0, professionalit\u00e0, preparazione e comunicazione.<\/p>\n<p>Le funzioni dei diplomatici rimangono tuttavia ancora le stesse: la prima \u00e8, tradizionalmente, quella di condurre le relazioni internazionali del Paese; la seconda, in continua crescita, \u00e8 quella di fornire servizi ai cittadini italiani e stranieri all\u2019estero.<\/p>\n<p>Nella gestione delle relazioni internazionali, il Ministero degli Affari Esteri contribuisce a individuare e definire l\u2019interesse nazionale, sia esso politico, economico, culturale o sociale, e, tramite le strutture di cui dispone, se ne fa promotore ed esecutore. Nelle sedi all\u2019estero, i funzionari raccolgono informazioni che hanno rilevanza per l\u2019interesse nazionale e le riferiscono alle autorit\u00e0 di governo, fornendo cos\u00ec indispensabili strumenti di analisi per comprendere la realt\u00e0 del paese di accreditamento. Talvolta essi prospettano anche possibili linee di azione e promuovono lo sviluppo di relazioni amichevoli. Questi compiti richiedono oggi un raggio d\u2019azione sempre pi\u00f9 ampio, una profondit\u00e0 di contatti crescente e, soprattutto, tempi di reazione sempre pi\u00f9 rapidi.<\/p>\n<p>Il diplomatico di oggi deve saper leggere il mondo che lo circonda, in continua evoluzione, e cogliere il senso degli avvenimenti. Deve saper affrontare con uguale perizia i temi della politica e dell\u2019economia, i fenomeni socio-culturali, le priorit\u00e0 strategiche, in un continuo esercizio di riflessione, di osservazione attenta e consapevole e d\u2019interpretazione della realt\u00e0. Deve essere un eccellente negoziatore, ma anche un promotore di pace e comprensione tra i popoli.<\/p>\n<p>Un altro aspetto particolarmente significativo \u00e8 la progressiva rilevanza della diplomazia al servizio dei cittadini. La crescente mobilit\u00e0 degli italiani, come turisti o espatriati, l\u2019intensificarsi degli scambi commerciali e degli investimenti all\u2019estero, l\u2019interesse degli stranieri per il nostro Paese incidono sulla struttura e sulle competenze della rete diplomatico-consolare. Gli uffici all\u2019estero sono sempre pi\u00f9 spesso erogatori di servizi nei confronti di un\u2019utenza sempre pi\u00f9 numerosa: tutela dei connazionali, voto all\u2019estero, assistenza alle imprese, rilascio di visti sono solo alcune delle attivit\u00e0 principali.<\/p>\n<p>L\u2019ambasciata e il consolato costituiscono ormai centri attorno ai quali si coagula il Sistema Paese, avanguardie dell\u2019Italia, vetrine dei prodotti delle sue imprese, dell\u2019ingegno dei suoi cittadini e della bellezza delle sue terre. Essi sono anche rappresentanti dei valori di libert\u00e0, uguaglianza e rispetto dei diritti fondamentali e dello stato di diritto che sono alla base della nostra Costituzione e, allo stesso tempo, fornitori di servizi ai cittadini, agli stranieri e alle imprese.<\/p>\n","protected":false},"excerpt":{"rendered":"Lo sviluppo dei sistemi di comunicazione e la globalizzazione dei mercati e dell\u2019informazione hanno profondamente modificato le fondamenta su cui poggiano le relazioni fra gli Stati e fra i popoli. Le complesse interconnessioni economiche e commerciali hanno affiancato i pi\u00f9 tradizionali legami politici, amplificando la portata di eventi lontani. Il diplomatico del XXI secolo ha [&hellip;]","protected":false},"author":1,"featured_media":0,"parent":29259,"menu_order":1,"comment_status":"closed","ping_status":"closed","template":"","meta":{"footnotes":""},"class_list":["post-29293","page","type-page","status-publish","hentry"],"_links":{"self":[{"href":"https:\/\/www.esteri.it\/it\/wp-json\/wp\/v2\/pages\/29293","targetHints":{"allow":["GET"]}}],"collection":[{"href":"https:\/\/www.esteri.it\/it\/wp-json\/wp\/v2\/pages"}],"about":[{"href":"https:\/\/www.esteri.it\/it\/wp-json\/wp\/v2\/types\/page"}],"author":[{"embeddable":true,"href":"https:\/\/www.esteri.it\/it\/wp-json\/wp\/v2\/users\/1"}],"replies":[{"embeddable":true,"href":"https:\/\/www.esteri.it\/it\/wp-json\/wp\/v2\/comments?post=29293"}],"version-history":[{"count":3,"href":"https:\/\/www.esteri.it\/it\/wp-json\/wp\/v2\/pages\/29293\/revisions"}],"predecessor-version":[{"id":162588,"href":"https:\/\/www.esteri.it\/it\/wp-json\/wp\/v2\/pages\/29293\/revisions\/162588"}],"up":[{"embeddable":true,"href":"https:\/\/www.esteri.it\/it\/wp-json\/wp\/v2\/pages\/29259"}],"wp:attachment":[{"href":"https:\/\/www.esteri.it\/it\/wp-json\/wp\/v2\/media?parent=29293"}],"curies":[{"name":"wp","href":"https:\/\/api.w.org\/{rel}","templated":true}]}}