{"id":29318,"date":"2007-04-19T10:06:38","date_gmt":"2007-04-19T08:06:38","guid":{"rendered":"https:\/\/www.esteri.it\/ministero\/lavora-con-noi\/concorsi-pubblici\/carriera_diplom\/concorso_diplomatico\/principali_testi\/"},"modified":"2026-02-23T11:55:53","modified_gmt":"2026-02-23T10:55:53","slug":"principali_testi","status":"publish","type":"page","link":"https:\/\/www.esteri.it\/it\/servizi-opportunita\/opportunita\/al-maeci\/carriera_diplom\/principali_testi\/","title":{"rendered":"Testi consigliati per le prove di esame"},"content":{"rendered":"<p><strong>Testi consigliati per le prove di esame<\/strong><\/p>\n<p>Si indica di seguito una serie di saggi e di testi di carattere generale e\/o particolare per la preparazione delle prove di esame. La lista non \u00e8 assolutamente esaustiva n\u00e9 ricopre carattere di ufficialit\u00e0 di alcun tipo. \u00c8 opportuno essere aggiornati sull\u2019attualit\u00e0 internazionale e sui recenti sviluppi in ciascuna delle materie d\u2019esame.<\/p>\n<p><strong>Storia delle relazioni internazionali a partire dal Congresso di Vienna<\/strong><\/p>\n<ul>\n<li>R. Albrecht-Carri\u00e9 \u2013 Storia diplomatica d\u2019Europa 1815-1968. Laterza<\/li>\n<li>P. Renouvin \u2013 Storia della politica mondiale, vol. V, VI, VII. Vallecchi<\/li>\n<li>E. Di Nolfo \u2013 Storia delle relazioni internazionali. Dal 1918 ai giorni nostri. Laterza<\/li>\n<li>J. B. Duroselle \u2013 Storia diplomatica dal 1919 ai nostri giorni<\/li>\n<li>A. Varsori \u2013 L\u2019Italia nelle relazioni internazionali dal 1943 al 1992. Laterza<\/li>\n<li>L. Saiu \u2013 La politica estera italiana dall\u2019Unit\u00e0 a oggi. Laterza<\/li>\n<li>O. Bari\u00e9 \u2013 Dalla guerra fredda alla grande crisi. Il nuovo mondo delle relazioni internazionali. Il Mulino<\/li>\n<li>G. Formigoni \u2013 Storia della politica internazionale nell\u2019et\u00e0 contemporanea. Il Mulino<\/li>\n<li>G. Formigoni \u2013 Storia essenziale della politica internazionale 1945-2025. Il Mulino<\/li>\n<li>F. Romero \u2013 Storia della guerra fredda. L\u2019ultimo conflitto per l\u2019Europa. Einaudi<\/li>\n<li>A. Varsori \u2013 Storia Internazionale. Dal 1919 a oggi. Il Mulino<\/li>\n<\/ul>\n<p><strong><br \/>\nEconomia politica, politica economica, economia internazionale e finanziaria, commercio internazionale<\/strong><\/p>\n<ul>\n<li>P. Samuelson, W. Nordhaus \u2013 Economia. McGraw-Hill<\/li>\n<li>O. Blanchard \u2013 Macroeconomia. Una prospettiva europea. Il Mulino<\/li>\n<li>M. Burda, C. Wyplosz, L. Carbonari, M. Messori \u2013 Macroeconomia. Un\u2019analisi europea. Egea<\/li>\n<li>C. Imbriani, A. Lopes \u2013 Macroeconomia. Mercati, istituzioni finanziarie e politiche. Utet<\/li>\n<li>P. Krugman, M. Obstfeld, M. Melitz, R. Helg \u2013 Economia internazionale. Hoepli<\/li>\n<li>D. Salvatore \u2013 Economia internazionale. Etas Libri<\/li>\n<li>P. de Grauwe \u2013 Economia dell\u2019Unione monetaria. Il Mulino<\/li>\n<li>M. Di Tommaso et. al. &#8211; Economia e politica industriale. Il Mulino<\/li>\n<\/ul>\n<p><strong>\u00a0<\/strong><\/p>\n<p><strong>Diritto internazionale pubblico e dell\u2019Unione Europea<\/strong><\/p>\n<ul>\n<li>B. Conforti \u2013 M. Iovane \u2013 Diritto internazionale. Editoriale Scientifica<\/li>\n<li>De Sena e Starita &#8211; Corso di diritto internazionale. Il Mulino<\/li>\n<li>E. Cannizzaro \u2013 Diritto internazionale. Giappichelli<\/li>\n<li>G. Palmisano &#8211; Fondamenti di diritto internazionale. Le Monnier<\/li>\n<li>N. Ronzitti \u2013 Diritto internazionale. Giappichelli<\/li>\n<li>A. Tanzi \u2013 Introduzione al diritto internazionale contemporaneo. Cedam<\/li>\n<li>D. Carreau, F. Marrella \u2013 Diritto internazionale. Giuffr\u00e9 Editore<\/li>\n<li>S. Marchisio \u2013 L\u2019ONU. Il diritto delle Nazioni Unite. Il Mulino<\/li>\n<li>B. Conforti, C. Focarelli \u2013 Le Nazioni Unite. Cedam<\/li>\n<li>G. Tesauro \u2013 Diritto dell\u2019Unione Europea. Cedam<\/li>\n<li>L. Daniele \u2013 Diritto dell\u2019Unione Europea. Giuffr\u00e9<\/li>\n<li>U. Villani \u2013 Istituzioni di diritto dell\u2019Unione Europea. Cacucci<\/li>\n<li>R. Adam, A. Tizzano \u2013 Manuale di diritto dell\u2019Unione Europea. Giappichelli<\/li>\n<li>G. Strozzi, R. Mastroianni \u2013 Diritto dell\u2019Unione Europea. Giappichelli<\/li>\n<li>A. Del Vecchio \u2013 Diritto delle organizzazioni internazionali. Edizioni Scientifiche Italiane<\/li>\n<li>C. Zangh\u00ec \u2013 Diritto delle organizzazioni internazionali. Giappichelli<\/li>\n<li>U. Draetta \u2013 Principi di diritto delle organizzazioni internazionali. Giuffr\u00e8<\/li>\n<li>U. Draetta, M. Fumagalli Meraviglia \u2013 Il diritto delle organizzazioni internazionali. Parte speciale. Giuffr\u00e8<\/li>\n<li>N. Ronzitti \u2013 Diritto internazionale dei conflitti armati. Giappichelli<\/li>\n<li>C. Zangh\u00ec \u2013 La protezione internazionale dei diritti dell\u2019uomo. Giappichelli<\/li>\n<li>A. Marchesi \u2013 La protezione internazionale dei diritti umani. Nazioni Unite e organizzazioni regionali. Franco Angeli<\/li>\n<li>M. Evans and others &#8211; International Law. Oxford University Press<\/li>\n<li>G. Hern\u00e1ndez &#8211; International Law. Oxford University Press<\/li>\n<li>W. A. Schabas \u2013 International criminal law. Cambridge University Press<\/li>\n<\/ul>\n","protected":false},"excerpt":{"rendered":"Testi consigliati per le prove di esame Si indica di seguito una serie di saggi e di testi di carattere generale e\/o particolare per la preparazione delle prove di esame. La lista non \u00e8 assolutamente esaustiva n\u00e9 ricopre carattere di ufficialit\u00e0 di alcun tipo. \u00c8 opportuno essere aggiornati sull\u2019attualit\u00e0 internazionale e sui recenti sviluppi in [&hellip;]","protected":false},"author":1,"featured_media":0,"parent":29259,"menu_order":0,"comment_status":"closed","ping_status":"closed","template":"","meta":{"footnotes":""},"class_list":["post-29318","page","type-page","status-publish","hentry"],"_links":{"self":[{"href":"https:\/\/www.esteri.it\/it\/wp-json\/wp\/v2\/pages\/29318","targetHints":{"allow":["GET"]}}],"collection":[{"href":"https:\/\/www.esteri.it\/it\/wp-json\/wp\/v2\/pages"}],"about":[{"href":"https:\/\/www.esteri.it\/it\/wp-json\/wp\/v2\/types\/page"}],"author":[{"embeddable":true,"href":"https:\/\/www.esteri.it\/it\/wp-json\/wp\/v2\/users\/1"}],"replies":[{"embeddable":true,"href":"https:\/\/www.esteri.it\/it\/wp-json\/wp\/v2\/comments?post=29318"}],"version-history":[{"count":2,"href":"https:\/\/www.esteri.it\/it\/wp-json\/wp\/v2\/pages\/29318\/revisions"}],"predecessor-version":[{"id":176658,"href":"https:\/\/www.esteri.it\/it\/wp-json\/wp\/v2\/pages\/29318\/revisions\/176658"}],"up":[{"embeddable":true,"href":"https:\/\/www.esteri.it\/it\/wp-json\/wp\/v2\/pages\/29259"}],"wp:attachment":[{"href":"https:\/\/www.esteri.it\/it\/wp-json\/wp\/v2\/media?parent=29318"}],"curies":[{"name":"wp","href":"https:\/\/api.w.org\/{rel}","templated":true}]}}