{"id":29371,"date":"2021-07-05T12:48:19","date_gmt":"2021-07-05T10:48:19","guid":{"rendered":"https:\/\/www.esteri.it\/?page_id=29371"},"modified":"2021-09-02T11:37:52","modified_gmt":"2021-09-02T09:37:52","slug":"interviste","status":"publish","type":"page","link":"https:\/\/www.esteri.it\/it\/ministro\/comunicazione\/interviste\/","title":{"rendered":"Interviste e Articoli del Ministro"},"content":{"rendered":"\n\t\t<div class=\"row\">\n\t\t\t<!-- Ricerca bandi end -->\n\t\t\t<div class=\"col-12 mt-4\">\n\t\t\t  <div class=\"callout callout-highlight note ricerca-esteri p-4\">\n\t\t\t\t<div class=\"callout-title\">\n\t\t\t\t\t<svg class=\"icon\">\n\t\t\t\t\t\t<use xlink:href=\"https:\/\/www.esteri.it\/wp-content\/themes\/mae\/assets\/svg\/sprite.svg#it-search\"><\/use>\n\t\t\t\t\t  <\/svg>Inserisci i parametri di ricerca\n\t\t\t\t  <\/div>\n\t\t\t\t<form name=\"form-bandi-end\" class=\"form-row align-items-center\" action=\"https:\/\/www.esteri.it\/it\/wp-json\/wp\/v2\/pages\/29371\/\" method=\"GET\"> \n\t\t\t\t\t<div class=\"row pt-2\">\n\t\t\t\t\t\t<input type=\"hidden\" id=\"lang\" name=\"lang\" value=\"it\"> \n    <div class=\"form-group col-md-6\">\n        <label class=\"active\" id=\"searchTextLabel\" for=\"searchText\">Ricerca per nome<\/label>\n        <input type=\"text\" class=\"form-control\" id=\"searchText\" name=\"text\" >\n    <\/div>\n    \n     <div class=\" form-group col-md-3\">\n     <div class=\"select-wrapper\">\n       <label>Anno<\/label> \n       <select name=\"anno_pub\">\n       <option value=\"\">Nessuna Selezione<\/option>\n         <option value=\"2026\">2026<\/option><option value=\"2025\">2025<\/option><option value=\"2024\">2024<\/option><option value=\"2023\">2023<\/option><option value=\"2022\">2022<\/option><option value=\"2021\">2021<\/option><option value=\"2020\">2020<\/option><option value=\"2019\">2019<\/option><option value=\"2018\">2018<\/option><option value=\"2017\">2017<\/option><option value=\"2016\">2016<\/option>\n       <\/select>\n     <\/div>\n   <\/div>\n        <div class=\" form-group col-md-3\">\n            <div class=\"select-wrapper\">\n            <label>Mese<\/label>\n            <select name=\"mese_pub\">\n         <option value=\"\" selected>Tutti i mesi<\/option><option value=\"1\">Gennaio<\/option><option value=\"2\">Febbraio<\/option><option value=\"3\">Marzo<\/option><option value=\"4\">Aprile<\/option><option value=\"5\">Maggio<\/option><option value=\"6\">Giugno<\/option><option value=\"7\">Luglio<\/option><option value=\"8\">Agosto<\/option><option value=\"9\">Settembre<\/option><option value=\"10\">Ottobre<\/option><option value=\"11\">Novembre<\/option><option value=\"12\">Dicembre<\/option>\n       <\/select>\n     <\/div>\n   <\/div><\/div><div class=\"form-group col-md-12 pt-2 text-end\">\n\t\t\t\t\t\t<a href=\"https:\/\/www.esteri.it\/it\/wp-json\/wp\/v2\/pages\/29371\/\" class=\"btn btn-outline-primary btn-xs\">Reset<\/a>\n\t\t\t\t\t<button type=\"submit\" class=\"btn btn-primary btn-xs\">Mostra risultati<\/button>\n\t\t\t\t\t<\/div>\n\t\t\t\t<\/form>\n\t\t\t\t<\/div>\n\t\t\t<\/div>\n\t\t<\/div><div class=\"row\">\n\t\t<div class=\"col-12 mt-3\">\n\t\t<!--start card-->\n\t\t<div class=\"card-wrapper\">\n\t\t  <div class=\"card card-bg card-big border-bottom-card\">\n\t\t\t<div class=\"card-body\">\n\t\t\t  <div class=\"category-top\">\n\t\t\t\t<span class=\"category\">\n\t\t\t\t  <svg class=\"icon icon-secondary\">\n\t\t\t\t\t<use xlink:href=\"https:\/\/www.esteri.it\/wp-content\/themes\/mae\/assets\/svg\/sprite.svg#it-calendar\"><\/use>\n\t\t\t\t  <\/svg>\n\t\t\t\t<\/span>\n\t\t\t\t<span class=\"data\">18 Aprile 2026<\/span>\n\t\t\t  <\/div>\n\t\t\t  <h5 class=\"card-title big-heading text-uppercase\"><a class=\"text-body text-decoration-none\" href=\"https:\/\/www.esteri.it\/it\/sala_stampa\/archivionotizie\/interviste\/2026\/04\/tajani-va-rilanciato-il-partenariato-strategico-tra-imprese-di-italia-e-cina-siglato-un-piano-dazione-per-il-made-in-italy-in-china-il-sole-24-ore\/\" title=\"Tajani: va rilanciato il partenariato strategico tra imprese di Italia e Cina. Siglato un piano d&#8217;azione per il Made in Italy in China (Il Sole 24 Ore)\">Tajani: va rilanciato il partenariato strategico tra imprese di Italia e Cina. Siglato un piano d&#8217;azione per il Made in Italy in China (Il Sole 24 Ore)<\/a><\/h5>\n\t\t\t  <p class=\"card-text\">Ministro Antonio Tajani, lei sta concludendo una missione in Cina dedicata al commercio e alla cooperazione economica. \u00c8 arrivato a Pechino in un momento molto delicato, a partire dalla guerra in Iran. \u00abSono venuto in Cina perch\u00e9 \u00e8 imprescindibile esserci: la Cina \u00e8 un gigante economico con cui l&#8217;Italia, paese esportatore, vuole mantenere canali aperti [&hellip;]<\/p>\n\t\t\t  <a title=\"Tajani: va rilanciato il partenariato strategico tra imprese di Italia e Cina. Siglato un piano d&#8217;azione per il Made in Italy in China (Il Sole 24 Ore)\" class=\"read-more\" href=\"https:\/\/www.esteri.it\/it\/sala_stampa\/archivionotizie\/interviste\/2026\/04\/tajani-va-rilanciato-il-partenariato-strategico-tra-imprese-di-italia-e-cina-siglato-un-piano-dazione-per-il-made-in-italy-in-china-il-sole-24-ore\/\">\n\t\t\t\t<span class=\"text\">Leggi di pi\u00f9<\/span>\n\t\t\t\t<svg class=\"icon\">\n\t\t\t\t  <use xlink:href=\"https:\/\/www.esteri.it\/wp-content\/themes\/mae\/assets\/svg\/sprite.svg#it-arrow-right\"><\/use>\n\t\t\t\t<\/svg>\n\t\t\t  <\/a>\n\t\t\t<\/div>\n\t\t  <\/div>\n\t\t<\/div>\n\t\t<!--end card-->\n\t\t<\/div><!-- col-12 .mt-3-->\n\t\t\n\t\t<div class=\"col-12 mt-3\">\n\t\t<!--start card-->\n\t\t<div class=\"card-wrapper\">\n\t\t  <div class=\"card card-bg card-big border-bottom-card\">\n\t\t\t<div class=\"card-body\">\n\t\t\t  <div class=\"category-top\">\n\t\t\t\t<span class=\"category\">\n\t\t\t\t  <svg class=\"icon icon-secondary\">\n\t\t\t\t\t<use xlink:href=\"https:\/\/www.esteri.it\/wp-content\/themes\/mae\/assets\/svg\/sprite.svg#it-calendar\"><\/use>\n\t\t\t\t  <\/svg>\n\t\t\t\t<\/span>\n\t\t\t\t<span class=\"data\">17 Aprile 2026<\/span>\n\t\t\t  <\/div>\n\t\t\t  <h5 class=\"card-title big-heading text-uppercase\"><a class=\"text-body text-decoration-none\" href=\"https:\/\/www.esteri.it\/it\/sala_stampa\/archivionotizie\/interviste\/2026\/04\/stabilita-globale-ed-export-la-strategia-italiana-nelle-relazioni-con-la-cina-china-daily\/\" title=\"Stabilit\u00e0 globale ed export: la strategia italiana nelle relazioni con la Cina (China Daily)\">Stabilit\u00e0 globale ed export: la strategia italiana nelle relazioni con la Cina (China Daily)<\/a><\/h5>\n\t\t\t  <p class=\"card-text\">Traduzione di cortesia. Per l&#8217;originale in lingua inglese clicca qui. &nbsp; &nbsp; L\u2019azione internazionale dell\u2019Italia si fonda su un principio chiaro: la stabilit\u00e0 e la crescita globali si costruiscono attraverso il dialogo, il rispetto reciproco e la cooperazione concreta tra gli Stati. \u00c8 in questo quadro che si svolge la mia terza visita in Cina [&hellip;]<\/p>\n\t\t\t  <a title=\"Stabilit\u00e0 globale ed export: la strategia italiana nelle relazioni con la Cina (China Daily)\" class=\"read-more\" href=\"https:\/\/www.esteri.it\/it\/sala_stampa\/archivionotizie\/interviste\/2026\/04\/stabilita-globale-ed-export-la-strategia-italiana-nelle-relazioni-con-la-cina-china-daily\/\">\n\t\t\t\t<span class=\"text\">Leggi di pi\u00f9<\/span>\n\t\t\t\t<svg class=\"icon\">\n\t\t\t\t  <use xlink:href=\"https:\/\/www.esteri.it\/wp-content\/themes\/mae\/assets\/svg\/sprite.svg#it-arrow-right\"><\/use>\n\t\t\t\t<\/svg>\n\t\t\t  <\/a>\n\t\t\t<\/div>\n\t\t  <\/div>\n\t\t<\/div>\n\t\t<!--end card-->\n\t\t<\/div><!-- col-12 .mt-3-->\n\t\t\n\t\t<div class=\"col-12 mt-3\">\n\t\t<!--start card-->\n\t\t<div class=\"card-wrapper\">\n\t\t  <div class=\"card card-bg card-big border-bottom-card\">\n\t\t\t<div class=\"card-body\">\n\t\t\t  <div class=\"category-top\">\n\t\t\t\t<span class=\"category\">\n\t\t\t\t  <svg class=\"icon icon-secondary\">\n\t\t\t\t\t<use xlink:href=\"https:\/\/www.esteri.it\/wp-content\/themes\/mae\/assets\/svg\/sprite.svg#it-calendar\"><\/use>\n\t\t\t\t  <\/svg>\n\t\t\t\t<\/span>\n\t\t\t\t<span class=\"data\">17 Aprile 2026<\/span>\n\t\t\t  <\/div>\n\t\t\t  <h5 class=\"card-title big-heading text-uppercase\"><a class=\"text-body text-decoration-none\" href=\"https:\/\/www.esteri.it\/it\/sala_stampa\/archivionotizie\/interviste\/2026\/04\/la-guerra-in-iran-ha-un-prezzo-alto-ora-xi-spinga-putin-ad-accettare-la-pace-il-giornale\/\" title=\"\u00abLa guerra in Iran? Ha un prezzo alto. Ora Xi spinga Putin ad accettare la pace\u00bb (Il Giornale)\">\u00abLa guerra in Iran? Ha un prezzo alto. Ora Xi spinga Putin ad accettare la pace\u00bb (Il Giornale)<\/a><\/h5>\n\t\t\t  <p class=\"card-text\">Sei ore in avanti, le risposte al Giornale del\u00a0ministro degli Esteri\u00a0e vicepremier,\u00a0Antonio\u00a0Tajani, arrivano dopo la mezzanotte di Pechino. Da ieri \u00e8 in viaggio in Cina. Ha parlato di Hormuz e Iran? \u00abCertamente, abbiamo parlato soprattutto di Iran, di Hormuz, di Ucraina ma anche di Libano. Per mettere fine a queste guerre bisogna innanzitutto consolidare delle [&hellip;]<\/p>\n\t\t\t  <a title=\"\u00abLa guerra in Iran? Ha un prezzo alto. Ora Xi spinga Putin ad accettare la pace\u00bb (Il Giornale)\" class=\"read-more\" href=\"https:\/\/www.esteri.it\/it\/sala_stampa\/archivionotizie\/interviste\/2026\/04\/la-guerra-in-iran-ha-un-prezzo-alto-ora-xi-spinga-putin-ad-accettare-la-pace-il-giornale\/\">\n\t\t\t\t<span class=\"text\">Leggi di pi\u00f9<\/span>\n\t\t\t\t<svg class=\"icon\">\n\t\t\t\t  <use xlink:href=\"https:\/\/www.esteri.it\/wp-content\/themes\/mae\/assets\/svg\/sprite.svg#it-arrow-right\"><\/use>\n\t\t\t\t<\/svg>\n\t\t\t  <\/a>\n\t\t\t<\/div>\n\t\t  <\/div>\n\t\t<\/div>\n\t\t<!--end card-->\n\t\t<\/div><!-- col-12 .mt-3-->\n\t\t\n\t\t<div class=\"col-12 mt-3\">\n\t\t<!--start card-->\n\t\t<div class=\"card-wrapper\">\n\t\t  <div class=\"card card-bg card-big border-bottom-card\">\n\t\t\t<div class=\"card-body\">\n\t\t\t  <div class=\"category-top\">\n\t\t\t\t<span class=\"category\">\n\t\t\t\t  <svg class=\"icon icon-secondary\">\n\t\t\t\t\t<use xlink:href=\"https:\/\/www.esteri.it\/wp-content\/themes\/mae\/assets\/svg\/sprite.svg#it-calendar\"><\/use>\n\t\t\t\t  <\/svg>\n\t\t\t\t<\/span>\n\t\t\t\t<span class=\"data\">16 Aprile 2026<\/span>\n\t\t\t  <\/div>\n\t\t\t  <h5 class=\"card-title big-heading text-uppercase\"><a class=\"text-body text-decoration-none\" href=\"https:\/\/www.esteri.it\/it\/sala_stampa\/archivionotizie\/interviste\/2026\/04\/antonio-tajani-noi-alleati-degli-usa-ma-linteresse-nazionale-va-difeso-con-dignita-il-messaggero-il-mattino-il-gazzettino\/\" title=\"Antonio Tajani: \u00abNoi alleati degli Usa ma l&#8217;interesse nazionale va difeso con dignit\u00e0\u00bb (Il Messaggero\/Il Mattino\/Il Gazzettino)\">Antonio Tajani: \u00abNoi alleati degli Usa ma l&#8217;interesse nazionale va difeso con dignit\u00e0\u00bb (Il Messaggero\/Il Mattino\/Il Gazzettino)<\/a><\/h5>\n\t\t\t  <p class=\"card-text\">Antonio Tajani \u00e8 in partenza perla Cina. Missione importante, fino al 18 aprile. Con tappe a Pechino e a Shanghai, incontri istituzionali con le autorit\u00e0 cinesi e iniziative di promozione economica e culturale. Vedr\u00e0 ministri, parler\u00e0 con loro e con gli altri interlocutori della guerra in Medio Oriente e dei possibili sbocchi di pace, di [&hellip;]<\/p>\n\t\t\t  <a title=\"Antonio Tajani: \u00abNoi alleati degli Usa ma l&#8217;interesse nazionale va difeso con dignit\u00e0\u00bb (Il Messaggero\/Il Mattino\/Il Gazzettino)\" class=\"read-more\" href=\"https:\/\/www.esteri.it\/it\/sala_stampa\/archivionotizie\/interviste\/2026\/04\/antonio-tajani-noi-alleati-degli-usa-ma-linteresse-nazionale-va-difeso-con-dignita-il-messaggero-il-mattino-il-gazzettino\/\">\n\t\t\t\t<span class=\"text\">Leggi di pi\u00f9<\/span>\n\t\t\t\t<svg class=\"icon\">\n\t\t\t\t  <use xlink:href=\"https:\/\/www.esteri.it\/wp-content\/themes\/mae\/assets\/svg\/sprite.svg#it-arrow-right\"><\/use>\n\t\t\t\t<\/svg>\n\t\t\t  <\/a>\n\t\t\t<\/div>\n\t\t  <\/div>\n\t\t<\/div>\n\t\t<!--end card-->\n\t\t<\/div><!-- col-12 .mt-3-->\n\t\t\n\t\t<div class=\"col-12 mt-3\">\n\t\t<!--start card-->\n\t\t<div class=\"card-wrapper\">\n\t\t  <div class=\"card card-bg card-big border-bottom-card\">\n\t\t\t<div class=\"card-body\">\n\t\t\t  <div class=\"category-top\">\n\t\t\t\t<span class=\"category\">\n\t\t\t\t  <svg class=\"icon icon-secondary\">\n\t\t\t\t\t<use xlink:href=\"https:\/\/www.esteri.it\/wp-content\/themes\/mae\/assets\/svg\/sprite.svg#it-calendar\"><\/use>\n\t\t\t\t  <\/svg>\n\t\t\t\t<\/span>\n\t\t\t\t<span class=\"data\">16 Aprile 2026<\/span>\n\t\t\t  <\/div>\n\t\t\t  <h5 class=\"card-title big-heading text-uppercase\"><a class=\"text-body text-decoration-none\" href=\"https:\/\/www.esteri.it\/it\/sala_stampa\/archivionotizie\/interviste\/2026\/04\/tajani-agli-stati-uniti-lo-spiegheremo-essere-alleati-serve-anche-a-voi-corriere-della-sera\/\" title=\"Tajani: \u00abAgli Stati Uniti lo spiegheremo: essere alleati serve anche a voi\u00bb (Corriere della Sera)\">Tajani: \u00abAgli Stati Uniti lo spiegheremo: essere alleati serve anche a voi\u00bb (Corriere della Sera)<\/a><\/h5>\n\t\t\t  <p class=\"card-text\">Ministro\u00a0Antonio\u00a0Tajani, l&#8217;Italia ha protestato per le parole di Trump sul Papa e lui attacca Giorgia Meloni. E ora che succede? \u00abCon freddezza e convinzione, ripeteremo ai nostri amici americani quello che molti negli Usa sanno gi\u00e0 perfettamente: l&#8217;Italia \u00e8 e vuole rimanere un partner degli Usa. Strategico. Perch\u00e9 \u00e8 nostro interesse politico, economico, culturale, sociale, [&hellip;]<\/p>\n\t\t\t  <a title=\"Tajani: \u00abAgli Stati Uniti lo spiegheremo: essere alleati serve anche a voi\u00bb (Corriere della Sera)\" class=\"read-more\" href=\"https:\/\/www.esteri.it\/it\/sala_stampa\/archivionotizie\/interviste\/2026\/04\/tajani-agli-stati-uniti-lo-spiegheremo-essere-alleati-serve-anche-a-voi-corriere-della-sera\/\">\n\t\t\t\t<span class=\"text\">Leggi di pi\u00f9<\/span>\n\t\t\t\t<svg class=\"icon\">\n\t\t\t\t  <use xlink:href=\"https:\/\/www.esteri.it\/wp-content\/themes\/mae\/assets\/svg\/sprite.svg#it-arrow-right\"><\/use>\n\t\t\t\t<\/svg>\n\t\t\t  <\/a>\n\t\t\t<\/div>\n\t\t  <\/div>\n\t\t<\/div>\n\t\t<!--end card-->\n\t\t<\/div><!-- col-12 .mt-3-->\n\t\t\n\t\t<div class=\"col-12 mt-3\">\n\t\t<!--start card-->\n\t\t<div class=\"card-wrapper\">\n\t\t  <div class=\"card card-bg card-big border-bottom-card\">\n\t\t\t<div class=\"card-body\">\n\t\t\t  <div class=\"category-top\">\n\t\t\t\t<span class=\"category\">\n\t\t\t\t  <svg class=\"icon icon-secondary\">\n\t\t\t\t\t<use xlink:href=\"https:\/\/www.esteri.it\/wp-content\/themes\/mae\/assets\/svg\/sprite.svg#it-calendar\"><\/use>\n\t\t\t\t  <\/svg>\n\t\t\t\t<\/span>\n\t\t\t\t<span class=\"data\">21 Marzo 2026<\/span>\n\t\t\t  <\/div>\n\t\t\t  <h5 class=\"card-title big-heading text-uppercase\"><a class=\"text-body text-decoration-none\" href=\"https:\/\/www.esteri.it\/it\/sala_stampa\/archivionotizie\/interviste\/2026\/03\/tajani-lue-conti-di-piu-laltravoce-il-quotidiano-nazionale\/\" title=\"Tajani: \u00abL&#8217;Ue conti di pi\u00f9\u00bb (L&#8217;Altravoce Il Quotidiano Nazionale)\">Tajani: \u00abL&#8217;Ue conti di pi\u00f9\u00bb (L&#8217;Altravoce Il Quotidiano Nazionale)<\/a><\/h5>\n\t\t\t  <p class=\"card-text\">La crisi mediorientale la conosce da vicino, Antonio Tajani vicepremier, ministro degli Esteri. Tajani ha chiuso la tre giorni di Feuromed sottolineando l&#8217;importanza di un&#8217;Europa unita e forte, capace di difendere i propri interessi e di promuovere la crescita economica. Ministro siamo dentro una fase storica di grande trasformazione, segnata da tensioni e cambiamenti profondi, [&hellip;]<\/p>\n\t\t\t  <a title=\"Tajani: \u00abL&#8217;Ue conti di pi\u00f9\u00bb (L&#8217;Altravoce Il Quotidiano Nazionale)\" class=\"read-more\" href=\"https:\/\/www.esteri.it\/it\/sala_stampa\/archivionotizie\/interviste\/2026\/03\/tajani-lue-conti-di-piu-laltravoce-il-quotidiano-nazionale\/\">\n\t\t\t\t<span class=\"text\">Leggi di pi\u00f9<\/span>\n\t\t\t\t<svg class=\"icon\">\n\t\t\t\t  <use xlink:href=\"https:\/\/www.esteri.it\/wp-content\/themes\/mae\/assets\/svg\/sprite.svg#it-arrow-right\"><\/use>\n\t\t\t\t<\/svg>\n\t\t\t  <\/a>\n\t\t\t<\/div>\n\t\t  <\/div>\n\t\t<\/div>\n\t\t<!--end card-->\n\t\t<\/div><!-- col-12 .mt-3-->\n\t\t\n\t\t<div class=\"col-12 mt-3\">\n\t\t<!--start card-->\n\t\t<div class=\"card-wrapper\">\n\t\t  <div class=\"card card-bg card-big border-bottom-card\">\n\t\t\t<div class=\"card-body\">\n\t\t\t  <div class=\"category-top\">\n\t\t\t\t<span class=\"category\">\n\t\t\t\t  <svg class=\"icon icon-secondary\">\n\t\t\t\t\t<use xlink:href=\"https:\/\/www.esteri.it\/wp-content\/themes\/mae\/assets\/svg\/sprite.svg#it-calendar\"><\/use>\n\t\t\t\t  <\/svg>\n\t\t\t\t<\/span>\n\t\t\t\t<span class=\"data\">18 Marzo 2026<\/span>\n\t\t\t  <\/div>\n\t\t\t  <h5 class=\"card-title big-heading text-uppercase\"><a class=\"text-body text-decoration-none\" href=\"https:\/\/www.esteri.it\/it\/sala_stampa\/archivionotizie\/interviste\/2026\/03\/il-ministro-degli-esteri-italiano-appoggia-i-moderati-e-misurati-emirati-arabi-uniti\/\" title=\"Il Ministro degli Esteri italiano appoggia i &#8220;moderati e misurati&#8221; Emirati Arabi Uniti\">Il Ministro degli Esteri italiano appoggia i &#8220;moderati e misurati&#8221; Emirati Arabi Uniti<\/a><\/h5>\n\t\t\t  <p class=\"card-text\">Traduzione di cortesia. Per la versione originale in lingua inglese clicca qui. &nbsp; Il rifiuto degli Emirati Arabi Uniti di reagire con un\u2019escalation alle settimane di attacchi missilistici iraniani \u00e8 stato accolto positivamente dal Vicepresidente del Consiglio e Ministro degli Affari Esteri e della Cooperazione Internazionale, Antonio Tajani, che in un\u2019intervista a The National ha [&hellip;]<\/p>\n\t\t\t  <a title=\"Il Ministro degli Esteri italiano appoggia i &#8220;moderati e misurati&#8221; Emirati Arabi Uniti\" class=\"read-more\" href=\"https:\/\/www.esteri.it\/it\/sala_stampa\/archivionotizie\/interviste\/2026\/03\/il-ministro-degli-esteri-italiano-appoggia-i-moderati-e-misurati-emirati-arabi-uniti\/\">\n\t\t\t\t<span class=\"text\">Leggi di pi\u00f9<\/span>\n\t\t\t\t<svg class=\"icon\">\n\t\t\t\t  <use xlink:href=\"https:\/\/www.esteri.it\/wp-content\/themes\/mae\/assets\/svg\/sprite.svg#it-arrow-right\"><\/use>\n\t\t\t\t<\/svg>\n\t\t\t  <\/a>\n\t\t\t<\/div>\n\t\t  <\/div>\n\t\t<\/div>\n\t\t<!--end card-->\n\t\t<\/div><!-- col-12 .mt-3-->\n\t\t\n\t\t<div class=\"col-12 mt-3\">\n\t\t<!--start card-->\n\t\t<div class=\"card-wrapper\">\n\t\t  <div class=\"card card-bg card-big border-bottom-card\">\n\t\t\t<div class=\"card-body\">\n\t\t\t  <div class=\"category-top\">\n\t\t\t\t<span class=\"category\">\n\t\t\t\t  <svg class=\"icon icon-secondary\">\n\t\t\t\t\t<use xlink:href=\"https:\/\/www.esteri.it\/wp-content\/themes\/mae\/assets\/svg\/sprite.svg#it-calendar\"><\/use>\n\t\t\t\t  <\/svg>\n\t\t\t\t<\/span>\n\t\t\t\t<span class=\"data\">18 Marzo 2026<\/span>\n\t\t\t  <\/div>\n\t\t\t  <h5 class=\"card-title big-heading text-uppercase\"><a class=\"text-body text-decoration-none\" href=\"https:\/\/www.esteri.it\/it\/sala_stampa\/archivionotizie\/interviste\/2026\/03\/tajani-a-tutto-campo-su-guerra-energia-e-referendum-il-tempo\/\" title=\"\u00abTajani a tutto campo su guerra, energia e referendum\u00bb (Il Tempo)\">\u00abTajani a tutto campo su guerra, energia e referendum\u00bb (Il Tempo)<\/a><\/h5>\n\t\t\t  <p class=\"card-text\">Signor Ministro, non posso esimermi dal partire dal tema che ci preoccupa tutti: la guerra. Ci aiuti a capire dove possiamo andare, dallo scenario pi\u00f9 desiderabile a quello pi\u00f9 sfavorevole. A che punto siamo? Cosa vede? \u00abLo scenario migliore, naturalmente, \u00e8 che la guerra finisca il prima possibile. Perch\u00e9 \u00e8 una guerra che, come tutte, [&hellip;]<\/p>\n\t\t\t  <a title=\"\u00abTajani a tutto campo su guerra, energia e referendum\u00bb (Il Tempo)\" class=\"read-more\" href=\"https:\/\/www.esteri.it\/it\/sala_stampa\/archivionotizie\/interviste\/2026\/03\/tajani-a-tutto-campo-su-guerra-energia-e-referendum-il-tempo\/\">\n\t\t\t\t<span class=\"text\">Leggi di pi\u00f9<\/span>\n\t\t\t\t<svg class=\"icon\">\n\t\t\t\t  <use xlink:href=\"https:\/\/www.esteri.it\/wp-content\/themes\/mae\/assets\/svg\/sprite.svg#it-arrow-right\"><\/use>\n\t\t\t\t<\/svg>\n\t\t\t  <\/a>\n\t\t\t<\/div>\n\t\t  <\/div>\n\t\t<\/div>\n\t\t<!--end card-->\n\t\t<\/div><!-- col-12 .mt-3-->\n\t\t\n\t\t<div class=\"col-12 mt-3\">\n\t\t<!--start card-->\n\t\t<div class=\"card-wrapper\">\n\t\t  <div class=\"card card-bg card-big border-bottom-card\">\n\t\t\t<div class=\"card-body\">\n\t\t\t  <div class=\"category-top\">\n\t\t\t\t<span class=\"category\">\n\t\t\t\t  <svg class=\"icon icon-secondary\">\n\t\t\t\t\t<use xlink:href=\"https:\/\/www.esteri.it\/wp-content\/themes\/mae\/assets\/svg\/sprite.svg#it-calendar\"><\/use>\n\t\t\t\t  <\/svg>\n\t\t\t\t<\/span>\n\t\t\t\t<span class=\"data\">17 Marzo 2026<\/span>\n\t\t\t  <\/div>\n\t\t\t  <h5 class=\"card-title big-heading text-uppercase\"><a class=\"text-body text-decoration-none\" href=\"https:\/\/www.esteri.it\/it\/sala_stampa\/archivionotizie\/interviste\/2026\/03\/antonio-tajani-lalto-adriatico-snodo-strategico-delle-nuove-rotte-il-piccolo\/\" title=\"Antonio Tajani: \u00abL&#8217;Alto Adriatico snodo strategico delle nuove rotte\u00bb (Il Piccolo)\">Antonio Tajani: \u00abL&#8217;Alto Adriatico snodo strategico delle nuove rotte\u00bb (Il Piccolo)<\/a><\/h5>\n\t\t\t  <p class=\"card-text\">Il conflitto in Medio Oriente ha aperto una fase di forte instabilit\u00e0 internazionale. La priorit\u00e0 della Farnesina \u00e8 stata in primo luogo quella di assistere i cittadini italiani coinvolti nella crisi, assicurandoci che potessero far ritorno in Italia in sicurezza. Ma ogni crisi internazionale impone uno sguardo pi\u00f9 ampio sulle sue conseguenze. Accanto alla tragedia [&hellip;]<\/p>\n\t\t\t  <a title=\"Antonio Tajani: \u00abL&#8217;Alto Adriatico snodo strategico delle nuove rotte\u00bb (Il Piccolo)\" class=\"read-more\" href=\"https:\/\/www.esteri.it\/it\/sala_stampa\/archivionotizie\/interviste\/2026\/03\/antonio-tajani-lalto-adriatico-snodo-strategico-delle-nuove-rotte-il-piccolo\/\">\n\t\t\t\t<span class=\"text\">Leggi di pi\u00f9<\/span>\n\t\t\t\t<svg class=\"icon\">\n\t\t\t\t  <use xlink:href=\"https:\/\/www.esteri.it\/wp-content\/themes\/mae\/assets\/svg\/sprite.svg#it-arrow-right\"><\/use>\n\t\t\t\t<\/svg>\n\t\t\t  <\/a>\n\t\t\t<\/div>\n\t\t  <\/div>\n\t\t<\/div>\n\t\t<!--end card-->\n\t\t<\/div><!-- col-12 .mt-3-->\n\t\t\n\t\t<div class=\"col-12 mt-3\">\n\t\t<!--start card-->\n\t\t<div class=\"card-wrapper\">\n\t\t  <div class=\"card card-bg card-big border-bottom-card\">\n\t\t\t<div class=\"card-body\">\n\t\t\t  <div class=\"category-top\">\n\t\t\t\t<span class=\"category\">\n\t\t\t\t  <svg class=\"icon icon-secondary\">\n\t\t\t\t\t<use xlink:href=\"https:\/\/www.esteri.it\/wp-content\/themes\/mae\/assets\/svg\/sprite.svg#it-calendar\"><\/use>\n\t\t\t\t  <\/svg>\n\t\t\t\t<\/span>\n\t\t\t\t<span class=\"data\">14 Marzo 2026<\/span>\n\t\t\t  <\/div>\n\t\t\t  <h5 class=\"card-title big-heading text-uppercase\"><a class=\"text-body text-decoration-none\" href=\"https:\/\/www.esteri.it\/it\/sala_stampa\/archivionotizie\/interviste\/2026\/03\/intervista-ad-antonio-tajani-la-doppia-sfida-di-tajani-vinciamo-il-referendum-e-rilancio-sulla-segreteria-libero\/\" title=\"Intervista ad Antonio Tajani \u2013 La doppia sfida di Tajani: \u00abVinciamo il referendum e rilancio sulla segreteria\u00bb (Libero)\">Intervista ad Antonio Tajani \u2013 La doppia sfida di Tajani: \u00abVinciamo il referendum e rilancio sulla segreteria\u00bb (Libero)<\/a><\/h5>\n\t\t\t  <p class=\"card-text\">Ministro Antonio Tajani, dopo le comunicazioni del premier Meloni in Parlamento e il Consiglio Supremo di Difesa, che cosa cambia? \u00abNoi abbiamo lanciato un messaggio alle opposizioni. Continueremo a informarli, anche se non hanno voluto aprire un tavolo. Abbiamo dato massima disponibilit\u00e0 per coinvolgere tutti sulla politica estera. Questa \u00e8 una situazione che riguarda tutti [&hellip;]<\/p>\n\t\t\t  <a title=\"Intervista ad Antonio Tajani \u2013 La doppia sfida di Tajani: \u00abVinciamo il referendum e rilancio sulla segreteria\u00bb (Libero)\" class=\"read-more\" href=\"https:\/\/www.esteri.it\/it\/sala_stampa\/archivionotizie\/interviste\/2026\/03\/intervista-ad-antonio-tajani-la-doppia-sfida-di-tajani-vinciamo-il-referendum-e-rilancio-sulla-segreteria-libero\/\">\n\t\t\t\t<span class=\"text\">Leggi di pi\u00f9<\/span>\n\t\t\t\t<svg class=\"icon\">\n\t\t\t\t  <use xlink:href=\"https:\/\/www.esteri.it\/wp-content\/themes\/mae\/assets\/svg\/sprite.svg#it-arrow-right\"><\/use>\n\t\t\t\t<\/svg>\n\t\t\t  <\/a>\n\t\t\t<\/div>\n\t\t  <\/div>\n\t\t<\/div>\n\t\t<!--end card-->\n\t\t<\/div><!-- col-12 .mt-3-->\n\t\t<div class=\"col-md-12 mt-4 pb-4\">\n\t  \t\t\t\t<nav class=\"navigation col-md-12\" aria-label=\"Navigation\">\n\t\t\t<h2 class=\"screen-reader-text visually-hidden\">Paginazione<\/h2>\n\t\t\t<div class=\"nav-links\"><span aria-current=\"page\" class=\"page-numbers current\">1<\/span>\n<a class=\"page-numbers\" href=\"https:\/\/www.esteri.it\/it\/wp-json\/wp\/v2\/pages\/29371\/?pag=2\">2<\/a>\n<a class=\"page-numbers\" href=\"https:\/\/www.esteri.it\/it\/wp-json\/wp\/v2\/pages\/29371\/?pag=3\">3<\/a>\n<span class=\"page-numbers dots\">&hellip;<\/span>\n<a class=\"page-numbers\" href=\"https:\/\/www.esteri.it\/it\/wp-json\/wp\/v2\/pages\/29371\/?pag=38\">38<\/a>\n<a class=\"next page-numbers\" href=\"https:\/\/www.esteri.it\/it\/wp-json\/wp\/v2\/pages\/29371\/?pag=2\"><svg class=\"icon icon-primary\"><use xlink:href=\"https:\/\/www.esteri.it\/wp-content\/themes\/mae\/assets\/svg\/sprite.svg#it-chevron-right\"><\/use><\/svg>\n\t\t\t\t\t\t<span class=\"visually-hidden\">Pagina successiva<\/span><\/a><\/div><\/nav><\/div><\/div>\n","protected":false},"excerpt":{"rendered":"","protected":false},"author":1,"featured_media":0,"parent":29361,"menu_order":3,"comment_status":"closed","ping_status":"closed","template":"","meta":{"footnotes":""},"class_list":["post-29371","page","type-page","status-publish","hentry"],"_links":{"self":[{"href":"https:\/\/www.esteri.it\/it\/wp-json\/wp\/v2\/pages\/29371","targetHints":{"allow":["GET"]}}],"collection":[{"href":"https:\/\/www.esteri.it\/it\/wp-json\/wp\/v2\/pages"}],"about":[{"href":"https:\/\/www.esteri.it\/it\/wp-json\/wp\/v2\/types\/page"}],"author":[{"embeddable":true,"href":"https:\/\/www.esteri.it\/it\/wp-json\/wp\/v2\/users\/1"}],"replies":[{"embeddable":true,"href":"https:\/\/www.esteri.it\/it\/wp-json\/wp\/v2\/comments?post=29371"}],"version-history":[{"count":0,"href":"https:\/\/www.esteri.it\/it\/wp-json\/wp\/v2\/pages\/29371\/revisions"}],"up":[{"embeddable":true,"href":"https:\/\/www.esteri.it\/it\/wp-json\/wp\/v2\/pages\/29361"}],"wp:attachment":[{"href":"https:\/\/www.esteri.it\/it\/wp-json\/wp\/v2\/media?parent=29371"}],"curies":[{"name":"wp","href":"https:\/\/api.w.org\/{rel}","templated":true}]}}