{"id":29497,"date":"2021-07-06T11:36:49","date_gmt":"2021-07-06T09:36:49","guid":{"rendered":"https:\/\/www.esteri.it\/?page_id=29497"},"modified":"2025-12-01T18:20:10","modified_gmt":"2025-12-01T17:20:10","slug":"progetti-speciali","status":"publish","type":"page","link":"https:\/\/www.esteri.it\/it\/servizi-opportunita\/opportunita\/borse-di-studio\/per-cittadini-stranieri\/progetti-speciali\/","title":{"rendered":"Progetti Speciali"},"content":{"rendered":"<p><strong>Progetti speciali di borse di studio rivolte a studenti stranieri<\/strong><\/p>\n<p>Il Ministero degli Affari Esteri e della Cooperazione Internazionale conferisce borse di studio a studenti stranieri impegnati in attivit\u00e0 di studio previste da cosiddetti \u201cProgetti Speciali\u201d.<\/p>\n<p>Gli studenti stranieri interessati troveranno all\u2019interno di ciascun bando le informazioni necessarie alla candidatura e le scadenze cui attenersi.<\/p>\n<p>L\u2019accordo che disciplina il \u201cProgetto Speciale\u201d specifico, riflesso nel relativo bando, pu\u00f2 stabilire le modalit\u00e0 di candidatura, la decorrenza e la durata della borsa e altre caratteristiche in modo difforme dalle disposizioni generali per le borse di studio denominate ordinarie, offerte a studenti stranieri e cittadini IRE.<\/p>\n<p>Si fa presente che le borse di studio offerte dal governo italiano <strong><u>non sono cumulabili<\/u><\/strong>, pertanto lo studente che risulti vincitore a due o pi\u00f9 candidature avr\u00e0 la possibilit\u00e0 di sceglierne soltanto una.<\/p>\n<p><strong>Per l\u2019A.A. 2025-2026<\/strong>, i Progetti Speciali definiti da appositi Accordi tra il MAECI e le specifiche Istituzioni formative e\/o da altre fonti normative in vigore sono i seguenti:<\/p>\n<p>&nbsp;<\/p>\n<div class=\"table-responsive\">\n<table class=\"table table-bordered\">\n<thead>\n<tr>\n<td><strong>Progetto Speciale ed Ente partner<\/strong><\/td>\n<td><strong>Numero di borse<\/strong><\/td>\n<td><strong>Paesi interessati<\/strong><\/td>\n<\/tr>\n<\/thead>\n<tbody>\n<tr>\n<td><a href=\"https:\/\/www.esteri.it\/it\/opportunita\/borse-di-studio\/per-cittadini-stranieri\/progetti-speciali\/invest-your-talent-in-italy\/\"><strong>Invest Your Talent (IYT) in Italy<\/strong><\/a><\/td>\n<td><strong>139<\/strong> borse, di cui <strong>63<\/strong> rinnovi<\/td>\n<td>Armenia, Azerbaigian, Bangladesh, Brasile, Colombia, Egitto, Etiopia, Ghana, India, Indonesia, Iran, Kazakhstan, Messico, Repubblica di Corea, Repubblica Popolare Cinese, Tunisia, Turchia, Vietnam<\/td>\n<\/tr>\n<tr>\n<td><a href=\"https:\/\/www.esteri.it\/it\/opportunita\/borse-di-studio\/per-cittadini-stranieri\/progetti-speciali\/italyou-litalia-nel-tuo-futuro\/\"><strong>ITALYOU \u2013 L\u2019Italia nel tuo futuro<\/strong><\/a><\/td>\n<td><strong>133<\/strong> borse, di cui <strong>63<\/strong> rinnovi<\/td>\n<td>Algeria, Camerun, Egitto, Etiopia, Libia, Marocco, Senegal, Somalia, Sudafrica e Tunisia<\/td>\n<\/tr>\n<tr>\n<td><a href=\"https:\/\/www.esteri.it\/it\/opportunita\/borse-di-studio\/per-cittadini-stranieri\/progetti-speciali\/accademia_teatro_alla_scala\/\"><strong>Corso di Perfezionamento in Canto Lirico<\/strong><\/a><\/p>\n<p><a href=\"https:\/\/www.esteri.it\/it\/opportunita\/borse-di-studio\/per-cittadini-stranieri\/progetti-speciali\/accademia_teatro_alla_scala\/\">e\u00a0<strong>Master in Performing Arts Management (PAM<\/strong><strong>)<\/strong><\/a><\/td>\n<td>Fino a <strong>10<\/strong> borse per il Corso di Perfezionamento in Canto Lirico<\/p>\n<p>Fino a <strong>7<\/strong> borse per Master<\/td>\n<td>Qualsiasi Paese<\/td>\n<\/tr>\n<tr>\n<td><a href=\"https:\/\/www.esteri.it\/it\/opportunita\/borse-di-studio\/per-cittadini-stranieri\/progetti-speciali\/litalia-corre-verso-il-futuro\/\"><strong>L\u2019Italia corre verso il futuro<\/strong><\/a><\/td>\n<td><strong>20<\/strong> nuove borse<\/td>\n<td>Angola, Etiopia, Ghana, Kenya, Mozambico, Nigeria, Senegal, Sud Africa, Tanzania e Uganda<\/td>\n<\/tr>\n<tr>\n<td><strong>Programmi di Dottorato e Master<\/strong><\/td>\n<td><strong>18<\/strong> borse PhD<\/p>\n<p><strong>2<\/strong> borse Master<\/td>\n<td>Albania, Bosnia ed Erzegovina, Egitto, Etiopia, Montenegro, Macedonia del Nord, Kosovo, Repubblica Popolare Cinese (RPC), Federazione Russa, Serbia, Tunisia, Turchia, Ucraina, Stati Uniti d\u2019America (USA)<\/td>\n<\/tr>\n<\/tbody>\n<\/table>\n<\/div>\n<p>&nbsp;<\/p>\n","protected":false},"excerpt":{"rendered":"Progetti speciali di borse di studio rivolte a studenti stranieri Il Ministero degli Affari Esteri e della Cooperazione Internazionale conferisce borse di studio a studenti stranieri impegnati in attivit\u00e0 di studio previste da cosiddetti \u201cProgetti Speciali\u201d. Gli studenti stranieri interessati troveranno all\u2019interno di ciascun bando le informazioni necessarie alla candidatura e le scadenze cui attenersi. [&hellip;]","protected":false},"author":1,"featured_media":0,"parent":29482,"menu_order":3,"comment_status":"closed","ping_status":"closed","template":"","meta":{"footnotes":""},"class_list":["post-29497","page","type-page","status-publish","hentry"],"_links":{"self":[{"href":"https:\/\/www.esteri.it\/it\/wp-json\/wp\/v2\/pages\/29497","targetHints":{"allow":["GET"]}}],"collection":[{"href":"https:\/\/www.esteri.it\/it\/wp-json\/wp\/v2\/pages"}],"about":[{"href":"https:\/\/www.esteri.it\/it\/wp-json\/wp\/v2\/types\/page"}],"author":[{"embeddable":true,"href":"https:\/\/www.esteri.it\/it\/wp-json\/wp\/v2\/users\/1"}],"replies":[{"embeddable":true,"href":"https:\/\/www.esteri.it\/it\/wp-json\/wp\/v2\/comments?post=29497"}],"version-history":[{"count":8,"href":"https:\/\/www.esteri.it\/it\/wp-json\/wp\/v2\/pages\/29497\/revisions"}],"predecessor-version":[{"id":162035,"href":"https:\/\/www.esteri.it\/it\/wp-json\/wp\/v2\/pages\/29497\/revisions\/162035"}],"up":[{"embeddable":true,"href":"https:\/\/www.esteri.it\/it\/wp-json\/wp\/v2\/pages\/29482"}],"wp:attachment":[{"href":"https:\/\/www.esteri.it\/it\/wp-json\/wp\/v2\/media?parent=29497"}],"curies":[{"name":"wp","href":"https:\/\/api.w.org\/{rel}","templated":true}]}}