{"id":29508,"date":"2021-07-06T11:41:59","date_gmt":"2021-07-06T09:41:59","guid":{"rendered":"https:\/\/www.esteri.it\/?page_id=29508"},"modified":"2026-04-01T11:27:15","modified_gmt":"2026-04-01T09:27:15","slug":"borse-di-studio-offerte-dalle-universita","status":"publish","type":"page","link":"https:\/\/www.esteri.it\/it\/servizi-opportunita\/opportunita\/borse-di-studio\/per-cittadini-stranieri\/borse-di-studio-offerte-dalle-universita\/","title":{"rendered":"Borse di Studio offerte dalle Universit\u00e0"},"content":{"rendered":"<p>Le offerte riportate in questa sezione del sito provengono dalle universit\u00e0 e non sono gestite dal Ministero degli Affari Esteri e della Cooperazione Internazionale.<\/p>\n<p>&nbsp;<\/p>\n<p><a href=\"https:\/\/www.esteri.it\/wp-content\/uploads\/2026\/04\/IEBA_Uni-Italia.pdf\">MSc in International Economics and Business Administration (Universit\u00e0 di Verona con Universit\u00e0 di Bamberg, Universit\u00e0 di Bordeaux e Universit\u00e0 di Porto)<\/a><\/p>\n<p><a href=\"https:\/\/www.unich.it\/international\/international-students\/call-application\">Universit\u00e0 degli studi \u201cG. d\u2019Annunzio\u201d Chieti-Pescara<\/a><\/p>\n<p><a href=\"https:\/\/www.unive.it\/pag\/19545\">Universit\u00e0 Ca\u2019 Foscari Venezia<\/a><\/p>\n<p><a href=\"https:\/\/www.accademiaitaliana.com\/en\/services\/scholarships\">Accademia Italiana di Arte, Moda e Design<\/a><\/p>\n<p><a href=\"http:\/\/www.iaad.it\/en\/scholarships\/\">Istituto d\u2019Arte Applicata e Design (IAAD)<\/a><\/p>\n<p><a href=\"https:\/\/www.luiss.edu\/financial-aid-and-scholarships\">Libera Universit\u00e0 Internazionale degli Studi Sociali \u201cG. Carli\u201d (LUISS)<\/a><\/p>\n<p><a href=\"https:\/\/www.unirufa.it\/en\/servizi-e-facilities\/borse-di-studio\/\">Rome University of Fine Arts (RUFA)<\/a><\/p>\n<p><a href=\"http:\/\/www.scuolaleonardo.com\/Italian-language-scholarships.html\">Scuola di Italiano \u201cScuola Leonardo da Vinci\u201d<\/a><\/p>\n<p><a href=\"http:\/\/www.unibocconi.eu\/studentassistance\">Universit\u00e0 Commerciale \u201cLuigi Bocconi\u201d<\/a><\/p>\n<p><a href=\"https:\/\/en.unibg.it\/practical-information\/join-us\/grants-and-fundings\">Universit\u00e0 degli Studi di Bergamo<\/a><\/p>\n<p><u><a href=\"https:\/\/www.unibo.it\/it\/studiare\/borse-di-studio-e-agevolazioni\/borse-di-studio-e-agevolazioni\">Alma Mater Studiorum \u2013 Universit\u00e0 di Bologna<\/a> <\/u><\/p>\n<p><a href=\"https:\/\/www.unimc.it\/it\/internazionale\/studenti-internazionali\/borse-di-studio\">Universit\u00e0 degli Studi di Macerata<\/a><\/p>\n<p><a href=\"https:\/\/www.unimi.it\/en\/study\/financial-support\/international-scholarships\">Universit\u00e0 degli Studi di Milano<\/a><\/p>\n<p><a href=\"https:\/\/www.unipd.it\/en\/scholarships-international-students\">Universit\u00e0 degli Studi di Padova<\/a><\/p>\n<p><a href=\"https:\/\/en.unito.it\/studying-unito\/scholarships-international-students\">Universit\u00e0 degli Studi di Torino<\/a><\/p>\n<p><a href=\"https:\/\/www.unitus.it\/internazionale\/borse-di-studio-international-students\/\">Universit\u00e0 degli Studi della Tuscia<\/a><\/p>\n<p><a href=\"https:\/\/www.univr.it\/en\/job-vacancies\/studenti-e-laureati\/international-degree-seeking-students\/0\/15723\">Universit\u00e0 degli Studi di Verona<\/a><\/p>\n<p><a href=\"https:\/\/www.unipi.it\/index.php\/tuition-fees-and-financial-support\/item\/2274-extraordinary-contributions\">Universit\u00e0 di Pisa<\/a><\/p>\n<p><a href=\"http:\/\/www.univpm.it\/Entra\/International\/Opportunities_for_international_students\">Universit\u00e0 Politecnica delle Marche<\/a><\/p>\n<p><a href=\"https:\/\/laurea.italicon.it\/it\/borse-di-studio\" target=\"_blank\" rel=\"noopener noreferrer\">Consorzio ICoN<\/a><\/p>\n<p><a href=\"https:\/\/admission.unisi.it\/?p=1218\">Universit\u00e0 di Siena<\/a><\/p>\n<p><a href=\"https:\/\/www.unimib.it\/ateneo\/iniziative-internazionali\/universita-inclusiva\">Universit\u00e0 degli Studi di Milano-Bicocca<\/a><\/p>\n<p><a href=\"https:\/\/www.iulm.it\/en\/orientamento-iscrizioni\/iscrizioni-per-studenti-stranieri\/tasse-contributi-agevolazioni\/tasse-contributi-agevolazioni\">Universit\u00e0 IULM<\/a><\/p>\n<p><a href=\"https:\/\/web.unisa.it\/en\/international\/announcements\/incoming-mobility?bando=13410\">Universit\u00e0 degli studi di Salerno<\/a><\/p>\n<p><a href=\"https:\/\/www.unisg.it\/servizi\/bandi-borse-di-studio-graduatorie-e-avvisi\/\">Universit\u00e0 di Scienze Gastronomiche di Pollenzo<\/a><\/p>\n<p><a href=\"https:\/\/rafflesmilano.it\/en\/scholarship\/show-your-talent-2025\/\">Raffles Milano &#8211; Istituto Moda e Design<\/a><\/p>\n","protected":false},"excerpt":{"rendered":"Le offerte riportate in questa sezione del sito provengono dalle universit\u00e0 e non sono gestite dal Ministero degli Affari Esteri e della Cooperazione Internazionale. &nbsp; MSc in International Economics and Business Administration (Universit\u00e0 di Verona con Universit\u00e0 di Bamberg, Universit\u00e0 di Bordeaux e Universit\u00e0 di Porto) Universit\u00e0 degli studi \u201cG. d\u2019Annunzio\u201d Chieti-Pescara Universit\u00e0 Ca\u2019 Foscari [&hellip;]","protected":false},"author":1,"featured_media":0,"parent":29482,"menu_order":2,"comment_status":"closed","ping_status":"closed","template":"","meta":{"footnotes":""},"class_list":["post-29508","page","type-page","status-publish","hentry"],"_links":{"self":[{"href":"https:\/\/www.esteri.it\/it\/wp-json\/wp\/v2\/pages\/29508","targetHints":{"allow":["GET"]}}],"collection":[{"href":"https:\/\/www.esteri.it\/it\/wp-json\/wp\/v2\/pages"}],"about":[{"href":"https:\/\/www.esteri.it\/it\/wp-json\/wp\/v2\/types\/page"}],"author":[{"embeddable":true,"href":"https:\/\/www.esteri.it\/it\/wp-json\/wp\/v2\/users\/1"}],"replies":[{"embeddable":true,"href":"https:\/\/www.esteri.it\/it\/wp-json\/wp\/v2\/comments?post=29508"}],"version-history":[{"count":7,"href":"https:\/\/www.esteri.it\/it\/wp-json\/wp\/v2\/pages\/29508\/revisions"}],"predecessor-version":[{"id":181844,"href":"https:\/\/www.esteri.it\/it\/wp-json\/wp\/v2\/pages\/29508\/revisions\/181844"}],"up":[{"embeddable":true,"href":"https:\/\/www.esteri.it\/it\/wp-json\/wp\/v2\/pages\/29482"}],"wp:attachment":[{"href":"https:\/\/www.esteri.it\/it\/wp-json\/wp\/v2\/media?parent=29508"}],"curies":[{"name":"wp","href":"https:\/\/api.w.org\/{rel}","templated":true}]}}