{"id":29528,"date":"2021-07-06T12:02:25","date_gmt":"2021-07-06T10:02:25","guid":{"rendered":"https:\/\/www.esteri.it\/?page_id=29528"},"modified":"2026-04-02T15:21:20","modified_gmt":"2026-04-02T13:21:20","slug":"elencopaesiofferenti","status":"publish","type":"page","link":"https:\/\/www.esteri.it\/it\/servizi-opportunita\/opportunita\/borse-di-studio\/di_studio\/elencopaesiofferenti\/","title":{"rendered":"Borse di studio offerte da Governi stranieri, istituzioni locali ed universitarie ed organizzazioni internazionali"},"content":{"rendered":"<p>Le offerte riportate in questa sezione del sito provengono da Governi ed Istituzioni straniere, e non sono gestite dal Ministero degli Affari Esteri e della Cooperazione Internazionale.<\/p>\n<ul>\n<li>ESA<br \/>\n&#8211; <a href=\"https:\/\/www.esa.int\/About_Us\/Careers_at_ESA\/ESA_Co-funded_Research\">Dottorati e attivit\u00e0 di ricerca post-dottorato co-fund per ricercatori e dottorati in ambito spazio<\/a>;<br \/>\n&#8211; <a href=\"http:\/\/www.esa.int\/About_Us\/Careers_at_ESA\/Post_Docs_Research_Fellowship\">Research Fellowship Programme<\/a> per neo-dottorati con la possibilit\u00e0 di proseguire la ricerca per ulteriori due anni in discipline legate alla scienza spaziale, alle applicazioni spaziali o alla tecnologia spaziale.<\/li>\n<\/ul>\n<div>\n<p>&nbsp;<\/p>\n<\/div>\n<ul>\n<li>ARABIA SAUDITA<br \/>\n<a href=\"https:\/\/studyinsaudi.moe.gov.sa\/\">Borse di Studio offerte a studenti italiani<\/a><\/li>\n<\/ul>\n<div>\n<p>&nbsp;<\/p>\n<\/div>\n<ul>\n<li>AUSTRIA<br \/>\nBorse di studio offerte dal Ministero Federale dell\u2019Istruzione, della Scienza e della Ricerca austriaco<br \/>\n&#8211; Borsa di studio \u201cFranz Werfel\u201d nell&#8217;ambito della letteratura austriaca rivolta a giovani docenti &#8211;\u00a0<a href=\"https:\/\/oead.at\/de\/nach-oesterreich\/stipendien\/franz-werfel-stipendium\/\">Informazioni<br \/>\n<\/a>&#8211; Borsa di studio \u201cRichard Plaschka\u201d nell&#8217;ambito della storia austriaca rivolta a docenti e dottorandi &#8211;\u00a0<a href=\"https:\/\/oead.at\/de\/nach-oesterreich\/stipendien\/richard-plaschka-stipendium\/\">Informazioni<br \/>\n<\/a>&#8211; Borsa di studio \u201cErnst March\u201d rivolta a giovani docenti di diverse facolt\u00e0 &#8211;\u00a0<a href=\"https:\/\/oead.at\/de\/nach-oesterreich\/stipendien\/ernst-mach-stipendien\/\">Informazioni<br \/>\n<\/a>&#8211; \u00c8 possibile trovare altre opportunit\u00e0 sul portale \u201c<a href=\"https:\/\/grants.at\/\"><em>Austrian Database for Scholarship and Research Grants<\/em><\/a>\u201d.<\/li>\n<\/ul>\n<p>&nbsp;<\/p>\n<ul type=\"disc\">\n<li class=\"x_MsoNormal\">AZERBAIGIAN<br \/>\nBorse di studio per studiare in Azerbaigian attraverso gli Intergovernmental Scholarship Programs (ISPs).<br \/>\n<a href=\"https:\/\/www.esteri.it\/wp-content\/uploads\/2025\/05\/Bando-Azerbaigian.pdf\">Informazioni<\/a><\/li>\n<\/ul>\n<p>&nbsp;<\/p>\n<ul>\n<li>BELGIO<br \/>\nBorse di studio per corsi estivi dedicate a studenti e docenti:<br \/>\n2 borse di studio offerte da Wallonie-Bruxelles International per consentire ai candidati di frequentare gratuitamente un corso presso l\u2019Universit\u00e9 Libre de Bruxelles, destinato a studenti a partire dai 17 anni con livello minimo A1 (vedi scheda n. 1)<br \/>\n2 borse di studio offerte da Wallonie-Bruxelles International per consentire ai candidati di frequentare gratuitamente un corso presso l\u2019Universit\u00e9 Catholique de Louvain, destinato a docenti di lingua francese o futuri docenti con livello minimo B2 (vedi scheda n. 2)<br \/>\nPer candidarsi \u00e8 necessario compilare il modulo <em>\u201cFormulaire de candidature\u201d<\/em> allegato qui di seguito, il quale deve essere inoltrato in formato PDF. Per ulteriori informazioni consultare i bandi.<br \/>\nScadenza: <strong>22 febbraio 2026<\/strong><br \/>\n<a href=\"https:\/\/www.esteri.it\/wp-content\/uploads\/2026\/01\/Bando_Belgio_2026_ULB_Universite_Libre_Bruxelles_scheda1.pdf\">Borse studenti ULB<\/a> &#8211;\u00a0 \u00a0<a href=\"https:\/\/www.esteri.it\/wp-content\/uploads\/2026\/01\/Bando_Belgio_2026_UCL_Universite_Catholique_de_Louvain_schedan2.pdf\">Borse docenti UCL<\/a>\u00a0 &#8211;\u00a0 <a href=\"https:\/\/www.esteri.it\/wp-content\/uploads\/2026\/01\/Formulaire-de-candidature_2026.doc\">Formulario di Candidatura\/Formulaire de candidature<\/a><\/li>\n<\/ul>\n<p>&nbsp;<\/p>\n<ul>\n<li>BRUNEI<br \/>\nBorse di studio per cittadini stranieri offerte dal governo del Brunei per l\u2019Anno Accademico 2024\/2025<br \/>\nScadenza:\u00a0<strong><strong><strong><strong>15 febbraio 2025 (h 9:00 ora italiana)<br \/>\n<\/strong><\/strong><\/strong><\/strong><a href=\"https:\/\/www.mfa.gov.bn\/pages\/online-bdgs.aspx\">Link per candidature<\/a><\/li>\n<\/ul>\n<div>\n<p>&nbsp;<\/p>\n<\/div>\n<ul>\n<li>BULGARIA<br \/>\nBorse di studio offerte dal Ministero dell\u2019Istruzione e della Scienza della Repubblica di Bulgaria a studenti e studiosi italiani per la partecipazione a corsi estivi di lingua e cultura bulgara nel 2026<br \/>\nScadenza: <strong>11 maggio 2026<\/strong><br \/>\n<a href=\"https:\/\/www.esteri.it\/wp-content\/uploads\/2026\/04\/Bulgaria_scheda_2026_seminari.pdf\">Bando<\/a> \u2013 <a href=\"https:\/\/www.esteri.it\/wp-content\/uploads\/2026\/04\/Application-form-for-scholarship-SOFIA-UNIVERSITY-2026.pdf\">Modulo 1<\/a> \u2013 <a href=\"https:\/\/www.esteri.it\/wp-content\/uploads\/2026\/04\/Application-form-for-scholarship-VELIKO-TARNOVO-UNIVERSITY-2026.pdf\">Modulo 2<\/a><\/li>\n<\/ul>\n<div>\n<p>&nbsp;<\/p>\n<\/div>\n<ul>\n<li>COLOMBIA<br \/>\nBorse di studio offerte dal Governo della Repubblica di Colombia a cittadini stranieri per frequentare corsi di laurea magistrale in presenza presso alcune universit\u00e0 colombiane. Per informazioni rivolgersi a <a href=\"mailto:eitalia@cancilleria.gov.co\">eitalia@cancilleria.gov.co<\/a>.<br \/>\nScadenza:\u00a0<strong>13 giugno 2025<\/strong><br \/>\n<a href=\"https:\/\/www.esteri.it\/wp-content\/uploads\/2025\/05\/Bando-ESP.pdf\">Bando ESP<\/a> \u2013 <a href=\"https:\/\/www.esteri.it\/wp-content\/uploads\/2025\/05\/Bando-ENG.pdf\">Bando ENG<\/a> \u2013 <a href=\"https:\/\/www.esteri.it\/wp-content\/uploads\/2025\/05\/Bando-ITA.pdf\">Bando ITA<\/a><\/li>\n<\/ul>\n<div>\n<p>&nbsp;<\/p>\n<\/div>\n<ul>\n<li>COREA<br \/>\nBorse di studio offerte dal Governo Coreano per l\u2019anno accademico 2026-2027<br \/>\nScadenza: <strong>25 febbraio 2026<br \/>\n<\/strong><a href=\"https:\/\/italia.korean-culture.org\/it\/770\/board\/531\/read\/141940\">Informazioni<\/a> \u2013 <a href=\"https:\/\/www.esteri.it\/wp-content\/uploads\/2026\/02\/2026-GKS-G-Application-Guidelines-English.pdf\">Linee guida\u00a0<\/a><\/li>\n<\/ul>\n<div>\n<p>&nbsp;<\/p>\n<\/div>\n<ul>\n<li>FRANCIA:<br \/>\n&#8211;\u00a0<a href=\"https:\/\/www.italie.campusfrance.org\/trovare-una-borsa-di-studio\">Borse di studio rivolte a studenti italiani (Campus France, programma Eiffel)<\/a><\/li>\n<\/ul>\n<div>\n<p>&nbsp;<\/p>\n<\/div>\n<ul>\n<li>GERMANIA<br \/>\n&#8211;\u00a0<a href=\"https:\/\/www.daad.it\/it\/\">Borse DAAD offerte dalla Germania<\/a><\/li>\n<\/ul>\n<p>&nbsp;<\/p>\n<ul>\n<li>GIAPPONE<br \/>\nBorse di studio offerte dal Governo giapponese per l\u2019anno accademico 2026-2027 a studenti universitari italiani iscritti a corsi di laurea in lingua e cultura giapponese<br \/>\nScadenza: <strong>6 febbraio 2026<br \/>\n<\/strong><a href=\"https:\/\/www.esteri.it\/wp-content\/uploads\/2026\/01\/2026_Application_GuidelinesEN.pdf\"><u>Bando<\/u><\/a> &#8211; <a href=\"https:\/\/www.it.emb-japan.go.jp\/itpr_it\/studio_JapaneseStudies.html\"><u>Maggiori Informazioni<\/u><\/a><\/li>\n<\/ul>\n<p>&nbsp;<\/p>\n<ul>\n<li>IRAQ<br \/>\nBorse di studio per cittadini stranieri offerte dal Ministero dell\u2019Alta Istruzione e Ricerca Scientifica \/ Dipartimento Missioni e Relazioni Culturali della Repubblica dell\u2019Iraq per l\u2019anno accademico 2025-2026<br \/>\nScadenza:\u00a0<b>1\u00b0 settembre 2025<br \/>\n<\/b><a href=\"https:\/\/studyiniraq.scrd-gate.gov.iq\/\" target=\"_blank\" rel=\"noopener noreferrer\">Informazioni<\/a><\/li>\n<\/ul>\n<p>&nbsp;<\/p>\n<ul>\n<li>ISLANDA<br \/>\nBorse di studio promosse dal governo islandese<strong><br \/>\n<\/strong><a href=\"https:\/\/www.arnastofnun.is\/en\/about-scholarship\">Informazioni<\/a><\/li>\n<\/ul>\n<div>\n<p>&nbsp;<\/p>\n<\/div>\n<ul>\n<li>SLOVACCHIA<br \/>\nBorse di studio del Governo della Repubblica Slovacca per le mobilit\u00e0 nell\u2019a.a. 2026-2027 destinate ai cittadini stranieri.<br \/>\nScadenza: <strong>30 aprile 2026<br \/>\n<\/strong><a href=\"https:\/\/www.scholarships.sk\/en\/news\/call-academic-year-2026-2027-apply-now\">Informazioni<\/a>\u00a0 <a href=\"https:\/\/www.scholarships.sk\/en\/main\/programme-terms-and-conditions\/foreign-applicants\">Termini e condizioni del programma<\/a><\/li>\n<\/ul>\n<div>\n<p>&nbsp;<\/p>\n<\/div>\n<ul>\n<li>SLOVENIA<br \/>\nBorse di studio offerte dal Governo della Repubblica di Slovenia a cittadini italiani per l\u2019anno accademico 2025\/2026<br \/>\nScadenza: <strong>30 giugno 2025<br \/>\n<\/strong><a href=\"https:\/\/studyinslovenia.si\/study\/exchange-programmes\/\">Informazioni<\/a><strong>\u00a0<\/strong><\/li>\n<\/ul>\n<div>\n<p>&nbsp;<\/p>\n<\/div>\n<ul>\n<li>SVIZZERA<br \/>\nBorse di studio federali per cittadini italiani<br \/>\n<a href=\"https:\/\/www.eda.admin.ch\/countries\/italy\/it\/home\/dienstleistungen\/stipendien.html\">Informazioni<\/a><\/li>\n<\/ul>\n<p>&nbsp;<\/p>\n<ul>\n<li>THAILANDIA<br \/>\nBorse di studio offerte da istituti di istruzione superiore thailandesi a studenti internazionali per l\u2019anno accademico 2025<br \/>\n<a href=\"https:\/\/www.esteri.it\/wp-content\/uploads\/2025\/03\/List-of-Scholarships-Offered-for-International-Students-in-Academic-Year-2025.pdf\">Informazioni<\/a><\/li>\n<\/ul>\n<p>&nbsp;<\/p>\n<ul>\n<li>TURCHIA<br \/>\n&#8211; Borse di studio post-dottorato per il progetto Nanobiotechnologies for Innovative Therapeutic Approaches in Cancer (NANOBIO4CAN) nell\u2019ambito del programma europeo HORIZON-MSCA-2022-COFUND-01. Per maggiori informazioni consultare il link seguente: <a href=\"https:\/\/nanobio4can.net\/\" target=\"_blank\" rel=\"noopener noreferrer\">Nanobio4can<\/a>.<br \/>\n<strong>Scadenza:<\/strong><strong><strong> 30 giugno 2025<br \/>\n<\/strong><\/strong>&#8211; Bando del Consiglio di Ricerca Scientifica e Tecnologica della Turchia (T\u00fcbitak) per il per il programma T\u00dcB\u0130TAK 2236-A, cofinanziato nell&#8217;ambito del bando MSCA COFUND 2023 della Commissione Europea, rivolto a ricercatori post-dottorato di tutte la nazionalit\u00e0 per condurre ricerche in Turchia per 24 mesi, con la possibilit\u00e0 di un\u2019estensione non accademica di 12 mesi.<br \/>\nApertura bando 2025:<b>\u00a01\u00b0 settembre 2025<\/b>.<br \/>\nScadenza bando 2025: <b>1\u00b0 dicembre 2025<\/b>.<br \/>\n<a href=\"https:\/\/www.esteri.it\/wp-content\/uploads\/2025\/07\/Call-for-the-TUBITAK-2236-A-EC-MSCA-COFUND-2023.docx\">Bando<\/a><\/li>\n<\/ul>\n","protected":false},"excerpt":{"rendered":"Le offerte riportate in questa sezione del sito provengono da Governi ed Istituzioni straniere, e non sono gestite dal Ministero degli Affari Esteri e della Cooperazione Internazionale. ESA &#8211; Dottorati e attivit\u00e0 di ricerca post-dottorato co-fund per ricercatori e dottorati in ambito spazio; &#8211; Research Fellowship Programme per neo-dottorati con la possibilit\u00e0 di proseguire la [&hellip;]","protected":false},"author":1,"featured_media":0,"parent":29485,"menu_order":4,"comment_status":"closed","ping_status":"closed","template":"","meta":{"footnotes":""},"class_list":["post-29528","page","type-page","status-publish","hentry"],"_links":{"self":[{"href":"https:\/\/www.esteri.it\/it\/wp-json\/wp\/v2\/pages\/29528","targetHints":{"allow":["GET"]}}],"collection":[{"href":"https:\/\/www.esteri.it\/it\/wp-json\/wp\/v2\/pages"}],"about":[{"href":"https:\/\/www.esteri.it\/it\/wp-json\/wp\/v2\/types\/page"}],"author":[{"embeddable":true,"href":"https:\/\/www.esteri.it\/it\/wp-json\/wp\/v2\/users\/1"}],"replies":[{"embeddable":true,"href":"https:\/\/www.esteri.it\/it\/wp-json\/wp\/v2\/comments?post=29528"}],"version-history":[{"count":11,"href":"https:\/\/www.esteri.it\/it\/wp-json\/wp\/v2\/pages\/29528\/revisions"}],"predecessor-version":[{"id":182317,"href":"https:\/\/www.esteri.it\/it\/wp-json\/wp\/v2\/pages\/29528\/revisions\/182317"}],"up":[{"embeddable":true,"href":"https:\/\/www.esteri.it\/it\/wp-json\/wp\/v2\/pages\/29485"}],"wp:attachment":[{"href":"https:\/\/www.esteri.it\/it\/wp-json\/wp\/v2\/media?parent=29528"}],"curies":[{"name":"wp","href":"https:\/\/api.w.org\/{rel}","templated":true}]}}