{"id":29550,"date":"2007-04-19T13:35:57","date_gmt":"2007-04-19T11:35:57","guid":{"rendered":"https:\/\/www.esteri.it\/opportunita\/nelle_oo_ii\/pergiovani\/ypp\/"},"modified":"2026-04-02T16:14:00","modified_gmt":"2026-04-02T14:14:00","slug":"ypp","status":"publish","type":"page","link":"https:\/\/www.esteri.it\/it\/servizi-opportunita\/opportunita\/nelle_oo_ii\/pergiovani\/ypp\/","title":{"rendered":"I programmi &#8220;Young Professionals&#8221; (Y.P.P.)"},"content":{"rendered":"<p>I programmi &#8220;Young Professionals&#8221;, riservati a cittadini italiani e stranieri, sono sostenuti finanziariamente dalle singole Organizzazioni Internazionali che realizzano il progetto. Quest&#8217;opportunit\u00e0 \u00e8 offerta da alcuni dei pi\u00f9 autorevoli Organismi Internazionali presso i quali \u00e8 possibile reperire le informazioni al riguardo.<\/p>\n<ul class=\"ultop\">\n<li><span class=\"data\">BANCA MONDIALE<\/span><br \/>\n<a title=\"Ogni anno la Banca Mondiale ammette 40 candidati nel suo Young Professional Program\" href=\"https:\/\/www.worldbank.org\/en\/about\/careers\/programs-and-internships\/young-professionals-program\">Ogni anno la Banca Mondiale ammette 40 candidati nel suo Young Professional Program<\/a>. Il programma \u00e8 indirizzato a giovani motivati e preparati nei settori in cui opera la Banca: economia, finanza, istruzione, ecc. Il programma prevede due anni di lavoro in due settori diversi. I giovani YPs operano a tutti gli effetti all&#8217;interno dell&#8217;organizzazione e sono loro assegnati precisi compiti e responsabilit\u00e0. REQUISITI<br \/>\nI candidati alla selezione devono essere in possesso di un diploma di laurea in materie economiche o, comunque, relative ai campi di attivit\u00e0 della Banca; devono avere un&#8217;esperienza professionale di almeno due anni o aver conseguito un dottorato di ricerca. L&#8217;et\u00e0 massima per partecipare alla selezione \u00e8 di 32 anni. Occorre inoltre un&#8217;ottima conoscenza dell&#8217;inglese e, preferibilmente, anche di un&#8217;altra lingua. Un\u2019esperienza professionale maturata in Paesi in Via di Sviluppo \u00e8 titolo preferenziale. Le interviste finali ai candidati gi\u00e0 preselezionati vengono effettuate ogni anno a gennaio e febbraio. I &#8220;promossi&#8221; iniziano a lavorare l&#8217;anno successivo a quello di selezione. Gli YPs possono essere assegnati anche ad agenzie della Banca quali IFC e MIGA.<\/li>\n<li><span class=\"data\"><a href=\"http:\/\/www.adb.org\" target=\"_blank\" rel=\"noopener\">ADB<\/a><\/span> (BANCA ASIATICA DI SVILUPPO)<br \/>\nLa Banca Asiatica di Sviluppo offre un contratto biennale, con un anno di prova. I candidati devono essere laureati, avere un&#8217;et\u00e0 inferiore ai 30 anni, un&#8217;ottima conoscenza dell&#8217;inglese e un&#8217;esperienza acquisita negli ambiti di azione della Banca. Il programma prevede esperienze dirette sul campo alternate a brevi periodi di formal training. Gli interessati devono compilare un formulario di candidatura. Se la valutazione \u00e8 positiva, al candidato viene inviato un Personal History Form che sar\u00e0 seguito da un&#8217;intervista effettuata da personale interno dell&#8217;ADB.<\/li>\n<li><a href=\"https:\/\/www.oecd.org\/\" target=\"_blank\" rel=\"noopener\">OCSE<\/a> (l\u2019Organizzazione per la Cooperazione e lo Sviluppo Economico) Lo Young Professional Programme dell\u2019Ocse prevede due anni con la qualifica di Junior Administrator e due assegnazioni ad altrettanti settori (economia, ambiente, energia, riciclaggio di denaro sporco). I requisiti per gli aspiranti sono: limite di et\u00e0 di 32 anni, nazionalit\u00e0 di uno dei paesi membri dell\u2019OCSE, titolo di studio universitario, possibilmente avanzato, background economico, esperienza lavorativa rilevante, almeno biennale, ottima conoscenza dell\u2019inglese o del francese.<\/li>\n<li><a class=\"data\" href=\"http:\/\/www.undp.org\/\" target=\"_blank\" rel=\"noopener\">UNPD<\/a> (Programma delle Nazioni Unite per lo Sviluppo)<br \/>\n<a title=\"Il Leadership Development Programme dell'UNDP \u00e8 il punto di partenza per il reclutamento di giovani interessati ad una attivit\u00e0 professionale nel campo della cooperazione allo sviluppo\" href=\"http:\/\/www.undp.org\/content\/undp\/en\/home\/operations\/jobs\/\">Il Leadership Development Programme dell&#8217;UNDP \u00e8 il punto di partenza per il reclutamento di giovani interessati ad una attivit\u00e0 professionale nel campo della cooperazione allo sviluppo<\/a>. Ai candidati viene normalmente richiesto un master o un titolo di studio equivalente in discipline riguardanti lo sviluppo, un&#8217;esperienza professionale di almeno 5 anni, l&#8217;ottima conoscenza di almeno due delle lingue dell&#8217;Organizzazione (inglese, francese, arabo, spagnolo) o la perfetta conoscenza di una di esse e la buona conoscenza del russo o del cinese.<\/li>\n<li><a class=\"data\" href=\"http:\/\/www.ilo.org\/\" target=\"_blank\" rel=\"noopener\">ILO<\/a> (Organizzazione Internazionale del Lavoro)<br \/>\n<a title=\"Propone uno Young Professional Program anche l\u2019ILO\" href=\"http:\/\/www.ilo.org\/public\/english\/bureau\/pers\/vacancy\/aexpert.htm\">Propone uno Young Professional Program anche l\u2019ILO<\/a>. I requisiti essenziali sono: laurea in economia o diritto del lavoro, sociologia, scienze sociali, informatica, et\u00e0 compresa tra i 25 e i 35 anni e ottima conoscenza delle lingue (almeno inglese o francese). L\u2019Organizzazione offre la possibilit\u00e0 di essere inseriti in un elenco e poi convocati per un colloquio e\/o esame scritto passando i quali si ottiene un contratto di un anno prorogabile. Chi supera il biennio di prova ha ottime possibilit\u00e0 di essere assunto.<\/li>\n<li><a class=\"data\" href=\"http:\/\/www.imf.org\" target=\"_blank\" rel=\"noopener\">FONDO MONETARIO INTERNAZIONALE<\/a><br \/>\nInteressante e prestigioso \u00e8 <a href=\"http:\/\/www.imf.org\/external\/np\/adm\/rec\/recruit.htm\" target=\"_blank\" rel=\"noopener\">l\u2019Economist Program<\/a> proposto dal Fondo Monetario Internazionale . Servono una brillante preparazione accademica (preferibilmente in materie di stampo quantitativo), un\u2019et\u00e0 inferiore ai 33 anni e un&#8217;ottima conoscenza dell&#8217;inglese. Il programma dura un biennio durante il quale per un anno i giovani sono assegnati a un&#8217;area department, mentre nell&#8217;anno successivo lavorano in un dipartimento funzionale. I partecipanti sono chiamati subito a fornire un contributo operativo anche se lavorano a stretto contatto con funzionari di provata esperienza. I partecipanti vengono selezionati due volte l&#8217;anno, a giugno e ottobre. Gli aspiranti devono inviare un formulario di domanda o un curriculum vitae, preferibilmente intorno al mese di ottobre.<\/li>\n<li><a href=\"https:\/\/www.nato.int\">NATO<br \/>\n<\/a>Ogni anno la NATO offre l&#8217;opportunit\u00e0 di svolgervi un periodo lavorativo di tre anni in qualit\u00e0 di &#8220;young professional&#8221;. Scopo del programma \u00e8 quello di attrarre giovani professionisti di talento interessati alle carriere internazionali e svilupparne abilit\u00e0 e competenze in ambito lavorativo. Il bando \u00e8 rivolto a cittadini di Paesi appartenenti all&#8217;Alleanza Atlantica di et\u00e0 superiore ai 21 anni con almeno un anno di esperienza lavorativa, laurea magistrale e conoscenza della lingua inglese. I candidati che avranno successo nel processo di selezione saranno assegnati a tre diverse strutture NATO all&#8217;interno di ognuna delle quali lavoreranno un anno.<\/li>\n<li>ESA<br \/>\nYoung Graduate Trainee Programme per studenti all\u2019ultimo anno di laurea magistrale o neo-laureati [ <a href=\"http:\/\/www.esa.int\/About_Us\/Careers_at_ESA\/Graduates_Young_Graduate_Trainees\">http:\/\/www.esa.int\/About_Us\/Careers_at_ESA\/Graduates_Young_Graduate_Trainees<\/a>]<\/li>\n<\/ul>\n","protected":false},"excerpt":{"rendered":"I programmi &#8220;Young Professionals&#8221;, riservati a cittadini italiani e stranieri, sono sostenuti finanziariamente dalle singole Organizzazioni Internazionali che realizzano il progetto. Quest&#8217;opportunit\u00e0 \u00e8 offerta da alcuni dei pi\u00f9 autorevoli Organismi Internazionali presso i quali \u00e8 possibile reperire le informazioni al riguardo. BANCA MONDIALE Ogni anno la Banca Mondiale ammette 40 candidati nel suo Young Professional [&hellip;]","protected":false},"author":1,"featured_media":0,"parent":29546,"menu_order":4,"comment_status":"closed","ping_status":"closed","template":"","meta":{"footnotes":""},"class_list":["post-29550","page","type-page","status-publish","hentry"],"_links":{"self":[{"href":"https:\/\/www.esteri.it\/it\/wp-json\/wp\/v2\/pages\/29550","targetHints":{"allow":["GET"]}}],"collection":[{"href":"https:\/\/www.esteri.it\/it\/wp-json\/wp\/v2\/pages"}],"about":[{"href":"https:\/\/www.esteri.it\/it\/wp-json\/wp\/v2\/types\/page"}],"author":[{"embeddable":true,"href":"https:\/\/www.esteri.it\/it\/wp-json\/wp\/v2\/users\/1"}],"replies":[{"embeddable":true,"href":"https:\/\/www.esteri.it\/it\/wp-json\/wp\/v2\/comments?post=29550"}],"version-history":[{"count":2,"href":"https:\/\/www.esteri.it\/it\/wp-json\/wp\/v2\/pages\/29550\/revisions"}],"predecessor-version":[{"id":114792,"href":"https:\/\/www.esteri.it\/it\/wp-json\/wp\/v2\/pages\/29550\/revisions\/114792"}],"up":[{"embeddable":true,"href":"https:\/\/www.esteri.it\/it\/wp-json\/wp\/v2\/pages\/29546"}],"wp:attachment":[{"href":"https:\/\/www.esteri.it\/it\/wp-json\/wp\/v2\/media?parent=29550"}],"curies":[{"name":"wp","href":"https:\/\/api.w.org\/{rel}","templated":true}]}}