{"id":29556,"date":"2011-06-10T11:39:38","date_gmt":"2011-06-10T09:39:38","guid":{"rendered":"https:\/\/www.esteri.it\/opportunita\/nelle_oo_ii\/pergiovani\/ypp_2012\/"},"modified":"2021-07-06T12:25:05","modified_gmt":"2021-07-06T10:25:05","slug":"ypp_2012","status":"publish","type":"page","link":"https:\/\/www.esteri.it\/it\/servizi-opportunita\/opportunita\/nelle_oo_ii\/pergiovani\/ypp_2012\/","title":{"rendered":"Concorso Nazionale ONU (YPP 2012)"},"content":{"rendered":"<p>Anche quest\u2019anno i cittadini italiani, insieme a quelli di altri 78 paesi, potranno partecipare al concorso di accesso alle Nazioni Unite. Il concorso \u00e8 riservato ai cittadini dei paesi che sono considerati sottorappresentati rispetto ai contributi forniti all\u2019organizzazione. L\u2019Italia \u00e8 stata invitata a partecipare in virt\u00f9 del suo status di &#8220;sottorappresentazione&#8221; geografica al Segretariato ONU che, a gennaio 2012, con 83 funzionari, ci vedeva collocati al di sotto della forchetta ideale che si colloca tra 114 e 84.<\/p>\n<p>Tale circostanza apre al nostro Paese un\u2019importante opportunit\u00e0 di accesso all\u2019organizzazione, il cui processo di reclutamento, di norma, avviene attraverso avvisi di vacanza di posto pubblicati\u00a0 sul portale <a href=\"http:\/\/careers.un.org\">http:\/\/careers.un.org<\/a>.<\/p>\n<p>Lo Young Professionals Programme Recruitment Examination (YPP), questo \u00e8 il nome del concorso, consente di accedere ai gradi iniziali della carriera (P-1, P-2) ed \u00e8 rivolto sia a neo-laureati che a giovani professionisti. Il limite di et\u00e0 per prendervi parte \u00e8 di 32 anni al 31 dicembre 2012 (data di nascita pari o successiva al 1 gennaio 1980). I candidati potranno presentare la domanda di partecipazione al concorso on-line sul portale <a href=\"http:\/\/careers.un.org\">http:\/\/careers.un.org<\/a> , durante i 60 giorni compresi tra il 13 luglio e il 12 settembre 2012.<\/p>\n<p><strong>La scadenza per la presentazione delle domande \u00e8 stata prorogata al\u00a019 settembre 2012, ore 23:59 (NEW YORK TIME)<\/strong><\/p>\n<p>Per l\u2019Italia, le categorie professionali oggetto di selezione sono: architettura, economia, tecnologia dell\u2019informazione, affari politici, produttore radiofonico (portoghese; kiswahili), affari sociali. Tra settembre e ottobre si svolgeranno le fasi di pre-selezione sulla base dei criteri di et\u00e0, titoli di studio (laurea di I livello), conoscenza dell&#8217;inglese o del francese.<\/p>\n<p>Qualora pi\u00f9 di 40 candidati si dovessero presentare per la stessa job family, si proceder\u00e0 a una seconda fase di pre-selezione ove i criteri applicati saranno: conoscenza di altre lingue ufficiali delle Nazioni Unite (oltre l&#8217;inglese o il francese), titoli di studio qualificanti nelle categorie previste, esperienza di lavoro nella &#8220;job family&#8221; prescelta.<\/p>\n<p>Coloro che avranno superato le pre-selezioni, saranno convocati all&#8217;esame scritto previsto il 5 dicembre in tutte le sedi di esame. I candidati italiani pre-selezionati che non dovessero trovarsi in Italia il 5 dicembre potranno sostenere la prova scritta in altra citt\u00e0 nel mondo, a condizione che essa sia sede concorsuale.<\/p>\n<p>Il numero dei candidati che saranno assunti non \u00e8 preventivamente definito. Il principio guida per l\u2019assegnazione delle posizioni a concorso sar\u00e0 quello del \u201cmiglior candidato possibile\u201d, indipendentemente dalla nazionalit\u00e0 dello stesso.<\/p>\n<p>Gli esaminandi potranno svolgere le prove in inglese o in francese. L\u2019esame sar\u00e0 composto da due parti:<\/p>\n<ul>\n<li>La parte scritta (4 ore e 30 mn, senza possibilita\u2019 di lasciare la sala) consiste nella redazione di in un \u201cgeneral paper\u201d (summary and questions) e di un \u201cspecialized paper\u201d (essay and questions);<\/li>\n<li>La parte orale consiste in una \u201cinterview\u201d e, talvolta, in una presentazione nella job family prescelta <span style=\"font-family: Tahoma; font-size: small;\">in video-conferenza o attraverso Skype.<\/span><\/li>\n<\/ul>\n<p>Ulteriori informazioni sono disponibili ai seguenti indirizzi:<\/p>\n<ul>\n<li><a href=\"http:\/\/www.facebook.com\/UN.Careers\">http:\/\/www.facebook.com\/UN.Careers<\/a><\/li>\n<li><a href=\"http:\/\/twitter.com\/un_careers\">http:\/\/twitter.com\/un_careers<\/a><\/li>\n<li><a href=\"http:\/\/linkd.in\/un_careers\">http:\/\/linkd.in\/un_careers<\/a><\/li>\n<\/ul>\n<p>I risultati della scorsa edizione dello YPP (2011), pubblicati nel giugno 2012, hanno visto il successo di cinque candidati italiani. Ecco il dettaglio della partecipazione italiana:<\/p>\n<table id=\"tabella1\" class=\"tblComLegali\">\n<tbody>\n<tr>\n<td valign=\"top\" width=\"109\"><strong>Job Family<\/strong><\/td>\n<td valign=\"top\" width=\"83\"><strong>Vincitori <\/strong><\/td>\n<td valign=\"top\" width=\"84\"><strong>Convocati all\u2019orale<\/strong><\/td>\n<td valign=\"top\" width=\"96\"><strong>Presenti alle prove scritte <\/strong><\/td>\n<td valign=\"top\" width=\"77\"><strong>Convocati alle prove scritte <\/strong><\/td>\n<td valign=\"top\" width=\"79\"><strong>Candidati<\/strong><\/td>\n<\/tr>\n<tr>\n<td valign=\"top\" width=\"109\">Administration<\/td>\n<td valign=\"top\" width=\"83\">\n<p align=\"right\">3<\/p>\n<\/td>\n<td valign=\"top\" width=\"84\">\n<p align=\"right\">4<\/p>\n<\/td>\n<td valign=\"top\" width=\"96\">\n<p align=\"right\">42<\/p>\n<\/td>\n<td valign=\"top\" width=\"77\">\n<p align=\"right\">49<\/p>\n<\/td>\n<td valign=\"top\" width=\"79\">\n<p align=\"right\">1361<\/p>\n<\/td>\n<\/tr>\n<tr>\n<td valign=\"top\" width=\"109\">Humanitarian Affairs<\/td>\n<td valign=\"top\" width=\"83\">\n<p align=\"right\">1<\/p>\n<\/td>\n<td valign=\"top\" width=\"84\">\n<p align=\"right\">1<\/p>\n<\/td>\n<td valign=\"top\" width=\"96\">\n<p align=\"right\">40<\/p>\n<\/td>\n<td valign=\"top\" width=\"77\">\n<p align=\"right\">46<\/p>\n<\/td>\n<td valign=\"top\" width=\"79\">\n<p align=\"right\">2927<\/p>\n<\/td>\n<\/tr>\n<tr>\n<td valign=\"top\" width=\"109\">Public Information<\/td>\n<td valign=\"top\" width=\"83\">\n<p align=\"right\">\n<\/td>\n<td valign=\"top\" width=\"84\">\n<p align=\"right\">\n<\/td>\n<td valign=\"top\" width=\"96\">\n<p align=\"right\">39<\/p>\n<\/td>\n<td valign=\"top\" width=\"77\">\n<p align=\"right\">41<\/p>\n<\/td>\n<td valign=\"top\" width=\"79\">\n<p align=\"right\">1152<\/p>\n<\/td>\n<\/tr>\n<tr>\n<td valign=\"top\" width=\"109\">Statistics<\/td>\n<td valign=\"top\" width=\"83\">\n<p align=\"right\">1<\/p>\n<\/td>\n<td valign=\"top\" width=\"84\">\n<p align=\"right\">1<\/p>\n<\/td>\n<td valign=\"top\" width=\"96\">\n<p align=\"right\">30<\/p>\n<\/td>\n<td valign=\"top\" width=\"77\">\n<p align=\"right\">40<\/p>\n<\/td>\n<td valign=\"top\" width=\"79\">\n<p align=\"right\">261<\/p>\n<\/td>\n<\/tr>\n<tr>\n<td valign=\"top\" width=\"109\"><strong>Total<\/strong><\/td>\n<td valign=\"top\" width=\"83\">\n<p align=\"right\"><strong>5<\/strong><\/p>\n<\/td>\n<td valign=\"top\" width=\"84\">\n<p align=\"right\"><strong>6<\/strong><\/p>\n<\/td>\n<td valign=\"top\" width=\"96\">\n<p align=\"right\"><strong>151<\/strong><\/p>\n<\/td>\n<td valign=\"top\" width=\"77\">\n<p align=\"right\"><strong>176<\/strong><\/p>\n<\/td>\n<td valign=\"top\" width=\"79\">\n<p align=\"right\"><strong>5701<\/strong><\/p>\n<\/td>\n<\/tr>\n<\/tbody>\n<\/table>\n","protected":false},"excerpt":{"rendered":"Anche quest\u2019anno i cittadini italiani, insieme a quelli di altri 78 paesi, potranno partecipare al concorso di accesso alle Nazioni Unite. Il concorso \u00e8 riservato ai cittadini dei paesi che sono considerati sottorappresentati rispetto ai contributi forniti all\u2019organizzazione. L\u2019Italia \u00e8 stata invitata a partecipare in virt\u00f9 del suo status di &#8220;sottorappresentazione&#8221; geografica al Segretariato ONU [&hellip;]","protected":false},"author":1,"featured_media":0,"parent":29546,"menu_order":3,"comment_status":"closed","ping_status":"closed","template":"","meta":{"footnotes":""},"class_list":["post-29556","page","type-page","status-publish","hentry"],"_links":{"self":[{"href":"https:\/\/www.esteri.it\/it\/wp-json\/wp\/v2\/pages\/29556","targetHints":{"allow":["GET"]}}],"collection":[{"href":"https:\/\/www.esteri.it\/it\/wp-json\/wp\/v2\/pages"}],"about":[{"href":"https:\/\/www.esteri.it\/it\/wp-json\/wp\/v2\/types\/page"}],"author":[{"embeddable":true,"href":"https:\/\/www.esteri.it\/it\/wp-json\/wp\/v2\/users\/1"}],"replies":[{"embeddable":true,"href":"https:\/\/www.esteri.it\/it\/wp-json\/wp\/v2\/comments?post=29556"}],"version-history":[{"count":0,"href":"https:\/\/www.esteri.it\/it\/wp-json\/wp\/v2\/pages\/29556\/revisions"}],"up":[{"embeddable":true,"href":"https:\/\/www.esteri.it\/it\/wp-json\/wp\/v2\/pages\/29546"}],"wp:attachment":[{"href":"https:\/\/www.esteri.it\/it\/wp-json\/wp\/v2\/media?parent=29556"}],"curies":[{"name":"wp","href":"https:\/\/api.w.org\/{rel}","templated":true}]}}