{"id":29558,"date":"2020-09-18T10:51:57","date_gmt":"2020-09-18T08:51:57","guid":{"rendered":"https:\/\/www.esteri.it\/opportunita\/nelle_oo_ii\/pergiovani\/fellowships-programme-2020-2021\/"},"modified":"2022-06-23T12:01:18","modified_gmt":"2022-06-23T10:01:18","slug":"fellowships-programme-2020-2021","status":"publish","type":"page","link":"https:\/\/www.esteri.it\/it\/servizi-opportunita\/opportunita\/nelle_oo_ii\/pergiovani\/fellowships-programme-2020-2021\/","title":{"rendered":"FELLOWSHIPS PROGRAMME 2020\/2021"},"content":{"rendered":"<p style=\"text-align: center;\" align=\"center\"><strong>FELLOWSHIPS PROGRAMME <\/strong><\/p>\n<p style=\"text-align: center;\" align=\"center\"><strong>FOR TECHNICAL COOPERATION CAPACITY BUILDING<\/strong><\/p>\n<p style=\"text-align: center;\" align=\"center\"><strong>AND HUMAN RESOURCES DEVELOPMENT<\/strong><\/p>\n<p style=\"text-align: justify;\"><strong>\u00a0<\/strong><\/p>\n<p style=\"text-align: justify;\">Il \u2018<i>Fellowships Programme for Technical Cooperation Capacity Building and Human Resources Development\u2019<\/i> \u00e8 un\u2019iniziativa finanziata dal Governo Italiano attraverso la Direzione Generale per la Cooperazione allo Sviluppo del Ministero degli Affari Esteri e della Cooperazione Internazionale (MAECI) e l\u2019Agenzia Italiana per la Cooperazione allo Sviluppo (AICS) e curata dal Dipartimento degli Affari Economici e Sociali delle Nazioni Unite (UN\/DESA).<\/p>\n<p style=\"text-align: justify;\">Il suo obiettivo \u00e8 offrire a giovani laureati che non abbiano superato i 28 anni di et\u00e0 la possibilit\u00e0 di svolgere un percorso di formazione professionale presso uffici di organizzazioni del sistema delle Nazioni Unite in paesi in via di sviluppo o presso sedi estere dell\u2019Agenzia Italiana per la Cooperazione allo Sviluppo. Le borse hanno la durata di quasi un anno e prevedono, prima dell\u2019assunzione dell\u2019incarico presso i paesi di destinazione, un corso di formazione di due settimane.<\/p>\n<p style=\"text-align: justify;\">Il <strong>Programma 2020-2021<\/strong> \u00e8 indicativamente articolato come segue:<\/p>\n<ul style=\"text-align: justify;\">\n<li>\u00a0\u00a0\u00a0 <i>maggio 2021<\/i>: corso di formazione<\/li>\n<li>\u00a0\u00a0\u00a0 <i>giugno 2021 \u2013 maggio 2022<\/i>: tirocinio presso uffici di organizzazioni del sistema delle Nazioni Unite in paesi in via di sviluppo o presso sedi estere dell\u2019AICS<\/li>\n<\/ul>\n<p style=\"text-align: justify;\">A causa della pandemia COVID-19 potrebbero verificarsi delle variazioni sia nella data di inizio della borsa sia nelle sue modalit\u00e0 di attuazione (in presenza presso le sedi di assegnazione o in modalit\u00e0 teleworking).<\/p>\n<p style=\"text-align: justify;\">Per poter partecipare al Programma \u00e8 necessario possedere i seguenti requisiti:<\/p>\n<ul style=\"text-align: justify;\">\n<li>\u00a0\u00a0\u00a0 essere nati il o dopo il 1\u00b0 gennaio 1992<\/li>\n<li>\u00a0\u00a0\u00a0 possedere la nazionalit\u00e0 italiana<\/li>\n<li>\u00a0\u00a0\u00a0 avere un\u2019ottima conoscenza della lingua inglese e italiana\n<ul>\n<li>\u00a0\u00a0\u00a0\u00a0\u00a0 avere ottenuto uno dei seguenti titoli accademici:<\/li>\n<\/ul>\n<\/li>\n<\/ul>\n<p style=\"text-align: justify;\">&#8211;\u00a0\u00a0 Laurea Specialistica\/Magistrale<\/p>\n<p style=\"text-align: justify;\">&#8211;\u00a0\u00a0 Laurea Magistrale a ciclo unico<\/p>\n<p style=\"text-align: justify;\">&#8211;\u00a0\u00a0 Laurea \/ Laurea Triennale accompagnata da un titolo di Master universitario<\/p>\n<p style=\"text-align: justify;\">&#8211;\u00a0\u00a0 <i>Bachelor\u2019s Degree<\/i> accompagnato da un titolo di Master universitario.<\/p>\n<p style=\"text-align: justify;\">Per informazioni dettagliate sulla preparazione della candidatura, verranno organizzati alcuni Webinar nelle date sotto indicate.\u00a0 Per partecipare \u00e8 necessaria la registrazione sul sito www.undesa.it<\/p>\n<ul style=\"text-align: justify;\">\n<li>\u00a0\u00a0\u00a0 24 settembre 2020 (17.00)<\/li>\n<li>\u00a0\u00a0\u00a0 29 settembre 2020 (16:00)<\/li>\n<li>\u00a0\u00a0\u00a0 05 ottobre 2020 (10:30)<\/li>\n<li>\u00a0\u00a0\u00a0 13 ottobre 2020 (10:30)<\/li>\n<li>\u00a0\u00a0\u00a0 21 ottobre 2020 (17:00)<\/li>\n<li>\u00a0\u00a0\u00a0 26 ottobre 2020 (10.30)<\/li>\n<\/ul>\n<p style=\"text-align: justify;\">La scadenza per l\u2019inoltro delle domande \u00e8 il <strong>30 ottobre 2020<\/strong> alle <strong>15:<\/strong><strong>00 <\/strong>(ora locale italiana). Le domande incomplete o pervenute in ritardo non saranno prese in considerazione.<\/p>\n<p style=\"text-align: justify;\">Le domande di partecipazione dovranno essere inviate online attraverso il sistema di \u2018<i>Online Web Application<\/i>\u2019 (OWA) dell\u2019ufficio UN\/DESA di Roma raggiungibile dal sito <a href=\"http:\/\/www.undesa.it\/index.php\/fellowships-programme\/how-to-apply\/\">www.undesa.it<\/a><\/p>\n<p style=\"text-align: justify;\">A causa dell\u2019elevato numero di candidature previste verranno contattati esclusivamente i candidati preselezionati.<\/p>\n<p style=\"text-align: justify;\">Per ulteriori informazioni consultare <a href=\"http:\/\/www.undesa.it\/index.php\/fellowships-programme\/how-to-apply\/\">www.undesa.it<\/a> o scrivere a fellowshipinfo@undesa.it<\/p>\n","protected":false},"excerpt":{"rendered":"FELLOWSHIPS PROGRAMME FOR TECHNICAL COOPERATION CAPACITY BUILDING AND HUMAN RESOURCES DEVELOPMENT \u00a0 Il \u2018Fellowships Programme for Technical Cooperation Capacity Building and Human Resources Development\u2019 \u00e8 un\u2019iniziativa finanziata dal Governo Italiano attraverso la Direzione Generale per la Cooperazione allo Sviluppo del Ministero degli Affari Esteri e della Cooperazione Internazionale (MAECI) e l\u2019Agenzia Italiana per la Cooperazione [&hellip;]","protected":false},"author":1,"featured_media":0,"parent":29546,"menu_order":4,"comment_status":"closed","ping_status":"closed","template":"","meta":{"footnotes":""},"class_list":["post-29558","page","type-page","status-publish","hentry"],"_links":{"self":[{"href":"https:\/\/www.esteri.it\/it\/wp-json\/wp\/v2\/pages\/29558","targetHints":{"allow":["GET"]}}],"collection":[{"href":"https:\/\/www.esteri.it\/it\/wp-json\/wp\/v2\/pages"}],"about":[{"href":"https:\/\/www.esteri.it\/it\/wp-json\/wp\/v2\/types\/page"}],"author":[{"embeddable":true,"href":"https:\/\/www.esteri.it\/it\/wp-json\/wp\/v2\/users\/1"}],"replies":[{"embeddable":true,"href":"https:\/\/www.esteri.it\/it\/wp-json\/wp\/v2\/comments?post=29558"}],"version-history":[{"count":1,"href":"https:\/\/www.esteri.it\/it\/wp-json\/wp\/v2\/pages\/29558\/revisions"}],"predecessor-version":[{"id":81162,"href":"https:\/\/www.esteri.it\/it\/wp-json\/wp\/v2\/pages\/29558\/revisions\/81162"}],"up":[{"embeddable":true,"href":"https:\/\/www.esteri.it\/it\/wp-json\/wp\/v2\/pages\/29546"}],"wp:attachment":[{"href":"https:\/\/www.esteri.it\/it\/wp-json\/wp\/v2\/media?parent=29558"}],"curies":[{"name":"wp","href":"https:\/\/api.w.org\/{rel}","templated":true}]}}