{"id":29602,"date":"2021-07-06T13:44:34","date_gmt":"2021-07-06T11:44:34","guid":{"rendered":"https:\/\/www.esteri.it\/?page_id=29602"},"modified":"2026-03-10T16:15:33","modified_gmt":"2026-03-10T15:15:33","slug":"osservatori_elettorali","status":"publish","type":"page","link":"https:\/\/www.esteri.it\/it\/servizi-opportunita\/opportunita\/nella_ue\/osservatori_elettorali\/","title":{"rendered":"Osservatori elettorali della Commissione europea"},"content":{"rendered":"<p>Le modalit\u00e0 e i criteri per la partecipazione all&#8217;attivit\u00e0 di monitoraggio elettorale, sono illustrati qui di seguito:<\/p>\n<ul>\n<li><a href=\"#commissione\">L&#8217;attivit\u00e0 di monitoraggio elettorale della Commissione Europea<\/a><\/li>\n<li><a href=\"#monitoraggio\">Il monitoraggio elettorale<\/a><\/li>\n<li><a href=\"#criteri\">Criteri di selezione degli osservatori<\/a><\/li>\n<li><a href=\"#requisiti\">Requisiti obbligatori per la partecipazione<\/a><\/li>\n<li><a href=\"#PresentazioneDomanda\">La presentazione della domanda<\/a><\/li>\n<li><a href=\"#selezione\">Il processo di selezione<\/a><\/li>\n<li><a href=\"#avvertenze\">Avvertenze<\/a><\/li>\n<li><a href=\"#progettoEods\">Progetto EODS<\/a><\/li>\n<li><a href=\"#missioni\">Missioni di Osservazione Elettorale<\/a><\/li>\n<\/ul>\n<p>&nbsp;<\/p>\n<p><strong><span id=\"commissione\"><\/span>L&#8217;attivit\u00e0 di monitoraggio elettorale della Commissione Europea<\/strong><\/p>\n<p>L&#8217;attivit\u00e0 di monitoraggio elettorale costituisce sempre di pi\u00f9 un&#8217;importante componente della politica dell&#8217;Unione Europea per la promozione dei diritti umani e della democratizzazione in tutto il mondo. Attraverso il monitoraggio elettorale l&#8217;UE fornisce assistenza tecnica nell&#8217;organizzazione delle elezioni e verifica al momento del voto il rispetto delle procedure elettorali e degli standard internazionali in materia.<\/p>\n<p>La Commissione UE ha adottato, con la <a title=\"Comunicazione 191 del 2000\" href=\"http:\/\/eur-lex.europa.eu\/LexUriServ\/LexUriServ.do?uri=CELEX:52000DC0191:EN:NOT\" target=\"_blank\" rel=\"noopener\">Comunicazione 191 del 2000<\/a>, delle linee guida sui requisiti richiesti per la partecipazione alle missioni UE di osservazione elettorale ed un codice di condotta per gli osservatori elettorali.<\/p>\n<p>&nbsp;<\/p>\n<p><strong><span id=\"monitoraggio\"><\/span><a title=\"Composizione delle Missioni di Osservazione Elettorale - Il monitoraggio elettorale\" href=\"https:\/\/ec.europa.eu\/fpi\/what-we-do\/election-observation-mission-democracy_en\">Composizione delle Missioni di Osservazione Elettorale &#8211; Il monitoraggio elettorale<\/a><\/strong><\/p>\n<p>Ciascuna missione \u00e8 composta da un &#8220;Core Team&#8221; e da Osservatori di Lungo Periodo (LTO) e di Breve Periodo (STO).<br \/>\nIl &#8220;Core Team&#8221; \u00e8 una squadra di osservatori esperti, ognuno con un compito specifico, che guida la missione. Gli esperti del Core Team sono scelti dalla Commissione UE sulla base della loro esperienza. Essi trasmettono direttamente a Bruxelles la propria candidatura, rispondendo alla cosiddetta &#8220;Call for Core Team&#8221; che compare sul sito della Commissione UE al seguente link:<a href=\"https:\/\/ec.europa.eu\/fpi\/what-we-do\/election-observation-mission-democracy_en\">https:\/\/ec.europa.eu\/fpi\/what-we-do\/election-observation-mission-democracy_en<\/a><\/p>\n<p>ed inviando lo &#8220;statement of availability&#8221; entro la scadenza indicata.<\/p>\n<p>Gli Osservatori di Lungo Periodo (Long Term Observers -LTOs) e quelli di Breve Periodo (Short Term Observers -STOs) vengono preselezionati e proposti alla Commissione UE dai Focal Point di ciascuno Stato membro.<\/p>\n<p>L&#8217;osservatore elettorale di breve periodo viene inviato in prossimit\u00e0 della data delle elezioni per monitorare le operazioni di voto e di scrutinio; l&#8217;osservatore elettorale di lungo periodo ha invece il compito di visionare l&#8217;intero processo elettorale, a partire indicativamente da un mese prima dell&#8217;inizio delle elezioni.<br \/>\nIl monitoraggio elettorale, dunque, \u00e8 una attivit\u00e0 che non si limita ai soli giorni immediatamente a ridosso delle elezioni, ma riguarda un periodo di tempo molto pi\u00f9 ampio, che copre sia la fase pre-elettorale che quella post-elettorale.<\/p>\n<p>Per maggiori informazioni si raccomanda di consultare il sito della Commissione Europea alla pagina: <a href=\"https:\/\/www.eeas.europa.eu\/eeas\/eu-election-observation-missions-1_en\">https:\/\/www.eeas.europa.eu\/eeas\/eu-election-observation-missions-1_en<\/a><\/p>\n<p>&nbsp;<\/p>\n<p><span id=\"criteri\"><\/span><strong>Criteri di selezione degli osservatori LTO e STO<\/strong><\/p>\n<p>La selezione dei candidati per la partecipazione alle missioni di osservazione elettorale dell&#8217;UE segue una serie di criteri al fine di selezionare osservatori che abbiano degli elevati requisiti professionali.<\/p>\n<p>Tali criteri saranno qui di seguito analizzati. Si osserva tuttavia che essi rappresentano criteri di selezione dell&#8217;UE e che pertanto non devono necessariamente essere intesi come criteri di selezione per gli osservatori di missioni di altre organizzazioni internazionali (ONU, OSCE).<\/p>\n<p>&nbsp;<\/p>\n<p><strong><a id=\"requisiti\" name=\"requisiti\"><\/a>Requisiti obbligatori per la partecipazione<\/strong><\/p>\n<p>&nbsp;<\/p>\n<p>I) Tutti i candidati alle missioni di osservazione elettorale dell&#8217;UE, siano esse missioni di breve o lungo termine, devono rispondere ai seguenti requisiti minimi descritti nella Comunicazione della Commissione n. 191 del 2000:<\/p>\n<p>&#8211; precedente esperienza di monitoraggio elettorale e\/o altre rilevanti esperienze o conoscenza e formazione specifica, nazionale e\/o internazionale di lavoro;<\/p>\n<p>(N.B. Nella procedura di pre-selezione dei candidati da sottoporre alla Commissione europea, l&#8217;ufficio preposto del Ministero Affari Esteri \u00e8 impegnato, ma non obbligato, ad individuare sempre almeno un esordiente);<\/p>\n<p>&#8211; ottima conoscenza delle lingue di lavoro della missione;<br \/>\n&#8211; capacit\u00e0 interpersonali (es. capacit\u00e0 di giudizio, capacit\u00e0 di lavoro in gruppo, abilit\u00e0 ad affrontare situazioni difficili, rispetto delle abitudini locali, buona capacit\u00e0 di comunicare, prontezza a lavorare in un ambiente multiculturale);<br \/>\n&#8211; capacit\u00e0 di mantenere imparzialit\u00e0 ed autonomia professionale nello svolgere i propri compiti nel Paese ospitante;<br \/>\n&#8211; dimostrato impegno a favore della democrazia e dei diritti umani;<br \/>\n&#8211; cittadinanza italiana per i candidati alle posizioni di STO ed LTO, per i quali \u00e8 prevista la preselezione da parte del MAECI.<\/p>\n<p>II) I seguenti criteri addizionali sono presi in considerazione per la selezione degli osservatori di lungo termine:<\/p>\n<p>&#8211; familiarit\u00e0 ed esperienza con le leggi e le procedure elettorali;<br \/>\n&#8211; speciale conoscenza dei diritti umani e delle questioni di democratizzazione;<br \/>\n&#8211; conoscenza base degli aspetti istituzionali dell&#8217;UE;<br \/>\n&#8211; capacit\u00e0 analitiche e redazionali.<br \/>\n&#8211; esperienza di formazione ed istruzione ad altre persone;<br \/>\n&#8211; abilit\u00e0 ad organizzare e coordinare gruppi.<\/p>\n<p>IV) I requisiti relativi alle specifiche missioni possono includere:<\/p>\n<p>&#8211; conoscenza del Paese o della regione interessata dalla missione di osservazione elettorale e della situazione interna;<br \/>\n&#8211; conoscenza delle principali lingue, ad esempio della lingua ufficiale del Paese ospitante;<br \/>\n&#8211; indipendenza dalle autorit\u00e0 del Paese ospitante e dai gruppi o partiti partecipanti alle elezioni, &#8211; mancanza di pregiudizi o preferenze nei confronti dei partiti o dei candidati o di qualsiasi altra personalit\u00e0 coinvolta nel processo elettorale;<br \/>\n&#8211; condizioni fisiche appropriate.<\/p>\n<p>A parit\u00e0 di altri requisiti, sono ritenute in massima considerazione la frequenza di corsi di formazione per l&#8217;osservazione elettorale e la flessibilit\u00e0 delle date di disponibilit\u00e0 per il dispiegamento in teatro,specificate dal candidato nel Roster.<\/p>\n<p>&nbsp;<\/p>\n<p><strong><span id=\"PresentazioneDomanda\"><\/span>La presentazione della domanda<\/strong><\/p>\n<p>Gli interessati dovranno:<\/p>\n<p>1. registrare il proprio Curriculum Vitae\u00a0nella Banca Dati dei candidati a svolgere funzioni di osservatori elettorali per l&#8217;UE (c.d. <a title=\"Roster unico europeo\" href=\"https:\/\/webgate.ec.europa.eu\/cas\/login?loginRequestId=ECAS_LR-11785688-wJQCGKtXFiJY79m6zHjKnBqMeSQwvijkknn4QeHzfs5WARfRVLszXedvvmbQ23NTxUs9PAVfd3hB29QaxoR1Wdm-jpJZscgsw0KDt6U4kwYLiK-zaQgh5787rqLdodzuH4EBgOWVLjdlCuJzwtmzxzuqxyhaVyq4IVZVFyoQkVK3JmwUO5DFN9zieM0p3mOdSYcwM6G\">Roster unico europeo<\/a>);<\/p>\n<p>2. monitorare regolarmente il sito del Ministero Affari Esteri e della Cooperazione Internazionale nel quale vengono pubblicizzate di volta in volta le missioni di osservazione elettorale dell&#8217;UE (vedi sotto alla voce &#8220;missioni&#8221;);<\/p>\n<p>3. individuata la missione di proprio interesse, leggere attentamente i requisiti richiesti nel bando della missione ed inviare la propria candidatura (indicando il proprio numero di registrazione nel Roster) al seguente indirizzo di posta elettronica: <a href=\"mailto:dgap11@esteri.it\">dgap11@esteri.it<\/a> .<\/p>\n<p>\u00c8\u00a0necessario che il candidato nella propria comunicazione specifichi se desidera proporsi come &#8220;long term observer&#8221; (LTO) o &#8220;short term observer&#8221; (STO), in quanto non \u00e8 possibile candidarsi per entrambe le posizioni.<\/p>\n<p>Si raccomanda agli interessati di non inviare alcun Curriculum in allegato alla candidatura, ma di tenere sempre aggiornato il proprio Curriculum sul Roster UE, in quanto sia la preselezione, da parte di questo Ministero degli Affari Esteri e della Cooperazione Internazionale, che la selezione definitiva da parte della Commissione Europea, avviene ESCLUSIVAMENTE sulla base dei dati indicati nel Roster.<\/p>\n<p>&nbsp;<\/p>\n<p><strong><span id=\"selezione\"><\/span>Il processo di selezione<\/strong><\/p>\n<p>L\u2019Ufficio XI del Corrispondente Europeo della Direzione Generale per gli Affari Esteri e la Sicurezza Internazionale (DGAP) del MAECI svolge la prima selezione dei candidati, vagliando i &#8220;Curricula&#8221; contenuti nel Roster UE ed assicurandosi che siano rispondenti ai requisiti richiesti.<\/p>\n<p>Il MAECI si riserva di contattare personalmente i singoli richiedenti per verificare ed accertare le notizie fornite nonch\u00e9, se ritenuto necessario, per un colloquio individuale.<\/p>\n<p>Le domande di coloro che risultano idonei vengono inserite nell&#8217;apposita banca dati come &#8216;shortlist Italia&#8217; e sono prese in considerazione dalla Commissione Europea nel corso delle procedure di seconda selezione del personale da inviare nelle missioni di monitoraggio elettorale della UE.<\/p>\n<p>Pertanto, l&#8217; Ufficio XI della DGAP del MAECI svolge solo la prima selezione dei candidati, mentre la selezione definitiva \u00e8 compiuta dalla Commissione dell&#8217;Unione Europea. Tutti i candidati italiani pre-selezionati da questo Ministero, al termine della selezione definitiva operata dalla Commissione Europea, riceveranno una comunicazione tramite posta elettronica dalla suddetta Commissione dell&#8217;UE, che li informer\u00e0 dell&#8217;esito finale della selezione.<\/p>\n<p>(N.B. Per la selezione definitiva degli osservatori fa fede SOLTANTO la comunicazione elettronica da parte della Commissione. Tutte le indicazioni riepilogative inserite in questa pagina web hanno mero valore informativo.)<\/p>\n<p>In occasione delle preselezioni, il Ministero degli Affari Esteri e della Cooperazione Internazionale applicher\u00e0 il principio della rotazione, oltre alla verifica dei requisiti fissati nei bandi della Commissione Europea.<\/p>\n<p><strong><span id=\"avvertenze\"><\/span>Avvertenze<\/strong><\/p>\n<p>La presentazione di una domanda al Ministero degli Affari Esteri e della Cooperazione Internazionale non offre alcuna garanzia di essere effettivamente selezionati per svolgere funzioni di osservatori elettorali UE.<\/p>\n<p>Per gli osservatori italiani che partecipano alle operazioni di monitoraggio elettorale in ambito UE \u00e8 previsto il trattamento economico a carico della Commissione UE. Nel processo di selezione degli osservatori, il MAE agisce nel pieno rispetto delle pari opportunit\u00e0.<\/p>\n<p>Prima della partenza, si invitano gli osservatori elettorali selezionati a visitare il sito &#8220;viaggiare sicuri&#8221;, il servizio del Ministero degli Affari Esteri e della Cooperazione Internazionale che informa sulle condizioni di viaggio all&#8217;estero, dove si potranno reperire tutte le informazioni su centri di vaccinazione in Italia, elenchi delle Rappresentanze italiane all&#8217;estero, necessit\u00e0 di visto, tassi di cambio e sicurezza.<\/p>\n<p>Il Ministero raccomanda inoltre che tutti gli osservatori italiani selezionati dalla Commissione Europea si registrino prima della partenza per la missione nel sito web &#8220;dove siamo nel mondo&#8221;, inserendo tutte le informazioni richieste ed in particolare i recapiti telefonici.<\/p>\n<p><span id=\"missioni\"><\/span><strong>Missioni di Osservazione Elettorale &#8211; <a href=\"https:\/\/www.esteri.it\/it\/servizi-opportunita\/opportunita\/nella_ue\/missioni-di-osservazione-elettorale-sezione-archivio-bandi\/\">sezione Archivio Bandi<\/a><\/strong><\/p>\n<p>&nbsp;<\/p>\n<div class=\"table-responsive table-bordered\">\n<table id=\"Table1\" class=\"tblComLegali table\" summary=\"Missioni di Osservazione Elettorale - Ecuador\">\n<tbody>\n<tr>\n<th style=\"width: 115px;\" scope=\"col\">Paese<\/th>\n<th style=\"width: 170px;\" scope=\"col\">Data elezioni<\/th>\n<th style=\"width: 192px;\" scope=\"col\">Tipo elezioni<\/th>\n<th style=\"width: 177px;\" scope=\"col\">Termine invio candidature<\/th>\n<\/tr>\n<\/tbody>\n<tbody>\n<tr>\n<td rowspan=\"2\">Repubblica del Libano<\/td>\n<td>10 maggio 2026<\/td>\n<td>Elezioni politiche<\/td>\n<td>MISSIONE CANCELLATA<br \/>\n27.02.2026 (ore 12:00)<\/p>\n<p><a href=\"https:\/\/www.esteri.it\/wp-content\/uploads\/2026\/02\/Call-observers_EOM-Lebanon-2026-10-May.pdf\">Circa<\/a><br \/>\n<a href=\"https:\/\/www.esteri.it\/wp-content\/uploads\/2026\/02\/Annex-I.D-ToR-Observers_EOM-Lebanon-2026-10-May-1.pdf\">Info<\/a><\/td>\n<\/tr>\n<tr>\n<td colspan=\"3\">&nbsp;<\/p>\n<p><strong>Indirizzi mail per invio delle candidature:<br \/>\n<\/strong><strong><em><u><a href=\"mailto:dgap11@esteri.it\">dgap11@esteri.it<\/a>; <a href=\"mailto:pietro.franceschini@esteri.it\">pietro.franceschini@esteri.it<\/a>; <a href=\"mailto:paola.mengarda@esteri.it\">paola.mengarda@esteri.it<\/a>;<br \/>\n<\/u><\/em><\/strong><\/p>\n<p><strong><em><u><strong><br \/>\n<\/strong><\/u><strong>AVVISO: Si consiglia di applicare l\u2019opzione \u201crichiedi conferma lettura\u201d alla mail di richiesta di candidatura.<\/strong><\/em><\/strong><\/p>\n<p><strong>N.B. Tutti i candidati dovranno possedere eccellenti condizioni fisiche e di buona salute. Per quanto riguarda le informazioni e le istruzioni sanitarie \u00e8 necessario far riferimento anche al sito del Ministero della Salute ed al link &#8220;viaggiare sicuri&#8221; di questo Ministero.<br \/>\nSi richiede altres\u00ec la piena disponibilit\u00e0 per l\u2019intero periodo della missione, tenendo in considerazione che le date di inizio e fine missione potrebbero subire variazioni. Il lasso di tempo intercorrente tra la notifica della selezione e la data del dispiegamento potrebbe essere molto ridotto. La disponibilit\u00e0 a coprire l\u2019intero periodo deve essere espressa al momento dell\u2019invio della candidatura.<\/strong><\/p>\n<p><strong>Si invita tutti i candidati interessati a leggere il Codice di Condotta, dell\u2019allegata <em>Call for Candidatures<\/em>.<\/strong><\/p>\n<p><strong>Si ricorda a tutti i candidati di aggiornare il proprio CV sul Roster prima di inviare la candidatura.<\/strong><\/p>\n<p><strong>LINGUE RICHIESTE: INGLESE C1, conoscenza della lingua francese sar\u00e0 considerata una requisito in pi\u00f9. Il livello della conoscenza linguistica potr\u00e0 essere verificato attraverso delle interviste telefoniche durante il processo di selezione.<\/strong><\/p>\n<p>&nbsp;<\/td>\n<\/tr>\n<tr>\n<td rowspan=\"2\">Repubblica del Per\u00f9<\/td>\n<td>12 aprile 2026,con un possibile secondo turno il 7 giugno 2026<\/td>\n<td>Elezioni politiche<\/td>\n<td>24.12.2025 (ore 12:00)<\/p>\n<p><a href=\"https:\/\/www.esteri.it\/wp-content\/uploads\/2025\/12\/Call-Observers-EOM-Peru-2026.pdf\">Circa<\/a><br \/>\n<a href=\"https:\/\/www.esteri.it\/wp-content\/uploads\/2025\/12\/Annex-I.D_ToR-Observers_EOM-Peru-2026.pdf\">Info<\/a><br \/>\n<a href=\"https:\/\/www.esteri.it\/wp-content\/uploads\/2026\/01\/Statistiche-e-risultati-EOM-Peru.pdf\">Statistiche e risultati<\/a><\/td>\n<\/tr>\n<tr>\n<td colspan=\"3\">&nbsp;<\/p>\n<p><strong>Indirizzi mail per invio delle candidature:<br \/>\n<\/strong><strong><em><u><a href=\"mailto:dgap.unita-pesc-psdc@esteri.it\">dgap.unita-pesc-psdc@esteri.it<\/a>; <a href=\"mailto:angela.loconsole@esteri.it\">angela.loconsole@esteri.it<\/a>; <a href=\"mailto:pietro.franceschini@esteri.it\">pietro.franceschini@esteri.it<\/a>; <a href=\"mailto:paola.mengarda@esteri.it\">paola.mengarda@esteri.it<\/a>; <a href=\"mailto:paola.saviano@esteri.it\">paola.saviano@esteri.it<\/a>;<\/u><\/em><\/strong><\/p>\n<p><strong>AVVISO: Si consiglia di applicare l\u2019opzione \u201crichiedi conferma lettura\u201d alla mail di richiesta di candidatura.<\/strong><\/p>\n<p><strong>N.B.\u00a0 Tutti i candidati dovranno possedere eccellenti condizioni fisiche e di buona salute. Per quanto riguarda le informazioni e le istruzioni sanitarie \u00e8 necessario far riferimento anche al sito del Ministero della Salute ed al link &#8220;viaggiare sicuri&#8221; di questo Ministero.\u00a0<\/strong><\/p>\n<p><strong>Si richiede altres\u00ec la piena disponibilit\u00e0 per l\u2019intero periodo della missione, tenendo in considerazione che le date di inizio e fine missione potrebbero subire variazioni. Il lasso di tempo intercorrente tra la notifica della selezione e la data del dispiegamento potrebbe essere molto ridotto. La disponibilit\u00e0 a coprire l\u2019intero periodo deve essere espressa al momento dell\u2019invio della candidatura.<\/strong><\/p>\n<p><strong>Si invita tutti i candidati interessati a leggere il Codice di Condotta, pag. 6 e ss. dell\u2019allegata <em>Call for Candidatures<\/em>.<\/strong><\/p>\n<p><strong>Si ricorda a tutti i candidati di aggiornare il proprio CV sul Roster prima di inviare la candidatura.<\/strong><\/p>\n<p><strong>LINGUE RICHIESTE: INGLESE C1, SPAGNOLO C1. Il livello della conoscenza linguistica potr\u00e0 essere verificato attraverso delle interviste telefoniche durante il processo di selezione.<\/strong><\/p>\n<p>&nbsp;<\/td>\n<\/tr>\n<tr>\n<td rowspan=\"2\">Bangladesh<\/td>\n<td>febbraio 2026 (selezione sottoposta a condizione sospensiva, <strong>si rimanda a un\u2019attenta lettura del bando<\/strong>)<\/td>\n<td>Elezioni di met\u00e0 mandato<\/td>\n<td>24.11.2025 (ore 23:59)<\/p>\n<p><a href=\"https:\/\/www.esteri.it\/wp-content\/uploads\/2025\/11\/Call-for-Observers_EOM-Bangladesh-2026.pdf\">Circa<\/a><br \/>\n<a href=\"https:\/\/www.esteri.it\/wp-content\/uploads\/2025\/11\/ToR-Observers_EOM-Bangladesh-2026.pdf\">Info<\/a><br \/>\n<a href=\"https:\/\/www.esteri.it\/wp-content\/uploads\/2025\/11\/Ethical-Guidelines-to-CoC-for-EU-observers.pdf\">Ethical Guidelines<\/a><br \/>\n<a href=\"https:\/\/www.esteri.it\/wp-content\/uploads\/2026\/01\/Statistiche-e-risultati-EOM-Bangladesh.pdf\">Statistiche e risultati<\/a><\/td>\n<\/tr>\n<tr>\n<td colspan=\"3\">&nbsp;<\/p>\n<p><strong>Indirizzi mail per invio delle candidature:<br \/>\n<\/strong><a href=\"mailto:dgap.unita-pesc-psdc@esteri.it\"><strong><em>dgap.unita-pesc-psdc@esteri.it<\/em><\/strong><\/a>; <strong><em><u><a href=\"mailto:angela.loconsole@esteri.it\">angela.loconsole@esteri.it<\/a><\/u><\/em><\/strong>;<br \/>\n<a href=\"mailto:pietro.franceschini@esteri.it\"><strong><em><u>pietro.franceschini@esteri.it<\/u><\/em><\/strong><\/a>;\u00a0<span style=\"text-decoration: underline;\"><em><strong><a href=\"mailto:paola.mengarda@esteri.it\">paola.mengarda@esteri.it<\/a><\/strong><\/em><\/span>; <strong><em><u><a href=\"mailto:paola.saviano@esteri.it\">paola.saviano@esteri.it<\/a>;<\/u><\/em><\/strong><\/p>\n<p><strong>AVVISO: <em>Si consiglia di applicare l\u2019opzione \u201crichiedi conferma lettura\u201d alla mail di richiesta di candidatura.<\/em><\/strong><\/p>\n<p><strong><em>N.B. <\/em><em>Tutti i candidati dovranno possedere <span style=\"text-decoration: underline;\">eccellenti condizioni fisiche<\/span> e di <span style=\"text-decoration: underline;\">buona salute<\/span>. Per quanto riguarda le informazioni e le istruzioni sanitarie \u00e8 necessario far riferimento anche al sito del Ministero della Salute ed al link &#8220;viaggiare sicuri&#8221; di questo Ministero.\u00a0<\/em><\/strong><\/p>\n<p><strong><em>Si richiede altres\u00ec la piena disponibilit\u00e0 per l\u2019intero periodo della missione, tenendo in considerazione che le date di inizio e fine missione potrebbero subire variazioni. Il lasso di tempo intercorrente tra la notifica della selezione e la data del dispiegamento potrebbe essere molto ridotto. La disponibilit\u00e0 a coprire l\u2019intero periodo deve essere espressa al momento dell\u2019invio della candidatura.<\/em><\/strong><\/p>\n<p><strong><em>Si invita tutti i candidati interessati a leggere il Codice di Condotta, pag. 6 e ss. dell\u2019allegata Call for Candidatures.<\/em><\/strong><\/p>\n<p><strong><em><span style=\"text-decoration: underline;\">Si ricorda a tutti i candidati di aggiornare il proprio CV sul Roster prima di inviare la candidatura<\/span>.<\/em><\/strong><\/p>\n<p><strong><em>LINGUE RICHIESTE:\u00a0<\/em>INGLESE C1. Il livello della conoscenza linguistica potr\u00e0 essere verificato attraverso delle interviste telefoniche durante il processo di selezione.<\/strong><\/p>\n<p>&nbsp;<\/td>\n<\/tr>\n<tr>\n<td rowspan=\"2\">Repubblica di Colombia<\/td>\n<td>8 marzo 2026 (elezioni politiche), 31 maggio 2026 \u00a0(elezioni presidenziali, con possibile secondo turno il 21 giugno)<\/td>\n<td>Elezioni politiche, elezioni presidenziali<\/td>\n<td>24.11.2025 (ore 23:59)<\/p>\n<p><a href=\"https:\/\/www.esteri.it\/wp-content\/uploads\/2025\/11\/Call-Observers-EOM-Colombia-2026.pdf\">Circa<\/a><br \/>\n<a href=\"https:\/\/www.esteri.it\/wp-content\/uploads\/2025\/11\/Annex-I.D_ToR-Observers_EOM-Colombia-2026.pdf\">Info<\/a><br \/>\n<a href=\"https:\/\/www.esteri.it\/wp-content\/uploads\/2025\/11\/Ethical-Guidelines-to-CoC-for-EU-observers-2022-2024-FINAL.pdf\">Ethical Guidelines<\/a><br \/>\n<a href=\"https:\/\/www.esteri.it\/wp-content\/uploads\/2026\/01\/Statistiche-e-risultati-EOM-Colombia.pdf\">Statistiche e risultati<\/a><\/td>\n<\/tr>\n<tr>\n<td colspan=\"3\">&nbsp;<\/p>\n<p><strong>Indirizzi mail per invio delle candidature:<br \/>\n<\/strong><a href=\"mailto:dgap.unita-pesc-psdc@esteri.it\"><strong><em>dgap.unita-pesc-psdc@esteri.it<\/em><\/strong><\/a>; <strong><em><u><a href=\"mailto:angela.loconsole@esteri.it\">angela.loconsole@esteri.it<\/a>; <a href=\"mailto:paola.mengarda@esteri.it\">paola.mengarda@esteri.it<\/a>; <\/u><\/em><\/strong><strong><em><u><a href=\"mailto:paola.saviano@esteri.it\">paola.saviano@esteri.it<\/a>;<\/u><\/em><\/strong><\/p>\n<p><strong>AVVISO:\u00a0<em>Si consiglia di applicare l\u2019opzione \u201crichiedi conferma lettura\u201d alla mail di richiesta di candidatura.<\/em><\/strong><\/p>\n<p><strong><em>N.B.\u00a0<\/em>Tutti i candidati dovranno possedere <span style=\"text-decoration: underline;\">eccellenti condizioni fisiche<\/span> e di<span style=\"text-decoration: underline;\"> buona salute<\/span>. Per quanto riguarda le informazioni e le istruzioni sanitarie \u00e8 necessario far riferimento anche al sito del Ministero della Salute ed al link &#8220;viaggiare sicuri&#8221; di questo Ministero.\u00a0<\/strong><\/p>\n<p><strong>Si richiede altres\u00ec la piena disponibilit\u00e0 per l\u2019intero periodo della missione, tenendo in considerazione che le date di inizio e fine missione potrebbero subire variazioni. Il lasso di tempo intercorrente tra la notifica della selezione e la data del dispiegamento potrebbe essere molto ridotto. La disponibilit\u00e0 a coprire l\u2019intero periodo deve essere espressa al momento dell\u2019invio della candidatura.<\/strong><\/p>\n<p><strong>Si invita tutti i candidati interessati a leggere il Codice di Condotta, pag. 6 e ss. dell\u2019allegata <em>Call for Candidatures<\/em>.<\/strong><\/p>\n<p><span style=\"text-decoration: underline;\"><strong>Si ricorda a tutti i candidati di aggiornare il proprio CV sul Roster prima di inviare la candidatura.<\/strong><\/span><\/p>\n<p><strong><em>LINGUE RICHIESTE:\u00a0<\/em>INGLESE C1, SPAGNOLO C1. Il livello della conoscenza linguistica potr\u00e0 essere verificato attraverso delle interviste telefoniche durante il processo di selezione.<\/strong><\/p>\n<p>&nbsp;<\/td>\n<\/tr>\n<\/tbody>\n<\/table>\n<\/div>\n","protected":false},"excerpt":{"rendered":"Le modalit\u00e0 e i criteri per la partecipazione all&#8217;attivit\u00e0 di monitoraggio elettorale, sono illustrati qui di seguito: L&#8217;attivit\u00e0 di monitoraggio elettorale della Commissione Europea Il monitoraggio elettorale Criteri di selezione degli osservatori Requisiti obbligatori per la partecipazione La presentazione della domanda Il processo di selezione Avvertenze Progetto EODS Missioni di Osservazione Elettorale &nbsp; L&#8217;attivit\u00e0 di [&hellip;]","protected":false},"author":1,"featured_media":0,"parent":29409,"menu_order":4,"comment_status":"closed","ping_status":"closed","template":"","meta":{"footnotes":""},"class_list":["post-29602","page","type-page","status-publish","hentry"],"_links":{"self":[{"href":"https:\/\/www.esteri.it\/it\/wp-json\/wp\/v2\/pages\/29602","targetHints":{"allow":["GET"]}}],"collection":[{"href":"https:\/\/www.esteri.it\/it\/wp-json\/wp\/v2\/pages"}],"about":[{"href":"https:\/\/www.esteri.it\/it\/wp-json\/wp\/v2\/types\/page"}],"author":[{"embeddable":true,"href":"https:\/\/www.esteri.it\/it\/wp-json\/wp\/v2\/users\/1"}],"replies":[{"embeddable":true,"href":"https:\/\/www.esteri.it\/it\/wp-json\/wp\/v2\/comments?post=29602"}],"version-history":[{"count":29,"href":"https:\/\/www.esteri.it\/it\/wp-json\/wp\/v2\/pages\/29602\/revisions"}],"predecessor-version":[{"id":179110,"href":"https:\/\/www.esteri.it\/it\/wp-json\/wp\/v2\/pages\/29602\/revisions\/179110"}],"up":[{"embeddable":true,"href":"https:\/\/www.esteri.it\/it\/wp-json\/wp\/v2\/pages\/29409"}],"wp:attachment":[{"href":"https:\/\/www.esteri.it\/it\/wp-json\/wp\/v2\/media?parent=29602"}],"curies":[{"name":"wp","href":"https:\/\/api.w.org\/{rel}","templated":true}]}}