{"id":29629,"date":"2021-07-07T11:21:50","date_gmt":"2021-07-07T09:21:50","guid":{"rendered":"https:\/\/www.esteri.it\/?page_id=29629"},"modified":"2026-01-08T12:36:17","modified_gmt":"2026-01-08T11:36:17","slug":"espertinazionalidistaccati","status":"publish","type":"page","link":"https:\/\/www.esteri.it\/it\/servizi-opportunita\/opportunita\/nella_ue\/opportunita_per_dipendenti_pubblici\/espertinazionalidistaccati\/","title":{"rendered":"Gli Esperti Nazionali Distaccati (END)"},"content":{"rendered":"<p id=\"rif1\"><strong>Quadro di riferimento<\/strong><\/p>\n<p>I funzionari della pubblica amministrazione dei Paesi membri dell\u2019UE hanno la possibilit\u00e0 di effettuare un periodo di distacco in qualit\u00e0 di Esperto Nazionale Distaccato presso le Istituzioni, gli Organi e gli Organismi dell\u2019Unione Europa. L\u2019istituto dell\u2019END consente ai funzionari di realizzare un\u2019esperienza lavorativa e professionale presso l\u2019UE permettendo allo stesso tempo a quest\u2019ultima di beneficiare di conoscenze ed esperienze professionali qualificate.<\/p>\n<p>L\u2019istituto dell\u2019Esperto Nazionale Distaccato \u00e8 disciplinato da normativa emanata in materia dalle singole Istituzioni, Organi e Organismi. In caso di candidature per posizioni END \u00e8 quindi necessario far riferimento alla specifica normativa in materia emanata dalla relativa Istituzione oppure Organo o Organismo.<\/p>\n<p>Si riportano di seguito informazioni di carattere generale per quanto concerne i distacchi END presso la Commissione europea, che sono disciplinati dalla Decisione C (2008) 6866 del 12 novembre 2008. Le normative che regolano la figura dell\u2019END presso altre Istituzioni, Organi ed Organismi sono in linea di massima simili a predetta Decisione C(2008) 6966.<\/p>\n<p>L&#8217;END \u00e8, di norma, un funzionario esperto nel proprio settore professionale, in servizio retribuito presso un&#8217;amministrazione pubblica centrale, regionale o locale del proprio Paese. La durata del distacco non pu\u00f2 essere inferiore a sei mesi n\u00e9 superiore a due anni con possibilit\u00e0 di proroga fino a quattro anni. In casi eccezionali possono essere concesse proroghe per un massimo di due anni supplementari al termine dei 4 anni. Un funzionario che abbia gi\u00e0 effettuato un periodo di distacco presso la Commissione, pu\u00f2 essere nuovamente distaccato: se il primo periodo di distacco \u00e8 stato della durata di quattro anni, \u00e8 necessario che siano trascorsi sei anni tra la fine del primo distacco ed il nuovo distacco; se il primo periodo di distacco \u00e8 stato inferiore ai quattro anni, un nuovo distacco pu\u00f2 avvenire senza un limite di intervallo temporale, ma in tal caso il nuovo distacco non pu\u00f2 superare la parte residua dei quattro anni.<\/p>\n<p>Durante il distacco la Commissione non diviene datore di lavoro dell&#8217;END, il quale resta alle dipendenze della propria amministrazione di origine, che deve garantirne la retribuzione economica, le prestazioni di sicurezza sociale e lo svolgimento della carriera professionale, mentre la Commissione si fa carico dell\u2019assicurazione per infortuni sul lavoro. Pertanto l\u2019amministrazione di appartenenza deve rilasciare un apposito nulla osta, dal quale risulti l&#8217;esplicito assenso al distacco del funzionario presso i servizi della Commissione. L&#8217;END esercita le sue funzioni a tempo pieno esclusivamente nell&#8217;interesse della Commissione ed \u00e8 gerarchicamente inquadrato nel servizio cui \u00e8 assegnato. La Commissione resta l&#8217;unica responsabile per l&#8217;approvazione dei compiti svolti dall&#8217;END, nonch\u00e9 per la firma degli atti che ne derivano.<\/p>\n<p>L&#8217;END pu\u00f2 percepire, oltre alla propria retribuzione in Italia, un&#8217;indennit\u00e0 giornaliera di missione (c.d. indennit\u00e0 di soggiorno) che corrisponde a circa 160 Euro e una indennit\u00e0 mensile calcolata sulla base della distanza in chilometri tra la sede di origine e quella di distacco e corrisposta solo se tale distanza supera i 150km. Entrambe le indennit\u00e0 non sono rilevanti ai fini pensionistici. Sono tuttavia anche previsti distacchi END \u201csenza spese\u201d come da Titolo I, Capo I, Art. 2 della Decisione della Commissione no. 6866 del 12.11.2008.<\/p>\n<p>Per essere distaccato presso i servizi della Commissione europea, l&#8217;END deve essere in servizio presso la propria amministrazione da almeno 12 mesi e deve aver maturato un&#8217;esperienza professionale di almeno tre anni a tempo pieno nell&#8217;esercizio di funzioni amministrative, scientifiche, tecniche, di consulenza o di supervisione equivalenti a quelle delle categorie AD o AST, come definite dallo Statuto dei Funzionari dell\u2019Unione Europea. \u00c8 richiesta una conoscenza approfondita di una delle lingue dell\u2019UE ed una conoscenza soddisfacente di un\u2019altra lingua comunitaria, nella misura necessaria alle funzioni da svolgere. Per la descrizione delle mansioni e per il dettaglio dei requisiti professionali e linguistici \u00e8 necessario fare riferimento ad ogni specifico bando.<\/p>\n<p>Decreto del Presidente del Consiglio dei Ministri, 30 ottobre 2014, no. 184, recante \u201cRegolamento di attuazione relativo ai distacchi di personale della pubblica amministrazione presso l\u2019Unione Europea, le organizzazioni internazionali o Stati esteri\u201d<\/p>\n<p>Il regolamento, in vigore dal 30 dicembre 2014, fissa i principi che concorrono a un migliore utilizzo dell\u2019istituto del distacco di Esperti Nazionali con la finalit\u00e0 di valorizzare al massimo l\u2019investimento effettuato tramite tale strumento, in un\u2019ottica di Sistema Paese. Tale obiettivo si concretizza assicurando un\u2019adeguata programmazione strategica dei distacchi, il dialogo costante tra amministrazioni di appartenenza e funzionari in distacco, la valorizzazione delle competenze e conoscenze acquisite dall\u2019END in fase di reinserimento nelle amministrazioni di appartenenza al termine del distacco e l\u2019introduzione di un titolo preferenziale valutabile per gli avanzamenti di carriera.<\/p>\n<p>Il Regolamento prevede la costituzione, presso il Ministero degli Affari Esteri e della Cooperazione Internazionale, di una banca dati in cui siano raccolti i profili di potenziali candidati a posizioni di distacco in qualit\u00e0 di END, qualificati in base alle competenze in materia europea e internazionale e in base alle conoscenze linguistiche.<\/p>\n<p>Il DPCM 30 ottobre 2014 no. 194, pubblicato sulla GU no. 290 del 15.12.14, \u00e8 consultabile in questa pagina, nella sezione \u201cApprofondimenti\u201d.<\/p>\n<p>&nbsp;<\/p>\n<p><strong>Modalit\u00e0 di presentazione delle candidature<\/strong><\/p>\n<p>Le candidature dovranno essere trasmesse entro le ore 13.00 del termine indicato nell&#8217;avviso di pubblicit\u00e0, all&#8217;indirizzo di posta elettronica <a href=\"mailto:dgue04.candidature@cert.esteri.it\">dgue04.candidature@cert.esteri.it<\/a> (o <a href=\"mailto:dgue04.candidature@esteri.it\">dgue04.candidature@esteri.it<\/a> per posta elettronica non certificata)\u00a0<strong>dalle amministrazioni di appartenenza\u00a0degli interessati per il tramite del punto di contatto END e previa verifica della rispondenza delle candidature al profilo richiesto, dell\u2019interesse dell\u2019amministrazione e della possibilit\u00e0 di futura valorizzazione dell\u2019esperienza professionale acquisita<\/strong>. Il messaggio di posta elettronica dovr\u00e0 far riferimento al codice della posizione vacante e alla data di scadenza. \u00c8 possibile presentare un candidato per pi\u00f9 posizioni. Le domande che dovessero pervenire in ritardo e\/o incomplete non verranno prese in considerazione. Le candidature devono essere inviate complete della seguente documentazione (<a href=\"https:\/\/www.esteri.it\/it\/servizi-opportunita\/opportunita\/nella_ue\/opportunita_per_dipendenti_pubblici\/espertinazionalidistaccati\/modulistica\/\">Modulistica<\/a>):<\/p>\n<ul>\n<li>Curriculum Vitae, redatto secondo il modello standard europeo, in lingua inglese o francese nel quale indicare, oltre al percorso accademico e professionale, anche eventuali esperienze in ambito comunitario o internazionale. \u00c8 necessario indicare nel CV per quale posizione END si intende presentare domanda. Il curriculum vitae dovr\u00e0 essere redatto in un documento in formato word o pdf. Istruzioni per la compilazione del CV Europass sono disponibili nella sezione \u201cApprofondimenti\u201d di questo sito;<\/li>\n<li>Nota di accompagnamento. Si tratta di una nota con la quale il candidato dichiara sotto la propria responsabilit\u00e0 che le informazioni contenute nel CV sono veritiere e complete. La nota deve indicare il codice del posto per il quale si presenta la candidatura e la relativa scadenza, deve essere redatta utilizzando il modello disponibile nel presente sito, firmata dall\u2019interessato e fornita all\u2019amministrazione di appartenenza, in un documento in formato pdf, unitamente al CV;<\/li>\n<li>Nulla Osta dell\u2019Amministrazione di appartenenza. Il Nulla Osta deve essere rilasciato dal competente ufficio dell\u2019amministrazione di appartenenza (generalmente dall\u2019ufficio competente per lo stato giuridico ed economico del personale). Con tale documento il datore di lavoro del candidato fornisce l\u2019esplicito assenso al distacco del dipendente presso le Istituzioni, gli Organi ed Organismi, impegnandosi a versare al proprio dipendente la retribuzione mensile, compresi gli oneri previdenziali ed assicurativi, per tutto il periodo dell\u2019eventuale distacco. Il Nulla Osta deve essere redatto sul modello disponile e deve essere specifico, ovvero deve riportare<strong>,<\/strong> nell\u2019oggetto, il riferimento alla candidatura per un determinato bando END indicandone codice posto e scadenza.<\/li>\n<li>Ogni altra documentazione eventualmente richiesta nel bando, quale, ad esempio, lettera di motivazione dell\u2019interessato, dichiarazione di possesso del Nulla Osta di Sicurezza, etc.<\/li>\n<\/ul>\n<p>Prima di presentare le candidature dei propri funzionari, \u00e8 opportuno prendere visione della normativa in materia di Esperti Nazionali Distaccati e leggere attentamente i bandi di interesse con particolare riguardo alle competenze dell\u2019ufficio che emette il bando, alle mansioni che verranno assegnate all\u2019END selezionato, alle competenze professionali e ai requisiti linguistici richiesti.<\/p>\n<p><strong>L\u2019Ufficio IV<\/strong> della Direzione Generale per l\u2019Unione Europea del Ministero degli Affari Esteri verifica la correttezza e la completezza della documentazione presentata, nonch\u00e9 la rispondenza del profilo del candidato con i previsti requisiti. Successivamente procede con l&#8217;inoltro alla Commissione, per il tramite della Rappresentanza Permanente italiana presso l\u2019Unione Europea, dei curricula dei candidati le cui domande sono ritenute ricevibili a seguito delle verifiche di cui sopra. La Commissione effettua la selezione degli esperti nazionali tra tutte le candidature pervenute dai vari Stati membri.<\/p>\n<p>&nbsp;<\/p>\n<p><strong>Comitato di Collegamento degli Esperti Nazionali Distaccati (CLENAD)<\/strong><\/p>\n<p>Il CLENAD<i>*<\/i>\u00a0\u00e8 una associazione, indipendente ed apolitica, che riunisce gli Esperti Nazionali \u2013 provenienti da tutti gli Stati membri &#8211; distaccati presso le Istituzioni, gli Organi e Organismi. Le attivit\u00e0 di assistenza e rappresentanza dei membri dell&#8217;associazione sono svolte dal Consiglio direttivo del CLENAD.<\/p>\n<p>La sezione italiana del CLENAD (CLENAD Italia) riunisce i funzionari di amministrazioni italiane in distacco END. Il Direttivo del CLENAD Italia svolge azione di assistenza, coordinamento e rappresentanza degli END nazionali. Collabora con il Ministero degli Affari Esteri e con il Dipartimento delle Politiche europee nella promozione e valorizzazione della presenza degli END italiani. La Guida CLENAD e il Rapporto Annuale sugli END del CLENAD sono disponibili in questo sito, nella sezione \u201cApprofondimenti\u201d.<\/p>\n<p><i>* &#8220;Comit\u00e9 de Liaison des Experts Nationaux D\u00e9tach\u00e9s&#8221;<\/i><\/p>\n","protected":false},"excerpt":{"rendered":"Quadro di riferimento I funzionari della pubblica amministrazione dei Paesi membri dell\u2019UE hanno la possibilit\u00e0 di effettuare un periodo di distacco in qualit\u00e0 di Esperto Nazionale Distaccato presso le Istituzioni, gli Organi e gli Organismi dell\u2019Unione Europa. L\u2019istituto dell\u2019END consente ai funzionari di realizzare un\u2019esperienza lavorativa e professionale presso l\u2019UE permettendo allo stesso tempo a [&hellip;]","protected":false},"author":1,"featured_media":0,"parent":29591,"menu_order":1,"comment_status":"closed","ping_status":"closed","template":"","meta":{"footnotes":""},"class_list":["post-29629","page","type-page","status-publish","hentry"],"_links":{"self":[{"href":"https:\/\/www.esteri.it\/it\/wp-json\/wp\/v2\/pages\/29629","targetHints":{"allow":["GET"]}}],"collection":[{"href":"https:\/\/www.esteri.it\/it\/wp-json\/wp\/v2\/pages"}],"about":[{"href":"https:\/\/www.esteri.it\/it\/wp-json\/wp\/v2\/types\/page"}],"author":[{"embeddable":true,"href":"https:\/\/www.esteri.it\/it\/wp-json\/wp\/v2\/users\/1"}],"replies":[{"embeddable":true,"href":"https:\/\/www.esteri.it\/it\/wp-json\/wp\/v2\/comments?post=29629"}],"version-history":[{"count":6,"href":"https:\/\/www.esteri.it\/it\/wp-json\/wp\/v2\/pages\/29629\/revisions"}],"predecessor-version":[{"id":169243,"href":"https:\/\/www.esteri.it\/it\/wp-json\/wp\/v2\/pages\/29629\/revisions\/169243"}],"up":[{"embeddable":true,"href":"https:\/\/www.esteri.it\/it\/wp-json\/wp\/v2\/pages\/29591"}],"wp:attachment":[{"href":"https:\/\/www.esteri.it\/it\/wp-json\/wp\/v2\/media?parent=29629"}],"curies":[{"name":"wp","href":"https:\/\/api.w.org\/{rel}","templated":true}]}}