{"id":29673,"date":"2021-07-07T12:40:11","date_gmt":"2021-07-07T10:40:11","guid":{"rendered":"https:\/\/www.esteri.it\/?page_id=29673"},"modified":"2026-01-15T10:00:57","modified_gmt":"2026-01-15T09:00:57","slug":"enfp","status":"publish","type":"page","link":"https:\/\/www.esteri.it\/it\/servizi-opportunita\/opportunita\/nella_ue\/opportunita_per_dipendenti_pubblici\/enfp\/","title":{"rendered":"Esperti Nazionali in Formazione Professionale (ENFP)"},"content":{"rendered":"<p><strong>ENFP presso la Commissione Europea<\/strong><\/p>\n<p>Si tratta di un programma di formazione promosso dalla Commissione europea in favore dei funzionari delle pubbliche amministrazioni centrali, regionali o locali dei Paesi membri. Le norme applicabili sono quelle previste al Titolo II della Decisione della Commissione n. C (2008) 6866 del 12 novembre 2008 relativa agli esperti nazionali distaccati (END).<\/p>\n<p>Gli obiettivi che il programma si propone sono:<\/p>\n<ul>\n<li>offrire ai funzionari nazionali una conoscenza delle politiche e dei metodi di lavoro della Commissione europea attraverso un&#8217;esperienza pratica del lavoro quotidiano nei vari servizi;<\/li>\n<li>permettere ai funzionari nazionali di utilizzare le conoscenze acquisite nello svolgimento delle proprie funzioni al rientro nelle amministrazioni nazionali.<\/li>\n<\/ul>\n<p>Possono partecipare al programma quei dipendenti pubblici nazionali che svolgono funzioni equivalenti alla categoria AD (come definita dallo Statuto dei Funzionari dell\u2019Unione Europea), in possesso di una laurea. I candidati devono in ogni caso avere una conoscenza approfondita di una delle lingue dell\u2019Unione ed una conoscenza soddisfacente di un\u2019altra lingua comunitaria, nella misura necessaria alle funzioni da svolgere. Le persone che hanno gi\u00e0 beneficiato di un impiego \u201ca contratto\u201d o ad altro titolo in seno ad una Istituzione dell\u2019UE non saranno ammesse a partecipare.<\/p>\n<p>Il programma \u00e8 organizzato con cadenza semestrale ed ha una durata dai tre ai cinque mesi. Il periodo della formazione non pu\u00f2 essere n\u00e9 rinnovato n\u00e9 prolungato al di l\u00e0 della durata massima sopraindicata. Nel caso in cui il funzionario nazionale che ha usufruito della formazione consegua un posto di esperto nazionale distaccato (END) entro i sei anni dalla fine della formazione, il periodo della formazione \u00e8 dedotto dalla durata massima del distacco in qualit\u00e0 di END.<\/p>\n<p>Il numero dei posti disponibili per ogni sessione del programma, le relative date e altre utili\u00a0 informazioni in merito sono rese note dalla Commissione europea e vengono pubblicizzate in questo sito \u00a0(nella sezione \u201cposizione aperte\u201d).<\/p>\n<p>Le Amministrazioni interessate a proporre propri funzionari, possono inviare le candidature complete di tutta la necessaria documentazione (ossia, \u201capplication form\u201d, CV, nulla osta e nota di accompagnamento) all\u2019Ufficio IV della DGUE all\u2019indirizzo di posta elettronica <a href=\"mailto:dgue04.candidature@cert.esteri.it\">dgue04.candidature@cert.esteri.it<\/a>\u00a0(oppure:\u00a0<a href=\"mailto:dgue04.candidature@esteri.it\">dgue04.candidature@esteri.it<\/a>\u00a0per posta elettronica non certificata), entro la data di scadenza e seguendo le modalit\u00e0 di presentazione delle domande indicate nel presente sito.<\/p>\n<p>L&#8217;ammissione al programma di formazione non conferisce lo statuto di funzionario o di agente della Commissione europea e non attribuisce alcun diritto o priorit\u00e0 in materia di assunzione nei servizi della stessa. Chi partecipa ad un programma di formazione professionale continua ad essere remunerato dalla propria amministrazione di appartenenza ed \u00e8 accolto nei servizi della Commissione senza ricevere alcun compenso aggiuntivo, rimborso o indennit\u00e0. L\u2019ente di appartenenza si fa inoltre carico delle prestazioni di sicurezza sociale e dell\u2019assicurazione per gli infortuni sul lavoro, decesso ed invalidit\u00e0. Nessuna richiesta di borsa di studio, onorari, rimborso spese viaggio o altre indennit\u00e0 sar\u00e0 presa pertanto in considerazione dalla Commissione europea.<\/p>\n<p>Al termine della formazione la Commissione europea rilascia al candidato un attestato di valutazione sullo svolgimento dello stesso.<\/p>\n<p>Ulteriori informazioni sono reperibili nella sezione &#8220;Domande frequenti&#8221;. E\u2019 inoltre possibile inviare una richiesta scritta avvalendosi del modulo \u201cQuesiti on line\u201d, accessibile dalla finestra \u201cApprofondimenti\u201d.<\/p>\n<p><a href=\"https:\/\/www.esteri.it\/it\/servizi-opportunita\/opportunita\/nella_ue\/opportunita_per_dipendenti_pubblici\/enfp\/ricerca_stagestrutturali\/\">Sessioni presso la Commissione Europea<\/a><\/p>\n<p>&nbsp;<\/p>\n<p><strong id=\"ENFP-AGENZIE-ORGANISMI\">ENFP presso Agenzie e organismi indipendenti UE<\/strong><\/p>\n<p>Per la disciplina degli ENFP presso le Agenzie e organismi indipendenti occorre fare riferimento alla normativa specifica emanata dal singolo Ente, e in genere richiamata nel bando stesso.<\/p>\n<p><a href=\"https:\/\/www.esteri.it\/it\/servizi-opportunita\/opportunita\/nella_ue\/opportunita_per_dipendenti_pubblici\/enfp\/enfp-presso-agenzie-e-organismi-indipendenti-ue\/\">Elenco posizioni presso Agenzie e organismi indipendenti UE<\/a><\/p>\n","protected":false},"excerpt":{"rendered":"ENFP presso la Commissione Europea Si tratta di un programma di formazione promosso dalla Commissione europea in favore dei funzionari delle pubbliche amministrazioni centrali, regionali o locali dei Paesi membri. Le norme applicabili sono quelle previste al Titolo II della Decisione della Commissione n. C (2008) 6866 del 12 novembre 2008 relativa agli esperti nazionali [&hellip;]","protected":false},"author":1,"featured_media":0,"parent":29591,"menu_order":2,"comment_status":"closed","ping_status":"closed","template":"","meta":{"footnotes":""},"class_list":["post-29673","page","type-page","status-publish","hentry"],"_links":{"self":[{"href":"https:\/\/www.esteri.it\/it\/wp-json\/wp\/v2\/pages\/29673","targetHints":{"allow":["GET"]}}],"collection":[{"href":"https:\/\/www.esteri.it\/it\/wp-json\/wp\/v2\/pages"}],"about":[{"href":"https:\/\/www.esteri.it\/it\/wp-json\/wp\/v2\/types\/page"}],"author":[{"embeddable":true,"href":"https:\/\/www.esteri.it\/it\/wp-json\/wp\/v2\/users\/1"}],"replies":[{"embeddable":true,"href":"https:\/\/www.esteri.it\/it\/wp-json\/wp\/v2\/comments?post=29673"}],"version-history":[{"count":6,"href":"https:\/\/www.esteri.it\/it\/wp-json\/wp\/v2\/pages\/29673\/revisions"}],"predecessor-version":[{"id":170114,"href":"https:\/\/www.esteri.it\/it\/wp-json\/wp\/v2\/pages\/29673\/revisions\/170114"}],"up":[{"embeddable":true,"href":"https:\/\/www.esteri.it\/it\/wp-json\/wp\/v2\/pages\/29591"}],"wp:attachment":[{"href":"https:\/\/www.esteri.it\/it\/wp-json\/wp\/v2\/media?parent=29673"}],"curies":[{"name":"wp","href":"https:\/\/api.w.org\/{rel}","templated":true}]}}