{"id":29688,"date":"2009-03-27T14:15:56","date_gmt":"2009-03-27T13:15:56","guid":{"rendered":"https:\/\/www.esteri.it\/opportunita\/nella_ue\/nelle_istituzioni\/enfp\/domandefrequenti\/faq_trattamento_economico\/"},"modified":"2021-07-07T13:04:45","modified_gmt":"2021-07-07T11:04:45","slug":"faq_trattamento_economico","status":"publish","type":"page","link":"https:\/\/www.esteri.it\/it\/servizi-opportunita\/opportunita\/nella_ue\/opportunita_per_dipendenti_pubblici\/enfp\/domandefrequenti\/faq_trattamento_economico\/","title":{"rendered":"Trattamento economico"},"content":{"rendered":"<p><strong>E\u2019 prevista una retribuzione o rimborso spese per i partecipanti al Programma di Esperti Nazionali in Formazione Professionale?<\/strong><\/p>\n<p>Non sono previsti rimborsi spese, n\u00e9 indennit\u00e0 di missione, n\u00e9 alcuna forma di retribuzione per i partecipanti al Programma di Esperti Nazionali in Formazione Professionale. Le amministrazioni di appartenenza assicurano il pagamento della retribuzione e degli oneri previdenziali ed assicurativi per tutta la durata del programma ai funzionari selezionati.<\/p>\n","protected":false},"excerpt":{"rendered":"E\u2019 prevista una retribuzione o rimborso spese per i partecipanti al Programma di Esperti Nazionali in Formazione Professionale? Non sono previsti rimborsi spese, n\u00e9 indennit\u00e0 di missione, n\u00e9 alcuna forma di retribuzione per i partecipanti al Programma di Esperti Nazionali in Formazione Professionale. Le amministrazioni di appartenenza assicurano il pagamento della retribuzione e degli oneri [&hellip;]","protected":false},"author":1,"featured_media":0,"parent":29676,"menu_order":0,"comment_status":"closed","ping_status":"closed","template":"","meta":{"footnotes":""},"class_list":["post-29688","page","type-page","status-publish","hentry"],"_links":{"self":[{"href":"https:\/\/www.esteri.it\/it\/wp-json\/wp\/v2\/pages\/29688","targetHints":{"allow":["GET"]}}],"collection":[{"href":"https:\/\/www.esteri.it\/it\/wp-json\/wp\/v2\/pages"}],"about":[{"href":"https:\/\/www.esteri.it\/it\/wp-json\/wp\/v2\/types\/page"}],"author":[{"embeddable":true,"href":"https:\/\/www.esteri.it\/it\/wp-json\/wp\/v2\/users\/1"}],"replies":[{"embeddable":true,"href":"https:\/\/www.esteri.it\/it\/wp-json\/wp\/v2\/comments?post=29688"}],"version-history":[{"count":0,"href":"https:\/\/www.esteri.it\/it\/wp-json\/wp\/v2\/pages\/29688\/revisions"}],"up":[{"embeddable":true,"href":"https:\/\/www.esteri.it\/it\/wp-json\/wp\/v2\/pages\/29676"}],"wp:attachment":[{"href":"https:\/\/www.esteri.it\/it\/wp-json\/wp\/v2\/media?parent=29688"}],"curies":[{"name":"wp","href":"https:\/\/api.w.org\/{rel}","templated":true}]}}