{"id":29709,"date":"2021-07-07T13:16:30","date_gmt":"2021-07-07T11:16:30","guid":{"rendered":"https:\/\/www.esteri.it\/?page_id=29709"},"modified":"2026-01-02T17:44:24","modified_gmt":"2026-01-02T16:44:24","slug":"taiex","status":"publish","type":"page","link":"https:\/\/www.esteri.it\/it\/servizi-opportunita\/opportunita\/nella_ue\/opportunita_per_dipendenti_pubblici\/taiex\/","title":{"rendered":"Il Programma TAIEX"},"content":{"rendered":"<p><strong>Cosa \u00e8<\/strong><\/p>\n<p>Il\u00a0 TAIEX (c.d. \u201cTechnical Assistance and Information Exchange Instrument\u201d) \u00e8 uno strumento di assistenza tecnica e\u00a0rafforzamento istituzionale\u00a0destinato ai Paesi dei Balcani Occidentali, del Vicinato Meridionale e del Vicinato Orientale della UE, nonch\u00e9 ai Paesi del resto del mondo.<\/p>\n<p>&nbsp;<\/p>\n<p><strong>A cosa serve<\/strong><\/p>\n<p>Lo strumento, di rapida e flessibile azionabilit\u00e0, \u00e8 finalizzato a fornire assistenza tecnica a breve termine alle Pubbliche Amministrazioni dei Paesi terzi, facilitandone il processo di allineamento al cd.\u00a0\u201c<em>acquis\u201d<\/em>\u00a0UE principalmente nei seguenti settori: Agricoltura e Sicurezza Alimentare, Libert\u00e0, Giustizia, Sicurezza, Ambiente, Trasporti, Energia e Mercato Interno. L\u2019expertise\u00a0necessaria viene fornita dai funzionari provenienti dalle Pubbliche Amministrazioni degli Stati membri, oppure dai funzionari di organismi accreditati presso la Commissione come Enti semi-pubblici, i cd.\u00a0<a href=\"https:\/\/www.esteri.it\/it\/servizi-opportunita\/opportunita\/nella_ue\/gemellaggi\/#mandatedbodies\">Mandated Bodies<\/a>.<\/p>\n<p>&nbsp;<\/p>\n<p><strong>Come fare domanda<\/strong><\/p>\n<p>Per poter prendere parte ad un evento TAIEX, l\u2019esperto deve innanzitutto procedere personalmente alla sua registrazione all\u2019interno dell\u2019apposita banca dati istituita presso l\u2019Unit\u00e0 TAIEX della Commissione (<a href=\"https:\/\/webgate.ec.europa.eu\/cas\/login?loginRequestId=ECAS_LR-8847465-M0ynO8DoEzS3PKaOGjkVWEzUzYqRuMfBB2Spx1KafESIOlyPajco7q2Xkq78JnvLFmSih5bk1ggBBLrPgxtVMp0-POMaLlcnzRyaCBRoq3WnHu-dN6KkyrYRCkwLXvwlzPAwZBlQEWm7moOhKk62W3ckLwzk5oSzYEONzXK2NfYHQEJAqcOR110Pi0p96fzdAb77nzG\">EU Login<\/a>).<\/p>\n<p>La richiesta diretta presentata dall\u2019Amministrazione pubblica beneficiaria avvia la ricerca presso le istituzioni degli Stati Membri UE dell\u2019expertise desiderata.<\/p>\n<p>&nbsp;<\/p>\n<p><strong>Tipologie di assistenza tecnica <\/strong><\/p>\n<p>L\u2019assistenza fornita pu\u00f2 essere di tre tipi:<\/p>\n<p><strong>Seminari\u00a0<\/strong>(Workshops): funzionari degli Stati membri dell\u2019UE presentano specifiche aree della legislazione UE nel corso di seminari ai quali partecipano funzionari delle Amministrazioni dei Paesi beneficiari.<\/p>\n<p><strong>Missioni di esperti <\/strong>(Expert Mission): uno o pi\u00f9 esperti di Stati membri della UE vengono inviati presso le Amministrazioni dei Paesi beneficiari per fornire consulenze approfondite sulla trasposizione di specifiche normative europee nella legislazione nazionale, sul recepimento di norme e disposizioni UE e sulla loro applicazione nelle rispettive Amministrazioni.<\/p>\n<p><strong>Visita di studio\u00a0<\/strong>(Study visit): un gruppo ristretto (fino a cinque) funzionari dell\u2019Amministrazione beneficiaria del Paese terzo si reca in visita di studio presso uno Stato Membro UE. Lo scopo \u00e8 quello di apprendere le linee guida e le buone pratiche utili a uniformare il proprio quadro normativo alla legislazione europea in determinate materie.<\/p>\n<p>Per ogni ulteriore informazione o chiarimento consultare la guida: <a href=\"https:\/\/enlargement.ec.europa.eu\/funding-technical-assistance\/taiex_en\">TAIEX &#8211; Enlargement and Eastern Neighbourhood &#8211; European Commission<\/a>.<\/p>\n<p>&nbsp;<\/p>\n<p><strong>Contatti Utili<\/strong><\/p>\n<p>Punto di Contatto Nazionale Twinning\/TAIEX<\/p>\n<p>Ufficio II (Relazioni Esterne della UE)<\/p>\n<p>Direzione Generale Europa e Politica Commerciale Internazionale<\/p>\n<p>Ministero degli Affari Esteri e della Cooperazione Internazionale<\/p>\n<p>E-Mail: <a href=\"mailto:twinnings@esteri.it\">twinnings@esteri.it<\/a>.<\/p>\n<p>Telefono: +39 06 3691 5719 oppure +39 06 3691 2141.<\/p>\n<p><strong>\u00a0<\/strong><\/p>\n<p><strong>PARTECIPAZIONE AGLI EVENTI E RUOLO DEL PUNTO DI CONTATTO NAZIONALE<\/strong><\/p>\n<p>La richiesta a proprio favore di un evento TAIEX deve essere presentata dall\u2019Amministrazione di un Paese beneficiario direttamente all\u2019Unit\u00e0 TAIEX della Commissione, attraverso la compilazione del formulario elettronico presente nel sito dell\u2019Unit\u00e0.<\/p>\n<p>Il Punto di Contatto Nazionale Twinning, incardinato presso il Ministero degli Affari Esteri e della Cooperazione Internazionale (e-mail: twinnings@esteri.it) \u00e8 anche impegnato nel coordinamento del Programma TAIEX.\u00a0 La Commissione, nella ricerca di esperti, pu\u00f2 infatti chiedere il supporto del PCN per diffondere le richieste di assistenza tecnica tra le Amministrazioni italiane potenzialmente interessate a mettere a disposizione propri esperti o a ospitare le visite di studio.<\/p>\n<p><a href=\"https:\/\/www.esteri.it\/wp-content\/uploads\/2026\/01\/Guida-TAIEX-per-eperti-pubblici.pdf\">Guida TAIEX per esperti pubblici<\/a><\/p>\n<p><a href=\"https:\/\/www.esteri.it\/wp-content\/uploads\/2026\/01\/Guida-TAIEX-per-istituzione-ospitante.pdf\">Guida TAIEX per istituzione ospitante<\/a><\/p>\n<p>&nbsp;<\/p>\n","protected":false},"excerpt":{"rendered":"Cosa \u00e8 Il\u00a0 TAIEX (c.d. \u201cTechnical Assistance and Information Exchange Instrument\u201d) \u00e8 uno strumento di assistenza tecnica e\u00a0rafforzamento istituzionale\u00a0destinato ai Paesi dei Balcani Occidentali, del Vicinato Meridionale e del Vicinato Orientale della UE, nonch\u00e9 ai Paesi del resto del mondo. &nbsp; A cosa serve Lo strumento, di rapida e flessibile azionabilit\u00e0, \u00e8 finalizzato a fornire [&hellip;]","protected":false},"author":1,"featured_media":0,"parent":29591,"menu_order":4,"comment_status":"closed","ping_status":"closed","template":"","meta":{"footnotes":""},"class_list":["post-29709","page","type-page","status-publish","hentry"],"_links":{"self":[{"href":"https:\/\/www.esteri.it\/it\/wp-json\/wp\/v2\/pages\/29709","targetHints":{"allow":["GET"]}}],"collection":[{"href":"https:\/\/www.esteri.it\/it\/wp-json\/wp\/v2\/pages"}],"about":[{"href":"https:\/\/www.esteri.it\/it\/wp-json\/wp\/v2\/types\/page"}],"author":[{"embeddable":true,"href":"https:\/\/www.esteri.it\/it\/wp-json\/wp\/v2\/users\/1"}],"replies":[{"embeddable":true,"href":"https:\/\/www.esteri.it\/it\/wp-json\/wp\/v2\/comments?post=29709"}],"version-history":[{"count":5,"href":"https:\/\/www.esteri.it\/it\/wp-json\/wp\/v2\/pages\/29709\/revisions"}],"predecessor-version":[{"id":168730,"href":"https:\/\/www.esteri.it\/it\/wp-json\/wp\/v2\/pages\/29709\/revisions\/168730"}],"up":[{"embeddable":true,"href":"https:\/\/www.esteri.it\/it\/wp-json\/wp\/v2\/pages\/29591"}],"wp:attachment":[{"href":"https:\/\/www.esteri.it\/it\/wp-json\/wp\/v2\/media?parent=29709"}],"curies":[{"name":"wp","href":"https:\/\/api.w.org\/{rel}","templated":true}]}}