{"id":29769,"date":"2021-07-08T12:50:31","date_gmt":"2021-07-08T10:50:31","guid":{"rendered":"https:\/\/www.esteri.it\/?page_id=29769"},"modified":"2025-10-29T19:49:59","modified_gmt":"2025-10-29T18:49:59","slug":"carta_identita","status":"publish","type":"page","link":"https:\/\/www.esteri.it\/it\/servizi-consolari-e-visti\/italiani-all-estero\/documenti_di_viaggio\/carta_identita\/","title":{"rendered":"Carta d&#8217;identit\u00e0"},"content":{"rendered":"<p style=\"text-align: left;\" align=\"center\"><a title=\"Modulo di richiesta informazioni\" href=\"https:\/\/www.esteri.it\/it\/sportello_info\/DomandeFrequenti\/FAQRichiestaInfo\">Modulo di richiesta informazioni<\/a><\/p>\n<p align=\"center\"><strong>Carta d&#8217;identit\u00e0 elettronica (CIE)<\/strong><\/p>\n<p align=\"center\"><strong>(Ufficio di Riferimento: D.G.IT. &#8211; UFFICIO II)<\/strong><\/p>\n<p>&nbsp;<\/p>\n<p>La carta d\u2019identit\u00e0 elettronica \u00a0viene rilasciata in tutti gli Uffici consolari nei Paesi dell\u2019Unione Europea e in\u00a0115 sedi in Paesi Extra Ue, per un totale di 170 Uffici consolari.<\/p>\n<p style=\"margin-top: 0cm; background: white;\"><strong>REQUISITI<\/strong><i><\/i><\/p>\n<p><strong>La CIE pu\u00f2 essere rilasciata esclusivamente ai cittadini italiani regolarmente residenti nella\u00a0 circoscrizione consolare di ciascun consolato, che siano gi\u00e0 registrati nello schedario consolare e i cui dati anagrafici siano gi\u00e0 presenti nella banca dati A.I.R.E. (Anagrafe degli Italiani Residenti all\u2019Estero) del Ministero dell\u2019Interno (ANPR).<\/strong><\/p>\n<p>Ai fini dell\u2019emissione della CIE \u00e8 inoltre necessario possedere il\u00a0<strong>codice fiscale validato.\u00a0<\/strong>In mancanza, il codice fiscale stesso sar\u00e0 attribuito o validato dall\u2019Agenzia delle Entrate per il tramite dell\u2019Ufficio consolare preliminarmente al rilascio della CIE.<\/p>\n<ol>\n<li><strong> Validit\u00e0 temporale<\/strong><\/li>\n<\/ol>\n<p>La validit\u00e0 della carta d\u2019identit\u00e0 varia a seconda all\u2019et\u00e0 del titolare:<\/p>\n<ul>\n<li>\u00a03 anni per i minori di et\u00e0 inferiore a 3 anni;<\/li>\n<li>\u00a05 anni per i minori di et\u00e0 compresa tra i 3\u00a0e i 18 anni;<\/li>\n<li>\u00a010 anni per i maggiorenni.<\/li>\n<\/ul>\n<ol start=\"2\">\n<li><strong> Modalit\u00e0 di richiesta<\/strong><\/li>\n<\/ol>\n<p>La richiesta della carta d\u2019identit\u00e0 elettronica deve essere presentata utilizzando la piattaforma Prenota Online o il diverso canale messo a disposizione dell\u2019Ufficio consolare di riferimento e consultabile sul relativo sito internet.<\/p>\n<p>Dal momento della richiesta alla data fissata per l\u2019appuntamento trascorrono almeno 15 giorni, necessari per consentire all\u2019ufficio consolare di effettuare il controllo dei dati anagrafici, risolvere eventuali disallineamenti e verificare che non sussistano cause ostative al rilascio del documento.<\/p>\n<p><strong>Si ricorda che l\u2019iscrizione in A.I.R.E. \u00e8 indispensabile ai fini della presentazione della domanda di emissione della CIE. \u00c8 altres\u00ec indispensabile, per i cittadini italiani nati all\u2019estero, che il relativo atto di nascita risulti gi\u00e0 trascritto nei registri di Stato Civile del Comune di riferimento.<\/strong><\/p>\n<ol start=\"3\">\n<li><strong> Appuntamento e documentazione da presentare:<\/strong><\/li>\n<\/ol>\n<p>All\u2019appuntamento il cittadino dovr\u00e0 presentarsi con i seguenti\u00a0<strong>documenti<\/strong>:<\/p>\n<ul>\n<li>1 fototessera, <a href=\"https:\/\/www.esteri.it\/it\/servizi-consolari-e-visti\/italiani-all-estero\/documenti_di_viaggio\/linee-guida-foto-icao\/\">conforme alla normativa ICAO<\/a>;<\/li>\n<li>documento di riconoscimento\u00a0ai sensi del D.P.R. 445\/2000. Se non ne \u00e8 in possesso, il richiedente dovr\u00e0 presentarsi accompagnato da due testimoni;<\/li>\n<li>atto di assenso di entrambi genitori nel caso in cui il richiedente sia un minore di 18 anni<br \/>\n<a href=\"https:\/\/www.esteri.it\/mae\/resource\/doc\/2019\/09\/form1_-_atto_di_assenso_in_favore_dei_figli_minori.docx\">atto di assenso di entrambi genitori<\/a><\/li>\n<\/ul>\n<p>Al momento dell\u2019appuntamento l\u2019operatore consolare acquisir\u00e0\u00a0<strong>la foto e, salvo che per i minori di 12 anni, le impronte digitali<\/strong>,\u00a0<strong>e la firma<\/strong>, che saranno registrate in sicurezza all\u2019interno del microchip presente nella propria CIE e non depositate in nessun altro luogo.<\/p>\n<ol start=\"4\">\n<li><strong> Costo<\/strong><\/li>\n<\/ol>\n<p>Il costo del documento \u00e8 di:<\/p>\n<ul>\n<li>\u00a0<strong>21,95\u00a0<\/strong>euro complessivi, in caso di primo rilascio o rinnovo;<\/li>\n<li>\u00a0<strong>27,11<\/strong>\u00a0euro complessivi in caso di duplicato per furto o smarrimento.<\/li>\n<\/ul>\n<p>Il pagamento dovr\u00e0 essere effettuato il giorno dell\u2019appuntamento secondo le modalit\u00e0 previste dal proprio Ufficio consolare di riferimento.<\/p>\n<p>5. <strong>Consegna della carta d\u2019identit\u00e0<\/strong><\/p>\n<p>La CIE viene stampata e poi recapitata a mezzo posta presso l\u2019indirizzo di residenza (o recapito) dichiarato dal richiedente, a cura dell\u2019Istituto Poligrafico e Zecca dello Stato, a partire dai 15 giorni dall\u2019invio in produzione con tempi di consegna che possono variare a seconda dei Paesi di destinazione.<\/p>\n<p>In caso di mancata consegna per indirizzo errato, \u00e8 prevista la giacenza presso il locale ufficio postale, al termine della quale il plico viene restituito all\u2019Ufficio consolare di riferimento per un ulteriore tentativo di consegna.<\/p>\n<p>6. <strong>Rinvenimento carte d\u2019identit\u00e0<\/strong><\/p>\n<p>Le carte d\u2019identit\u00e0 oggetto di furto o smarrimento all\u2019estero, in caso di rinvenimento, vengono di norma restituite agli Uffici consolari nella cui circoscrizione \u00e8 avvenuto il furto o lo smarrimento.<\/p>\n<p>Si invitano pertanto coloro che abbiano recentemente subito all\u2019estero un furto\/smarrimento e vogliano verificare se la propria carta d\u2019identit\u00e0 sia stata rinvenuta, a contattare l\u2019Ufficio consolare territorialmente competente per ulteriori informazioni in merito.<\/p>\n<p>L\u2019eventuale ritiro dei predetti documenti potr\u00e0 avvenire, presso l\u2019Ufficio consolare dove \u00e8 avvenuto il rinvenimento, secondo le seguenti modalit\u00e0:<\/p>\n<ul>\n<li><strong>presso gli sportelli dell\u2019Ufficio consolare;<\/strong><\/li>\n<li><strong>su richiesta dell\u2019interessato, tramite servizio postale con spese di spedizione a suo carico.<\/strong><\/li>\n<\/ul>\n<p>&nbsp;<\/p>\n<p>Con riferimento alle carte di identit\u00e0 rilasciate dalla Rete consolare rubate o smarrite all\u2019estero, sar\u00e0 cura degli Uffici consolari comunicarne il rinvenimento al titolare, evidenziando che le stesse saranno distrutte nel caso in cui non ne sia stata richiesta la restituzione trascorso un anno dalla data del rinvenimento.<\/p>\n","protected":false},"excerpt":{"rendered":"Modulo di richiesta informazioni Carta d&#8217;identit\u00e0 elettronica (CIE) (Ufficio di Riferimento: D.G.IT. &#8211; UFFICIO II) &nbsp; La carta d\u2019identit\u00e0 elettronica \u00a0viene rilasciata in tutti gli Uffici consolari nei Paesi dell\u2019Unione Europea e in\u00a0115 sedi in Paesi Extra Ue, per un totale di 170 Uffici consolari. REQUISITI La CIE pu\u00f2 essere rilasciata esclusivamente ai cittadini italiani [&hellip;]","protected":false},"author":1,"featured_media":0,"parent":29766,"menu_order":1,"comment_status":"closed","ping_status":"closed","template":"","meta":{"footnotes":""},"class_list":["post-29769","page","type-page","status-publish","hentry"],"_links":{"self":[{"href":"https:\/\/www.esteri.it\/it\/wp-json\/wp\/v2\/pages\/29769","targetHints":{"allow":["GET"]}}],"collection":[{"href":"https:\/\/www.esteri.it\/it\/wp-json\/wp\/v2\/pages"}],"about":[{"href":"https:\/\/www.esteri.it\/it\/wp-json\/wp\/v2\/types\/page"}],"author":[{"embeddable":true,"href":"https:\/\/www.esteri.it\/it\/wp-json\/wp\/v2\/users\/1"}],"replies":[{"embeddable":true,"href":"https:\/\/www.esteri.it\/it\/wp-json\/wp\/v2\/comments?post=29769"}],"version-history":[{"count":7,"href":"https:\/\/www.esteri.it\/it\/wp-json\/wp\/v2\/pages\/29769\/revisions"}],"predecessor-version":[{"id":126231,"href":"https:\/\/www.esteri.it\/it\/wp-json\/wp\/v2\/pages\/29769\/revisions\/126231"}],"up":[{"embeddable":true,"href":"https:\/\/www.esteri.it\/it\/wp-json\/wp\/v2\/pages\/29766"}],"wp:attachment":[{"href":"https:\/\/www.esteri.it\/it\/wp-json\/wp\/v2\/media?parent=29769"}],"curies":[{"name":"wp","href":"https:\/\/api.w.org\/{rel}","templated":true}]}}