{"id":29805,"date":"2021-07-08T13:51:06","date_gmt":"2021-07-08T11:51:06","guid":{"rendered":"https:\/\/www.esteri.it\/?page_id=29805"},"modified":"2025-12-16T12:28:36","modified_gmt":"2025-12-16T11:28:36","slug":"donazioni","status":"publish","type":"page","link":"https:\/\/www.esteri.it\/it\/servizi-opportunita\/italiani-all-estero\/attinotarili\/donazioni\/","title":{"rendered":"Donazioni"},"content":{"rendered":"<p>La <strong>donazione<\/strong>, come definita, \u00e8 il \u201ccontratto col quale, per spirito di liberalit\u00e0, una parte arricchisce l&#8217;altra, disponendo a favore di questa di un suo diritto o assumendo verso la stessa un&#8217;obbligazione.\u201d. La donazione deve essere fatta per atto pubblico, sotto pena di nullit\u00e0, e non \u00e8 perfetta (dunque \u00e8 revocabile) fino a quando non viene accettata dal donatario, nello stesso atto o con atto pubblico posteriore. In questo caso la donazione non \u00e8 perfetta se non dal momento in cui l&#8217;atto di accettazione \u00e8 notificato al donante.<\/p>\n<p><em>Principale normativa di riferimento: art. 769 e seguenti del Codice civile; art. 48 Legge notarile (L. 89\/1913).<\/em><\/p>\n","protected":false},"excerpt":{"rendered":"La donazione, come definita, \u00e8 il \u201ccontratto col quale, per spirito di liberalit\u00e0, una parte arricchisce l&#8217;altra, disponendo a favore di questa di un suo diritto o assumendo verso la stessa un&#8217;obbligazione.\u201d. La donazione deve essere fatta per atto pubblico, sotto pena di nullit\u00e0, e non \u00e8 perfetta (dunque \u00e8 revocabile) fino a quando non [&hellip;]","protected":false},"author":1,"featured_media":0,"parent":29798,"menu_order":2,"comment_status":"closed","ping_status":"closed","template":"","meta":{"footnotes":""},"class_list":["post-29805","page","type-page","status-publish","hentry"],"_links":{"self":[{"href":"https:\/\/www.esteri.it\/it\/wp-json\/wp\/v2\/pages\/29805","targetHints":{"allow":["GET"]}}],"collection":[{"href":"https:\/\/www.esteri.it\/it\/wp-json\/wp\/v2\/pages"}],"about":[{"href":"https:\/\/www.esteri.it\/it\/wp-json\/wp\/v2\/types\/page"}],"author":[{"embeddable":true,"href":"https:\/\/www.esteri.it\/it\/wp-json\/wp\/v2\/users\/1"}],"replies":[{"embeddable":true,"href":"https:\/\/www.esteri.it\/it\/wp-json\/wp\/v2\/comments?post=29805"}],"version-history":[{"count":1,"href":"https:\/\/www.esteri.it\/it\/wp-json\/wp\/v2\/pages\/29805\/revisions"}],"predecessor-version":[{"id":164710,"href":"https:\/\/www.esteri.it\/it\/wp-json\/wp\/v2\/pages\/29805\/revisions\/164710"}],"up":[{"embeddable":true,"href":"https:\/\/www.esteri.it\/it\/wp-json\/wp\/v2\/pages\/29798"}],"wp:attachment":[{"href":"https:\/\/www.esteri.it\/it\/wp-json\/wp\/v2\/media?parent=29805"}],"curies":[{"name":"wp","href":"https:\/\/api.w.org\/{rel}","templated":true}]}}