{"id":29812,"date":"2021-07-09T09:57:28","date_gmt":"2021-07-09T07:57:28","guid":{"rendered":"https:\/\/www.esteri.it\/?page_id=29812"},"modified":"2025-12-16T12:34:58","modified_gmt":"2025-12-16T11:34:58","slug":"riconoscimenti-e-legittimazioni","status":"publish","type":"page","link":"https:\/\/www.esteri.it\/it\/servizi-opportunita\/italiani-all-estero\/attinotarili\/riconoscimenti-e-legittimazioni\/","title":{"rendered":"Riconoscimenti"},"content":{"rendered":"<p>Il <strong>riconoscimento<\/strong> \u00e8 un atto con il quale i figli nati fuori del matrimonio possono essere riconosciuti dalla madre o dal padre o da entrambi, separatamente o congiuntamente, anche se gi\u00e0 uniti in matrimonio con un&#8217;altra persona. La dichiarazione di riconoscimento \u00e8 un atto irrevocabile e pu\u00f2 essere alternativamente formalizzata nell\u2019atto di nascita, in una dichiarazione davanti all\u2019ufficiale dello stato civile, in un atto pubblico, in un testamento (in questo caso produce effetti solo dopo la morte del testatore) o in una domanda presentata al Giudice Tutelare. Una volta effettuato, il riconoscimento non pu\u00f2 pi\u00f9 essere revocato, neppure tramite testamento.<\/p>\n<p><em>Principale normativa di riferimento<\/em>:\u00a0<em>Legge 10 dicembre 2012 n. 219, artt. 250 e seguenti Codice Civile.<\/em><\/p>\n","protected":false},"excerpt":{"rendered":"Il riconoscimento \u00e8 un atto con il quale i figli nati fuori del matrimonio possono essere riconosciuti dalla madre o dal padre o da entrambi, separatamente o congiuntamente, anche se gi\u00e0 uniti in matrimonio con un&#8217;altra persona. La dichiarazione di riconoscimento \u00e8 un atto irrevocabile e pu\u00f2 essere alternativamente formalizzata nell\u2019atto di nascita, in una [&hellip;]","protected":false},"author":1,"featured_media":0,"parent":29798,"menu_order":5,"comment_status":"closed","ping_status":"closed","template":"page-consolari.php","meta":{"footnotes":""},"class_list":["post-29812","page","type-page","status-publish","hentry"],"_links":{"self":[{"href":"https:\/\/www.esteri.it\/it\/wp-json\/wp\/v2\/pages\/29812","targetHints":{"allow":["GET"]}}],"collection":[{"href":"https:\/\/www.esteri.it\/it\/wp-json\/wp\/v2\/pages"}],"about":[{"href":"https:\/\/www.esteri.it\/it\/wp-json\/wp\/v2\/types\/page"}],"author":[{"embeddable":true,"href":"https:\/\/www.esteri.it\/it\/wp-json\/wp\/v2\/users\/1"}],"replies":[{"embeddable":true,"href":"https:\/\/www.esteri.it\/it\/wp-json\/wp\/v2\/comments?post=29812"}],"version-history":[{"count":1,"href":"https:\/\/www.esteri.it\/it\/wp-json\/wp\/v2\/pages\/29812\/revisions"}],"predecessor-version":[{"id":164717,"href":"https:\/\/www.esteri.it\/it\/wp-json\/wp\/v2\/pages\/29812\/revisions\/164717"}],"up":[{"embeddable":true,"href":"https:\/\/www.esteri.it\/it\/wp-json\/wp\/v2\/pages\/29798"}],"wp:attachment":[{"href":"https:\/\/www.esteri.it\/it\/wp-json\/wp\/v2\/media?parent=29812"}],"curies":[{"name":"wp","href":"https:\/\/api.w.org\/{rel}","templated":true}]}}