{"id":29815,"date":"2021-07-09T10:00:08","date_gmt":"2021-07-09T08:00:08","guid":{"rendered":"https:\/\/www.esteri.it\/?page_id=29815"},"modified":"2025-12-16T13:18:31","modified_gmt":"2025-12-16T12:18:31","slug":"successioni_0","status":"publish","type":"page","link":"https:\/\/www.esteri.it\/it\/servizi-consolari-e-visti\/italiani-all-estero\/successioni_0\/","title":{"rendered":"Successioni"},"content":{"rendered":"<p>La\u00a0<strong>successione<\/strong>\u00a0\u00e8 una procedura giuridica che prevede il trasferimento del patrimonio ereditario dalla persona defunta agli eredi. Nel caso di persone di cittadinanza italiana decedute all\u2019estero, o il cui decesso (anche se non si tratta di italiani) abbia in qualche modo interessato un cittadino italiano, il Consolato italiano competente per territorio provvede ad informare le Autorit\u00e0 nazionali e -se del caso- locali, dell\u2019apertura della successione, delle dichiarazioni di accettazione o rinuncia all\u2019eredit\u00e0 e di qualunque altra manifestazione di volont\u00e0 relativa alla successione di cui si tratta. Su richiesta del Tribunale competente, il Consolato pu\u00f2 predisporre la redazione dell\u2019inventario e delle misure di custodia dei beni ereditari presenti nel Paese di accreditamento.<\/p>\n<p>Con l\u2019entrata in vigore del Regolamento comunitario n. 650\/2012, a partire dal 17\/08\/2015 la legge applicabile alla successione \u00e8 quella dello Stato nel quale il defunto aveva la sua residenza abituale al momento del decesso (non pi\u00f9 il domicilio, come stabilito dal codice civile art.456); tuttavia, nell\u2019ipotesi in cui risulti dall\u2019insieme delle circostanze che al momento del suo decesso il defunto aveva dei legami manifestamente pi\u00f9 stretti con uno Stato diverso da quello di residenza abituale, la legge applicabile alla successione \u00e8 quella di questo altro Stato.<\/p>\n<p><em>Principale normativa di riferimento: Codice civile artt. 456-564; Regolamento UE n. 650\/2012<\/em><\/p>\n","protected":false},"excerpt":{"rendered":"La\u00a0successione\u00a0\u00e8 una procedura giuridica che prevede il trasferimento del patrimonio ereditario dalla persona defunta agli eredi. Nel caso di persone di cittadinanza italiana decedute all\u2019estero, o il cui decesso (anche se non si tratta di italiani) abbia in qualche modo interessato un cittadino italiano, il Consolato italiano competente per territorio provvede ad informare le Autorit\u00e0 [&hellip;]","protected":false},"author":1,"featured_media":0,"parent":347,"menu_order":10,"comment_status":"closed","ping_status":"closed","template":"page-consolari.php","meta":{"footnotes":""},"class_list":["post-29815","page","type-page","status-publish","hentry"],"_links":{"self":[{"href":"https:\/\/www.esteri.it\/it\/wp-json\/wp\/v2\/pages\/29815","targetHints":{"allow":["GET"]}}],"collection":[{"href":"https:\/\/www.esteri.it\/it\/wp-json\/wp\/v2\/pages"}],"about":[{"href":"https:\/\/www.esteri.it\/it\/wp-json\/wp\/v2\/types\/page"}],"author":[{"embeddable":true,"href":"https:\/\/www.esteri.it\/it\/wp-json\/wp\/v2\/users\/1"}],"replies":[{"embeddable":true,"href":"https:\/\/www.esteri.it\/it\/wp-json\/wp\/v2\/comments?post=29815"}],"version-history":[{"count":1,"href":"https:\/\/www.esteri.it\/it\/wp-json\/wp\/v2\/pages\/29815\/revisions"}],"predecessor-version":[{"id":164745,"href":"https:\/\/www.esteri.it\/it\/wp-json\/wp\/v2\/pages\/29815\/revisions\/164745"}],"up":[{"embeddable":true,"href":"https:\/\/www.esteri.it\/it\/wp-json\/wp\/v2\/pages\/347"}],"wp:attachment":[{"href":"https:\/\/www.esteri.it\/it\/wp-json\/wp\/v2\/media?parent=29815"}],"curies":[{"name":"wp","href":"https:\/\/api.w.org\/{rel}","templated":true}]}}