{"id":29818,"date":"2021-07-09T10:01:58","date_gmt":"2021-07-09T08:01:58","guid":{"rendered":"https:\/\/www.esteri.it\/?page_id=29818"},"modified":"2025-12-16T13:19:17","modified_gmt":"2025-12-16T12:19:17","slug":"testamento_0","status":"publish","type":"page","link":"https:\/\/www.esteri.it\/it\/servizi-opportunita\/italiani-all-estero\/successioni_0\/testamento_0\/","title":{"rendered":"Testamenti"},"content":{"rendered":"<p>Il<strong>\u00a0testamento<\/strong>\u00a0\u00e8 un atto revocabile con il quale taluno dispone, per il tempo in cui avr\u00e0 cessato di vivere, di tutte le proprie sostanze o di parte di esse (Art. 587 Codice civile).<\/p>\n<p>Il testamento pu\u00f2 essere\u00a0<strong>pubblico<\/strong>\u00a0(dichiarazione orale di volont\u00e0 del testatore resa al notaio o al funzionario consolare in presenza di due testimoni),\u00a0<strong>segreto<\/strong>\u00a0(viene consegnato in busta chiusa al notaio o funzionario consolare, il quale redige un verbale di ricevimento),\u00a0<strong>olografo<\/strong>\u00a0(interamente scritto di pugno, datato e sottoscritto dal testatore, pu\u00f2 essere depositato in ogni luogo e presso chiunque). Al decesso del testatore, il Console provvede alla pubblicazione del testamento olografo o segreto e ne d\u00e0 notizia all\u2019Archivio notarile distrettuale competente per il luogo di residenza o di iscrizione AIRE del defunto, ai fini della successiva iscrizione nel Registro Generale dei Testamenti.<\/p>\n<p><em>Principale normativa di riferimento:\u00a0Legge 89\/1913 artt. 61 e seg.; Codice civile\u00a0artt. 587-623; Legge 307\/1981.<\/em><\/p>\n","protected":false},"excerpt":{"rendered":"Il\u00a0testamento\u00a0\u00e8 un atto revocabile con il quale taluno dispone, per il tempo in cui avr\u00e0 cessato di vivere, di tutte le proprie sostanze o di parte di esse (Art. 587 Codice civile). Il testamento pu\u00f2 essere\u00a0pubblico\u00a0(dichiarazione orale di volont\u00e0 del testatore resa al notaio o al funzionario consolare in presenza di due testimoni),\u00a0segreto\u00a0(viene consegnato in [&hellip;]","protected":false},"author":1,"featured_media":0,"parent":29815,"menu_order":2,"comment_status":"closed","ping_status":"closed","template":"page-consolari.php","meta":{"footnotes":""},"class_list":["post-29818","page","type-page","status-publish","hentry"],"_links":{"self":[{"href":"https:\/\/www.esteri.it\/it\/wp-json\/wp\/v2\/pages\/29818","targetHints":{"allow":["GET"]}}],"collection":[{"href":"https:\/\/www.esteri.it\/it\/wp-json\/wp\/v2\/pages"}],"about":[{"href":"https:\/\/www.esteri.it\/it\/wp-json\/wp\/v2\/types\/page"}],"author":[{"embeddable":true,"href":"https:\/\/www.esteri.it\/it\/wp-json\/wp\/v2\/users\/1"}],"replies":[{"embeddable":true,"href":"https:\/\/www.esteri.it\/it\/wp-json\/wp\/v2\/comments?post=29818"}],"version-history":[{"count":1,"href":"https:\/\/www.esteri.it\/it\/wp-json\/wp\/v2\/pages\/29818\/revisions"}],"predecessor-version":[{"id":164748,"href":"https:\/\/www.esteri.it\/it\/wp-json\/wp\/v2\/pages\/29818\/revisions\/164748"}],"up":[{"embeddable":true,"href":"https:\/\/www.esteri.it\/it\/wp-json\/wp\/v2\/pages\/29815"}],"wp:attachment":[{"href":"https:\/\/www.esteri.it\/it\/wp-json\/wp\/v2\/media?parent=29818"}],"curies":[{"name":"wp","href":"https:\/\/api.w.org\/{rel}","templated":true}]}}