{"id":29828,"date":"2021-07-09T10:06:34","date_gmt":"2021-07-09T08:06:34","guid":{"rendered":"https:\/\/www.esteri.it\/?page_id=29828"},"modified":"2025-12-16T12:53:01","modified_gmt":"2025-12-16T11:53:01","slug":"legalizzazione-documenti","status":"publish","type":"page","link":"https:\/\/www.esteri.it\/it\/servizi-consolari-e-visti\/italiani-all-estero\/traduzione-e-legalizzazione-documenti\/legalizzazione-documenti\/","title":{"rendered":"Legalizzazione documenti"},"content":{"rendered":"<p>La<strong> legalizzazione<\/strong> \u00e8 una procedura tramite la quale si attesta\u00a0ufficialmente la qualifica legale del pubblico ufficiale che ha firmato un atto e l\u2019autenticit\u00e0 della sua firma.<\/p>\n<p>Per poter essere fatti valere in Italia, gli atti e i documenti rilasciati da autorit\u00e0 straniere devono essere legalizzati dalle rappresentanze diplomatico-consolari italiane all\u2019estero.<br \/>\nTali atti e documenti, eccetto quelli redatti su modelli plurilingue previsti da Convenzioni internazionali, devono inoltre essere tradotti in italiano e dichiarati conformi all\u2019originale da un traduttore ufficiale oppure dall\u2019ufficio consolare.<br \/>\nNei Paesi che hanno sottoscritto la Convenzione de L\u2019Aia del 5 ottobre 1961 relativa all\u2019abolizione della legalizzazione di atti pubblici stranieri, questa \u00e8 sostituita dalla \u201cpostilla\u201d (o\u00a0<strong>apostille<\/strong>). L\u2019apostille viene apposta dall\u2019Autorit\u00e0 interna designata da ciascuno Stato; l\u2019atto apostillato \u00e8 direttamente riconosciuto nello Stato membro di destinazione.<br \/>\nNumerose sono le Convenzioni bilaterali o multilaterali che hanno fatto seguito alla Convenzione per semplificare ulteriormente la circolazione di documenti tra Stati.<\/p>\n<p>La novit\u00e0 pi\u00f9 rilevante \u00e8 l\u2019entrata in vigore (per l\u2019Italia, il 16\/02\/2019) del Regolamento UE 2016\/1191, che fa venire meno l\u2019obbligo di legalizzare o adempiere analoghe formalit\u00e0 su alcuni atti pubblici, amministrativi, notarili, sentenze rilasciati da uno Stato membro e da far valere in un altro Stato membro.<\/p>\n<p><em>Principale normativa di riferimento: DPR 445\/2000, artt. 30-34; Regolamento UE 2016\/1191<\/em><\/p>\n","protected":false},"excerpt":{"rendered":"La legalizzazione \u00e8 una procedura tramite la quale si attesta\u00a0ufficialmente la qualifica legale del pubblico ufficiale che ha firmato un atto e l\u2019autenticit\u00e0 della sua firma. Per poter essere fatti valere in Italia, gli atti e i documenti rilasciati da autorit\u00e0 straniere devono essere legalizzati dalle rappresentanze diplomatico-consolari italiane all\u2019estero. Tali atti e documenti, eccetto [&hellip;]","protected":false},"author":1,"featured_media":0,"parent":29825,"menu_order":1,"comment_status":"closed","ping_status":"closed","template":"page-consolari.php","meta":{"footnotes":""},"class_list":["post-29828","page","type-page","status-publish","hentry"],"_links":{"self":[{"href":"https:\/\/www.esteri.it\/it\/wp-json\/wp\/v2\/pages\/29828","targetHints":{"allow":["GET"]}}],"collection":[{"href":"https:\/\/www.esteri.it\/it\/wp-json\/wp\/v2\/pages"}],"about":[{"href":"https:\/\/www.esteri.it\/it\/wp-json\/wp\/v2\/types\/page"}],"author":[{"embeddable":true,"href":"https:\/\/www.esteri.it\/it\/wp-json\/wp\/v2\/users\/1"}],"replies":[{"embeddable":true,"href":"https:\/\/www.esteri.it\/it\/wp-json\/wp\/v2\/comments?post=29828"}],"version-history":[{"count":3,"href":"https:\/\/www.esteri.it\/it\/wp-json\/wp\/v2\/pages\/29828\/revisions"}],"predecessor-version":[{"id":164731,"href":"https:\/\/www.esteri.it\/it\/wp-json\/wp\/v2\/pages\/29828\/revisions\/164731"}],"up":[{"embeddable":true,"href":"https:\/\/www.esteri.it\/it\/wp-json\/wp\/v2\/pages\/29825"}],"wp:attachment":[{"href":"https:\/\/www.esteri.it\/it\/wp-json\/wp\/v2\/media?parent=29828"}],"curies":[{"name":"wp","href":"https:\/\/api.w.org\/{rel}","templated":true}]}}