{"id":29832,"date":"2021-07-09T10:08:04","date_gmt":"2021-07-09T08:08:04","guid":{"rendered":"https:\/\/www.esteri.it\/?page_id=29832"},"modified":"2026-04-23T15:49:12","modified_gmt":"2026-04-23T13:49:12","slug":"notifiche_estero","status":"publish","type":"page","link":"https:\/\/www.esteri.it\/it\/servizi-opportunita\/italiani-all-estero\/notifiche_estero\/","title":{"rendered":"Notifiche"},"content":{"rendered":"<p align=\"center\"><strong>Notifica all\u2019estero di atti giudiziari ed extragiudiziari<\/strong><\/p>\n<p align=\"center\"><strong>(Ufficio di Riferimento: D.G.IT. &#8211; Unit\u00e0 per la tutela degli italiani all\u2019estero e la cooperazione giudiziaria internazionale)<\/strong><\/p>\n<p>L&#8217;attivit\u00e0 di notificazione \u00e8 una fase fondamentale dei processi civili, penali, tributari, amministrativi, fallimentari e del lavoro, nonch\u00e9 di alcune fasi pre-processuali o amministrative, che d\u00e0 la conoscenza legale di un provvedimento mediante la consegna di un atto, giudiziario o extragiudiziario, da parte di un particolare soggetto notificatore, secondo precise modalit\u00e0.<br \/>\nAi sensi dell\u2019art. 37 del D.Lgs. 71\/2011 l\u2019Ufficio consolare provvede alla notifica degli atti ad esso rimessi, in conformit\u00e0 alle disposizioni di cooperazione giudiziaria dell\u2019UE, alle convenzioni internazionali in materia e alle leggi dello Stato di residenza.<\/p>\n<p><strong>NOTIFICA ALL\u2019ESTERO DEGLI ATTI GIUDIZIARI ED EXTRAGIUDIZIARI IN MATERIA CIVILE E COMMERCIALE<\/strong>.<br \/>\nLe informazioni sono reperibili nella \u201c<a href=\"https:\/\/www.esteri.it\/wp-content\/uploads\/2024\/11\/Guida-Notifiche-civile_settembre-2024_definitiva.pdf\">Guida alla notifica all&#8217;estero degli atti giudiziari ed extragiudiziari in materia civile e commerciale (Edizione 2024)<\/a>\u201d.<\/p>\n<p><strong>NOTIFICA DI ATTI AMMINISTRATIVI A PERSONE RESIDENTI ALL&#8217;ESTERO<\/strong><\/p>\n<p><a href=\"https:\/\/www.esteri.it\/wp-content\/uploads\/2026\/03\/GUIDA-ALLE-NOTIFICHE-AMMINISTRATIVE-AGGIORNATA-2022.pdf\">Le informazioni sono reperibili nel seguente documento<\/a><\/p>\n<p><strong>NOTIFICA IN ITALIA \u00a0DI \u00a0ATTI GIUDIZIARI ED EXTRAGIUDIZIALI IN MATERIA CIVILE \u2013 COMMERCIALE, AMMINISTRATIVA E PENALE<\/strong><\/p>\n<p>Il <a href=\"https:\/\/www.esteri.it\/wp-content\/uploads\/2022\/06\/Vademecum-Notifiche-in-Italia-2022.pdf\">vademecum<\/a> intende fornire alle Rappresentanze Diplomatico-consolari straniere accreditate presso il Quirinale un essenziale strumento di consultazione,<br \/>\nper \u00a0agevolare le procedure di notificazione di atti giudiziari destinati a soggetti (persone fisiche e giuridiche) domiciliati o residenti in Italia<\/p>\n","protected":false},"excerpt":{"rendered":"Notifica all\u2019estero di atti giudiziari ed extragiudiziari (Ufficio di Riferimento: D.G.IT. &#8211; Unit\u00e0 per la tutela degli italiani all\u2019estero e la cooperazione giudiziaria internazionale) L&#8217;attivit\u00e0 di notificazione \u00e8 una fase fondamentale dei processi civili, penali, tributari, amministrativi, fallimentari e del lavoro, nonch\u00e9 di alcune fasi pre-processuali o amministrative, che d\u00e0 la conoscenza legale di un [&hellip;]","protected":false},"author":1,"featured_media":0,"parent":347,"menu_order":12,"comment_status":"closed","ping_status":"closed","template":"","meta":{"footnotes":""},"class_list":["post-29832","page","type-page","status-publish","hentry"],"_links":{"self":[{"href":"https:\/\/www.esteri.it\/it\/wp-json\/wp\/v2\/pages\/29832","targetHints":{"allow":["GET"]}}],"collection":[{"href":"https:\/\/www.esteri.it\/it\/wp-json\/wp\/v2\/pages"}],"about":[{"href":"https:\/\/www.esteri.it\/it\/wp-json\/wp\/v2\/types\/page"}],"author":[{"embeddable":true,"href":"https:\/\/www.esteri.it\/it\/wp-json\/wp\/v2\/users\/1"}],"replies":[{"embeddable":true,"href":"https:\/\/www.esteri.it\/it\/wp-json\/wp\/v2\/comments?post=29832"}],"version-history":[{"count":6,"href":"https:\/\/www.esteri.it\/it\/wp-json\/wp\/v2\/pages\/29832\/revisions"}],"predecessor-version":[{"id":180553,"href":"https:\/\/www.esteri.it\/it\/wp-json\/wp\/v2\/pages\/29832\/revisions\/180553"}],"up":[{"embeddable":true,"href":"https:\/\/www.esteri.it\/it\/wp-json\/wp\/v2\/pages\/347"}],"wp:attachment":[{"href":"https:\/\/www.esteri.it\/it\/wp-json\/wp\/v2\/media?parent=29832"}],"curies":[{"name":"wp","href":"https:\/\/api.w.org\/{rel}","templated":true}]}}