{"id":29842,"date":"2021-07-09T10:46:18","date_gmt":"2021-07-09T08:46:18","guid":{"rendered":"https:\/\/www.esteri.it\/?page_id=29842"},"modified":"2025-10-29T20:02:39","modified_gmt":"2025-10-29T19:02:39","slug":"patenteguida","status":"publish","type":"page","link":"https:\/\/www.esteri.it\/it\/servizi-consolari-e-visti\/italiani-all-estero\/autoveicoli_e_patenti\/patenteguida\/","title":{"rendered":"Patente di guida"},"content":{"rendered":"<p>Per guidare all&#8217;estero i cittadini italiani sono soggetti a regole differenti a seconda che si rechino, per periodi di breve soggiorno o per stabilirvi la propria residenza, in:<\/p>\n<p><strong>a) Paesi appartenenti all\u2019Unione Europea\u00a0o\u00a0allo Spazio economico europeo (SEE)<\/strong><br \/>\n<strong>b) Paesi extra UE firmatari di accordi di reciprocit\u00e0 con l\u2019Italia in materia di conversione di patenti di guida;<\/strong><br \/>\n<strong>c) Paesi extra UE non firmatari di accordi di reciprocit\u00e0 con l\u2019Italia in materia di conversione di patenti di guida.<\/strong><\/p>\n<p>&nbsp;<\/p>\n<p><strong>a) PAESI APPARTENENTI ALL\u2019UNIONE EUROPEA\u00a0O ALLO SPAZIO ECONOMICO EUROPEO (SEE)<\/strong><\/p>\n<ul>\n<li>Se vi recate\u00a0<strong>per brevi periodi<\/strong>\u00a0in uno stato membro della UE o aderente al SEE\u00a0potete circolare utilizzando la patente di guida italiana in quanto, in base alla Direttiva comunitaria\u00a0<strong>2006\/126\/CE del 20 dicembre 2006<\/strong>, gli Stati membri\u00a0dell&#8217;UE\u00a0e quelli\u00a0aderenti allo\u00a0Spazio economico europeo (SEE) riconoscono le patenti di guida rilasciate dalle rispettive Autorit\u00e0.<\/li>\n<li>Se invece stabilite\u00a0<strong>la vostra residenza<\/strong>\u00a0in un Paese dell&#8217;UE\/SEE avete tre possibilit\u00e0:-convertire (\u00e8 una facolt\u00e0, non un obbligo) la patente di guida italiana in una equipollente del Paese di residenza;<br \/>\n-conservare la propria patente facendola riconoscere dalle Autorit\u00e0 dello Stato in cui risiedete\u00a0(laddove previsto dalla normativa locale);<br \/>\n-conservare la patente originaria senza fare alcunch\u00e9. In quest&#8217;ultimo caso si potrebbero per\u00f2 verificare inconvenienti o ritardi in sede di rilascio del <strong>duplicato<\/strong>\u00a0per smarrimento, furto o distruzione del documento, essendo necessario richiedere notizie allo Stato che ha inizialmente rilasciato la patente.<br \/>\nSia per richiedere\u00a0la conversione (che consiste nel rilascio di una nuova patente) che il riconoscimento la patente deve essere in corso di validit\u00e0.<br \/>\nE\u2019 possibile\u00a0<strong>rinnovare la propria patente italiana<\/strong>\u00a0rivolgendosi\u00a0<strong>esclusivamente alle Autorit\u00e0 locali<\/strong>\u00a0(v. Circolare del Ministero delle Infrastrutture e Trasporti n. 30 del 21 maggio 1999).Per maggiori dettagli vi consigliamo di contattare l\u2019Ufficio consolare competente.<\/li>\n<\/ul>\n<p><strong><br \/>\nb) PAESI NON APPARTENENTI ALL\u2019UNIONE EUROPEA FIRMATARI DI ACCORDI DI RECIPROCIT\u00c0 CON L\u2019ITALIA IN MATERIA DI CONVERSIONE DI PATENTI DI GUIDA.<\/strong><\/p>\n<ul>\n<li>Per circolare\u00a0<strong>temporaneamente<\/strong>\u00a0nei Paesi con i quali l&#8217;Italia ha firmato accordi di reciprocit\u00e0 occorre essere in possesso della\u00a0<strong>patente internazionale<\/strong>\u00a0(permesso internazionale di guida) accompagnata da quella italiana in corso di validit\u00e0.La patente o permesso internazionale \u00e8 un documento per guidare in tutti i Paesi europei ed in alcuni extra-europei. Viene rilasciata dagli Uffici della motorizzazione. Deve essere sempre accompagnata dalla patente italiana in corso di validit\u00e0. Scopo della patente internazionale \u00e8 quello di fornire alle Autorit\u00e0 straniere l&#8217;esatta interpretazione della patente di guida in possesso del titolare.Le Convenzioni internazionali attualmente in vigore (Ginevra 19.9.1949 \u2013 ratificata con legge n. 1049 del 19.05.1952 &#8211; e Vienna 8.11.1968, &#8211; ratificata con legge n. 308 del 05.07.1995) hanno introdotto due modelli di patente internazionale.In Italia \u00e8 possibile ottenere sia l\u2019uno che l\u2019altro modello di patente.<\/li>\n<li><strong>Se stabilite la residenza<\/strong>\u00a0in un Paese straniero firmatario con l&#8217;Italia di un accordo di reciprocit\u00e0 in materia di patenti\u00a0<strong>dovrete richiedere alle locali Autorit\u00e0 la conversione della vostra patente<\/strong>\u00a0italiana in corso di validit\u00e0.Per conversione della patente si intende il rilascio, senza l&#8217;obbligo del superamento di esami teorici e pratici, di una patente dello Stato di nuova residenza corrispondente a quella italiana. La maggior parte degli accordi bilaterali conclusi dall&#8217;Italia in materia di patenti prevede che le Autorit\u00e0 del Paese ospitante comunichino, una volta rilasciata la nuova patente, l&#8217;avvenuta conversione alle Autorit\u00e0 diplomatico-consolari italiane ovvero a quella in Italia designata dall&#8217;accordo stesso.<br \/>\nUna volta rilasciata la nuova patente, quella italiana viene revocata secondo quanto previsto dall\u2019art. 130, comma c) del Codice della strada (D. Lgs. 285\/1992).<br \/>\nPer brevi soggiorni in Italia (ad esempio per vacanze) \u00e8 sufficiente\u00a0munirsi della\u00a0traduzione ufficiale della patente di guida da esibire a richiesta degli organi di sicurezza italiani. In caso di rientro definitivo,\u00a0potrete guidare in Italia con la patente straniera\u00a0<strong>fino ad un anno massimo<\/strong>\u00a0dalla data di rientro, dopodich\u00e9 occorrer\u00e0 richiedere la sostituzione della patente estera ottenuta in sede di conversione. Sar\u00e0 pertanto rilasciata una nuova patente italiana di categoria non superiore a quella originaria (art. 136, comma 5 del Codice della Strada).<br \/>\nNB. L\u2019elenco aggiornato degli Stati con i quali l&#8217;Italia ha concluso accordi di reciprocit\u00e0 in materia di conversione di patenti di guida \u00e8 visionabile tramite il link al\u00a0<a href=\"https:\/\/www.mit.gov.it\/\">sito del Ministero delle Infrastrutture e della mobilit\u00e0 sostenibili<\/a>. Possono &#8211; infine &#8211; convertire la patente italiana le seguenti categorie di cittadini che si trasferiscono, <strong>per motivi di servizio<\/strong>, in uno dei seguenti Stati:<br \/>\n&#8211; Canada: personale diplomatico e consolare;<br \/>\n&#8211; Cile: personale diplomatico e loro familiari;<br \/>\n&#8211; Stati Uniti: personale diplomatico e loro familiari;<br \/>\n&#8211; Zambia: cittadini in missione governativa e familiari.In caso di smarrimento o furto della patente italiana, i connazionali residenti in Paesi extra europei devono presentare la denuncia &#8211; oltre che alle locali Autorit\u00e0 &#8211; anche agli Organi di Polizia italiani (DPR 104 del 09.03.2000).<\/li>\n<\/ul>\n<p>&nbsp;<\/p>\n<p><strong>c) PAESI NON APPARTENENTI ALL\u2019UNIONE EUROPEA E NON FIRMATARI DI ACCORDI DI RECIPROCIT\u00c0 CON L\u2019ITALIA IN MATERIA DI CONVERSIONE DI PATENTI DI GUIDA.<\/strong><\/p>\n<p><strong>In questi Paesi non \u00e8 possibile n\u00e9 riconoscere n\u00e9 convertire la patente italiana di guida<\/strong>.<br \/>\n\u00c8 pertanto opportuno prendere debito e tempestivo contatto con la Rappresentanza diplomatico-consolare italiana nel luogo ove si desidera guidare, o con la Rappresentanza estera in Italia del Paese straniero, per conoscere quali siano i documenti necessari e la normativa vigente in materia.<\/p>\n<p>&nbsp;<\/p>\n<p><strong>I titolari di patente italiana residenti o dimoranti per un periodo di almeno 6 mesi in Paesi extra UE possono ottenere presso le competenti Autorit\u00e0 diplomatico-consolari italiane la conferma della validit\u00e0 della loro patente italiana<\/strong>, scaduta da non pi\u00f9 di cinque anni e non rientrante nei casi previsti all&#8217;art. 119, commi 2-bis e 4 del Codice della Strada (patenti di conducenti affetti da diabete o la cui idoneit\u00e0 psicofisica deve essere certificata da apposite commissioni mediche). Gli interessati dovranno effettuare la prevista visita medica per l&#8217;accertamento dei requisiti psichici e fisici, dopo di che la Rappresentanza diplomatico-consolare rilascer\u00e0 apposita attestazione di rinnovo.<br \/>\n<strong>Il rinnovo effettuato presso una Rappresentanza diplomatica o consolare \u00e8 valido per circolare sia in Italia che all&#8217;estero.<br \/>\nUna volta riacquisita la residenza o la dimora in Italia, la patente di guida dovr\u00e0 essere confermata dal competente ufficio centrale del Dipartimento per i trasporti, la navigazione ed i sistemi informativi e statistici.<\/strong><\/p>\n","protected":false},"excerpt":{"rendered":"Per guidare all&#8217;estero i cittadini italiani sono soggetti a regole differenti a seconda che si rechino, per periodi di breve soggiorno o per stabilirvi la propria residenza, in: a) Paesi appartenenti all\u2019Unione Europea\u00a0o\u00a0allo Spazio economico europeo (SEE) b) Paesi extra UE firmatari di accordi di reciprocit\u00e0 con l\u2019Italia in materia di conversione di patenti di [&hellip;]","protected":false},"author":1,"featured_media":0,"parent":29839,"menu_order":1,"comment_status":"closed","ping_status":"closed","template":"","meta":{"footnotes":""},"class_list":["post-29842","page","type-page","status-publish","hentry"],"_links":{"self":[{"href":"https:\/\/www.esteri.it\/it\/wp-json\/wp\/v2\/pages\/29842","targetHints":{"allow":["GET"]}}],"collection":[{"href":"https:\/\/www.esteri.it\/it\/wp-json\/wp\/v2\/pages"}],"about":[{"href":"https:\/\/www.esteri.it\/it\/wp-json\/wp\/v2\/types\/page"}],"author":[{"embeddable":true,"href":"https:\/\/www.esteri.it\/it\/wp-json\/wp\/v2\/users\/1"}],"replies":[{"embeddable":true,"href":"https:\/\/www.esteri.it\/it\/wp-json\/wp\/v2\/comments?post=29842"}],"version-history":[{"count":3,"href":"https:\/\/www.esteri.it\/it\/wp-json\/wp\/v2\/pages\/29842\/revisions"}],"predecessor-version":[{"id":98780,"href":"https:\/\/www.esteri.it\/it\/wp-json\/wp\/v2\/pages\/29842\/revisions\/98780"}],"up":[{"embeddable":true,"href":"https:\/\/www.esteri.it\/it\/wp-json\/wp\/v2\/pages\/29839"}],"wp:attachment":[{"href":"https:\/\/www.esteri.it\/it\/wp-json\/wp\/v2\/media?parent=29842"}],"curies":[{"name":"wp","href":"https:\/\/api.w.org\/{rel}","templated":true}]}}