{"id":29905,"date":"2021-07-09T11:40:46","date_gmt":"2021-07-09T09:40:46","guid":{"rendered":"https:\/\/www.esteri.it\/?page_id=29905"},"modified":"2025-12-16T10:48:30","modified_gmt":"2025-12-16T09:48:30","slug":"comites","status":"publish","type":"page","link":"https:\/\/www.esteri.it\/it\/servizi-consolari-e-visti\/italiani-all-estero\/organismirappresentativi\/comites\/","title":{"rendered":"Comites"},"content":{"rendered":"<p>Istituiti nel 1985, i Comites sono organismi rappresentativi della collettivit\u00e0 italiana, eletti direttamente dai connazionali residenti all&#8217;estero in ciascuna circoscrizione consolare ove risiedono almeno tremila connazionali iscritti nell\u2019elenco aggiornato di cui all\u2019art. 5, comma 1, della Legge 459\/2001.<br \/>\nIn circoscrizioni ove risiedono meno di tremila cittadini italiani i Comitati possono essere nominati dall&#8217;Autorit\u00e0 diplomatico-consolare.<\/p>\n<p>I Comites sono composti da 12 membri o da 18 membri, a seconda che vengano eletti in Circoscrizioni consolari con un numero inferiore o superiore a 100 mila connazionali residenti, quali essi risultano dall&#8217;elenco aggiornato dei cittadini italiani residenti all\u2019estero.<br \/>\nOltre ai membri eletti di cittadinanza italiana, possono far parte del Comitato, per cooptazione, cittadini stranieri di origine italiana in misura non eccedente un terzo dei componenti il Comitato eletto (4 o 6 componenti).<\/p>\n<p>Ai sensi dell&#8217;art. 1, co. 2 della legge 286\/2003, i Comites sono organi di rappresentanza degli italiani all&#8217;estero nei rapporti con le rappresentanze diplomatico-consolari.<br \/>\nAnche attraverso studi e ricerche, essi contribuiscono ad individuare le esigenze di sviluppo sociale, culturale e civile della comunit\u00e0 di riferimento; promuovono, in collaborazione con l&#8217;autorit\u00e0 consolare, con le regioni e con le autonomie locali, nonch\u00e9 con enti, associazioni e comitati\u00a0\u00a0 operanti nell&#8217;ambito della circoscrizione consolare, opportune iniziative nelle materie attinenti alla\u00a0 vita sociale e culturale, con particolare riguardo alla partecipazione dei giovani, alle pari\u00a0\u00a0 opportunit\u00e0, all&#8217;assistenza sociale e scolastica, alla formazione professionale, al settore ricreativo, allo sport e al tempo libero.<br \/>\nI Comitati sono altres\u00ec chiamati a cooperare con l&#8217;Autorit\u00e0 consolare nella tutela dei diritti e degli interessi dei cittadini italiani residenti nella circoscrizione consolare.<\/p>\n<p align=\"JUSTIFY\">A seguito delle elezioni di dicembre 2021, operano oggi nel mondo 115 Comites elettivi, di cui 9 di nuova istituzione, e 3 Comites di nomina consolare. I 118 Comitati sono cos\u00ec distribuiti: 55 si trovano in Europa, 44 nelle Americhe, 10 in Asia e Oceania , 4 in Medioriente e 5 in Africa.<\/p>\n","protected":false},"excerpt":{"rendered":"Istituiti nel 1985, i Comites sono organismi rappresentativi della collettivit\u00e0 italiana, eletti direttamente dai connazionali residenti all&#8217;estero in ciascuna circoscrizione consolare ove risiedono almeno tremila connazionali iscritti nell\u2019elenco aggiornato di cui all\u2019art. 5, comma 1, della Legge 459\/2001. In circoscrizioni ove risiedono meno di tremila cittadini italiani i Comitati possono essere nominati dall&#8217;Autorit\u00e0 diplomatico-consolare. I [&hellip;]","protected":false},"author":1,"featured_media":0,"parent":29901,"menu_order":2,"comment_status":"closed","ping_status":"closed","template":"","meta":{"footnotes":""},"class_list":["post-29905","page","type-page","status-publish","hentry"],"_links":{"self":[{"href":"https:\/\/www.esteri.it\/it\/wp-json\/wp\/v2\/pages\/29905","targetHints":{"allow":["GET"]}}],"collection":[{"href":"https:\/\/www.esteri.it\/it\/wp-json\/wp\/v2\/pages"}],"about":[{"href":"https:\/\/www.esteri.it\/it\/wp-json\/wp\/v2\/types\/page"}],"author":[{"embeddable":true,"href":"https:\/\/www.esteri.it\/it\/wp-json\/wp\/v2\/users\/1"}],"replies":[{"embeddable":true,"href":"https:\/\/www.esteri.it\/it\/wp-json\/wp\/v2\/comments?post=29905"}],"version-history":[{"count":2,"href":"https:\/\/www.esteri.it\/it\/wp-json\/wp\/v2\/pages\/29905\/revisions"}],"predecessor-version":[{"id":99881,"href":"https:\/\/www.esteri.it\/it\/wp-json\/wp\/v2\/pages\/29905\/revisions\/99881"}],"up":[{"embeddable":true,"href":"https:\/\/www.esteri.it\/it\/wp-json\/wp\/v2\/pages\/29901"}],"wp:attachment":[{"href":"https:\/\/www.esteri.it\/it\/wp-json\/wp\/v2\/media?parent=29905"}],"curies":[{"name":"wp","href":"https:\/\/api.w.org\/{rel}","templated":true}]}}