{"id":29941,"date":"2011-05-30T12:45:22","date_gmt":"2011-05-30T10:45:22","guid":{"rendered":"https:\/\/www.esteri.it\/servizi-consolari-e-visti\/italiani-all-estero\/ingressosoggiornoinitalia\/soggiorno_stranieri_in_italia\/"},"modified":"2025-11-07T14:41:31","modified_gmt":"2025-11-07T13:41:31","slug":"soggiorno_stranieri_in_italia","status":"publish","type":"page","link":"https:\/\/www.esteri.it\/it\/servizi-consolari-e-visti\/ingressosoggiornoinitalia\/soggiorno_stranieri_in_italia\/","title":{"rendered":"Il Soggiorno degli stranieri in Italia"},"content":{"rendered":"<p>L\u2019ingresso nel territorio italiano degli stranieri provenienti dalle frontiere esterne dello Spazio Schengen \u00e8 consentito soltanto allo straniero che:<\/p>\n<ol>\n<li>si presenti attraverso un valico di frontiera;<\/li>\n<li>sia in possesso di un passaporto o di altro documento di viaggio equivalente riconosciuto valido per l\u2019attraversamento delle frontiere;<\/li>\n<li>disponga di documenti che giustifichino lo scopo e le condizioni del soggiorno e dimostri di disporre di mezzi finanziari sufficienti in relazione alla natura, alla durata prevista del soggiorno, ed alle spese per il ritorno nel Paese di provenienza (o per il transito verso uno Stato terzo);<\/li>\n<li>sia munito, ove prescritto, di valido visto di ingresso o di transito;<\/li>\n<li>non sia segnalato ai fini della non ammissione nel <a href=\"https:\/\/home-affairs.ec.europa.eu\/policies\/schengen\/schengen-information-system_it\">Sistema di informazione Schengen<\/a>;<\/li>\n<li>non sia considerato pericoloso per l\u2019ordine pubblico, la sicurezza nazionale o le relazioni internazionali di una delle Parti contraenti, da disposizioni nazionali o di altri Stati Schengen.<\/li>\n<\/ol>\n<p><strong>Lo straniero gi\u00e0 residente in uno Stato Schengen e titolare di permesso di soggiorno, \u00e8 esente da visto per soggiorni non superiori a 3 mesi<\/strong>, a condizione che l\u2019ingresso in Italia non avvenga per motivi di lavoro subordinato, lavoro autonomo o studio\/tirocinio \u2013 studio\/formazione.<\/p>\n<p>Lo straniero sprovvisto anche solo di uno dei requisiti richiesti, pu\u00f2 essere oggetto di respingimento, che pu\u00f2 essere attuato dalle competenti Autorit\u00e0 di Frontiera anche in presenza di regolare visto d\u2019ingresso.<\/p>\n","protected":false},"excerpt":{"rendered":"L\u2019ingresso nel territorio italiano degli stranieri provenienti dalle frontiere esterne dello Spazio Schengen \u00e8 consentito soltanto allo straniero che: si presenti attraverso un valico di frontiera; sia in possesso di un passaporto o di altro documento di viaggio equivalente riconosciuto valido per l\u2019attraversamento delle frontiere; disponga di documenti che giustifichino lo scopo e le condizioni [&hellip;]","protected":false},"author":1,"featured_media":0,"parent":29933,"menu_order":6,"comment_status":"closed","ping_status":"closed","template":"page-consolari.php","meta":{"footnotes":""},"class_list":["post-29941","page","type-page","status-publish","hentry"],"_links":{"self":[{"href":"https:\/\/www.esteri.it\/it\/wp-json\/wp\/v2\/pages\/29941","targetHints":{"allow":["GET"]}}],"collection":[{"href":"https:\/\/www.esteri.it\/it\/wp-json\/wp\/v2\/pages"}],"about":[{"href":"https:\/\/www.esteri.it\/it\/wp-json\/wp\/v2\/types\/page"}],"author":[{"embeddable":true,"href":"https:\/\/www.esteri.it\/it\/wp-json\/wp\/v2\/users\/1"}],"replies":[{"embeddable":true,"href":"https:\/\/www.esteri.it\/it\/wp-json\/wp\/v2\/comments?post=29941"}],"version-history":[{"count":2,"href":"https:\/\/www.esteri.it\/it\/wp-json\/wp\/v2\/pages\/29941\/revisions"}],"predecessor-version":[{"id":158409,"href":"https:\/\/www.esteri.it\/it\/wp-json\/wp\/v2\/pages\/29941\/revisions\/158409"}],"up":[{"embeddable":true,"href":"https:\/\/www.esteri.it\/it\/wp-json\/wp\/v2\/pages\/29933"}],"wp:attachment":[{"href":"https:\/\/www.esteri.it\/it\/wp-json\/wp\/v2\/media?parent=29941"}],"curies":[{"name":"wp","href":"https:\/\/api.w.org\/{rel}","templated":true}]}}