{"id":30075,"date":"2021-07-12T12:08:36","date_gmt":"2021-07-12T10:08:36","guid":{"rendered":"https:\/\/www.esteri.it\/?page_id=30075"},"modified":"2026-01-07T14:10:53","modified_gmt":"2026-01-07T13:10:53","slug":"universita","status":"publish","type":"page","link":"https:\/\/www.esteri.it\/it\/temi\/cultura\/universita\/","title":{"rendered":"Internazionalizzazione del sistema accademico italiano"},"content":{"rendered":"<p>L\u2019internazionalizzazione del sistema italiano della formazione superiore \u00e8 un obiettivo prioritario di diplomazia pubblica e culturale del Ministero degli Affari Esteri e della Cooperazione Internazionale. Essa \u00e8 infatti una leva per lo sviluppo culturale ed economico del nostro Paese e un efficace strumento di politica estera.<\/p>\n<p>L\u2019attrazione di studenti internazionali nelle nostre istituzioni della formazione superiore \u00e8 un obiettivo a cui la Farnesina lavora di concerto con il MUR, la CRUI e altri attori di rilievo nel settore accademico. Per agevolare la mobilit\u00e0 studentesca, la Farnesina eroga annualmente\u00a0<a href=\"https:\/\/www.esteri.it\/it\/opportunita\/borse-di-studio\/per-cittadini-stranieri\/\"><strong>borse di studio per studenti stranieri<\/strong><\/a>\u00a0e, attraverso la rete diplomatico-consolare,\u00a0rilascia\u00a0<a href=\"https:\/\/www.esteri.it\/it\/servizi-consolari-e-visti\/ingressosoggiornoinitalia\/\"><strong>visti per studio<\/strong><\/a>,\u00a0<a href=\"https:\/\/www.esteri.it\/it\/servizi-consolari-e-visti\/italiani-all-estero\/traduzione-e-legalizzazione-documenti\/\"><strong>legalizzazioni<\/strong><\/a>\u00a0e <a href=\"https:\/\/www.esteri.it\/it\/diplomazia-culturale-e-diplomazia-scientifica\/cultura\/universita\/riconoscimento_titoli_studio\/dichiarazionevalorerifugiati\/\"><strong>dichiarazioni di valore dei titoli di studio<\/strong><\/a>.<\/p>\n<p>Attraverso la rete diplomatico-consolare e l\u2019Ufficio VII della Direzione Generale per la Crescita e la Promozione delle Esportazioni,\u00a0la Farnesina supporta le istituzioni italiane della formazione superiore nelle loro attivit\u00e0 di internazionalizzazione, facilitando le\u00a0<strong>collaborazioni e gli accordi con atenei stranieri<\/strong>. Un elenco aggiornato degli accordi universitari in vigore \u00e8 disponibile sul <strong>portale<\/strong> <a href=\"https:\/\/accordi-internazionali.cineca.it\/\"><strong>accordi-internazionali.cineca.it<\/strong><\/a>.<\/p>\n<p><strong>Associazione Uni-Italia<\/strong><\/p>\n<p>Il MAECI \u00e8 socio fondatore dell\u2019<a href=\"https:\/\/uni-italia.it\/\"><strong>Associazione Uni-Italia<\/strong><\/a>, che opera dal 2010 per promuovere il sistema accademico italiano all\u2019estero e incentivare la cooperazione accademica. Anche attraverso i suoi centri all\u2019estero, Uni-Italia assiste gli studenti interessati a proseguire i propri studi in Italia, offrendo informazioni sull\u2019offerta formativa italiana e supporto nelle procedure di preiscrizione. Assiste inoltre le universit\u00e0 straniere nello stabilire collaborazioni con le universit\u00e0 italiane.<\/p>\n<p>Dall\u2019avvio delle sue attivit\u00e0, Uni-Italia ha prodotto risultati significativi, contribuendo alla crescita del numero di studenti stranieri iscritti alle nostre universit\u00e0 e accademie e sostenendo la partecipazione italiana alle pi\u00f9 importanti fiere internazionali di settore, come ad esempio la statunitense NAFSA. L\u2019Associazione ha inoltre instaurato importanti collaborazioni con le omologhe agenzie straniere di promozione universitaria, quali la tedesca DAAD, la statunitense IIE, la francese Campus France e l\u2019olandese Nuffic.<\/p>\n<p>In seguito alla modifica statutaria approvata nel 2024 Uni-Italia \u00e8 composta, oltre che da MAECI, MUR, Ministero dell\u2019Interno, CRUI e ICE-Agenzia, anche dal MIM. Il rafforzamento della\u00a0<em>governance<\/em>\u00a0e della statura internazionale di Uni-Italia conferma la volont\u00e0 di investire di pi\u00f9 e in modo pi\u00f9 sistematico nella promozione del nostro sistema di formazione superiore all\u2019estero.<\/p>\n","protected":false},"excerpt":{"rendered":"L\u2019internazionalizzazione del sistema italiano della formazione superiore \u00e8 un obiettivo prioritario di diplomazia pubblica e culturale del Ministero degli Affari Esteri e della Cooperazione Internazionale. Essa \u00e8 infatti una leva per lo sviluppo culturale ed economico del nostro Paese e un efficace strumento di politica estera. L\u2019attrazione di studenti internazionali nelle nostre istituzioni della formazione [&hellip;]","protected":false},"author":1,"featured_media":0,"parent":289,"menu_order":4,"comment_status":"closed","ping_status":"closed","template":"page-diplomazia.php","meta":{"footnotes":""},"class_list":["post-30075","page","type-page","status-publish","hentry"],"_links":{"self":[{"href":"https:\/\/www.esteri.it\/it\/wp-json\/wp\/v2\/pages\/30075","targetHints":{"allow":["GET"]}}],"collection":[{"href":"https:\/\/www.esteri.it\/it\/wp-json\/wp\/v2\/pages"}],"about":[{"href":"https:\/\/www.esteri.it\/it\/wp-json\/wp\/v2\/types\/page"}],"author":[{"embeddable":true,"href":"https:\/\/www.esteri.it\/it\/wp-json\/wp\/v2\/users\/1"}],"replies":[{"embeddable":true,"href":"https:\/\/www.esteri.it\/it\/wp-json\/wp\/v2\/comments?post=30075"}],"version-history":[{"count":5,"href":"https:\/\/www.esteri.it\/it\/wp-json\/wp\/v2\/pages\/30075\/revisions"}],"predecessor-version":[{"id":168970,"href":"https:\/\/www.esteri.it\/it\/wp-json\/wp\/v2\/pages\/30075\/revisions\/168970"}],"up":[{"embeddable":true,"href":"https:\/\/www.esteri.it\/it\/wp-json\/wp\/v2\/pages\/289"}],"wp:attachment":[{"href":"https:\/\/www.esteri.it\/it\/wp-json\/wp\/v2\/media?parent=30075"}],"curies":[{"name":"wp","href":"https:\/\/api.w.org\/{rel}","templated":true}]}}