{"id":30094,"date":"2021-07-12T12:42:26","date_gmt":"2021-07-12T10:42:26","guid":{"rendered":"https:\/\/www.esteri.it\/?page_id=30094"},"modified":"2026-04-23T16:23:13","modified_gmt":"2026-04-23T14:23:13","slug":"unesco","status":"publish","type":"page","link":"https:\/\/www.esteri.it\/it\/temi\/cultura\/cooperculturale\/unesco\/","title":{"rendered":"UNESCO"},"content":{"rendered":"<p>Il Ministero svolge un\u2019attivit\u00e0 costante di raccordo con la Rappresentanza Permanente d\u2019Italia presso l\u2019UNESCO, la Commissione Nazionale Italiana per l\u2019UNESCO, le Rappresentanze diplomatiche italiane e straniere e il Ministero della Cultura , coordinando la partecipazione dell\u2019Italia agli organi e ai programmi dell\u2019UNESCO, supportando la presentazione delle candidature italiane alle liste per la protezione del patrimonio culturale, immateriale e ambientale e promuovendo la cooperazione culturale multilaterale.<\/p>\n<p>L\u2019<strong>Organizzazione delle Nazioni Unite per l\u2019Educazione, la Scienza e la Cultura (United Nations Educational, Scientific and Cultural Organization, UNESCO)<\/strong>, istituita dalla Convenzione di Londra, firmata il 16 novembre 1945 ed entrata in vigore il 4 novembre 1946,\u00a0 \u00e8 nata all\u2019indomani della seconda guerra mondiale, dalla generale consapevolezza che per garantire una pace duratura gli accordi politici ed economici non sono sufficienti, ma \u00e8 necessario promuovere a livello globale l\u2019educazione, la scienza, la cultura e la collaborazione tra le nazioni. La diffusione di esse contribuisce infatti in modo fondamentale ad assicurare il rispetto universale della giustizia, dei diritti dell\u2019uomo e delle libert\u00e0 fondamentali di tutti i popoli. A pi\u00f9 di ottant\u2019anni \u00a0dalla fondazione, il mandato dell\u2019UNESCO si conferma quanto mai attuale e rilevante, per contrastare nuove forme di violenza e intolleranza, profonde disuguaglianze tra i paesi del mondo, minacce ai diritti umani e alla pace, nonch\u00e9 per affrontare le sfide poste dalla necessit\u00e0 di uno sviluppo sostenibile a livello globale.<\/p>\n<p>L\u2019organizzazione annovera attualmente 194 Stati Membri e 12 Stati Associati e opera attraverso tre organi, la Conferenza Generale, il Consiglio Esecutivo e il Segretariato.<\/p>\n<p><strong>L\u2019UNESCO opera in particolare nei seguenti settori:\u00a0<\/strong><\/p>\n<ul>\n<li><strong>Educazione<\/strong>: \u00e8 il settore al quale l\u2019Organizzazione dedica la\u00a0<strong>maggior parte del proprio budget<\/strong>\u00a0ordinario, sin dalla sua fondazione. L\u2019UNESCO ha da sempre lavorato e continua a lavorare per promuovere in tutti i paesi del mondo una pi\u00f9 ampia diffusione dell\u2019istruzione, a partire da quella di base, nella convinzione che sia un elemento fondamentale per uno sviluppo sano ed equilibrato dei singoli individui e delle societ\u00e0.<\/li>\n<li><strong>Cultura:\u00a0<\/strong>per tradizione, \u00e8 il settore di maggiore visibilit\u00e0 e di riconosciuta competenza dell\u2019Organizzazione. Attraverso alcune\u00a0<strong>convenzioni internazionali<\/strong>, l\u2019Unesco promuove la tutela del patrimonio culturale materiale e immateriale, la salvaguardia dei beni culturali in aree di crisi, il contrasto al traffico illecito di beni culturali, la protezione delle diverse espressioni e identit\u00e0 culturali (<a href=\"https:\/\/www.esteri.it\/it\/temi\/cultura\/cooperculturale\/litalia-e-lunesco\/\">L\u2019Italia e l\u2019UNESCO<\/a>).<\/li>\n<li><strong>Scienze Naturali:<\/strong>\u00a0Mediante alcuni\u00a0<strong>programmi scientifici internazionali<\/strong>, l\u2019Unesco sostiene il rispetto dell\u2019ambiente, la ricerca e la cooperazione scientifica nell\u2019interesse della sicurezza umana e dello sviluppo sostenibile. L\u2019organizzazione opera in particolare per: l\u2019elaborazione di politiche e strategie di riforma dei sistemi scientifici e tecnologici; la tutela delle risorse della biosfera, l\u2019uso equilibrato delle risorse idriche, la sensibilizzazione di individui e comunit\u00e0 a un rapporto pi\u00f9 rispettoso con la natura; la ricerca marina e la gestione corretta delle risorse del mare e delle zone costiere\u00a0(<a href=\"https:\/\/www.esteri.it\/it\/temi\/cultura\/cooperculturale\/litalia-e-lunesco\/\">L\u2019Italia e l\u2019UNESCO<\/a>).<\/li>\n<li><strong>Scienze sociali e umane:<\/strong>\u00a0L\u2019UNESCO accompagna gli Stati Membri nello sviluppo di una comprensione reciproca e nella cooperazione per la costruzione di una pace duratura. Attraverso alcuni programmi intergovernativi, fornisce strumenti per affrontare minacce globali, come la disuguaglianza, l\u2019esclusione, la violenza, e il settarismo; promuove il dialogo interculturale e l\u2019educazione alla pace, ai diritti umani, alla democrazia e alla cittadinanza globale. Inoltre, l\u2019UNESCO sostiene lo sport come strumento per favorire l\u2019integrazione tra contesti politici e culturali molto distanti tra loro.<\/li>\n<li><strong>Comunicazione e Informazione:\u00a0<\/strong>\u00e8 il settore pi\u00f9 giovane dell\u2019organizzazione e si propone di tutelare e favorire la libert\u00e0 di espressione, l\u2019accesso all\u2019informazione, l\u2019indipendenza e il pluralismo dei mezzi di comunicazione e di informazione, la sicurezza dei giornalisti.<\/li>\n<\/ul>\n<p><strong>Sede:\u00a0<\/strong>Place de Fontenoy 7, 75007 Parigi<\/p>\n<p><strong>Sito web:\u00a0<\/strong><a href=\"https:\/\/en.unesco.org\/\">unesco.org<\/a><\/p>\n<p>&nbsp;<\/p>\n<p><strong>L\u2019Italia nell\u2019UNESCO<\/strong><\/p>\n<p>Universalmente riconosciuta come \u201csuperpotenza della bellezza e della cultura\u201d, l\u2019Italia riveste nell\u2019UNESCO un ruolo di indiscusso prestigio e preminenza, fornendo un contributo prezioso in termini di supporto finanziario, presenza attiva, visibilit\u00e0 e progettualit\u00e0. Di assoluta rilevanza \u00e8 l\u2019impegno finanziario italiano nell\u2019Organizzazione: l\u2019Italia \u00e8 tra i principali contributori dell\u2019UNESCO, sostenendone le attivit\u00e0 con contributi obbligatori e volontari.<\/p>\n<p>A livello istituzionale, il nostro paese \u00e8 un membro molto attivo dell\u2019organizzazione: nel 2023 l\u2019Italia \u00e8 stata rieletta per il settimo mandato quadriennale consecutivo nel\u00a0<strong>Consiglio esecutivo<\/strong>\u00a0e fa attualmente parte di vari comitati e commissioni.<\/p>\n<p>Il ruolo di primo piano dell\u2019Italia non deriva solo dalla rilevanza del suo patrimonio artistico, culturale e naturale\u00a0(<a href=\"https:\/\/www.esteri.it\/it\/temi\/cultura\/cooperculturale\/litalia-e-lunesco\/\">L\u2019Italia e l\u2019UNESCO<\/a>), ma anche da un \u201ccapitale umano\u201d di altissimo livello. All\u2019interno dell\u2019UNESCO operano pi\u00f9 di 80 \u00a0funzionari italiani, di cui viene unanimemente riconosciuta la qualit\u00e0 e la dedizione. Al personale interno si aggiunge una vasta rete di esperti \u2013 tecnici, artigiani, ingegneri, studiosi, scienziati, archeologi, restauratori \u2013 i quali offrono la loro competenza per interventi sul campo, per la predisposizione di dossier tecnici e per la formazione di esperti in altri paesi. Nel campo del restauro, ad esempio, nel quale riveste un ruolo di eccellenza a livello mondiale, l\u2019Italia ha realizzato attraverso l\u2019UNESCO numerosi progetti di recupero e restauro di siti archeologici e storico-artistici in degrado nel bacino del Mediterraneo, in Iraq, in Afghanistan, in Africa e nel Sud-Est asiatico.<\/p>\n<p>Il nostro paese partecipa inoltre attivamente al\u00a0<a href=\"https:\/\/italiana.esteri.it\/italiana\/chi-siamo\/attivita-e-funzioni\/recupero-dei-beni-culturali-illecitamente-sottratti\/\">recupero dei beni culturali illecitamente sottratti<\/a>\u00a0e ha creato la Task force\u00a0Unite4Heritage,\u00a0per la salvaguardia del patrimonio culturale in caso di crisi o conflitto armato. La Task force, nota anche con il nome di \u201cCaschi Blu della cultura\u201d, sar\u00e0 messa a disposizione dell\u2019UNESCO e della comunit\u00e0 internazionale, secondo modalit\u00e0 in via di definizione.<\/p>\n<p>&nbsp;<\/p>\n<p><strong>La Commissione Nazionale Italiana per l\u2019UNESCO<\/strong><\/p>\n<p>L\u2019art. VII della Convenzione di Londra del 16 novembre 1945, che ha istituito l\u2019UNESCO, prevede l\u2019istituzione di Commissioni Nazionali o Organi Nazionali di cooperazione negli Stati membri dell\u2019organizzazione. La Commissione Nazionale Italiana per l\u2019UNESCO (CNIU) \u00e8 stata istituita nel 1950.<\/p>\n<p>La Commissione opera attraverso i seguenti organi:<\/p>\n<ul>\n<li>l\u2019Assemblea, che fissa le strategie generali della Commissione, in relazione ai programmi e alle finalit\u00e0 dell\u2019UNESCO e agli interessi generali della politica nazionale nei campi dell\u2019educazione, della scienza, della cultura e della comunicazione;<\/li>\n<li>Il Consiglio Direttivo, che \u00e8 l\u2019organo di governo della Commissione e attua gli orientamenti strategici fissati dall\u2019Assemblea.<\/li>\n<\/ul>\n<p>Nello svolgimento del suo mandato, la Commissione:<\/p>\n<ul>\n<li>favorisce l\u2019esecuzione dei programmi e delle attivit\u00e0 dell\u2019UNESCO in Italia;<\/li>\n<li>si adopera per associare all\u2019operato dell\u2019UNESCO persone e enti attivi in campo culturale, scientifico e educativo;<\/li>\n<li>promuove gli ideali dell\u2019UNESCO organizzando convegni e corsi di formazione e concedendo il patrocinio a iniziative in linea con i programmi dell\u2019organizzazione;<\/li>\n<li>fornisce pareri e raccomandazioni al Governo e alle Pubbliche Amministrazioni;<\/li>\n<li>formula proposte sulla scelta dei membri delle delegazioni italiane alla Conferenza Generale dell\u2019UNESCO e ad altre riunioni o manifestazioni promosse dall\u2019UNESCO;<\/li>\n<li>tutela il nome, l\u2019acronimo, l\u2019emblema e i nomi di dominio internet dell\u2019UNESCO e dei suoi programmi specifici e ne monitora l\u2019uso;<\/li>\n<li>fornisce pareri al Ministro degli Affari Esteri sugli aspetti educativi, scientifici e culturali dei progetti da realizzare nell\u2019ambito della cooperazione allo sviluppo.<\/li>\n<\/ul>\n<p>La\u00a0 <a href=\"https:\/\/www.unesco.it\/it\/chi-siamo\/commissione\/\">composizione,<\/a> i compiti e il funzionamento della CNIU sono stati disciplinati, da ultimo, dal Decreto Ministeriale n. 4195 del 24 maggio 2007.<\/p>\n<p><strong>Sede:<\/strong>\u00a0Palazzo Altemps, Via di Sant\u2019Apollinare 8, 00186 Roma<\/p>\n<p><strong>Sito web:\u00a0<\/strong><a href=\"http:\/\/www.unesco.it\/it\">unesco.it<\/a><\/p>\n<p>&nbsp;<\/p>\n<p><strong>Centri UNESCO in Italia<\/strong><\/p>\n<p><strong>BRESCE \u2013 Venezia<\/strong><\/p>\n<p>L\u2019 Ufficio Regionale UNESCO per la Scienza e la Cultura in Europa (UNESCO Regional Bureau for Science and Culture in Europe, BRESCE), con sede a Venezia, nello storico palazzo Zorzi, \u00e8 l\u2019unico Ufficio Territoriale Unesco con specifico mandato di promuovere la cooperazione scientifica e culturale, la ricerca e la formazione in Europa, in particolare nell\u2019area sud-orientale.<\/p>\n<p>L\u2019Ufficio \u00e8 attivo soprattutto nei seguenti campi: assistenza tecnica per la gestione integrata delle risorse culturali e naturali, con particolare attenzione alle aree designate dall\u2019UNESCO (siti del patrimonio mondiale, Riserve della biosfera, Geoparchi);\u00a0 tutela del patrimonio culturale materiale e immateriale; lotta al traffico illecito dei beni culturali; integrazione della cultura nei piani di sviluppo sostenibile; promozione della diversit\u00e0 delle espressioni culturali, gestione delle risorse idriche; riduzione dei rischi ambientali e antropici; diplomazia scientifica. Le attivit\u00e0 del BRESCE sono inoltre orientate al raggiungimento degli obiettivi dell\u2019Agenda 2030 delle Nazioni Unite per lo Sviluppo Sostenibile. L\u2019Ufficio \u00e8 affiancato da un\u2019Antenna a Sarajevo e ospita una componente della Commissione Intergovernativa Oceanografica (Oceanographic Intergovernmental Commission), impegnata nell\u2019iniziativa internazionale \u201cOcean Literacy for all\u201d, che riunisce associazioni di educatori e ricercatori per promuovere l\u2019educazione e la consapevolezza sui temi della tutela del mare.<\/p>\n<p>La sezione Cultura dell\u2019Ufficio ha collaborato strettamente con il Ministero degli Affari Esteri e della Cooperazione Internazionale e con il Ministero della Cultura per l\u2019organizzazione delle due edizioni della \u201cNaples Conference on Cultural Heritage in the 21st century\u201d, che hanno avuto luogo a Napoli nel novembre 2023 e nel giugno 2025 e continuer\u00e0 a collaborare ai seguiti dell\u2019iniziativa.<\/p>\n<p><strong>Sede:\u00a0<\/strong>Palazzo Zorzi, Salizada Zorzi, 4930, 30122 Venezia<\/p>\n<p><strong>Siti web:\u00a0<\/strong><a href=\"https:\/\/en.unesco.org\/fieldoffice\/venice\">unesco.org<\/a> <a href=\"https:\/\/www.unesco.it\/it\/sedi-unesco-in-italia\/unesco-regional-bureau-for-science-and-culture-in-europe-venezia\/\">unesco.it<\/a><\/p>\n<p>&nbsp;<\/p>\n<p><strong>Polo Scientifico di Trieste (ICTP e TWAS)<\/strong><\/p>\n<p>Il Polo Scientifico di Trieste comprende il Centro Internazionale di Fisica Teorica e l\u2019Accademia Mondiale delle Scienze, ambedue fondati dal premio Nobel Abdus Salam, nel 1964 e nel 1983.<\/p>\n<p>Il\u00a0<strong>Centro Internazionale di Fisica Teorica<\/strong>\u00a0(International Centre for Theoretical Physics, ICTP) si adopera per promuovere la ricerca scientifica e la costruzione di capacit\u00e0 nei paesi in via di sviluppo; sostiene il ruolo delle donne nella scienza e la carriera di scienziati provenienti da paesi a basso reddito.<\/p>\n<p><strong>Sede:<\/strong>\u00a0Strada Costiera 11, I-34151 Trieste<\/p>\n<p><strong>Siti web:\u00a0<\/strong><u>ictp.it,\u00a0<\/u> <a href=\"https:\/\/www.unesco.it\/it\/sedi-unesco-in-italia\/lnternational-centre-for-theoretical-physics-ictp-e-the-world-academy-of-science-twas-trieste\/\">unesco.it<\/a><\/p>\n<p>L\u2019<strong>Accademia Mondiale delle Scienze<\/strong>\u00a0(The World Academy of Sciences for the Developing World, TWAS) supporta l\u2019avanzamento scientifico dei paesi in via di sviluppo, cercando in particolare di promuovere l\u2019elaborazione e l\u2019attuazione di strategie per affrontare le emergenze della fame, delle malattie e della povert\u00e0, attraverso piani e strutture per lo sviluppo sostenibile.<\/p>\n<p><strong>Sede:<\/strong>\u00a0Strada Costiera 11, I-34151 Trieste<\/p>\n<p><strong>Siti web:\u00a0<\/strong><u>twas.org, \u00a0<\/u><a href=\"https:\/\/www.unesco.it\/it\/sedi-unesco-in-italia\/lnternational-centre-for-theoretical-physics-ictp-e-the-world-academy-of-science-twas-trieste\/\">unesco.it<\/a><\/p>\n<p>&nbsp;<\/p>\n<p><strong>WWAP <\/strong><\/p>\n<p>Il Segretariato del Programma per la Valutazione delle Risorse Idriche Mondiali (UNESCO World Water Assessment Programme, WWAP), fondato nel 2000 a Perugia, \u00e8 un Centro di eccellenza internazionale dell\u2019UNESCO incaricato della valutazione dello stato e della gestione delle risorse di acqua dolce nel mondo. Coordina numerose agenzie e partner delle Nazioni Unite per la produzione annuale del World Water Development Report (WWDR) \u2013 il Rapporto sullo Sviluppo delle Risorse Idriche Mondiali. Grazie a tale lavoro di valutazione, il WWAP fornisce ai gestori delle acque e ai decisori politici informazioni utili per lo sviluppo di politiche idriche sostenibili e diffonde conoscenze sulle sfide emergenti.<\/p>\n<p>&nbsp;<\/p>\n<p><strong>Siti web:\u00a0<\/strong>unesco.org, <u><a href=\"https:\/\/www.unesco.it\/it\/sedi-unesco-in-italia\/world-water-assessment-programme-wwap-perugia\/\">unesco.it <\/a><\/u><\/p>\n<p>&nbsp;<\/p>\n","protected":false},"excerpt":{"rendered":"Il Ministero svolge un\u2019attivit\u00e0 costante di raccordo con la Rappresentanza Permanente d\u2019Italia presso l\u2019UNESCO, la Commissione Nazionale Italiana per l\u2019UNESCO, le Rappresentanze diplomatiche italiane e straniere e il Ministero della Cultura , coordinando la partecipazione dell\u2019Italia agli organi e ai programmi dell\u2019UNESCO, supportando la presentazione delle candidature italiane alle liste per la protezione del patrimonio [&hellip;]","protected":false},"author":1,"featured_media":0,"parent":30090,"menu_order":0,"comment_status":"closed","ping_status":"closed","template":"page-diplomazia.php","meta":{"footnotes":""},"class_list":["post-30094","page","type-page","status-publish","hentry"],"_links":{"self":[{"href":"https:\/\/www.esteri.it\/it\/wp-json\/wp\/v2\/pages\/30094","targetHints":{"allow":["GET"]}}],"collection":[{"href":"https:\/\/www.esteri.it\/it\/wp-json\/wp\/v2\/pages"}],"about":[{"href":"https:\/\/www.esteri.it\/it\/wp-json\/wp\/v2\/types\/page"}],"author":[{"embeddable":true,"href":"https:\/\/www.esteri.it\/it\/wp-json\/wp\/v2\/users\/1"}],"replies":[{"embeddable":true,"href":"https:\/\/www.esteri.it\/it\/wp-json\/wp\/v2\/comments?post=30094"}],"version-history":[{"count":5,"href":"https:\/\/www.esteri.it\/it\/wp-json\/wp\/v2\/pages\/30094\/revisions"}],"predecessor-version":[{"id":184901,"href":"https:\/\/www.esteri.it\/it\/wp-json\/wp\/v2\/pages\/30094\/revisions\/184901"}],"up":[{"embeddable":true,"href":"https:\/\/www.esteri.it\/it\/wp-json\/wp\/v2\/pages\/30090"}],"wp:attachment":[{"href":"https:\/\/www.esteri.it\/it\/wp-json\/wp\/v2\/media?parent=30094"}],"curies":[{"name":"wp","href":"https:\/\/api.w.org\/{rel}","templated":true}]}}