{"id":30103,"date":"2021-07-12T12:59:01","date_gmt":"2021-07-12T10:59:01","guid":{"rendered":"https:\/\/www.esteri.it\/?page_id=30103"},"modified":"2026-01-05T15:32:58","modified_gmt":"2026-01-05T14:32:58","slug":"archeologiapatrimonioculturale","status":"publish","type":"page","link":"https:\/\/www.esteri.it\/it\/diplomazia-culturale-e-diplomazia-scientifica\/cultura\/archeologiapatrimonioculturale\/","title":{"rendered":"Missioni archeologiche e Patrimonio"},"content":{"rendered":"<p>Il Ministero degli Affari Esteri sostiene missioni archeologiche, antropologiche ed etnologiche italiane all\u2019estero, che si estendono cronologicamente dalla preistoria all\u2019epoca medioevale e geograficamente dal mondo greco-romano al Vicino, Medio ed Estremo Oriente, Africa e America latina.<\/p>\n<p>Un impegno a favore del dialogo interculturale e delle politiche di sviluppo che si traduce in un\u2019attivit\u00e0 scientifica e di studio di grande rilievo, a cui si affianca la formazione di operatori locali e il trasferimento di tecnologie in alcuni settori, come il restauro e la tutela del patrimonio culturale, in cui l\u2019eccellenza italiana \u00e8 riconosciuta a livello internazionale.<\/p>\n<p>Tradizionalmente l\u2019area con il maggiore numero di missioni italiane \u00e8 quella del Mediterraneo e del Medio Oriente ed \u00e8 proprio in questa area, pi\u00f9 precisamente in Grecia, che \u00e8 stata fondata, nel 1909, la Scuola Archeologica Italiana di Atene con lo scopo di condurre ricerche archeologiche in Grecia e nelle aree di civilt\u00e0 ellenica, nonch\u00e9 di formare studiosi in diversi settori storico archeologici. La Scuola \u00e8 il punto di riferimento in Grecia per le missioni archeologiche italiane ivi operanti.<\/p>\n<p>Accanto alla tradizionale tipologia delle missioni di scavo, infatti, negli anni si sono sviluppati progetti che prevedono anche la formazione di esperti in loco, il trasferimento di conoscenze e l\u2019insegnamento ad operatori locali delle nostre pi\u00f9 avanzate tecniche di restauro e di tutela dei beni culturali.<\/p>\n<p>Le missioni valorizzano il patrimonio culturale dei paesi ospitanti e rafforzano lo sviluppo socio economico dei siti in cui operano favorendo, a livello locale, una maggiore consapevolezza storica e, in aree di crisi, accompagnando percorsi politici di pacificazione.<\/p>\n<p>Il Ministero degli Affari Esteri e della Cooperazione Internazionale sostiene le missioni attraverso la concessione di contributi tramite la pubblicazione di un bando annuale che regolamenta la presentazione delle richieste, la selezione dei richiedenti e la rendicontazione delle spese sostenute.<\/p>\n<p>Per il 2025 sono state sostenute 282 missioni attraverso la concessione di contributi (190) o riconoscimenti istituzionali.<\/p>\n<p>La procedura per la richiesta di contributi per questa attivit\u00e0 \u00e8 stata aggiornata per il 2026 ed \u00e8 descritta nel bando allegato.<\/p>\n<p>Le richieste e i rendiconti vengono presentati tramite il\u00a0<a href=\"https:\/\/archeologia.esteri.it\/Archeologia\">Archeologia | Maeci<\/a>.<\/p>\n<p>Per informazioni:\u00a0<a href=\"mailto:archeologia@esteri.it\">archeologia@esteri.it<\/a><\/p>\n<p>&nbsp;<\/p>\n<p>Link utili:<\/p>\n<ul>\n<li><a href=\"https:\/\/archeologia.esteri.it\/Archeologia\">Portale archeologia<\/a><\/li>\n<li><a href=\"https:\/\/www.esteri.it\/wp-content\/uploads\/2025\/08\/TABELLA_ASSEGNAZIONI_SITO_2025.pdf\">Elenco delle missioni archeologiche sostenute nel 2025<\/a><\/li>\n<li><a href=\"https:\/\/www.esteri.it\/wp-content\/uploads\/2024\/07\/TABELLA_ASSEGNAZIONI-2024_PER_SITO_MAECI.pdf\">Elenco delle missioni archeologiche sostenute nel 2024<\/a><\/li>\n<li><a href=\"https:\/\/www.esteri.it\/wp-content\/uploads\/2023\/08\/ELENCO-DELLE-MISSIONI-ARCHEOLOGICHE-SOSTENUTE-NEL-2023.pdf\">Elenco delle missioni archeologiche sostenute nel 2023<\/a><\/li>\n<li><a href=\"https:\/\/www.esteri.it\/wp-content\/uploads\/2025\/12\/BANDO-2026.pdf\">Bando 2026 per la richiesta di contributi per Missioni archeologiche, antropologiche, etnologiche italiane all\u2019estero<\/a><\/li>\n<li><a href=\"https:\/\/www.esteri.it\/wp-content\/uploads\/2024\/12\/BANDO-ARCHEOLOGIA-2025.pdf\">Bando 2025 per la richiesta di contributi per Missioni archeologiche, antropologiche, etnologiche italiane all\u2019estero<\/a><\/li>\n<li><a href=\"https:\/\/www.esteri.it\/wp-content\/uploads\/2023\/12\/Bando-Archeologia-2024.pdf\">Bando 2024 per la richiesta di contributi per Missioni archeologiche, antropologiche, etnologiche italiane all\u2019estero<\/a><\/li>\n<li><a href=\"https:\/\/www.esteri.it\/wp-content\/uploads\/2022\/12\/BANDO-2023.pdf\">Bando 2023 per la richiesta di contributi per Missioni archeologiche, antropologiche, etnologiche italiane all\u2019estero<\/a><\/li>\n<li><a href=\"https:\/\/italiana.esteri.it\/italiana\/chi-siamo\/mappa\/?cat=missioni\">Missioni archeologiche, antropologiche ed etnologiche italiane all\u2019estero<\/a><\/li>\n<li><a href=\"https:\/\/www.scuoladiatene.it\/\">Scuola Archeologica Italiana di Atene<\/a><\/li>\n<\/ul>\n","protected":false},"excerpt":{"rendered":"Il Ministero degli Affari Esteri sostiene missioni archeologiche, antropologiche ed etnologiche italiane all\u2019estero, che si estendono cronologicamente dalla preistoria all\u2019epoca medioevale e geograficamente dal mondo greco-romano al Vicino, Medio ed Estremo Oriente, Africa e America latina. Un impegno a favore del dialogo interculturale e delle politiche di sviluppo che si traduce in un\u2019attivit\u00e0 scientifica e [&hellip;]","protected":false},"author":1,"featured_media":0,"parent":289,"menu_order":7,"comment_status":"closed","ping_status":"closed","template":"page-diplomazia.php","meta":{"footnotes":""},"class_list":["post-30103","page","type-page","status-publish","hentry"],"_links":{"self":[{"href":"https:\/\/www.esteri.it\/it\/wp-json\/wp\/v2\/pages\/30103","targetHints":{"allow":["GET"]}}],"collection":[{"href":"https:\/\/www.esteri.it\/it\/wp-json\/wp\/v2\/pages"}],"about":[{"href":"https:\/\/www.esteri.it\/it\/wp-json\/wp\/v2\/types\/page"}],"author":[{"embeddable":true,"href":"https:\/\/www.esteri.it\/it\/wp-json\/wp\/v2\/users\/1"}],"replies":[{"embeddable":true,"href":"https:\/\/www.esteri.it\/it\/wp-json\/wp\/v2\/comments?post=30103"}],"version-history":[{"count":6,"href":"https:\/\/www.esteri.it\/it\/wp-json\/wp\/v2\/pages\/30103\/revisions"}],"predecessor-version":[{"id":162463,"href":"https:\/\/www.esteri.it\/it\/wp-json\/wp\/v2\/pages\/30103\/revisions\/162463"}],"up":[{"embeddable":true,"href":"https:\/\/www.esteri.it\/it\/wp-json\/wp\/v2\/pages\/289"}],"wp:attachment":[{"href":"https:\/\/www.esteri.it\/it\/wp-json\/wp\/v2\/media?parent=30103"}],"curies":[{"name":"wp","href":"https:\/\/api.w.org\/{rel}","templated":true}]}}