{"id":30112,"date":"2021-07-12T13:19:13","date_gmt":"2021-07-12T11:19:13","guid":{"rendered":"https:\/\/www.esteri.it\/?page_id=30112"},"modified":"2024-07-30T14:25:19","modified_gmt":"2024-07-30T12:25:19","slug":"certificazioni-linguistiche","status":"publish","type":"page","link":"https:\/\/www.esteri.it\/it\/temi\/cultura\/promozionelinguaitaliana\/certificazioni-linguistiche\/","title":{"rendered":"Certificazioni linguistiche"},"content":{"rendered":"<p>La<strong>\u00a0certificazione delle lingue europee<\/strong>, secondo i principi dettati dal Consiglio d\u2019Europa, dal Parlamento Europeo e dal Consiglio Europeo dei Ministri, si inserisce nel programma del\u00a0<strong>Portfolio\u00a0Europeo delle Lingue<\/strong>\u00a0e mira a valorizzare le competenze del cittadino, favorendone la comunicazione, la mobilit\u00e0 e le relazioni interculturali. In particolare, la certificazione linguistica ha funzione di documentazione, secondo i livelli di competenza previsti dal Quadro Comune Europeo di Riferimento per le Lingue.<\/p>\n<p>Nel panorama della\u00a0<strong>certificazione della conoscenza della lingua italiana come lingua straniera<\/strong>, \u00e8 stata creata l\u2019associazione\u00a0<strong>Certificazione Lingua Italiana di Qualit\u00e0 \u2013 CLIQ<\/strong>, che riunisce quattro enti certificatori:<strong>\u00a0Societ\u00e0 Dante Alighieri, Universit\u00e0 per Stranieri di Perugia, Universit\u00e0 per\u00a0Stranieri di Siena e Universit\u00e0 degli Studi Roma Tre<\/strong>.<\/p>\n<p>Obiettivo della associazione \u00e8 quello di promuovere una cultura della valutazione certificatoria per l\u2019italiano come L2 e\u00a0<strong>garantire un sistema di qualit\u00e0 della certificazione<\/strong>\u00a0delle competenze linguistiche,\u00a0<strong>in linea con gli standard scientifici<\/strong>\u00a0fissati dal Consiglio d\u2019Europa nel Quadro Comune Europeo di Riferimento per le Lingue.<\/p>\n<p>Per maggiori informazioni:<\/p>\n<ul>\n<li><strong>CILS<\/strong>\u00a0\u2013\u00a0<a href=\"https:\/\/cils.unistrasi.it\/\">Universit\u00e0 per Stranieri di Siena<\/a><\/li>\n<li><strong>CELI<\/strong>\u00a0\u2013\u00a0<a href=\"https:\/\/www.unistrapg.it\/it\/certificati-di-conoscenza-della-lingua-italiana\/celi-certificati-di-lingua-italiana\">Universit\u00e0 per Stranieri di Perugia<\/a><\/li>\n<li><strong>CERT.IT<\/strong>\u00a0\u2013\u00a0<a href=\"http:\/\/www.certificazioneitaliano.uniroma3.it\/\">Universit\u00e0 degli Studi Roma Tre<\/a><\/li>\n<li><strong>PLIDA<\/strong>\u00a0\u2013\u00a0<a href=\"http:\/\/plida.it\/certificazione-plida\/che-cos-e-la-certificazione-plida.html\">Societ\u00e0 Dante Alighieri<\/a><\/li>\n<\/ul>\n<p>La\u00a0<a href=\"https:\/\/italiana.esteri.it\/italiana\/wp-content\/uploads\/2020\/12\/Tabella-Certificazioni-Lingua-Italiana-2020.pdf\">tabella di corrispondenza dei certificati<\/a>\u00a0rilasciati dagli enti certificatori dell\u2019Associazione CLIQ indica il livello corrispondente nel Quadro Comune Europeo di Riferimento per le Lingue del Consiglio d\u2019Europa.<\/p>\n","protected":false},"excerpt":{"rendered":"La\u00a0certificazione delle lingue europee, secondo i principi dettati dal Consiglio d\u2019Europa, dal Parlamento Europeo e dal Consiglio Europeo dei Ministri, si inserisce nel programma del\u00a0Portfolio\u00a0Europeo delle Lingue\u00a0e mira a valorizzare le competenze del cittadino, favorendone la comunicazione, la mobilit\u00e0 e le relazioni interculturali. In particolare, la certificazione linguistica ha funzione di documentazione, secondo i livelli [&hellip;]","protected":false},"author":1,"featured_media":0,"parent":30106,"menu_order":1,"comment_status":"closed","ping_status":"closed","template":"page-diplomazia.php","meta":{"footnotes":""},"class_list":["post-30112","page","type-page","status-publish","hentry"],"_links":{"self":[{"href":"https:\/\/www.esteri.it\/it\/wp-json\/wp\/v2\/pages\/30112","targetHints":{"allow":["GET"]}}],"collection":[{"href":"https:\/\/www.esteri.it\/it\/wp-json\/wp\/v2\/pages"}],"about":[{"href":"https:\/\/www.esteri.it\/it\/wp-json\/wp\/v2\/types\/page"}],"author":[{"embeddable":true,"href":"https:\/\/www.esteri.it\/it\/wp-json\/wp\/v2\/users\/1"}],"replies":[{"embeddable":true,"href":"https:\/\/www.esteri.it\/it\/wp-json\/wp\/v2\/comments?post=30112"}],"version-history":[{"count":4,"href":"https:\/\/www.esteri.it\/it\/wp-json\/wp\/v2\/pages\/30112\/revisions"}],"predecessor-version":[{"id":121227,"href":"https:\/\/www.esteri.it\/it\/wp-json\/wp\/v2\/pages\/30112\/revisions\/121227"}],"up":[{"embeddable":true,"href":"https:\/\/www.esteri.it\/it\/wp-json\/wp\/v2\/pages\/30106"}],"wp:attachment":[{"href":"https:\/\/www.esteri.it\/it\/wp-json\/wp\/v2\/media?parent=30112"}],"curies":[{"name":"wp","href":"https:\/\/api.w.org\/{rel}","templated":true}]}}