{"id":30152,"date":"2021-07-12T14:26:59","date_gmt":"2021-07-12T12:26:59","guid":{"rendered":"https:\/\/www.esteri.it\/?page_id=30152"},"modified":"2026-04-16T09:49:49","modified_gmt":"2026-04-16T07:49:49","slug":"modulistica","status":"publish","type":"page","link":"https:\/\/www.esteri.it\/it\/diplomazia-culturale-e-diplomazia-scientifica\/cultura\/sistema-della-formazione-italiana-nel-mondo\/modulistica\/","title":{"rendered":"Modulistica"},"content":{"rendered":"<p><em>Pagina in aggiornamento<\/em><\/p>\n<p><a href=\"https:\/\/www.esteri.it\/wp-content\/uploads\/2022\/03\/001_nota-istruzioni_2022.pdf\"><strong>NOTA ISTRUZIONI DESTINAZIONI ESTERO<\/strong><\/a><\/p>\n<p>&nbsp;<\/p>\n<p><strong>ASSEGNI DI SEDE E MAGGIORAZIONI DI FAMIGLIA<\/strong><\/p>\n<p>A partire dal giorno di assunzione di servizio nella sede estera e fino a quello di cessazione dalle funzioni, al personale della scuola inviato all\u2019estero compete un\u00a0<strong>assegno di sede<\/strong>.<\/p>\n<p>Qualora sussistano i requisiti richiesti dalla normativa vigente in materia, il dipendente pu\u00f2 usufruire di una\u00a0<strong>quota di maggiorazione\u00a0<\/strong>dell\u2019assegno di sede<strong>\u00a0<\/strong><strong>per i familiari a carico<\/strong>, da richiedere compilando e inviando i moduli e le dichiarazioni indicati di seguito.<\/p>\n<p><strong>La modulistica deve essere inviata via PEC, esclusivamente per il tramite della sede estera, a <a href=\"mailto:dgit05@cert.esteri.it\">dgit05@cert.esteri.it<\/a><\/strong><strong>.<\/strong><\/p>\n<p>\u2022 <a href=\"https:\/\/www.esteri.it\/wp-content\/uploads\/2022\/03\/002_ISTRUZIONI_RICHIESTA_ASSEGNO_SEDE_MAGGIORAZIONI_FAMIGLIA.pdf\">Istruzioni per la richiesta Assegno di sede e Maggiorazioni di famiglia<\/a><br \/>\n\u2022 <a href=\"https:\/\/www.esteri.it\/wp-content\/uploads\/2022\/03\/003_NUOVI_MODULI_MAGGIORAZIONI_FAMIGLIA.zip\">Moduli maggiorazioni famiglia<\/a><br \/>\n\u2022 <a href=\"https:\/\/www.esteri.it\/wp-content\/uploads\/2022\/03\/004_Dichiarazione-Retribuzione-da-Terzi.pdf\">Dichiarazione retribuzione da terzi<\/a><br \/>\n\u2022 <a href=\"https:\/\/www.esteri.it\/wp-content\/uploads\/2024\/01\/Scadenzario-2024-SEDI.pdf\">Scadenzario 2024<\/a><\/p>\n<p>&nbsp;<\/p>\n<p><strong>MAGGIORAZIONE ABITAZIONE<\/strong><\/p>\n<p>Il personale in servizio all\u2019estero deve acquisire, nella sede di servizio o nelle immediate vicinanze, la disponibilit\u00e0 di un\u2019abitazione adeguata alle esigenze di sicurezza e di decoro inerenti le funzioni svolte. Per le spese di abitazione spetta una <strong>maggiorazione dell\u2019assegno di sede.<\/strong><\/p>\n<p>Per richiedere la maggiorazione \u00e8 necessario compilare e inviare il modulo indicato di seguito.<\/p>\n<p><strong>La modulistica deve essere inviata via PEC, esclusivamente per il tramite della sede estera, a <a href=\"mailto:dgit05@cert.esteri.it\">dgit05@cert.esteri.it<\/a><\/strong><strong>.<\/strong><\/p>\n<p>\u2022 <a href=\"https:\/\/www.esteri.it\/wp-content\/uploads\/2022\/03\/006_ISTRUZIONI-PER-LA-RICHIESTA-DELLA-MAGGIORAZIONE-ABITAZIONE.pdf\">Istruzioni per la richiesta della Maggiorazione abitazione<\/a><br \/>\n\u2022 <a href=\"https:\/\/www.esteri.it\/wp-content\/uploads\/2022\/03\/007_Modello-richiesta-I-semestre-Maggiorazione-Abitazione.pdf\">Richiesta I semestre Maggiorazione abitazione<\/a><br \/>\n\u2022<a href=\"https:\/\/www.esteri.it\/wp-content\/uploads\/2024\/01\/Scadenzario-2024-SEDI.pdf\"> Scadenzario 2024<\/a><\/p>\n<p>&nbsp;<\/p>\n<p><strong>INDENNIT\u00c0 DI SISTEMAZIONE<\/strong><\/p>\n<p>Al personale trasferito dall\u2019Italia a una sede estera, o da una ad altra sede estera, spetta un\u2019indennit\u00e0 di sistemazione che deve essere richiesta tramite il modulo riportato di seguito.<\/p>\n<p><strong>La modulistica deve essere inviata via PEC, esclusivamente per il tramite della sede estera, a <a href=\"mailto:dgit05@cert.esteri.it\">dgit05@cert.esteri.it<\/a>.<\/strong><\/p>\n<p>\u2022 <a href=\"https:\/\/www.esteri.it\/wp-content\/uploads\/2022\/03\/008_ISTRUZIONI-PER-LA-RICHIESTA-INDENNITA-DI-SISTEMAZIONE.pdf\">Istruzioni per la richiesta Indennit\u00e0 di sistemazione<\/a><br \/>\n\u2022 <a href=\"https:\/\/www.esteri.it\/wp-content\/uploads\/2022\/03\/009_Modello_richiesta_Indennita_di_Sistemazione.pdf\">Richiesta indennit\u00e0 sistemazione<\/a><\/p>\n<p>&nbsp;<\/p>\n<p><strong>INDENNIT\u00c0 DI RICHIAMO<\/strong><\/p>\n<p>Al personale in servizio all\u2019estero che \u00e8 richiamato in Italia spetta un\u2019indennit\u00e0 di richiamo, per far fronte alle spese relative alla partenza dalla sede e alle esigenze derivanti dal rientro in Italia.<\/p>\n<p>Per l\u2019indennit\u00e0 di richiamo <strong>non \u00e8 necessario compilare e trasmettere alcun modulo, tranne nel caso<\/strong> di rientro in Italia di dipendenti del Ministero degli Affari Esteri o del Ministero dell\u2019Istruzione che <strong>coabitano<\/strong> con un altro\/i dipendente\/i del Ministero degli Affari Esteri o del Ministero dell\u2019Istruzione. Solo in questo caso \u00e8 obbligatorio compilare e inviare, prima della cessazione, la dichiarazione riportata di seguito.<\/p>\n<p><strong>La modulistica deve essere inviata via PEC, esclusivamente per il tramite della sede estera, a <a href=\"mailto:dgit05@cert.esteri.it\">dgit05@cert.esteri.it<\/a>. <\/strong><\/p>\n<p>\u2022 <a href=\"https:\/\/www.esteri.it\/wp-content\/uploads\/2022\/03\/010_ISTRUZIONI-PER-LA-RICHIESTA-INDENNITA-DI-RICHIAMO.pdf\">Istruzioni per l\u2019Indennit\u00e0 di richiamo<\/a><br \/>\n\u2022 <a href=\"https:\/\/www.esteri.it\/wp-content\/uploads\/2022\/03\/011_Modello-richiesta-Indennita-di-Richiamo.pdf\">Dichiarazione di coabitazione per l\u2019indennit\u00e0 di richiamo<\/a><\/p>\n<p>&nbsp;<\/p>\n<p><strong>CONTRIBUTO SPESE ABITAZIONE IN VIGORE FINO AL 31 AGOSTO 2017<\/strong><\/p>\n<ul>\n<li><a href=\"https:\/\/www.esteri.it\/mae\/resource\/doc\/2015\/04\/Circ_3_03.pdf\">Circ_3_03<\/a><\/li>\n<li><a href=\"https:\/\/www.esteri.it\/mae\/resource\/doc\/2016\/09\/Rinnovo_con_aumento.doc\">Rinnovo con aumento<\/a><\/li>\n<li><a href=\"https:\/\/www.esteri.it\/mae\/resource\/doc\/2016\/09\/Oneri_accessori.doc\">Oneri Accessori<\/a><\/li>\n<li><a href=\"https:\/\/www.esteri.it\/mae\/resource\/doc\/2016\/09\/Revoca.doc\">Revoca<\/a><\/li>\n<li><a href=\"https:\/\/www.esteri.it\/mae\/resource\/doc\/2016\/09\/Riduzione_canone.doc\">Riduzione canone<\/a><\/li>\n<li><a href=\"https:\/\/www.esteri.it\/mae\/resource\/doc\/2016\/09\/Rinnovo_senza_variazioni.doc\">Rinnovo senza variazioni<\/a><\/li>\n<li><a href=\"https:\/\/www.esteri.it\/mae\/resource\/doc\/2016\/09\/Rinnovo_per_proroga_servizio.doc\">Rinnovo per proroga al servizio<\/a><\/li>\n<li><a href=\"https:\/\/www.esteri.it\/mae\/resource\/doc\/2016\/09\/Richiesta_pagamento_Italia.doc\">Richiesta pagamento in Italia<\/a><\/li>\n<li><a href=\"https:\/\/www.esteri.it\/mae\/resource\/doc\/2015\/04\/INFO_contributo_spese_abitazione.pdf\">INFO contributo spese abitazione<\/a><\/li>\n<\/ul>\n<p>&nbsp;<\/p>\n<p><strong>ISTRUZIONI E MODELLI PER IL VIAGGIO DI TRASFERIMENTO O ASSEGNAZIONI BREVI<\/strong><\/p>\n<ul>\n<li><a href=\"https:\/\/www.esteri.it\/wp-content\/uploads\/2026\/04\/Tabella-mezzi-propri-trasferimenti-2026.pdf\">Tabella mezzi propri trasferimenti 2026<\/a><\/li>\n<li><a href=\"https:\/\/www.esteri.it\/wp-content\/uploads\/2025\/11\/tabella_spese_viaggio-trasferimento.docx\">Tabella spese viaggio trasferimento<\/a><\/li>\n<li><a href=\"https:\/\/www.esteri.it\/wp-content\/uploads\/2026\/01\/Formulario-richiesta-quotazione-cisalpina-viaggi-trasferiemento.docx\">Viaggi di trasferimento formulario preventivo CISALPINA<\/a><\/li>\n<li><a href=\"https:\/\/www.esteri.it\/wp-content\/uploads\/2025\/11\/Dichiarazione-mezzi-privati-viaggio-di-trasferimento.docx\">Dichiarazione mezzi privati viaggio di trasferimento<\/a><\/li>\n<li><a href=\"https:\/\/www.esteri.it\/wp-content\/uploads\/2026\/01\/ISTRUZIONI_RICHIESTA_RIMBORSO_VIAGGI_TRASFERIMENTO_ASSEGNAZIONI_BREVI_2025.pdf\">Istruzioni per la richiesta di rimborso viaggi di trasferimento o assegnazioni brevi<\/a><\/li>\n<li><a href=\"https:\/\/www.esteri.it\/wp-content\/uploads\/2026\/01\/Rinuncia-Maggiorazione-ISE-per-Trasporto-Effetti.docx\">Rinuncia Maggiorazione ISE per Trasporto Effetti<\/a><\/li>\n<\/ul>\n<p>&nbsp;<\/p>\n<p><strong>ISTRUZIONI E MODELLI CONTRIBUTO TRASPORTO EFFETTI<\/strong><\/p>\n<p><strong>Maggiorazione ISE per trasporto degli effetti personali &#8211; movimenti effettuati dal 1\u00b0 gennaio 2023<\/strong><\/p>\n<p>La L. 215 del 17 dicembre 2021 ha introdotto la <strong>riforma<\/strong> del Contributo Trasporto Effetti a favore del personale in trasferimento da e per l\u2019estero. La disposizione trasforma il contributo in una Maggiorazione dell\u2019Indennit\u00e0 di Servizio Estero, da erogare in un\u2019<strong>unica soluzione<\/strong>, per l\u2019intera spettanza.<\/p>\n<p>\u2022 <a href=\"https:\/\/www.esteri.it\/wp-content\/uploads\/2026\/01\/ISTRUZIONI-MTE.pdf\">Istruzioni maggiorazione trasporto effetti<\/a><br \/>\n\u2022 <a href=\"https:\/\/www.esteri.it\/wp-content\/uploads\/2023\/02\/Mod-A_2023.pdf\">Mod. A 2023<\/a><br \/>\n\u2022 <a href=\"https:\/\/www.esteri.it\/wp-content\/uploads\/2023\/02\/Mod-B_2023.pdf\">Mod. B 2023<\/a><br \/>\n\u2022 <a href=\"https:\/\/www.esteri.it\/wp-content\/uploads\/2023\/02\/Mod-C-Attestazione-Destinazione-Sede-Estera.pdf\">Mod. C Attestazione Destinazione Sede Estera<\/a><br \/>\n\u2022 <a href=\"https:\/\/www.esteri.it\/wp-content\/uploads\/2023\/02\/Mod-D-Attestazione-Restituzione-ai-ruoli-metropolitani.pdf\">Mod. D Attestazione Restituzione ai ruoli metropolitani<\/a><\/p>\n<p><strong>La modulistica deve essere inviata via PEC, esclusivamente per il tramite della sede estera, a <a href=\"mailto:dgit05@cert.esteri.it\">dgit05@cert.esteri.it<\/a><\/strong>.<\/p>\n<p>&nbsp;<\/p>\n<p><strong>PERSONALE<\/strong><\/p>\n<ul>\n<li><a href=\"https:\/\/www.esteri.it\/mae\/resource\/doc\/2019\/10\/alleg.1_nomina.docx\">Alleg.1 Nomina<\/a><\/li>\n<li><a href=\"https:\/\/www.esteri.it\/mae\/resource\/doc\/2019\/10\/alleg.2_stato_di_famiglia.docx\">Alleg.2 Stato di famiglia<\/a><\/li>\n<li><a href=\"https:\/\/www.esteri.it\/wp-content\/uploads\/2022\/03\/016_All_3_informativa_pdp_personale_scuola_assegnato_allestero.pdf\">Alleg.3 Informativa privacy<\/a><\/li>\n<li><a href=\"https:\/\/www.esteri.it\/mae\/resource\/doc\/2019\/10\/alleg.4_coniuge.pdf\">Alleg.4 Coniuge<\/a><\/li>\n<\/ul>\n<p>&nbsp;<\/p>\n<p style=\"text-align: justify;\"><strong>DOCUMENTAZIONE AGGIUNTIVA-PAESI PARTICOLARI<\/strong><\/p>\n<p><strong>ALBANIA<\/strong><\/p>\n<ul>\n<li><a href=\"https:\/\/www.esteri.it\/mae\/resource\/doc\/2016\/08\/documentazione_aggiuntiva_albania.pdf\">Documentazione aggiuntiva Albania<\/a><\/li>\n<\/ul>\n<p style=\"text-align: justify;\"><strong>BELGIO<\/strong><\/p>\n<ul style=\"list-style-type: circle;\">\n<li><a href=\"https:\/\/www.esteri.it\/mae\/resource\/doc\/2015\/07\/Documentazione_aggiuntiva_Belgio.pdf\">Documentazione aggiuntiva Belgio<\/a><\/li>\n<\/ul>\n<p><strong>BRASILE &#8211; BELO HORIZONTE<\/strong><\/p>\n<ul style=\"list-style-type: circle;\">\n<li><a href=\"https:\/\/www.esteri.it\/mae\/resource\/doc\/2015\/07\/Documentazione_aggiuntiva_Belo_Horizonte.pdf\">Documentazione aggiuntiva Belo Horizonte<\/a><\/li>\n<\/ul>\n<p><strong>ERITREA<\/strong><\/p>\n<ul style=\"list-style-type: circle;\">\n<li><a href=\"https:\/\/www.esteri.it\/mae\/resource\/doc\/2015\/07\/Documentazione_aggiuntiva_Eritrea.pdf\">Documentazione aggiuntiva Eritrea<\/a><\/li>\n<li><a href=\"https:\/\/www.esteri.it\/mae\/resource\/doc\/2015\/07\/Formulario_Eritrea.pdf\">Formulario Eritrea<\/a><\/li>\n<li><a href=\"https:\/\/www.esteri.it\/mae\/resource\/doc\/2015\/07\/FACSIMILE_formulario_Elementari_Medie.pdf\">FACSIMILE formulario Elementari Medie<\/a><\/li>\n<li><a href=\"https:\/\/www.esteri.it\/mae\/resource\/doc\/2015\/07\/FACSIMILE_Formulario_Liceo.pdf\">FACSIMILE formulario Liceo<\/a><\/li>\n<li><a href=\"https:\/\/www.esteri.it\/mae\/resource\/doc\/2015\/07\/MEDICAL_REPORT.pdf\">MEDICAL REPORT<\/a><\/li>\n<li><a href=\"https:\/\/www.esteri.it\/mae\/resource\/doc\/2015\/07\/Accordo_Tecnico.pdf\">Scuole Italiane in Asmara Accordo Tecnico<\/a><\/li>\n<\/ul>\n<p><strong>ETIOPIA<\/strong><\/p>\n<ul style=\"list-style-type: circle;\">\n<li><a title=\"Procedura accreditamento docenti di ruolo\" href=\"https:\/\/www.esteri.it\/mae\/resource\/doc\/2016\/07\/procedura_accreditamento_docenti_di_ruolo.pdf\">Procedura accreditamento docenti di ruolo<\/a><\/li>\n<li><a title=\"Form A\" href=\"https:\/\/www.esteri.it\/mae\/resource\/doc\/2016\/07\/form_a.pdf\">Form A<\/a><\/li>\n<\/ul>\n<p><strong>MESSICO<\/strong><\/p>\n<ul style=\"list-style-type: circle;\">\n<li><a href=\"https:\/\/www.esteri.it\/mae\/resource\/doc\/2021\/03\/messico_documentazione_aggiuntiva.pdf\">Documentazione aggiuntiva Messico<br \/>\n<\/a><\/li>\n<\/ul>\n<p><strong>SERBIA<\/strong><\/p>\n<ul style=\"list-style-type: circle;\">\n<li><a href=\"https:\/\/www.esteri.it\/mae\/resource\/doc\/2021\/03\/serbia_documentazione_aggiuntiva.pdf\">Documentazione aggiuntiva Serbia<br \/>\n<\/a><\/li>\n<\/ul>\n<p><strong>TURCHIA<\/strong><\/p>\n<ul style=\"list-style-type: circle;\">\n<li><a href=\"https:\/\/www.esteri.it\/mae\/resource\/doc\/2020\/10\/documentazione_aggiuntiva_turchia.pdf\">Documentazione aggiuntiva Turchia<\/a><\/li>\n<\/ul>\n<p><strong>UK<\/strong><\/p>\n<ul style=\"list-style-type: circle;\">\n<li><a href=\"https:\/\/www.esteri.it\/mae\/resource\/doc\/2015\/07\/Documentazione_aggiuntiva_UK.pdf\">Documentazione aggiuntiva UK<\/a><\/li>\n<\/ul>\n<p><strong>USA<\/strong><\/p>\n<ul style=\"list-style-type: circle;\">\n<li><a href=\"https:\/\/www.esteri.it\/mae\/resource\/doc\/2016\/07\/documentazione_aggiuntiva_usa.pdf\">Documentazione aggiuntiva USA<\/a><\/li>\n<\/ul>\n<p>&nbsp;<\/p>\n<p><strong>VIAGGI DI CONGEDO<\/strong><\/p>\n<p>A seguito della riforma della procedura per i viaggi di congedo, si informa che \u00e8 disponibile al seguente link\u00a0<a href=\"https:\/\/moduliprecompilati.esteri.it\/ViaggioCongedo\">Viaggio Congedo &#8211; Modulistica<\/a>\u00a0l\u2019applicativo per la dichiarazione di effettuazione del viaggio, come richiesto dagli Organi di controllo per poter dare seguito ai pagamenti.<\/p>\n<p>Le quotazioni e gli importi riconosciuti ai dipendenti sono consultabili alla tabella in allegato.<\/p>\n<p>Si ricorda che a far data dal 1.1.2019 \u00e8 stato modificato art. 181 del D.P.R. 5 gennaio 1967 (legge 30.12.2018 n.145 art.1 comma 334) ai sensi del quale il beneficio relativo al rimborso per viaggi di congedo non spetta pi\u00f9 al personale in servizio in residenze non classificate come disagiate o particolarmente disagiate situate a distanza non maggiore di Km 3.500 da Roma. Tali sedi non sono quindi incluse nelle tabelle.<\/p>\n<ul>\n<li><a href=\"https:\/\/www.esteri.it\/wp-content\/uploads\/2026\/03\/Tabelle-importi-dipendenti-anno-2025.pdf\">tabella in allegato<\/a><\/li>\n<\/ul>\n<p>&nbsp;<\/p>\n<p><strong>VIAGGI DI SERVIZIO<\/strong><\/p>\n<ul type=\"disc\">\n<li><a href=\"https:\/\/www.esteri.it\/wp-content\/uploads\/2022\/11\/formulario-viaggio-di-servizio-e-informativa-privacy.pdf\">formulario richiesta preventivo viaggio servizio CISALPINA<\/a><\/li>\n<li><a href=\"https:\/\/www.esteri.it\/wp-content\/uploads\/2022\/11\/istruzioni_per_rimborso_viaggio_di_servizio.pdf\">Istruzioni viaggio di servizio<br \/>\n<\/a><\/li>\n<li><a href=\"https:\/\/www.esteri.it\/wp-content\/uploads\/2022\/03\/019_rendiconto_viaggi_di_servizio.pdf\">Rendiconto viaggi di servizio <\/a><\/li>\n<\/ul>\n<p><strong>ASSISTENZA SANITARIA E TUTELE ASSICURATIVE<\/strong><\/p>\n<p>Al personale della scuola in servizio all\u2019estero nelle Sedi e per i familiari a carico e conviventi ovvero in missione breve o viaggio di servizio \u00e8 assicurata assistenza sanitaria dal SSN (paesi UE, SEE, Svizzera, USA e Canada) al pari degli assistiti del Paese di destinazione.<\/p>\n<p>Per i paesi extra-UE (ad eccezione dei paesi SEE, Svizzera, USA e Canada) \u00e8 prevista assicurazione sanitaria privata MAECI (art. 211 del D.P.R. 18\/1967 e ss.mm.ii) previa compilazione di moduli da parte del personale: l\u2019assicurazione sanitaria privata MAECI opera in forma cumulativa senza oneri per i beneficiari a totale carico del MAECI, ovvero in modalit\u00e0 complementare con il SSN dei Paesi di destinazione.<\/p>\n<p>\u00c8 altres\u00ec garantita una polizza assicurativa privata MAECI automatica per la quale non \u00e8 necessaria la compilazione di alcun modulo, senza oneri per i beneficiari a totale carico del MAECI, per infortuni gravi incorrenti in tutti i Paesi del mondo, causati da atti di natura violenta compresi gli atti terroristici, o da eventi calamitosi di origine naturale o antropica.<\/p>\n<p><a href=\"https:\/\/www.esteri.it\/wp-content\/uploads\/2026\/03\/Informazioni-e-brevi-indicazioni-operative\u2026prima-di-partire.pdf\">Informazioni e brevi indicazioni operative\u2026<em>prima di partire<\/em><\/a><\/p>\n<p>&nbsp;<\/p>\n<p><strong>PROVVIDENZE SCOLASTICHE DAL 1\u00b0 GENNAIO 2023: NORMATIVA, INDICAZIONI\u00a0 E MODULI<\/strong><\/p>\n<p>Per il personale della scuola in servizio all\u2019estero \u00e8 previsto un rimborso delle spese scolastiche (iscrizione e frequenza) per i figli che frequentino nel <strong>Paese di servizio regolari corsi di istruzione primaria e\/o secondaria<\/strong>. Gli interessati, dopo aver preso visione della normativa e della informazioni\/indicazioni, potranno inviare l\u2019istanza e la documentazione giustificativa (vedi pdf 1), esclusivamente tramite la Rappresentanza Diplomatica di servizio (Ambasciata\/Consolato), utilizzando i seguenti formulari:<\/p>\n<ul>\n<li><a href=\"https:\/\/www.esteri.it\/wp-content\/uploads\/2025\/01\/Circolare-6_2024_Provvidenze-Scolastiche.pdf\">Circolare n. 6 del 18 ottobre 2024<\/a><\/li>\n<li><a href=\"https:\/\/www.esteri.it\/wp-content\/uploads\/2025\/01\/2-normativa-Provvidenze-scolastiche-dal-1-1-2023-.pdf\">Normativa<\/a><\/li>\n<li><a href=\"https:\/\/www.esteri.it\/wp-content\/uploads\/2026\/02\/Informazioni-e-indicazioni-operative-Provvidenze-scolastiche-dal-1-1-2023.pdf\">Informazioni<\/a><\/li>\n<li><a href=\"https:\/\/www.esteri.it\/wp-content\/uploads\/2025\/01\/FORMULARIO-1.doc\">Formulario 1<\/a><\/li>\n<li><a href=\"https:\/\/www.esteri.it\/wp-content\/uploads\/2026\/02\/FORMULARIO-2.doc\">Formulario 2<\/a><\/li>\n<li><a href=\"https:\/\/www.esteri.it\/wp-content\/uploads\/2026\/02\/FORMULARIO-3-personale-in-servizio-fino-al-31-agosto-2026.doc\">Formulario 3<\/a> (<u>personale in servizio all\u2019estero fino al 31 agosto<\/u>)<\/li>\n<li><a href=\"https:\/\/www.esteri.it\/wp-content\/uploads\/2026\/02\/Informativa-dati-personali-2026-provvidenze-scolastiche.pdf\">Informativa sulla protezione e sul trattamento dei dati personali<\/a><\/li>\n<\/ul>\n<p>&nbsp;<\/p>\n<p><strong>PROVVIDENZE SCOLASTICHE DAL 1\u00b0 SETTEMBRE 2017 AL 31 DICEMBRE 2022: NORMATIVA<\/strong><\/p>\n<p>Al personale della scuola in servizio all\u2019estero \u00e8 accordato, a domanda, un rimborso delle spese scolastiche relative esclusivamente all&#8217;iscrizione e alla frequenza, per i figli a carico che frequentino nel Paese di servizio regolari corsi di istruzione scolastica primaria o secondaria. Il rimborso potr\u00e0 essere richiesto utilizzando la modulistica corredata della prescritta documentazione prevista per le provvidenze scolastiche 2023.<\/p>\n<ul>\n<li><a href=\"https:\/\/www.esteri.it\/wp-content\/uploads\/2025\/01\/normativa-Provvidenze-Scolastiche-1-set-2017-31-dic-2022.pdf\">Normativa<\/a><\/li>\n<\/ul>\n<p>&nbsp;<\/p>\n<p>&nbsp;<\/p>\n","protected":false},"excerpt":{"rendered":"Pagina in aggiornamento NOTA ISTRUZIONI DESTINAZIONI ESTERO &nbsp; ASSEGNI DI SEDE E MAGGIORAZIONI DI FAMIGLIA A partire dal giorno di assunzione di servizio nella sede estera e fino a quello di cessazione dalle funzioni, al personale della scuola inviato all\u2019estero compete un\u00a0assegno di sede. Qualora sussistano i requisiti richiesti dalla normativa vigente in materia, il [&hellip;]","protected":false},"author":1,"featured_media":0,"parent":30073,"menu_order":8,"comment_status":"closed","ping_status":"closed","template":"page-diplomazia.php","meta":{"footnotes":""},"class_list":["post-30152","page","type-page","status-publish","hentry"],"_links":{"self":[{"href":"https:\/\/www.esteri.it\/it\/wp-json\/wp\/v2\/pages\/30152","targetHints":{"allow":["GET"]}}],"collection":[{"href":"https:\/\/www.esteri.it\/it\/wp-json\/wp\/v2\/pages"}],"about":[{"href":"https:\/\/www.esteri.it\/it\/wp-json\/wp\/v2\/types\/page"}],"author":[{"embeddable":true,"href":"https:\/\/www.esteri.it\/it\/wp-json\/wp\/v2\/users\/1"}],"replies":[{"embeddable":true,"href":"https:\/\/www.esteri.it\/it\/wp-json\/wp\/v2\/comments?post=30152"}],"version-history":[{"count":13,"href":"https:\/\/www.esteri.it\/it\/wp-json\/wp\/v2\/pages\/30152\/revisions"}],"predecessor-version":[{"id":183432,"href":"https:\/\/www.esteri.it\/it\/wp-json\/wp\/v2\/pages\/30152\/revisions\/183432"}],"up":[{"embeddable":true,"href":"https:\/\/www.esteri.it\/it\/wp-json\/wp\/v2\/pages\/30073"}],"wp:attachment":[{"href":"https:\/\/www.esteri.it\/it\/wp-json\/wp\/v2\/media?parent=30152"}],"curies":[{"name":"wp","href":"https:\/\/api.w.org\/{rel}","templated":true}]}}