{"id":30191,"date":"2021-07-13T11:32:19","date_gmt":"2021-07-13T09:32:19","guid":{"rendered":"https:\/\/www.esteri.it\/?page_id=30191"},"modified":"2026-01-23T12:56:37","modified_gmt":"2026-01-23T11:56:37","slug":"mobilitaricercatoriitaliani","status":"publish","type":"page","link":"https:\/\/www.esteri.it\/it\/diplomazia-culturale-e-diplomazia-scientifica\/cooperscientificatecnologica\/programmiesecutivi\/mobilitaricercatori\/mobilitaricercatoriitaliani\/","title":{"rendered":"Presentazione delle domande per l\u2019emissione dei titoli di viaggio per l&#8217;estero da parte di Ricercatori italiani"},"content":{"rendered":"<p><strong>Chi pu\u00f2 presentare la richiesta?<\/strong><\/p>\n<p>Possono presentare domanda per ottenere l\u2019emissione dei biglietti di viaggio all\u2019estero i ricercatori italiani appartenenti ai gruppi di ricerca di Progetti di Mobilit\u00e0 inseriti nei Protocolli Esecutivi di Cooperazione Scientifica.<\/p>\n<p><strong>Come presentare la domanda?<\/strong><\/p>\n<p>Il ricercatore italiano interessato pu\u00f2 presentare domanda esclusivamente tramite la procedura online che si trova al seguente indirizzo:<a href=\"https:\/\/ricercatori.esteri.it\/\">\u00a0https:\/\/ricercatori.esteri.it.\u00a0<\/a>La domanda deve essere inviata almeno 35 giorni prima della data prevista per la partenza.<\/p>\n<p><strong>Quando si pu\u00f2 presentare domanda?<\/strong><\/p>\n<p>A partire dalla pubblicazione del Protocollo Esecutivo e per ogni annualit\u00e0 di progetto, sar\u00e0 inviata una comunicazione via e-mail ai Coordinatori Scientifici di ciascun progetto con l\u2019indicazione del primo giorno utile per la presentazione delle domande. Se le attivit\u00e0 progettuali cominciano a inizio anno, si pu\u00f2 iniziare a presentare domanda intorno alla met\u00e0 di gennaio. L\u2019ultimo giorno utile per presentare domanda \u00e8 invece fissato al 15 ottobre. Le richieste sono prese in considerazione per anno solare.<\/p>\n<p><strong>Da quando si pu\u00f2 viaggiare?<\/strong><\/p>\n<p>Per ragioni contabili, le missioni non possono aver luogo prima della fine di febbraio. Maggiori dettagli saranno forniti nella comunicazione sopracitata. Le missioni devono tassativamente concludersi entro il 31 dicembre.<\/p>\n<p><strong>Che cosa serve per presentare la domanda?<\/strong><\/p>\n<p>I dati da inserire tassativamente nella domanda online sono i seguenti:<\/p>\n<ul>\n<li>Codice progetto inviato via mail al Coordinatore Italiano,<br \/>\n\u2022\u00a0Dati personali del ricercatore richiedente (con indirizzo completo di CAP, localit\u00e0 e provincia) e quelli relativi al progetto,<\/li>\n<li>Lettera di invito da parte dell\u2019organizzazione straniera (Universit\u00e0, Ente o Centro di ricerca) che ospiter\u00e0 il ricercatore, firmata dal Coordinatore straniero del progetto (da allegare in pdf), \u2022\u00a0Autorizzazione alla visita di studio da parte del Coordinatore italiano (se il richiedente \u00e8 persona diversa dallo stesso Coordinatore),<\/li>\n<li>Breve CV del richiedente,<\/li>\n<li>Dichiarazione di responsabilit\u00e0 da parte del richiedente il quale si impegna, in caso di rinuncia per qualsiasi motivo al viaggio, a sostenere tutte le spese relative alla cancellazione del biglietto aereo.<\/li>\n<\/ul>\n<p>Nella domanda il richiedente dovr\u00e0 indicare la durata del soggiorno, la data di partenza dall\u2019Italia e la data di ritorno. I dati anagrafici inseriti devono essere coerenti con quelli che si trovano sul documento d\u2019identit\u00e0 che utilizzer\u00e0 per il viaggio.<\/p>\n<p><strong>Di quanti soggiorni si pu\u00f2 usufruire e qual \u00e8 la durata prevista?<\/strong><\/p>\n<p>Il numero di soggiorni per anno e la durata del soggiorno sono stabiliti da ciascun Protocollo Esecutivo (vedi https:\/\/www.esteri.it\/it\/diplomazia-culturale-e-diplomazia-scientifica\/cooperscientificatecnologica\/programmiesecutivi\/accordi_programmi_culturali_tecnologici\/).<\/p>\n<p>Ove non diversamente previsto dal Protocollo Esecutivo, esistono due tipi di soggiorno: il soggiorno breve, della durata massima di 10 giorni (quindi da 1 a 10 gg.) e il soggiorno lungo della durata di 1 mese (tassativamente 30 gg.). Alcuni Protocolli Esecutivi prevedono la possibilit\u00e0 di accorpare il soggiorno breve e quello lungo in un unico periodo.<\/p>\n<p><strong>Come si fa a sapere se la domanda \u00e8 stata accolta?<\/strong><\/p>\n<p>L\u2019accoglimento delle domande \u00e8 subordinato alla disponibilit\u00e0 di fondi. Dopo aver presentato la domanda online, i ricercatori saranno contattati per procedere alla prenotazione e all\u2019acquisto del biglietto secondo le modalit\u00e0 che verranno loro indicate.<\/p>\n<p>I biglietti possono essere acquistati dal Ministero degli Affari Esteri o dagli stessi ricercatori. In quest\u2019ultimo caso, il limite del massimo onere rimborsabile \u00e8 stabilito sulla base del preventivo dell\u2019agenzia di viaggi convenzionata con questo Ministero. Per viaggi con durata complessiva inferiore a dieci ore sono acquistabili solo biglietti in classe Economy. Per viaggi con durata complessiva superiore a dieci ore (eventuali scali intermedi inclusi) \u00e8 possibile acquistare biglietti in classe Premium Economy.<\/p>\n<p>In caso di rinuncia al viaggio o di cambio prenotazione a emissione del biglietto gi\u00e0 avvenuta, il ricercatore stesso dovr\u00e0 darne comunicazione all\u2019agenzia di viaggi convenzionata e, per conoscenza, a questo Ufficio (<a href=\"mailto:dgce11.mobilita@esteri.it\">dgce11.mobilita@esteri.it<\/a>). Il ricercatore dovr\u00e0 farsi carico di eventuali penali dovute per le variazioni richieste oppure, se previsto, rifondere direttamente all\u2019agenzia l\u2019intero ammontare del biglietto in caso di mancata partenza.<\/p>\n<p><strong>A chi chiedere informazioni?<\/strong><\/p>\n<p>Per ulteriori informazioni sulla presentazione delle domande contattare il seguente indirizzo e-mail:\u00a0<a href=\"mailto:dgce11.mobilita@esteri.it\">dgce11.mobilita@esteri.it<\/a><\/p>\n<p><strong>Cosa fare al termine della missione?<\/strong><\/p>\n<p>Ove non diversamente previsto dal Protocollo Esecutivo di riferimento, entro sette giorni dal termine della missione di ricerca, il ricercatore italiano deve inviare, all\u2019indirizzo\u00a0<a href=\"mailto:dgce11.mobilita@esteri.it\">dgce11.mobilita@esteri.it<\/a>\u00a0le carte di imbarco utilizzate per il viaggio e una relazione sull\u2019attivit\u00e0 svolta in formato pdf.<\/p>\n<p>In caso di mancata presentazione della suddetta relazione non potranno essere accolte richieste di contributo, nell\u2019ambito dello stesso progetto, per l\u2019anno successivo.<\/p>\n","protected":false},"excerpt":{"rendered":"Chi pu\u00f2 presentare la richiesta? Possono presentare domanda per ottenere l\u2019emissione dei biglietti di viaggio all\u2019estero i ricercatori italiani appartenenti ai gruppi di ricerca di Progetti di Mobilit\u00e0 inseriti nei Protocolli Esecutivi di Cooperazione Scientifica. Come presentare la domanda? Il ricercatore italiano interessato pu\u00f2 presentare domanda esclusivamente tramite la procedura online che si trova al [&hellip;]","protected":false},"author":1,"featured_media":0,"parent":30182,"menu_order":2,"comment_status":"closed","ping_status":"closed","template":"page-diplomazia.php","meta":{"footnotes":""},"class_list":["post-30191","page","type-page","status-publish","hentry"],"_links":{"self":[{"href":"https:\/\/www.esteri.it\/it\/wp-json\/wp\/v2\/pages\/30191","targetHints":{"allow":["GET"]}}],"collection":[{"href":"https:\/\/www.esteri.it\/it\/wp-json\/wp\/v2\/pages"}],"about":[{"href":"https:\/\/www.esteri.it\/it\/wp-json\/wp\/v2\/types\/page"}],"author":[{"embeddable":true,"href":"https:\/\/www.esteri.it\/it\/wp-json\/wp\/v2\/users\/1"}],"replies":[{"embeddable":true,"href":"https:\/\/www.esteri.it\/it\/wp-json\/wp\/v2\/comments?post=30191"}],"version-history":[{"count":6,"href":"https:\/\/www.esteri.it\/it\/wp-json\/wp\/v2\/pages\/30191\/revisions"}],"predecessor-version":[{"id":171378,"href":"https:\/\/www.esteri.it\/it\/wp-json\/wp\/v2\/pages\/30191\/revisions\/171378"}],"up":[{"embeddable":true,"href":"https:\/\/www.esteri.it\/it\/wp-json\/wp\/v2\/pages\/30182"}],"wp:attachment":[{"href":"https:\/\/www.esteri.it\/it\/wp-json\/wp\/v2\/media?parent=30191"}],"curies":[{"name":"wp","href":"https:\/\/api.w.org\/{rel}","templated":true}]}}