{"id":30194,"date":"2021-07-13T11:33:23","date_gmt":"2021-07-13T09:33:23","guid":{"rendered":"https:\/\/www.esteri.it\/?page_id=30194"},"modified":"2026-01-23T12:50:48","modified_gmt":"2026-01-23T11:50:48","slug":"mobilitricercatoristranieri","status":"publish","type":"page","link":"https:\/\/www.esteri.it\/it\/temi\/cooperscientificatecnologica\/programmiesecutivi\/mobilitaricercatori\/mobilitricercatoristranieri\/","title":{"rendered":"Mobilit\u00e0 dei ricercatori stranieri"},"content":{"rendered":"<p><strong><img decoding=\"async\" src=\"https:\/\/www.esteri.it\/mae\/resource\/mae\/2013\/03\/20130318_banner1.jpg\" border=\"0\" \/><\/strong><\/p>\n<p><strong>\u00a0<\/strong><\/p>\n<p><strong>Chi pu\u00f2 presentare la richiesta?<\/strong><\/p>\n<p>I ricercatori stranieri appartenenti al gruppo di ricerca di Progetti di Mobilit\u00e0 inseriti nei Protocolli Esecutivi di Cooperazione Scientifica.<\/p>\n<p><strong>Come presentare la domanda?<\/strong><\/p>\n<p>Per ottenere il finanziamento delle spese di soggiorno in Italia, il ricercatore straniero deve presentare domanda all\u2019Ufficio IX della Direzione Generale per la promozione del Sistema Paese, esclusivamente tramite la procedura online che si trova al seguente indirizzo:\u00a0<a href=\"https:\/\/ricercatori.esteri.it\/\">https:\/\/ricercatori.esteri.it\u00a0<\/a><\/p>\n<p><strong>Quando si pu\u00f2 presentare domanda?<\/strong><\/p>\n<p>A partire dalla pubblicazione del Protocollo Esecutivo e per ogni annualit\u00e0 di progetto, sar\u00e0 inviata una mail ai Coordinatori Scientifici con indicazione del primo giorno utile per la presentazione delle domande. Se le attivit\u00e0 progettuali cominciano a inizio anno, la data si colloca solitamente intorno alla met\u00e0 di gennaio. L\u2019ultimo giorno utile per presentare domanda \u00e8 invece fissato al 15 ottobre.<\/p>\n<p><strong>Da quando si pu\u00f2 viaggiare?<\/strong><\/p>\n<p>Per ragioni contabili, le missioni non possono aver luogo prima della fine di febbraio. Maggiori dettagli saranno forniti nell\u2019email sopracitata. Le missioni devono tassativamente concludersi entro il 31 dicembre.<\/p>\n<p><strong>Che cosa serve per presentare la domanda?<\/strong><\/p>\n<ul>\n<li>Gli elementi richiesti, indicati nella domanda online, sono i seguenti:<\/li>\n<li>Codice progetto<\/li>\n<li>Dati del ricercatore e del progetto;<\/li>\n<li>Lettera di invito del capo progetto italiano con le date esatte del soggiorno (da allegare in pdf);<\/li>\n<li>Autorizzazione al soggiorno da parte del capo progetto straniero (se persona diversa dallo stesso capo progetto)<\/li>\n<li>C.V. del ricercatore;<\/li>\n<li>Programma sintetico della visita;<\/li>\n<\/ul>\n<p>Attenzione: i dati anagrafici del ricercatore (nome, cognome, data e luogo di nascita, nazionalit\u00e0) devono essere completi e uguali a quanto riportato sul passaporto con cui il ricercatore si recher\u00e0 in Italia.<\/p>\n<p><strong>Di quanti soggiorni si pu\u00f2 usufruire e qual \u00e8 la durata prevista?<\/strong><\/p>\n<p>Il numero di soggiorni per anno, la durata del soggiorno in Italia, l\u2019ammontare del compenso per i ricercatori e tutte le disposizioni generali che regolano il soggiorno sono stabiliti da ciascun Protocollo Esecutivo (vedi\u00a0<a href=\"https:\/\/www.esteri.it\/it\/diplomazia-culturale-e-diplomazia-scientifica\/cooperscientificatecnologica\/programmiesecutivi\/accordi_programmi_culturali_tecnologici\/\">https:\/\/www.esteri.it\/it\/diplomazia-culturale-e-diplomazia-scientifica\/cooperscientificatecnologica\/programmiesecutivi\/accordi_programmi_culturali_tecnologici\/<\/a>)<\/p>\n<p>Ove non diversamente previsto dal Protocollo Esecutivo, esistono due tipi di soggiorno: il soggiorno breve, della durata massima di 10 giorni (quindi da 1 a 10 gg.) e il soggiorno lungo della durata di 1 mese (tassativamente 30 gg.). Il richiedente deve indicare il numero di giorni e la data di inizio del soggiorno. Alcuni Protocolli Esecutivi prevedono la possibilit\u00e0 di accorpare il soggiorno breve e quello lungo in un unico periodo.<\/p>\n<p><strong>Come si fa a sapere se la domanda \u00e8 stata accolta?<\/strong><\/p>\n<p>L\u2019accoglimento delle domande di soggiorno \u00e8 subordinato alla disponibilit\u00e0 di fondi. Il ricercatore la cui domanda sia stata accolta ricever\u00e0 per e-mail, circa un mese prima dell\u2019inizio della missione, la lettera di autorizzazione al soggiorno, utilizzabile anche per l\u2019eventuale richiesta del visto.<\/p>\n<p><strong>Qual \u00e8 il compenso spettante al ricercatore e quali sono le modalit\u00e0 per riscuoterlo?<\/strong><\/p>\n<p>Nella lettera di autorizzazione inviata al ricercatore \u00e8 specificato l\u2019ammontare del compenso spettante: 99 euro al giorno dal primo al decimo giorno (massimo 990 euro per soggiorni brevi) e 38 euro al giorno dall\u2019undicesimo al trentesimo giorno (massimo 1.750 euro per soggiorni lunghi) o all\u2019ultimo giorno per i soggiorni accorpati. \u00a0Il compenso viene erogato, per i ricercatori che possiedono un conto in area SEPA (o una carta prepagata, purch\u00e9 vi sia associato un codice IBAN), con accredito diretto da parte del Ministero; per i ricercatori che possiedono un conto in area extra-SEPA, con accredito effettuato per il tramite della Sede territorialmente competente. Il bonifico viene predisposto il primo giorno di missione, contestualmente alla conferma dell\u2019arrivo in Italia del ricercatore da parte del Coordinatore Scientifico.<\/p>\n<p><strong>A chi chiedere informazioni?<\/strong><\/p>\n<p>Per chiedere informazioni supplementari sulla presentazione della domanda si pu\u00f2 scrivere al seguente indirizzo e-mail:\u00a0<a href=\"mailto:dgce11.mobilita@esteri.it\">dgce11.mobilita@esteri.it<\/a><\/p>\n<p><strong>Cosa fare al termine della missione?<\/strong><\/p>\n<p>Ove non diversamente stabilito dal Protocollo di riferimento, entro sette giorni dal termine della missione di ricerca, il ricercatore straniero deve inviare all\u2019indirizzo\u00a0<a href=\"mailto:dgce.mobilita@esteri.it\">dgce11.mobilita@esteri.it<\/a> le carte di imbarco utilizzate per il viaggio e una relazione sull\u2019attivit\u00e0 svolta in formato pdf.<\/p>\n<p>In caso di mancata presentazione della suddetta relazione non potranno essere accolte richieste di contributo, nell\u2019ambito dello stesso progetto, per l\u2019anno successivo.<\/p>\n<p><strong>\u00a0<\/strong><\/p>\n","protected":false},"excerpt":{"rendered":"\u00a0 Chi pu\u00f2 presentare la richiesta? I ricercatori stranieri appartenenti al gruppo di ricerca di Progetti di Mobilit\u00e0 inseriti nei Protocolli Esecutivi di Cooperazione Scientifica. Come presentare la domanda? Per ottenere il finanziamento delle spese di soggiorno in Italia, il ricercatore straniero deve presentare domanda all\u2019Ufficio IX della Direzione Generale per la promozione del Sistema [&hellip;]","protected":false},"author":1,"featured_media":0,"parent":30182,"menu_order":3,"comment_status":"closed","ping_status":"closed","template":"page-diplomazia.php","meta":{"footnotes":""},"class_list":["post-30194","page","type-page","status-publish","hentry"],"_links":{"self":[{"href":"https:\/\/www.esteri.it\/it\/wp-json\/wp\/v2\/pages\/30194","targetHints":{"allow":["GET"]}}],"collection":[{"href":"https:\/\/www.esteri.it\/it\/wp-json\/wp\/v2\/pages"}],"about":[{"href":"https:\/\/www.esteri.it\/it\/wp-json\/wp\/v2\/types\/page"}],"author":[{"embeddable":true,"href":"https:\/\/www.esteri.it\/it\/wp-json\/wp\/v2\/users\/1"}],"replies":[{"embeddable":true,"href":"https:\/\/www.esteri.it\/it\/wp-json\/wp\/v2\/comments?post=30194"}],"version-history":[{"count":6,"href":"https:\/\/www.esteri.it\/it\/wp-json\/wp\/v2\/pages\/30194\/revisions"}],"predecessor-version":[{"id":171375,"href":"https:\/\/www.esteri.it\/it\/wp-json\/wp\/v2\/pages\/30194\/revisions\/171375"}],"up":[{"embeddable":true,"href":"https:\/\/www.esteri.it\/it\/wp-json\/wp\/v2\/pages\/30182"}],"wp:attachment":[{"href":"https:\/\/www.esteri.it\/it\/wp-json\/wp\/v2\/media?parent=30194"}],"curies":[{"name":"wp","href":"https:\/\/api.w.org\/{rel}","templated":true}]}}