{"id":30206,"date":"2021-07-13T11:45:30","date_gmt":"2021-07-13T09:45:30","guid":{"rendered":"https:\/\/www.esteri.it\/?page_id=30206"},"modified":"2025-11-27T11:32:11","modified_gmt":"2025-11-27T10:32:11","slug":"ricercatoriscienziati_ita_estero","status":"publish","type":"page","link":"https:\/\/www.esteri.it\/it\/diplomazia-culturale-e-diplomazia-scientifica\/cooperscientificatecnologica\/ricercatoriscienziati_ita_estero\/","title":{"rendered":"Associazioni di ricercatori italiani all\u2019estero"},"content":{"rendered":"<p><strong>AUSTRALIA<\/strong><\/p>\n<p><strong>ARIA-SA, Associazione di Ricercatori Italiani in Australasia- South Australia<br \/>\n<img loading=\"lazy\" decoding=\"async\" src=\"https:\/\/www.esteri.it\/mae\/resource\/img\/2018\/03\/australia.jpg\" alt=\"australia\" width=\"150\" height=\"122\" \/><\/strong><\/p>\n<p>Obiettivo dell\u2019associazione \u00e8 promuovere la cooperazione scientifica tra Italia e Australia, fornendo un punto di contatto per i ricercatori italiani e australiani e tra le istituzioni, le organizzazioni di ricerca e le aziende dei due Paesi.\u00a0<a href=\"https:\/\/ariaadelaide.wordpress.com\/\">https:\/\/ariaadelaide.wordpress.com<\/a><\/p>\n<p>&nbsp;<\/p>\n<p><strong>AUSTRIA<\/strong><\/p>\n<p><strong>ASSAI &#8211; Associazione Scambi Scientifici Austria Italia<\/strong><\/p>\n<p><img loading=\"lazy\" decoding=\"async\" class=\"alignnone size-full wp-image-134404 img-fluid\" src=\"https:\/\/www.esteri.it\/wp-content\/uploads\/2025\/04\/Assai_logo.jpg\" alt=\"Logo ASSAI - Associazione Scambi Scientifici Austria Italia\" width=\"150\" height=\"122\" \/><\/p>\n<p>L\u2019Associazione per gli Scambi Scientifici Austria Italia (ASSAI) si propone di costruire un ponte tra le comunit\u00e0 scientifiche di Austria e Italia. ASSAI ha come obiettivo la promozione dello scambio di conoscenze e la cooperazione transnazionale e intersettoriali nel campo della ricerca scientifica e dell&#8217;innovazione. Con l&#8217;obiettivo di diventare un punto d&#8217;incontro per tutti coloro che mostrano un interesse tangibile nella collaborazione tra i due Paesi nel settore della ricerca e dell&#8217;innovazione.\u00a0<a href=\"https:\/\/www.assai.at\/\">https:\/\/www.assai.at\/<\/a><\/p>\n<p>&nbsp;<\/p>\n<p><strong>BRASILE<\/strong><\/p>\n<p><strong>ARIB, Associazione di Ricercatori Italiani in Brasile<\/strong><\/p>\n<p><img decoding=\"async\" src=\"https:\/\/www.esteri.it\/mae\/resource\/img\/2018\/03\/brasile_0.jpg\" alt=\"brasile 0\" \/><\/p>\n<p>L\u2019Associazione dei Ricercatori Italiani in Brasile\u00a0(ARIB) nasce nel Giugno 2016 da un\u2019idea\u00a0del Dr. Roberto Bruno, Addetto Scientifico dell\u2019Ambasciata Italiana a Brasilia, e da un gruppo di\u00a0ricercatori italiani\u00a0residenti in Brasile. L\u2019ARIB \u00e8 una associazione\u00a0senza fini di lucro, aperta a tutti i ricercatori italiani con interessi in Brasile e ai ricercatori brasiliani con esperienze significative in Italia.\u00a0<a href=\"https:\/\/aribitalia.wordpress.com\/arib\/\">https:\/\/aribitalia.wordpress.com\/arib\/<\/a><\/p>\n<p>&nbsp;<\/p>\n<p><strong>CANADA<\/strong><\/p>\n<p><strong>ARPICO Society of Italian Researchers &amp; Professionals in Western Canada)<\/strong><\/p>\n<p><img decoding=\"async\" src=\"https:\/\/www.esteri.it\/mae\/resource\/img\/2018\/03\/canada.png\" alt=\"canada\" \/><\/p>\n<p>Arpico \u00e8 un\u2019associazione non profit del Canada Occidentale che mira a diffondere la conoscenza delle attivit\u00e0 di ricerca che coinvolgono italiani o che potrebbero interessare la comunit\u00e0 italiana. L\u2019associazione offre un forum informale di discussione, dibattito e scambio di idee sui temi della societ\u00e0 moderna, per facilitare il networking e il dialogo tra ricercatori, professionisti e istituzioni.<a href=\"http:\/\/www.arpico.ca\/\">\u00a0http:\/\/www.arpico.ca\/<\/a><\/p>\n<p>&nbsp;<\/p>\n<p><strong>CSIC\u00a0(Comunit\u00e0 Scientifica Italiana in Canada &#8211; Qu\u00e9bec dal 2008)<\/strong><\/p>\n<p align=\"JUSTIFY\"><strong><em><a href=\"http:\/\/csic-sq.ca\/\"><img decoding=\"async\" src=\"https:\/\/www.esteri.it\/mae\/resource\/mae\/2014\/07\/csic.jpg\" alt=\"Csic\" border=\"0\" \/><\/a><\/em><\/strong><\/p>\n<p>La CSIC \u00e8 la prima associazione canadese di ricercatori italiani creata con lo scopo di essere un punto di riferimento per chi attualmente risiede in Quebec e un collegamento con la realt\u00e0 italiana. Fin dai primi incontri nel 2005, l&#8217;associazione conta una partecipazione di quasi duecento ricercatori. CSIC promuove lo sviluppo di programmi di scambio e collaborazioni tra studenti, accademici e professionisti che operano in Quebec e in Italia.<\/p>\n<p>&nbsp;<\/p>\n<p><strong>CILE<\/strong><\/p>\n<p><strong>ARSIC\u00a0\u00a0(Associazione dei Ricercatori e Studiosi Italiani in Cile)<br \/>\n<\/strong><\/p>\n<p><img loading=\"lazy\" decoding=\"async\" class=\"alignnone size-full wp-image-134405 img-fluid\" src=\"https:\/\/www.esteri.it\/wp-content\/uploads\/2025\/04\/arsic_logo.jpg\" alt=\"Logo ARSIC - Associazione dei Ricercatori e Studiosi Italiani in Cile\" width=\"200\" height=\"102\" \/><\/p>\n<p>Nata per fare rete tra ricercatori italiani in Cile ed essere un punto di riferimento nel paese. Ha l\u2019obiettivo di valorizzare il nostro contributo di frontiera, misurandosi con problemi prioritari anche in Italia. Evidenzia poi le conoscenze dei cileni formatisi nel nostro paese, dando vita a collaborazioni costanti con le universit\u00e0 italiane. <a href=\"https:\/\/sites.google.com\/view\/arsic\/\">https:\/\/sites.google.com\/view\/arsic\/<\/a><\/p>\n<p><strong>\u00a0<\/strong><\/p>\n<p><strong>SIGN \u2013 Scienziati Italiani in Germania Network<\/strong><\/p>\n<p><img loading=\"lazy\" decoding=\"async\" class=\"alignnone size-full wp-image-134403 img-fluid\" src=\"https:\/\/www.esteri.it\/wp-content\/uploads\/2025\/04\/sign_logo.jpg\" alt=\"Logo Sign - Scienziati Italiani in Germania Network\" width=\"200\" height=\"69\" \/><\/p>\n<p>Istituita nel Gennaio 2023 a Berlino, la rete SIGN ha i seguenti obiettivi generali: best practices, tutoraggio, consulenza professionale per giovani scienziati; consulenza sulle\u00a0 istituzioni italiane; supporto, onboarding e consulenza a scienziati in arrivo in Germania; assegnazione di premi scientifici; organizzazione di conferenze ed eventi internazionali; pubblicazioni scientifiche.\u00a0\u00a0Scienziati di qualsiasi campo possono associarsi purch\u00e8 lavorino o abbiano lavorato di recente in Germania.\u00a0<a href=\"https:\/\/sign-network.eu\/\">https:\/\/sign-network.eu<\/a><\/p>\n<p>&nbsp;<\/p>\n<p><strong>CINA<\/strong><\/p>\n<p><strong>AAIIC &#8211; Associazione Accademici Italiani in Cina<\/strong><\/p>\n<p><img loading=\"lazy\" decoding=\"async\" src=\"https:\/\/www.esteri.it\/mae\/resource\/img\/2020\/09\/aaiic.png\" alt=\"aaiic\" width=\"110\" height=\"73\" \/><\/p>\n<p>Nata nel dicembre del 2015, \u00e8 una comunit\u00e0 che riunisce professori e ricercatori italiani attivi nel territorio cinese ed impegnati nelle attivit\u00e0 di docenza, ricerca e coordinamento di progetti scientifici nazionali e internazionali, che riunisce oltre 100 soci attivi in circa 13 citt\u00e0.\u00a0<a href=\"https:\/\/accademicicina.org\/\">https:\/\/accademicicina.org<\/a><\/p>\n<p>&nbsp;<\/p>\n<p><strong>DANIMARCA<\/strong><\/p>\n<p><strong>ARSID &#8211; Associazione Ricercatori e Scienziati Italiani in Danimarc<\/strong><strong>a<\/strong><\/p>\n<p><img loading=\"lazy\" decoding=\"async\" class=\"alignnone size-full wp-image-76774 img-fluid\" src=\"https:\/\/www.esteri.it\/wp-content\/uploads\/2022\/04\/arsid_danimarca.jpg\" alt=\"ARSID - Associazione Ricercatori e Scienziati Italiani in Danimarca\" width=\"191\" height=\"97\" \/><\/p>\n<p>L\u2019ARSID (Associazione Ricercatori e Scienziati Italiani in Danimarca) \u00e9 stata costituita nel 2021; ha sede presso l\u2019Istituto Italiano di Cultura di Copenaghen. Punta a promuovere il flusso bilaterale di scienziati e studiosi tra Italia e Danimarca;\u00a0individuare opportunit\u00e0 di ricerca significative per istituzioni scientifiche, accademie ed industrie high-tech italiane e danesi, stimolandone lo sviluppo;\u00a0essere un luogo naturale d\u2019incontro per ricercatori e scienziati italiani in Danimarca.\u00a0<a href=\"http:\/\/www.arsid.org\/\">www.arsid.org<\/a><\/p>\n<p>&nbsp;<\/p>\n<p align=\"JUSTIFY\"><strong>FRANCIA<\/strong><\/p>\n<p><strong>R\u00e9CIF (R\u00e9seau des Chercheurs Italiens en France)<\/strong><\/p>\n<p align=\"JUSTIFY\"><img decoding=\"async\" src=\"https:\/\/www.esteri.it\/mae\/resource\/img\/2015\/09\/recif.jpg\" alt=\"recif\" \/><\/p>\n<p>R\u00e9CIF \u00e8 una rete di persone, idee e progetti, creata nel 2014 con lo scopo di riunire i ricercatori e i professionisti italiani operanti in Francia nei campi della ricerca, dell&#8217;impresa e della cultura.\u00a0R\u00e9CIF intende\u00a0promuove\u00a0la creazione di una rete di ricercatori e professionisti italiani operanti in Francia,\u00a0lo sviluppo di una rete tra associazioni di categoria ed enti pubblici e privati, l&#8217;assistenza all&#8217;integrazione dei giovani ricercatori italiani in loco,\u00a0l&#8217;organizzazione di eventi di discussione, confronto ed indirizzo su tematiche di interesse pubblico.\u00a0<a href=\"https:\/\/recifsite.wordpress.com\/\">https:\/\/recifsite.wordpress.com\/<\/a><\/p>\n<p>&nbsp;<\/p>\n<p><strong>GERMANIA<\/strong><\/p>\n<p><strong>Forum accademico italiano<\/strong><\/p>\n<p><a href=\"http:\/\/www.ricercatorinrw.org\/\"><img decoding=\"async\" src=\"https:\/\/www.esteri.it\/mae\/resource\/mae\/2014\/07\/ger.jpg\" alt=\"Ricercatori\" border=\"0\" \/><\/a><\/p>\n<p>L\u2019Associazione promuove la creazione di una rete di cooperazione per la ricerca in ambito scientifico ed umanistico. Facilita lo scambio di informazioni tra ricercatori e studiosi italiani presenti nelle istituzioni universitarie di Germania e in Italia.\u00a0<a href=\"http:\/\/www.ricercatorinrw.org\/\">http:\/\/www.ricercatorinrw.org\/<\/a><\/p>\n<p>&nbsp;<\/p>\n<p><strong>GIAPPONE<\/strong><\/p>\n<p><strong>AIRJ, Association of Italian Researchers in Japan<\/strong><\/p>\n<p><img loading=\"lazy\" decoding=\"async\" class=\"alignnone size-full wp-image-161377 img-fluid\" src=\"https:\/\/www.esteri.it\/wp-content\/uploads\/2025\/11\/Giappone.jpg\" alt=\"AIRJ, Association of Italian Researchers in Japan\" width=\"200\" height=\"96\" \/><\/p>\n<p>AIRJ, Association of Italian Researchers in Japan, \u00e8 nata nel Settembre 2019 con lo scopo di facilitare le relazioni e promuovere la collaborazione scientifica tra Italia e Giappone, supportando il flusso bilaterale di ricercatori italiani e giapponesi, e fornendo un punto di contatto tra le istituzioni e le organizzazioni di ricerca dei due Paesi.\u00a0<a href=\"https:\/\/www.airj.info\/\">https:\/\/www.airj.info\/<\/a><\/p>\n<p>&nbsp;<\/p>\n<p><strong>ISRAELE<\/strong><\/p>\n<p><strong>Association of Italian Scholars and Scientists in Israel (AISSI)<\/strong><\/p>\n<p><img decoding=\"async\" class=\"alignnone size-medium wp-image-95389 img-fluid\" src=\"https:\/\/www.esteri.it\/wp-content\/uploads\/2023\/01\/AISSI-300x106.jpg\" alt=\"AISSI\" width=\"200\" srcset=\"https:\/\/www.esteri.it\/wp-content\/uploads\/2023\/01\/AISSI-300x106.jpg 300w, https:\/\/www.esteri.it\/wp-content\/uploads\/2023\/01\/AISSI.jpg 600w\" sizes=\"(max-width: 300px) 100vw, 300px\" \/><\/p>\n<p>L&#8217;Associazione\u00a0 ha l&#8217;obiettivo di favorire il collegamento tra le comunit\u00e0 accademiche italiana e israeliana e di aumentare la consapevolezza &#8211; in Italia e Israele &#8211; del lavoro svolto dagli accademici e dai ricercatori italiani presenti nel Paese. A presiedere l&#8217;associazione \u00e8 la Prof. Cristina M. Bettin della Ben Gurion University of the Negev.\u00a0<a href=\"https:\/\/www.aissiassociation.org\/\">https:\/\/www.aissiassociation.org\/<\/a><\/p>\n<p>&nbsp;<\/p>\n<p align=\"JUSTIFY\"><strong>ITALIA<\/strong><\/p>\n<p><strong>AIRIcerca (Associazione dei Ricercatori Italiani nel Mondo)<\/strong><\/p>\n<p align=\"JUSTIFY\">\u00a0<img decoding=\"async\" src=\"https:\/\/www.esteri.it\/mae\/resource\/img\/2015\/09\/airice.jpg\" alt=\"airice\" \/><\/p>\n<p>L&#8217;associazione mira a facilitare le relazioni e lo scambio di idee tra i ricercatori italiani nel mondo\u00a0e a\u00a0sostenere il ruolo del ricercatore nella divulgazione scientifica. AIRIcerca persegue la sua missione tramite numerose attivit\u00e0: organizzazione di incontri in varie citt\u00e0 del mondo,\u00a0social media, collaborazioni scientifiche, mentoring virtuale, job posting, pubblicazione di articoli originali di approfondimento e di notizie scientifiche giornaliere a cura della redazione AIRInforma.<br \/>\n<a href=\"http:\/\/www.airicerca.org\/\">http:\/\/www.airicerca.org<\/a><\/p>\n<p>&nbsp;<\/p>\n<p align=\"JUSTIFY\"><strong>MESSICO<\/strong><\/p>\n<p><strong>ARIM &#8211; Associazione Ricercatori Italiani in Messico<\/strong><\/p>\n<p><img loading=\"lazy\" decoding=\"async\" src=\"https:\/\/www.esteri.it\/mae\/resource\/img\/2020\/09\/arim.png\" alt=\"arim\" width=\"110\" height=\"63\" \/><\/p>\n<p>ARIM \u00e8 una associazione senza scopo di lucro di ricercatori Italiani che svolgono le loro attivit\u00e0 in Messico, che conta pi\u00f9 di 40 soci attivi nel 2018 e tiene contatti con pi\u00f9 di 140 tra ricercatori, studenti e professionisti italiani residenti nel Paese. Istituita alla fine del 2017 durante un incontro organizzato dall&#8217;Ambasciata Italiana in Messico, ARIM nasce dall&#8217;esigenza dei ricercatori Italiani che svolgono le loro attivit\u00e0 all&#8217;estero di trovare uno spazio che sia riferimento, unione e spunto per diffondere i prodotti delle attivit\u00e0 accademiche e tecnologiche ed aprire nuove collaborazioni in tutte le discipline di ricerca.\u00a0<a href=\"https:\/\/associazionearim.weebly.com\/\">https:\/\/associazionearim.weebly.com\/<\/a><\/p>\n<p>&nbsp;<\/p>\n<p><strong>REGNO UNITO<\/strong><\/p>\n<p><strong>AIS-UK (Association of Italian Scientists in the UK)<\/strong><\/p>\n<p><strong><a href=\"http:\/\/aisukblog.wordpress.com\/\"><img decoding=\"async\" src=\"https:\/\/www.esteri.it\/mae\/resource\/mae\/2014\/07\/uk.jpg\" alt=\"Ais\" border=\"0\" \/><\/a><\/strong><\/p>\n<p>L&#8217;Associazione raccoglie accademici ed altri ricercatori italiani nel Regno Unito in tutte le aree disciplinari. Lo scopo \u00e8 di favorite collaborazioni scientifiche tra istituzioni, centri di ricerca, industria e fondazioni in Italia e nel Regno Unito e la mobilit\u00e0 dei ricercatori tra i due paesi, e di promuovere il lavoro dei ricercatori italiani nel Regno Unito. A tali fini, AISUK promuove il \u2018networking\u2019 tra i ricercatori delle diverse discipline e tra le istituzioni nei settori accademico, pubblico e privato, e fornisce supporto e \u2018mentoring\u2019 per dottorandi e giovani ricercatori.<a href=\"https:\/\/www.aisuk.org\/\">\u00a0https:\/\/www.aisuk.org\/\u00a0<\/a><\/p>\n<p>&nbsp;<\/p>\n<p><strong>SERBIA<\/strong><\/p>\n<p><strong>AIS3 (Associazione Italiani e Serbi Scienziati e Studiosi)<\/strong><\/p>\n<p><img loading=\"lazy\" decoding=\"async\" src=\"https:\/\/www.esteri.it\/mae\/resource\/img\/2018\/03\/serbia.jpg\" alt=\"serbia\" width=\"150\" height=\"91\" \/><\/p>\n<p>ASI3 \u00e8 un\u2019associazione non profit che mira a promuovere la cooperazione nel campo accademico, scientifico e tecnologico tra Italia e Serbia, per sostenere l\u2019innovazione e lo scambio di conoscenze. L\u2019Associazione opera per facilitare lo sviluppo di laboratori e progetti congiunti tra scienziati, ricercatori, associazioni e organizzazioni governative di Serbia e Italia.<a href=\"http:\/\/www.ais3.ac.rs\/%20%20%20\">\u00a0http:\/\/www.ais3.ac.rs\/\u00a0<\/a><\/p>\n<p>&nbsp;<\/p>\n<p><strong>SINGAPORE<\/strong><\/p>\n<p><strong>GRIS &#8211; Gruppo Ricercatori Italiani a Singapore<\/strong><\/p>\n<p><img loading=\"lazy\" decoding=\"async\" class=\"alignnone size-full wp-image-95391 img-fluid\" src=\"https:\/\/www.esteri.it\/wp-content\/uploads\/2025\/03\/GRIS-Gruppo-Ricercatori-Italiani-a-Singapore.jpg\" alt=\"italia-club-singapore\" width=\"175\" height=\"150\" \/><\/p>\n<p>GRIS (Gruppo Ricercatori Italiani a Singapore) \u00e8 un gruppo di ricercatori italiani a Singapore che promuove il concetto di scambio e circolazione di cervelli &#8211; in contrapposizione al concetto di fuga di cervelli &#8211; tra Singapore e l&#8217;Italia. Oltre ai ricercatori italiani residenti a Singapore, GRIS accoglie cittadini di tutti i paesi che hanno lavorato in Italia nei campi della scienza e della tecnologia e scienziati italiani interessati a trasferirsi a Singapore o a collaborare con istituti di ricerca singaporiani e d\u00e0 supporto per le famiglie di ricercatori e tecnologi italiani residenti a Singapore. GRIS vuole fungere da punto di riferimento per le organizzazioni internazionali interessate a promuovere la collaborazione tra Italia e Singapore.<\/p>\n<p>&nbsp;<\/p>\n<p><strong>SPAGNA<\/strong><\/p>\n<p><strong>ARIS (Associazione Ricercatori Italiani in Spagna)<\/strong><\/p>\n<p><img decoding=\"async\" src=\"https:\/\/www.esteri.it\/mae\/resource\/img\/2015\/07\/aris.jpg\" alt=\"aris\" \/><\/p>\n<div>\n<div align=\"justify\">\n<p>L&#8217;associazione \u00e8 nata con l\u2019impegno di 11 soci fondatori, tutti ricercatori e docenti italiani in Spagna, anche su impulso dell&#8217;Ufficio scientifico dell&#8217;Ambasciata italiana a Madrid.\u00a0ARIS si impegna\u00a0ad agevolare contatti e collaborazioni tra i sistemi della ricerca e dell\u2019industria di Italia e Spagna e a promuovere\u00a0collaborazioni bilaterali tra istituzioni pubbliche e private sui temi della ricerca scientifica e della politica universitaria. Scopo dell\u2019associazione \u00e8 anche quello di costituire una piattaforma di appoggio per facilitare l\u2019inserimento di studenti o giovani ricercatori italiani nel mondo accademico\/scientifico spagnolo.<a href=\"https:\/\/arisitalia.wordpress.com\/\">\u00a0https:\/\/arisitalia.wordpress.com\/<\/a><\/p>\n<\/div>\n<\/div>\n<div align=\"justify\">\n<p>&nbsp;<\/p>\n<p><strong>SUDAFRICA<\/strong><\/p>\n<p><strong>(NIRC) Network of Italian Researchers in the Cape\u00a0<\/strong><\/p>\n<p><img decoding=\"async\" src=\"https:\/\/www.esteri.it\/mae\/resource\/img\/2018\/03\/sudafrica.png\" alt=\"sudafrica\" \/><\/p>\n<p>Il Network of Italian Researchers in the Cape (NIRC) nasce con l&#8217;obiettivo di creare occasioni di networking attraverso le quali favorire la circolazione di informazioni e la nascita di nuove collaborazioni, dando maggiore visibilit\u00e0 alla comunit\u00e0 accademica italiana che opera nella macro-regione Sud-Africana del Capo di Buona Speranza.<a href=\"https:\/\/nircblog.wordpress.com\/\">\u00a0https:\/\/nircblog.wordpress.com<\/a><\/p>\n<p>&nbsp;<\/p>\n<p><strong>NIRNEP (Network of Italian Researchers in the North-Eastern Provinces)<\/strong><\/p>\n<p><img loading=\"lazy\" decoding=\"async\" src=\"https:\/\/www.esteri.it\/mae\/resource\/img\/2020\/09\/nirnep.png\" alt=\"nirnep\" width=\"260\" height=\"50\" \/><\/p>\n<\/div>\n<div align=\"justify\">\n<p>Il NIRNEP riunisce tutti gli studiosi e ricercatori italiani attivi nelle province sudafricane del Gauteng, KwaZulu-Natal, Free State, Limpopo, Mpumalanga e Northewest, con lo scopo di creare una informale piattaforma di scambio e condivisione.\u00a0\u00a0<a href=\"https:\/\/nirnep.wordpress.com\/\">https:\/\/nirnep.wordpress.com\/<\/a><\/p>\n<\/div>\n<p>&nbsp;<\/p>\n<p><strong>STATI UNITI<\/strong><\/p>\n<p><strong>ISSNAF (Italian Scientists and Scholars in North America Foundation)<\/strong><\/p>\n<p><img loading=\"lazy\" decoding=\"async\" class=\"alignnone size-full wp-image-95395 img-fluid\" src=\"https:\/\/www.esteri.it\/wp-content\/uploads\/2023\/01\/logo_issnaf.jpg\" alt=\"logo issnaf\" width=\"145\" height=\"56\" \/><\/p>\n<p>ISSNAF \u00e8 un\u2019organizzazione no-profit creata allo scopo di promuovere l&#8217;interazione scientifica fra italiani attivi in Nord America e istituzioni accademiche e non accademiche italiane operanti nei campi della biologia, scienze umanistiche, medicina, matematica, fisica, ingegneria, tecnologie dell&#8217;informazione e scienze sociali. Promuove scambi tra ricercatori, scienziati ed imprese italiane, gestendo borse di studio e premi, in particolare il &#8220;Premio ISSNAF per giovani ricercatori&#8221; e il &#8220;Premio Paolo Campese&#8221; per la ricerca contro le leucemie.\u00a0<a href=\"http:\/\/www.issnaf.org\/\">http:\/\/www.issnaf.org<\/a><\/p>\n<p>&nbsp;<\/p>\n<p><strong>BAIA NETWORK (Business Association Italy America)<\/strong><\/p>\n<p><strong><img loading=\"lazy\" decoding=\"async\" class=\"alignnone size-full wp-image-95394 img-fluid\" src=\"https:\/\/www.esteri.it\/wp-content\/uploads\/2023\/01\/logo_baiaitalia.jpg\" alt=\"logo baiaitalia\" width=\"140\" height=\"34\" \/><\/strong><\/p>\n<p>Riunisce ricercatori ed imprenditori. BAIA si propone di offrire opportunit\u00e0 di networking fra i propri membri; facilita lo scambio aperto di conoscenza fra Italia e Stati uniti e promuove l&#8217;innovazione.\u00a0<a href=\"http:\/\/www.baia-network.org\/\">http:\/\/www.baia-network.org<\/a><\/p>\n<p>&nbsp;<\/p>\n<div align=\"justify\">\n<p><strong>MiamiSIC (Miami Scientific Italian Community)<\/strong><\/p>\n<p><img loading=\"lazy\" decoding=\"async\" class=\"alignnone size-medium wp-image-95393 img-fluid\" src=\"https:\/\/www.esteri.it\/wp-content\/uploads\/2023\/01\/msicweblogo-300x76.png\" alt=\"msicweb logo\" width=\"300\" height=\"76\" srcset=\"https:\/\/www.esteri.it\/wp-content\/uploads\/2023\/01\/msicweblogo-300x76.png 300w, https:\/\/www.esteri.it\/wp-content\/uploads\/2023\/01\/msicweblogo.png 700w\" sizes=\"auto, (max-width: 300px) 100vw, 300px\" \/><\/p>\n<p>MiamiSIC \u00e8 un\u2019organizzazione non profit americana costituita da ricercatori italiani, enti di ricerca privati e pubblici, che ha lo scopo di collegare ricerca scientifica italiana e imprese americane, favorendo il trasferimento di tecnologie innovative del made in Italy verso gli Stati Uniti.<a href=\"http:\/\/www.miamisic.org\/\"> http:\/\/www.miamisic.org\/\u00a0<\/a><\/p>\n<p>&nbsp;<\/p>\n<p><strong>TSIC (Texas Scientific Italian Community)<\/strong><\/p>\n<\/div>\n<p><img loading=\"lazy\" decoding=\"async\" class=\"alignnone size-medium wp-image-95392 img-fluid\" src=\"https:\/\/www.esteri.it\/wp-content\/uploads\/2023\/01\/TSIC-300x154.jpg\" alt=\"TSIC\" width=\"300\" height=\"154\" srcset=\"https:\/\/www.esteri.it\/wp-content\/uploads\/2023\/01\/TSIC-300x154.jpg 300w, https:\/\/www.esteri.it\/wp-content\/uploads\/2023\/01\/TSIC.jpg 600w\" sizes=\"auto, (max-width: 300px) 100vw, 300px\" \/><\/p>\n<p>La Comunit\u00e0 Scientifica Italiana Texas, (TSIC) Texas Scientific Italian Community,\u00a0punta alla promozione del Sistema Paese Italia attraverso la scienza, l`innovazione, la cultura, la ricerca, ed i ricercatori italiani. TSIC\u00a0favorisce\u00a0 collaborazioni e cooperazioni tra enti di ricerca, universit\u00e0, pubbliche e private tra l\u2019Europa,\u00a0l\u2019Italia ed il Texas, con le istituzioni Italiane che operano all\u2019estero, e con le altre associazioni ed organizzazioni che operano sul territorio Texano, Statunitense ed in altre parti del mondo.<\/p>\n<p><a href=\"https:\/\/www.texasic.org\/\">https:\/\/www.texasic.org\/<\/a><\/p>\n<p>&nbsp;<\/p>\n<div align=\"justify\">\n<p><strong>SVIZZERA<\/strong><\/p>\n<p><strong>SAIS (Societ\u00e0 Accademici Italiani in Svizzera)<\/strong><\/p>\n<p><img loading=\"lazy\" decoding=\"async\" src=\"https:\/\/www.esteri.it\/mae\/resource\/img\/2019\/01\/svizzera.png\" alt=\"svizzera\" width=\"168\" height=\"65\" \/><\/p>\n<p>La SAIS \u00e9 un&#8217;associazione senza scopo di lucro che riunisce i professori ordinari italiani in Svizzera. Suoi obiettivi: promuovere le relazioni scientifiche tra Italia e Svizzera; costituire un foro di dialogo; costituire un soggetto istituzionale per veicolare\u00a0 proposte ed iniziative sulla cooperazione scientifica tra i due Paesi; organizzare iniziative che favoriscano e valorizzino la ricerca, come premi e contributi alle pubblicazioni, conferenze e convegni; perseguire ogni altro scopo funzionale alla libert\u00e0 di ricerca scientifica.\u00a0<a href=\"https:\/\/www.saisitalia.ch\/\">https:\/\/www.saisitalia.ch\/<\/a><\/p>\n<p>&nbsp;<\/p>\n<p><strong>Associazione ricercatrici e ricercatori italiani in Svizzera<\/strong><\/p>\n<p><img decoding=\"async\" src=\"https:\/\/www.esteri.it\/mae\/resource\/img\/2020\/09\/arich1.jpg\" alt=\"arich1\" \/><\/p>\n<p>L\u2019ARI@CH \u00e8 nata nell\u2019aprile 2017 con lo scopo di promuovere, valorizzare e sostenere l\u2019attivit\u00e0 dei ricercatori italiani operanti nelle Universit\u00e0 o negli Istituti e nei Centri di Ricerca, pubblici e privati, ubicati in Svizzera.\u00a0<a href=\"http:\/\/www.ricercatoritaliani.ch\/\">http:\/\/www.ricercatoritaliani.ch\/<\/a><\/p>\n<p>&nbsp;<\/p>\n<p><strong>URUGUAY<\/strong><\/p>\n<p><strong>Red Italiana Investigadores y Profesores en Uruguay<\/strong><\/p>\n<p><img decoding=\"async\" src=\"https:\/\/www.esteri.it\/mae\/resource\/img\/2020\/09\/riipu.jpg\" alt=\"riipu\" width=\"120\" \/><\/p>\n<p>La \u201cRete Italiana dei Ricercatori e Professori in Uruguay\u201d (Red Italiana de Investigadores y Profesores en Uruguay) nasce nel novembre 2018 su iniziativa dell\u2019Ambasciata d\u2019Italia a Montevideo e si rivolge ad accademici di formazione universitaria o postuniversitaria italiana che svolgono attivit\u00e0 di ricerca o di insegnamento in Uruguay.\u00a0<a href=\"https:\/\/riipu.wordpress.com\/\">https:\/\/riipu.wordpress.com\/<\/a><\/p>\n<p>&nbsp;<\/p>\n<\/div>\n","protected":false},"excerpt":{"rendered":"AUSTRALIA ARIA-SA, Associazione di Ricercatori Italiani in Australasia- South Australia Obiettivo dell\u2019associazione \u00e8 promuovere la cooperazione scientifica tra Italia e Australia, fornendo un punto di contatto per i ricercatori italiani e australiani e tra le istituzioni, le organizzazioni di ricerca e le aziende dei due Paesi.\u00a0https:\/\/ariaadelaide.wordpress.com &nbsp; AUSTRIA ASSAI &#8211; Associazione Scambi Scientifici Austria Italia [&hellip;]","protected":false},"author":1,"featured_media":0,"parent":294,"menu_order":8,"comment_status":"closed","ping_status":"closed","template":"page-diplomazia.php","meta":{"footnotes":""},"class_list":["post-30206","page","type-page","status-publish","hentry"],"_links":{"self":[{"href":"https:\/\/www.esteri.it\/it\/wp-json\/wp\/v2\/pages\/30206","targetHints":{"allow":["GET"]}}],"collection":[{"href":"https:\/\/www.esteri.it\/it\/wp-json\/wp\/v2\/pages"}],"about":[{"href":"https:\/\/www.esteri.it\/it\/wp-json\/wp\/v2\/types\/page"}],"author":[{"embeddable":true,"href":"https:\/\/www.esteri.it\/it\/wp-json\/wp\/v2\/users\/1"}],"replies":[{"embeddable":true,"href":"https:\/\/www.esteri.it\/it\/wp-json\/wp\/v2\/comments?post=30206"}],"version-history":[{"count":7,"href":"https:\/\/www.esteri.it\/it\/wp-json\/wp\/v2\/pages\/30206\/revisions"}],"predecessor-version":[{"id":161381,"href":"https:\/\/www.esteri.it\/it\/wp-json\/wp\/v2\/pages\/30206\/revisions\/161381"}],"up":[{"embeddable":true,"href":"https:\/\/www.esteri.it\/it\/wp-json\/wp\/v2\/pages\/294"}],"wp:attachment":[{"href":"https:\/\/www.esteri.it\/it\/wp-json\/wp\/v2\/media?parent=30206"}],"curies":[{"name":"wp","href":"https:\/\/api.w.org\/{rel}","templated":true}]}}