{"id":30221,"date":"2021-07-13T12:16:56","date_gmt":"2021-07-13T10:16:56","guid":{"rendered":"https:\/\/www.esteri.it\/?page_id=30221"},"modified":"2021-10-07T16:01:41","modified_gmt":"2021-10-07T14:01:41","slug":"polotrieste","status":"publish","type":"page","link":"https:\/\/www.esteri.it\/it\/diplomazia-culturale-e-diplomazia-scientifica\/cooperscientificatecnologica\/polotrieste\/","title":{"rendered":"Polo Scientifico di Trieste"},"content":{"rendered":"<h5><a id=\"1\" href=\"http:\/\/www.ictp.it\/\" name=\"1\">\u00a0 \u00a0 \u00a0 \u00a0 \u00a0 \u00a0 \u00a0 \u00a0 \u00a0 \u00a0 \u00a0 \u00a0 \u00a0 \u00a0 \u00a0 <img decoding=\"async\" src=\"https:\/\/www.esteri.it\/mae\/resource\/mae\/2013\/09\/ictp.jpg\" alt=\"ictp\" border=\"0\" \/><\/a><a id=\"2\" href=\"http:\/\/www.icgeb.trieste.it\/\" name=\"2\"><img loading=\"lazy\" decoding=\"async\" src=\"https:\/\/www.esteri.it\/mae\/resource\/mae\/2013\/09\/ICGEB.jpg\" alt=\"icgeb\" width=\"243\" height=\"260\" border=\"0\" \/><\/a>\u00a0 \u00a0<a style=\"font-size: 16px;\" href=\"http:\/\/www.twas.org\/\"><img decoding=\"async\" class=\"alignnone\" src=\"https:\/\/www.esteri.it\/mae\/resource\/mae\/2013\/09\/TWAS.jpg\" alt=\"twas\" border=\"0\" \/><\/a><\/h5>\n<h5><a href=\"http:\/\/www.twas.org\/\">\u00a0<\/a><a id=\"5\" href=\"http:\/\/www.interacademies.net\/\" name=\"5\"><img loading=\"lazy\" decoding=\"async\" class=\"\" src=\"https:\/\/www.esteri.it\/mae\/resource\/mae\/2013\/09\/IAP.JPG\" alt=\"iap\" width=\"559\" height=\"155\" border=\"0\" \/><\/a><a id=\"6\" href=\"http:\/\/www.iamp-online.org\/\" name=\"6\"><img loading=\"lazy\" decoding=\"async\" class=\"\" src=\"https:\/\/www.esteri.it\/mae\/resource\/mae\/2013\/09\/IAMP.JPG\" alt=\"iamp\" width=\"658\" height=\"304\" border=\"0\" \/><\/a><\/h5>\n<p><a id=\"introduzione\" name=\"introduzione\"><\/a><strong>Introduzione<\/strong><\/p>\n<p><span data-contrast=\"none\">L\u2019Area Science Park di Trieste, sede del Parco scientifico e tecnologico pi\u00f9 grande d\u2019Italia che vanta una concentrazione di ricercatori tra le pi\u00f9 importanti d\u2019Europa, ospita Centri di Ricerca ed Istituti nazionali e regionali, stranieri ed internazionali, che svolgono attivit\u00e0 di ricerca\u00a0<\/span><span data-contrast=\"auto\">(di base e applicata)\u00a0<\/span><span data-contrast=\"none\">in vari settori:\u00a0dalla fisica alle biotecnologie, dalla genomica alla fisica dei materiali, dalla ricerca applicata all\u2019industria farmaceutica,\u00a0da quella alimentare\u00a0alla microelettronica ed informatica.<\/span><span data-ccp-props=\"{&quot;201341983&quot;:0,&quot;335551550&quot;:6,&quot;335551620&quot;:6,&quot;335559739&quot;:0,&quot;335559740&quot;:240}\">\u00a0<\/span><\/p>\n<p><span data-contrast=\"none\">Se da una parte il Sistema Trieste arreca beneficio all\u2019Italia\u00a0in termini\u00a0di progresso tecnologico e di\u00a0innovazioni applicate all\u2019imprenditoria, dall\u2019altra parte consente al Paese di\u00a0<\/span><span data-contrast=\"auto\">accrescere il proprio prestigio a livello internazionale, configurandosi quale leva di supporto\u00a0<\/span><span data-contrast=\"none\">allo sviluppo sostenibile ed eco-compatibile dei Paesi emergenti.\u00a0In ragione di ci\u00f2, il Ministero degli Affari Esteri\u00a0e della Cooperazione Internazionale\u00a0ritiene prioritari il sostegno e il rafforzamento del Sistema Trieste<\/span><span data-contrast=\"auto\">\u00a0<\/span><span data-contrast=\"none\">e del Polo Internazionale d\u2019eccellenza scientifico e tecnologico, in stretta collaborazione con il Ministero dell\u2019Universit\u00e0 e della Ricerca e con le Amministrazioni locali e regionali coinvolte.<\/span><span data-ccp-props=\"{&quot;201341983&quot;:0,&quot;335551550&quot;:6,&quot;335551620&quot;:6,&quot;335559739&quot;:0,&quot;335559740&quot;:240}\">\u00a0<\/span><\/p>\n<p><span data-contrast=\"none\">Gli addetti del\u00a0Parco Scientifico e Tecnologico di Trieste provengono da tutto il mondo,\u00a0<\/span><span data-contrast=\"auto\">mentre le decine di migliaia di\u00a0<\/span><span data-contrast=\"none\">ricercatori dei Paesi emergenti\u00a0che si sono formati\u00a0presso la realt\u00e0 internazionale triestina occupano ora\u00a0posizioni di rilievo nei settori\u00a0scientifico, economico e\u00a0politico dei Paesi di provenienza. Ci\u00f2 rappresenta un\u00a0investimento\u00a0strategico di medio e lungo periodo per l\u2019Italia<\/span><span data-contrast=\"auto\">\u00a0 rispetto alle dette realt\u00e0 emergenti.<\/span><br \/>\n<span data-contrast=\"auto\">Il Sistema Internazionale di Trieste intrattiene rapporti\u00a0<\/span><span data-contrast=\"none\">con il Gruppo dei 77\u00a0e con il Segretariato dell\u2019Organizzazione delle Nazioni Unite. Inoltre, le Agenzie delle Nazioni Unite di Vienna, Ginevra e Parigi svolgono di frequente\u00a0consultazioni e collaborazioni scientifiche con i Centri internazionali triestini.<\/span><span data-ccp-props=\"{&quot;201341983&quot;:0,&quot;335551550&quot;:6,&quot;335551620&quot;:6,&quot;335559739&quot;:0,&quot;335559740&quot;:240}\">\u00a0<\/span><\/p>\n<p><b><span data-contrast=\"none\">ICTP, TWAS e IAP<\/span><\/b><span data-ccp-props=\"{&quot;201341983&quot;:0,&quot;335559739&quot;:0,&quot;335559740&quot;:240}\">\u00a0<\/span><span data-ccp-props=\"{&quot;201341983&quot;:0,&quot;335551550&quot;:6,&quot;335551620&quot;:6,&quot;335559739&quot;:0,&quot;335559740&quot;:240}\">\u00a0<\/span><\/p>\n<p><span data-contrast=\"none\">Nell\u2019ambito del Polo Scientifico di Trieste operano importanti\u00a0Istituzioni scientifiche internazionali collegate\u00a0<\/span><span data-contrast=\"auto\">all\u2019UNESCO tra cui l\u2019ICTP\u00a0<\/span><i><span data-contrast=\"auto\">\u201cInternational Centre for\u00a0Theoretical\u00a0Physics\u201d<\/span><\/i><span data-contrast=\"auto\">,\u00a0la TWAS\u00a0<\/span><i><span data-contrast=\"auto\">\u201cThe World Academy of\u00a0Sciences\u201d, e\u00a0<\/span><\/i><span data-contrast=\"auto\">l\u2019IAP\u00a0<\/span><i><span data-contrast=\"auto\">\u201cInter-Academy Panel\u201d<\/span><\/i><span data-contrast=\"auto\">.<\/span><span data-ccp-props=\"{&quot;201341983&quot;:0,&quot;335551550&quot;:6,&quot;335551620&quot;:6,&quot;335559739&quot;:0,&quot;335559740&quot;:240}\">\u00a0<\/span><\/p>\n<ul>\n<li><span data-ccp-props=\"{&quot;201341983&quot;:0,&quot;335551550&quot;:6,&quot;335551620&quot;:6,&quot;335559739&quot;:0,&quot;335559740&quot;:240}\">\u00a0<\/span><b><span data-contrast=\"none\">ICTP\u00a0<\/span><\/b><span data-ccp-props=\"{&quot;134233279&quot;:true,&quot;201341983&quot;:0,&quot;335551550&quot;:6,&quot;335551620&quot;:6,&quot;335559739&quot;:0,&quot;335559740&quot;:240}\"><br \/>\n<\/span>Il Centro Internazionale di Fisica Teorica (ICTP) \u00e8 un istituto internazionale per la formazione e la ricerca, fondato dal premio Nobel pakistano Abdus Salam con l\u2019aiuto del fisico italiano Paolo Budinich. Il Centro promuove la ricerca d\u2019avanguardia nella fisica teorica e applicata e favorisce al contempo lo sviluppo delle competenze scientifiche nei Paesi in via di sviluppo tramite opportunit\u00e0 formative: dalla sua fondazione a oggi, il Centro ha ospitato pi\u00f9 di 140.000 scienziati, e oltre 100 premi Nobel vi hanno tenuto lezioni e seminari. Le aree di ricerca del Centro includono la fisica teorica, quella delle alte energie, la cosmologia e fisica delle astroparticelle, la fisica statistica e della materia, la matematica e la fisica applicate e le scienze quantitative della vita.\u00a0<span data-contrast=\"auto\">L\u2019ICTP \u00e8 inoltre fortemente impegnato nel sostegno alle donne nella scienza.<\/span><span data-ccp-props=\"{&quot;134233279&quot;:true,&quot;201341983&quot;:0,&quot;335551550&quot;:6,&quot;335551620&quot;:6,&quot;335559685&quot;:720,&quot;335559739&quot;:0,&quot;335559740&quot;:240}\">\u00a0<\/span><\/li>\n<\/ul>\n<ul>\n<li data-leveltext=\"\uf0b7\" data-font=\"Symbol\" data-listid=\"22\" aria-setsize=\"-1\" data-aria-posinset=\"1\" data-aria-level=\"1\"><b><span data-contrast=\"none\">TWAS e IAP<br \/>\n<\/span><\/b>La TWAS, \u201cThe World Academy of\u00a0Sciences\u201d per\u00a0l\u2019avanzamento scientifico nei Paesi in via di sviluppo, ha la missione di promuovere l\u2019eccellenza scientifica per uno sviluppo sostenibile basato sulla scienza, nella convinzione che rafforzando la scienza e l\u2019ingegneria sia possibile affrontare con successo le sfide della fame, delle malattie e della povert\u00e0. Fondata nel 1983 a Trieste, nel 1991 \u00e8 divenuta un programma dell\u2019UNESCO. Il primo nucleo di accademici contava 42 fondatori; gli oltre 1100 accademici odierni testimoniano come la TWAS sia in continua crescita. La rete della TWAS \u2013 composta da oltre 60 partner fra consigli scientifici, accademie, ministeri, dipartimenti universitari e fondazioni \u2013 comprende anche tre Organizzazioni che hanno sede presso gli uffici dell\u2019Accademia. Fra\u00a0queste si annovera\u00a0l\u2019\u201cInterAcademy\u00a0Partnership\u201d (IAP): network globale delle accademie scientifiche che riunisce 107 accademie nazionali e regionali di 97 Paesi del mondo.<span data-ccp-props=\"{&quot;134233279&quot;:true,&quot;201341983&quot;:0,&quot;335551550&quot;:6,&quot;335551620&quot;:6,&quot;335559685&quot;:720,&quot;335559739&quot;:0,&quot;335559740&quot;:240}\">\u00a0<\/span><\/li>\n<\/ul>\n<p><b><span data-contrast=\"none\">ICGEB<\/span><\/b><span data-ccp-props=\"{&quot;201341983&quot;:0,&quot;335559739&quot;:0,&quot;335559740&quot;:240}\">\u00a0<\/span><\/p>\n<p><span data-contrast=\"none\">Anche l\u2019ICGEB,\u00a0<\/span><i><span data-contrast=\"none\">\u201cInternational Centre for\u00a0Genetic\u00a0Engineering\u00a0and\u00a0Biotechnology\u201d<\/span><\/i><span data-contrast=\"none\">,\u00a0organizzazione intergovernativa inizialmente istituita come progetto speciale dell\u2019UNIDO, fa parte del Polo scientifico di Trieste. Autonomo dal 1994, il Centro gestisce 46 laboratori all\u2019avanguardia a Trieste (Italia), Nuova Delhi (India) e Citt\u00e0 del Capo (Sudafrica), e forma una rete interattiva con oltre 65 Stati membri.<\/span><span data-ccp-props=\"{&quot;201341983&quot;:0,&quot;335551550&quot;:6,&quot;335551620&quot;:6,&quot;335559739&quot;:0,&quot;335559740&quot;:240}\">\u00a0<\/span><\/p>\n<p><span data-contrast=\"none\">L\u2019ICGEB svolge un ruolo chiave nelle biotecnologie\u00a0in tutto il mondo per l\u2019eccellenza nella ricerca, formazione e trasferimento tecnologico all\u2019industria; contribuisce in termini concreti al raggiungimento dello sviluppo globale sostenibile e le sue operazioni sono allineate a quelle del Sistema delle Nazioni Unite.<\/span><span data-ccp-props=\"{&quot;201341983&quot;:0,&quot;335551550&quot;:6,&quot;335551620&quot;:6,&quot;335559739&quot;:0,&quot;335559740&quot;:240}\">\u00a0<\/span><\/p>\n<p><span data-contrast=\"none\">Nel 2020, oltre 600 scienziati di oltre 47 nazionalit\u00e0 erano a bordo dei laboratori ICGEB, impegnati nella ricerca in cinque macro-aree (malattie infettive, malattie non trasmissibili, biotecnologie mediche, biotecnologie industriali, biologia vegetale e biotecnologie). A Trieste, in particolare, 18 gruppi di ricerca composti da oltre 180 ricercatori sono stati attivi in vari campi della ricerca biomedica.\u00a0<\/span><span data-ccp-props=\"{&quot;201341983&quot;:0,&quot;335551550&quot;:6,&quot;335551620&quot;:6,&quot;335559739&quot;:0,&quot;335559740&quot;:240}\">\u00a0<\/span><\/p>\n<p><span data-contrast=\"none\">L\u2019ICGEB s\u2019impegna fra l\u2019altro a raggiungere e promuovere la parit\u00e0 di genere in tutte le sue attivit\u00e0. Esemplare sotto questo profilo \u00e8 il Programma di Borse di Studio: il Centro assegna ogni anno una serie di borse di studio a giovani scienziati degli Stati membri per intraprendere ricerche nei suoi laboratori. Nel 2020, su 251 borsisti il 59% erano donne.<\/span><span data-ccp-props=\"{&quot;201341983&quot;:0,&quot;335551550&quot;:6,&quot;335551620&quot;:6,&quot;335559739&quot;:0,&quot;335559740&quot;:240}\">\u00a0<\/span><\/p>\n","protected":false},"excerpt":{"rendered":"\u00a0 \u00a0 \u00a0 \u00a0 \u00a0 \u00a0 \u00a0 \u00a0 \u00a0 \u00a0 \u00a0 \u00a0 \u00a0 \u00a0 \u00a0 \u00a0 \u00a0 \u00a0 Introduzione L\u2019Area Science Park di Trieste, sede del Parco scientifico e tecnologico pi\u00f9 grande d\u2019Italia che vanta una concentrazione di ricercatori tra le pi\u00f9 importanti d\u2019Europa, ospita Centri di Ricerca ed Istituti nazionali e regionali, stranieri ed [&hellip;]","protected":false},"author":1,"featured_media":0,"parent":294,"menu_order":12,"comment_status":"closed","ping_status":"closed","template":"page-diplomazia.php","meta":{"footnotes":""},"class_list":["post-30221","page","type-page","status-publish","hentry"],"_links":{"self":[{"href":"https:\/\/www.esteri.it\/it\/wp-json\/wp\/v2\/pages\/30221","targetHints":{"allow":["GET"]}}],"collection":[{"href":"https:\/\/www.esteri.it\/it\/wp-json\/wp\/v2\/pages"}],"about":[{"href":"https:\/\/www.esteri.it\/it\/wp-json\/wp\/v2\/types\/page"}],"author":[{"embeddable":true,"href":"https:\/\/www.esteri.it\/it\/wp-json\/wp\/v2\/users\/1"}],"replies":[{"embeddable":true,"href":"https:\/\/www.esteri.it\/it\/wp-json\/wp\/v2\/comments?post=30221"}],"version-history":[{"count":0,"href":"https:\/\/www.esteri.it\/it\/wp-json\/wp\/v2\/pages\/30221\/revisions"}],"up":[{"embeddable":true,"href":"https:\/\/www.esteri.it\/it\/wp-json\/wp\/v2\/pages\/294"}],"wp:attachment":[{"href":"https:\/\/www.esteri.it\/it\/wp-json\/wp\/v2\/media?parent=30221"}],"curies":[{"name":"wp","href":"https:\/\/api.w.org\/{rel}","templated":true}]}}