{"id":30225,"date":"2021-07-13T12:18:10","date_gmt":"2021-07-13T10:18:10","guid":{"rendered":"https:\/\/www.esteri.it\/?page_id=30225"},"modified":"2021-10-07T16:05:55","modified_gmt":"2021-10-07T14:05:55","slug":"altricentri","status":"publish","type":"page","link":"https:\/\/www.esteri.it\/it\/diplomazia-culturale-e-diplomazia-scientifica\/cooperscientificatecnologica\/altricentri\/","title":{"rendered":"CERN ESO ICRAnet"},"content":{"rendered":"<p><b><span data-contrast=\"none\">CERN<\/span><\/b><span data-ccp-props=\"{&quot;134233118&quot;:true,&quot;201341983&quot;:0,&quot;335551550&quot;:6,&quot;335551620&quot;:6,&quot;335559739&quot;:0,&quot;335559740&quot;:240}\"><br \/>\n<\/span>Fondata con una Convenzione Internazionale entrata in vigore nel 1954, l\u2019Organizzazione Europea per la Ricerca Nucleare (CERN) \u00e8 il pi\u00f9 grande laboratorio al mondo di fisica delle particelle con sede a Ginevra. L\u2019Italia vi aderisce insieme ad altri 19 Paesi europei e ad Israele.<span data-ccp-props=\"{&quot;201341983&quot;:0,&quot;335551550&quot;:6,&quot;335551620&quot;:6,&quot;335559685&quot;:720,&quot;335559739&quot;:0,&quot;335559740&quot;:240}\">\u00a0<\/span><\/p>\n<p><span data-contrast=\"none\">Scopo del laboratorio \u00e8 la ricerca sulla struttura e sulle leggi fondamentali della natura.<\/span><span data-ccp-props=\"{&quot;201341983&quot;:0,&quot;335551550&quot;:6,&quot;335551620&quot;:6,&quot;335559685&quot;:720,&quot;335559739&quot;:0,&quot;335559740&quot;:240}\">\u00a0<\/span><\/p>\n<p><span data-contrast=\"none\">Nato come sfida postbellica per realizzare una nuova unit\u00e0 nel mondo della scienza, oggi il CERN costituisce la realt\u00e0 di riferimento per oltre la met\u00e0 dei fisici delle particelle elementari operanti nel mondo che, rappresentando circa 80 nazionalit\u00e0 diverse, e provenendo\u00a0da 220 universit\u00e0 e centri di ricerca, ne utilizzano le strutture.<\/span><br \/>\n<span data-contrast=\"none\">Rilevanti le ricadute della ricerca CERN sul progresso economico e civile. Il World Wide Web (www), ad esempio, \u00e8 stato concepito al CERN nel 1990. Le\u00a0sue\u00a0ricerche, d\u2019altra parte,\u00a0hanno promosso\u00a0innovazioni rivoluzionarie\u00a0quali, fra l\u2019altro,\u00a0la Risonanza Magnetica\u00a0per\u00a0l\u2019individuazione della struttura tridimensionale delle molecole pi\u00f9 complesse.<\/span><span data-ccp-props=\"{&quot;201341983&quot;:0,&quot;335551550&quot;:6,&quot;335551620&quot;:6,&quot;335559685&quot;:720,&quot;335559739&quot;:0,&quot;335559740&quot;:240}\">\u00a0<\/span><\/p>\n<p><span data-contrast=\"none\">La presenza italiana al CERN ne ha segnato la storia sin dal suo concepimento. Tra i padri fondatori figurano Edoardo\u00a0Amaldi\u00a0e Gustavo\u00a0Colonnetti, e numerose sono state le figure che hanno avuto un\u2019influenza fondamentale per determinare le scelte e la qualit\u00e0 delle ricerche svolte\u00a0dal Centro\u00a0nei suoi oltre 50 anni di storia.<\/span><span data-ccp-props=\"{&quot;201341983&quot;:0,&quot;335551550&quot;:6,&quot;335551620&quot;:6,&quot;335559685&quot;:720,&quot;335559739&quot;:0,&quot;335559740&quot;:240}\">\u00a0<\/span><\/p>\n<p><span data-contrast=\"none\">Tra queste giova ricordare\u00a0il Nobel Carlo Rubbia e Luciano Maiani, in veste di direttori, ed\u00a0Emilio Picasso, che ha diretto il progetto antecedente all\u2019attuale Large\u00a0Hadron\u00a0Collider (LHC), acceleratore di particelle:\u00a0grande intuizione dello stesso Rubbia, e\u00a0di\u00a0un altro italiano, Giorgio\u00a0Brianti, che ha ideato i magneti che ne costituiscono il nucleo centrale.<\/span><span data-ccp-props=\"{&quot;201341983&quot;:0,&quot;335551550&quot;:6,&quot;335551620&quot;:6,&quot;335559685&quot;:720,&quot;335559739&quot;:0,&quot;335559740&quot;:240}\">\u00a0<\/span><\/p>\n<p><b><span data-contrast=\"none\"><br \/>\nESO<\/span><\/b><span data-ccp-props=\"{&quot;134233118&quot;:true,&quot;201341983&quot;:0,&quot;335551550&quot;:6,&quot;335551620&quot;:6,&quot;335559739&quot;:0,&quot;335559740&quot;:240}\"><br \/>\n<\/span><span data-contrast=\"none\">L\u2019ESO (<\/span><i><span data-contrast=\"none\">European\u00a0Southern\u00a0Observatory<\/span><\/i><span data-contrast=\"none\">) \u00e8 l\u2019Organizzazione Europea per le Ricerche Astronomiche nell\u2019Emisfero Australe con sede a\u00a0Garching\u00a0(vicino Monaco di Baviera)\u00a0e rappresenta la componente europea della scienza astrofisica mondiale, rivolta allo sviluppo delle ricerche astronomiche con grandi telescopi.\u00a0L\u2019Italia ha aderito all\u2019ESO nel 1982.<\/span><span data-ccp-props=\"{&quot;201341983&quot;:0,&quot;335551550&quot;:6,&quot;335551620&quot;:6,&quot;335559685&quot;:720,&quot;335559739&quot;:0,&quot;335559740&quot;:240}\">\u00a0<\/span><\/p>\n<p><span data-contrast=\"none\">Il principale mandato dell\u2019Organizzazione\u00a0\u00e8 la ricerca fondamentale in astrofisica, con\u00a0particolare\u00a0attenzione ai risvolti legati allo sviluppo delle tecnologie. Tra i centri di ricerca italiani, il nostro Istituto Nazionale di Astrofisica \u00e8 il principale partner di ESO nei vari progetti.\u00a0<\/span><span data-ccp-props=\"{&quot;201341983&quot;:0,&quot;335551550&quot;:6,&quot;335551620&quot;:6,&quot;335559685&quot;:720,&quot;335559739&quot;:0,&quot;335559740&quot;:240}\">\u00a0<\/span><\/p>\n<p><span data-contrast=\"none\">Le strutture ESO per l\u2019osservazione astronomica\u00a0sono situate sulle Ande Cilene: quella situata\u00a0a La Silla (regione di La Serena) ospita i primi telescopi dell\u2019organizzazione,\u00a0alcuni dei quali non pi\u00f9 operativi.\u00a0Un\u2019altra struttura\u00a0sul Cerro\u00a0Paranal,\u00a0nel\u00a0deserto di Atacama,\u00a0ospita il\u00a0Very\u00a0Large\u00a0Telescope:<\/span><span data-contrast=\"auto\">\u00a0<\/span><span data-contrast=\"none\">sistema di quattro telescopi ottici separati, affiancati da quattro telescopi minori<\/span><b><span data-contrast=\"none\">.<\/span><\/b><span data-contrast=\"none\">\u00a0Nel pianoro di\u00a0Chajnator, a\u00a05000\u00a0metri\u00a0d\u2019altezza, in uno dei luoghi pi\u00f9 aridi della Terra, \u00e8\u00a0invece\u00a0iniziata l\u2019installazione del grande interferometro\u00a0submillimetrico\u00a0(gigantesco telescopio) ALMA. Qui L\u2019ESO prevede di costruire, nel corso dei prossimi 10 anni, il pi\u00f9 grande telescopio ottico al mondo per osservazioni profonde ad alta risoluzione, denominato\u00a0European\u00a0Extremely\u00a0Large\u00a0Telescope\u00a0(E-ELT), e classificato dalla Comunit\u00e0 europea come infrastruttura scientifica prioritaria.<\/span><span data-ccp-props=\"{&quot;201341983&quot;:0,&quot;335551550&quot;:6,&quot;335551620&quot;:6,&quot;335559685&quot;:720,&quot;335559739&quot;:0,&quot;335559740&quot;:240}\">\u00a0<\/span><\/p>\n<p><span data-contrast=\"none\">Il coinvolgimento\u00a0dell\u2019Italia in ESO, accompagnato da un importante sviluppo dei piani nazionali, ha contribuito in modo decisivo alla crescita dell\u2019astronomia in Italia, permettendoci di raggiungere una posizione di alto\u00a0livello internazionale.\u00a0D\u2019altro canto, notevoli sono stati i successi dell\u2019industria italiana nell\u2019acquisire commesse industriali e\u00a0nel\u00a0conseguire rilevanti ritorni economici e tecnologici.<\/span><span data-ccp-props=\"{&quot;201341983&quot;:0,&quot;335551550&quot;:6,&quot;335551620&quot;:6,&quot;335559685&quot;:720,&quot;335559739&quot;:0,&quot;335559740&quot;:240}\">\u00a0<\/span><\/p>\n<p><span data-ccp-props=\"{&quot;201341983&quot;:0,&quot;335551550&quot;:6,&quot;335551620&quot;:6,&quot;335559739&quot;:0,&quot;335559740&quot;:240}\"><br \/>\n<\/span><b><span data-contrast=\"none\">ICRANet<\/span><\/b><span data-ccp-props=\"{&quot;134233118&quot;:true,&quot;201341983&quot;:0,&quot;335551550&quot;:6,&quot;335551620&quot;:6,&quot;335559739&quot;:0,&quot;335559740&quot;:240}\"><br \/>\n<\/span><span data-contrast=\"none\">L\u2019ICRANet\u00a0<\/span><i><span data-contrast=\"none\">\u201cInternational Center for\u00a0Relativistic\u00a0Astrophysics\u00a0Network\u201d<\/span><\/i><span data-contrast=\"none\">\u00a0\u00e8 un\u2019organizzazione internazionale che promuove attivit\u00e0 di ricerca nel campo dell\u2019Astrofisica Relativistica e di aree affini.\u00a0Sin dalla sua istituzione nel 2003, la\u00a0sede di coordinamento centrale\u00a0\u00e8 situata a Pescara; altre sedi si trovano a Roma e Nizza. Ulteriori centri\u00a0ICRANet\u00a0sono presenti a\u00a0Yerevan\u00a0(Armenia),\u00a0Rio de Janeiro\u00a0(Brasile), Minsk (Bielorussia),\u00a0Isfahan\u00a0(Iran) e presso la\u00a0Leland\u00a0Stanford Junior\u00a0University, negli Stati Uniti d\u2019America<\/span><span data-contrast=\"none\">\u200b<\/span><span data-contrast=\"none\">.\u00a0<\/span><span data-ccp-props=\"{&quot;201341983&quot;:0,&quot;335551550&quot;:6,&quot;335551620&quot;:6,&quot;335559685&quot;:720,&quot;335559739&quot;:0,&quot;335559740&quot;:240}\">\u00a0<\/span><\/p>\n<p><span data-contrast=\"none\">Gli obiettivi dell\u2019ICRANet\u00a0sono la formazione, l\u2019istruzione e la ricerca nel campo dell\u2019astrofisica relativistica, della cosmologia, della fisica teorica e della fisica matematica.\u00a0Le principali attivit\u00e0\u00a0del Network\u00a0sono volte a promuovere la cooperazione scientifica internazionale\u00a0e a portare avanti la ricerca scientifica.\u00a0In particolare, dal 2005 l\u2019ICRANet\u00a0co-organizza un programma di Dottorato Internazionale in Astrofisica Relativistica\u00a0(IRAP\u00a0PhD), insieme a numerosi enti e Universit\u00e0 situati in diversi Paesi del mondo. Nell\u2019ambito del programma IRAP-PhD, l\u2019ICRANet\u00a0ha organizzato diverse scuole di Dottorato: 11 si sono svolte a Nizza e 3 a\u00a0Les\u00a0Houches\u00a0(Francia), 1 a Ferrara (Italia), 1 a Pescara\u00a0(Italia) e 1 a Pechino (Cina).<\/span><span data-ccp-props=\"{&quot;201341983&quot;:0,&quot;335551550&quot;:6,&quot;335551620&quot;:6,&quot;335559685&quot;:720,&quot;335559739&quot;:0,&quot;335559740&quot;:240}\">\u00a0<\/span><\/p>\n","protected":false},"excerpt":{"rendered":"CERN Fondata con una Convenzione Internazionale entrata in vigore nel 1954, l\u2019Organizzazione Europea per la Ricerca Nucleare (CERN) \u00e8 il pi\u00f9 grande laboratorio al mondo di fisica delle particelle con sede a Ginevra. L\u2019Italia vi aderisce insieme ad altri 19 Paesi europei e ad Israele.\u00a0 Scopo del laboratorio \u00e8 la ricerca sulla struttura e sulle [&hellip;]","protected":false},"author":1,"featured_media":0,"parent":294,"menu_order":13,"comment_status":"closed","ping_status":"closed","template":"page-diplomazia.php","meta":{"footnotes":""},"class_list":["post-30225","page","type-page","status-publish","hentry"],"_links":{"self":[{"href":"https:\/\/www.esteri.it\/it\/wp-json\/wp\/v2\/pages\/30225","targetHints":{"allow":["GET"]}}],"collection":[{"href":"https:\/\/www.esteri.it\/it\/wp-json\/wp\/v2\/pages"}],"about":[{"href":"https:\/\/www.esteri.it\/it\/wp-json\/wp\/v2\/types\/page"}],"author":[{"embeddable":true,"href":"https:\/\/www.esteri.it\/it\/wp-json\/wp\/v2\/users\/1"}],"replies":[{"embeddable":true,"href":"https:\/\/www.esteri.it\/it\/wp-json\/wp\/v2\/comments?post=30225"}],"version-history":[{"count":0,"href":"https:\/\/www.esteri.it\/it\/wp-json\/wp\/v2\/pages\/30225\/revisions"}],"up":[{"embeddable":true,"href":"https:\/\/www.esteri.it\/it\/wp-json\/wp\/v2\/pages\/294"}],"wp:attachment":[{"href":"https:\/\/www.esteri.it\/it\/wp-json\/wp\/v2\/media?parent=30225"}],"curies":[{"name":"wp","href":"https:\/\/api.w.org\/{rel}","templated":true}]}}