{"id":30236,"date":"2009-05-14T13:35:11","date_gmt":"2009-05-14T11:35:11","guid":{"rendered":"https:\/\/www.esteri.it\/diplomazia-economica-e-politica-commerciale\/diplomaziaeconomica\/focuspaese\/"},"modified":"2026-01-27T12:32:45","modified_gmt":"2026-01-27T11:32:45","slug":"focuspaese","status":"publish","type":"page","link":"https:\/\/www.esteri.it\/it\/diplomazia-economica-e-politica-commerciale\/diplomaziaeconomica\/focuspaese\/","title":{"rendered":"Attrazione Flussi Turistici"},"content":{"rendered":"<p><em>Pagina in aggiornamento<\/em><\/p>\n<p>L\u2019Italia \u00e8 tra le mete pi\u00f9 ambite dai turisti di tutti i continenti. A tale successo concorrono vari fattori, tra i quali l\u2019unicit\u00e0 delle citt\u00e0 d\u2019arte e l\u2019immenso patrimonio culturale, le risorse naturali e gli scenari paesaggistici di rilevante bellezza, senza dimenticare il nostro stile di vita e l\u2019alta qualit\u00e0 dei prodotti eno-gastronomici. Ci\u00f2 si \u00e8 riflesso nei positivi risultati registrati nel 2015: gli arrivi internazionali sono stati 50,7 milioni (+4,38% rispetto al 2014), e la loro spesa \u00e8 cresciuta di circa il 5%. Il valore aggiunto generato dai loro consumi (considerando sia gli effetti diretti che quelli indiretti e indotti) \u00e8 stimato essere stato pari a circa 37,6 miliardi di euro. Ci\u00f2 rende il comparto turismo una voce importante del PIL nazionale, cui contribuisce per l\u201911.8% con 3,1 milioni di unit\u00e0 di lavoro.<\/p>\n<p>Dato dunque il rilievo strategico del settore, il Ministero degli Affari Esteri e della Cooperazione Internazionale concorre a promuovere l\u2019Italia come destinazione turistica internazionale per incrementarne i flussi dall\u2019estero, in raccordo con le altre istituzioni competenti. In particolare, la collaborazione con l\u2019ENIT sfocia poi nell\u2019elaborazione di Rapporti congiunti e Focus Paese annuali, frutto di una continua azione di monitoraggio volta a valutare il posizionamento dell\u2019Italia sul mercato turistico mondiale. Infine, vanno segnalate le politiche di promozione integrata a cura della Direzione Generale per la Crescita e la Promozione delle Esportazioni della Farnesina, le quali possono generare importanti ricadute in termini di\u00a0 promozione turistica.<\/p>\n<p><strong><br \/>\nLa collaborazione interistituzionale<\/strong><\/p>\n<p>Al fine di incrementare i flussi turistici dall\u2019estero, il Ministero degli Affari Esteri e della Cooperazione Internazionale opera in raccordo con il Ministero per i Beni, le Attivit\u00e0 Culturali ed il Turismo e con l\u2019ENIT (Agenzia Nazionale del Turismo) ed in sinergia con le Regioni e con gli altri attori istituzionali e privati del settore. Tale collaborazione si riflette anche nelle attivit\u00e0 della Cabina di regia per l\u2019internazionalizzazione che, presieduta dal Ministro degli Esteri e della Cooperazione Internazionale e dal Ministro per lo Sviluppo Economico, vede tra i suoi partecipanti anche il Ministero per i Beni, le Attivit\u00e0 Culturali ed il Turismo e la Conferenza delle Regioni.<\/p>\n<p>Negli ultimi anni il Ministero degli Affari Esteri e della Cooperazione Internazionale ha sottoscritto alcune importanti Convenzioni con il Dicastero competente e l\u2019ENIT per regolare i rapporti reciproci e favorire la collaborazione nell\u2019ambito della promozione turistica. L\u2019ultima \u00e8 stata firmata nel 2012 con la Presidenza del Consiglio (allora competente per il turismo) e l\u2019ENIT, e stabilisce le modalit\u00e0 con le quali quest\u2019ultima opera all\u2019estero, nell\u2019ambito delle Rappresentanze diplomatico-consolari e sotto la direzione, vigilanza e coordinamento del Capo della missione diplomatica o dell\u2019Ufficio consolare.<\/p>\n<p>Nel corso del 2016, la Farnesina ha preso parte agli Stati Generali del Turismo organizzati presso il Museo Nazionale di Pietrarsa e ha contribuito all\u2019elaborazione del <strong>Piano Strategico del Turismo<\/strong> che, basandosi su un metodo aperto e partecipativo e sul coinvolgimento di tutti gli stakeholder del settore, intende dettare le linee guida per lo sviluppo del comparto per gli anni 2016-2022.<\/p>\n<p><strong><br \/>\nI Rapporti Congiunti\/Focus Paese<\/strong><\/p>\n<p>Il Ministero degli Affari Esteri e della Cooperazione Internazionale, attraverso la propria rete diplomatico-consolare ed in collaborazione con l\u2019ENIT, svolge una continua azione di monitoraggio con il posizionamento dell\u2019Italia nel mercato turistico mondiale.<\/p>\n<p>Il principale frutto di questa attivit\u00e0 \u00e8 l\u2019elaborazione dei Rapporti congiunti\/Focus Paese, studi di settore che forniscono rilevazioni della domanda turistica in un centinaio di mercati stranieri. Per ciascun Paese vengono infatti delineati un quadro macro-economico e un\u2019analisi quantitativa e qualitativa della domanda di turismo verso l\u2019estero, ed in particolare verso l\u2019Italia, offrendo un profilo specifico del turista straniero in relazione alle destinazioni scelte.\u00a0 L\u2019obiettivo \u00e8 mettere a disposizione degli operatori turistici italiani informazioni che consentano di calibrare e diversificare la propria offerta turistica rispetto agli altri concorrenti. Questi rapporti risultano dunque particolarmente utili sia per gli operatori privati sia per gli attori pubblici del settore, impegnati nella programmazione di eventi miranti ad attrarre sempre pi\u00f9 turisti nel nostro Paese ed amplificare gli effetti degli investimenti promozionali del marchio Italia.<\/p>\n<p><strong><br \/>\nFacilitazioni al rilascio dei visti turistici<\/strong><\/p>\n<p>Il servizio di rilascio di visti per l\u2019Italia e l\u2019area Schengen in favore di turisti e viaggiatori provenienti da Paesi emergenti (in particolare BRIC) costituisce una delle eccellenze della rete diplomatico-consolare italiana. Si tratta di un settore strategico al quale -nonostante la contrazione dei bilanci pubblici- il Ministero degli Esteri attribuisce la massima importanza. Si auspica che il numero di richieste di visto aumenti, in modo da consentire l\u2019arrivo nel nostro Paese di tali flussi turistici.<\/p>\n<p>In questo contesto la semplificazione delle procedure di rilascio dei visti, anche attraverso processi di digitalizzazione, \u00e8 essenziale per favorire la circolarit\u00e0 in forma pi\u00f9 fluida di turisti extra comunitari. A tal fine la Farnesina ha lanciato il portale <a href=\"https:\/\/vistoperitalia.esteri.it\/\" target=\"_blank\" rel=\"noopener\">https:\/\/vistoperitalia.esteri.it\/<\/a>, rivolto ai cittadini di Paesi terzi che intendano recarsi nel nostro Paese. L\u2019iniziativa ha recentemente ricevuto un importante riconoscimento quale il Premio Innovazione SMAU. Il ricorso alle nuove tecnologie pu\u00f2 contribuire in modo decisivo ad offrire all\u2019utenza un servizio efficiente e su questa strada occorre continuare<\/p>\n<p><strong><br \/>\nLe attivit\u00e0 di promozione integrata<\/strong><\/p>\n<p>Un contributo rilevante all\u2019attrazione dei flussi turistici viene dato dall\u2019attivit\u00e0 di Promozione Integrata curate dalla Direzione Generale per la Crescita e la Promozione delle Esportazioni (DGCE) del MAECI, che mira ad armonizzare la diplomazia economica e la diplomazia culturale mediante un\u2019unica strategia di sistema volta a valorizzare pienamente tutte le componenti del \u201cMarchio Italia\u201d (comprese quella scientifica, linguistica, scolastica, delle autonomie locali, etc.) e che trova una sintesi efficace nell\u2019organizzazione di missioni di sistema nei Paesi considerati prioritari. Queste azioni si basano sull\u2019individuazione di assi tematici fondamentali per il nostro Paese, attorno a cui la rete diplomatico-consolare e culturale facente capo alla Farnesina (Ambasciate, Consolati, IIC, Addetti Scientifici, Scuole italiane all\u2019estero) organizza e coordina eventi promozionali di varia natura, con il coinvolgimento degli altri attori pubblici e privati presenti localmente, che possono determinare positive ricadute in termini di attrazione dei flussi turistici.<\/p>\n","protected":false},"excerpt":{"rendered":"Pagina in aggiornamento L\u2019Italia \u00e8 tra le mete pi\u00f9 ambite dai turisti di tutti i continenti. A tale successo concorrono vari fattori, tra i quali l\u2019unicit\u00e0 delle citt\u00e0 d\u2019arte e l\u2019immenso patrimonio culturale, le risorse naturali e gli scenari paesaggistici di rilevante bellezza, senza dimenticare il nostro stile di vita e l\u2019alta qualit\u00e0 dei prodotti [&hellip;]","protected":false},"author":1,"featured_media":0,"parent":329,"menu_order":12,"comment_status":"closed","ping_status":"closed","template":"page-imprese.php","meta":{"footnotes":""},"class_list":["post-30236","page","type-page","status-publish","hentry"],"_links":{"self":[{"href":"https:\/\/www.esteri.it\/it\/wp-json\/wp\/v2\/pages\/30236","targetHints":{"allow":["GET"]}}],"collection":[{"href":"https:\/\/www.esteri.it\/it\/wp-json\/wp\/v2\/pages"}],"about":[{"href":"https:\/\/www.esteri.it\/it\/wp-json\/wp\/v2\/types\/page"}],"author":[{"embeddable":true,"href":"https:\/\/www.esteri.it\/it\/wp-json\/wp\/v2\/users\/1"}],"replies":[{"embeddable":true,"href":"https:\/\/www.esteri.it\/it\/wp-json\/wp\/v2\/comments?post=30236"}],"version-history":[{"count":3,"href":"https:\/\/www.esteri.it\/it\/wp-json\/wp\/v2\/pages\/30236\/revisions"}],"predecessor-version":[{"id":171878,"href":"https:\/\/www.esteri.it\/it\/wp-json\/wp\/v2\/pages\/30236\/revisions\/171878"}],"up":[{"embeddable":true,"href":"https:\/\/www.esteri.it\/it\/wp-json\/wp\/v2\/pages\/329"}],"wp:attachment":[{"href":"https:\/\/www.esteri.it\/it\/wp-json\/wp\/v2\/media?parent=30236"}],"curies":[{"name":"wp","href":"https:\/\/api.w.org\/{rel}","templated":true}]}}