{"id":30278,"date":"2021-07-13T13:37:02","date_gmt":"2021-07-13T11:37:02","guid":{"rendered":"https:\/\/www.esteri.it\/?page_id=30278"},"modified":"2026-01-02T16:05:56","modified_gmt":"2026-01-02T15:05:56","slug":"autonomie_territoriali","status":"publish","type":"page","link":"https:\/\/www.esteri.it\/it\/temi\/diplomaziaeconomica\/autonomie_territoriali\/","title":{"rendered":"Rapporti con le Regioni e altri Enti territoriali"},"content":{"rendered":"<p><strong>Rapporti con le Autonomie Territoriali<\/strong><\/p>\n<p>Il \u201cpotere estero\u201d delle Regioni e delle altre Autonomie Territoriali, riconosciuto dall\u2019ordinamento italiano, implica la necessit\u00e0 di un raccordo costante e strutturato tra il Governo e gli stessi Enti Territoriali per assicurare unitariet\u00e0 e coerenza alla politica estera del Paese e per svolgere in forma coordinata le attivit\u00e0 di promozione all\u2019estero dei territori italiani. Contribuire a tale raccordo inter istituzionale, in forma agile e dinamica rientra tra le funzioni del Ministero degli Affari Esteri e della Cooperazione Internazionale, che \u00e8 impegnato nel gestire, sviluppare e alimentare la rete di collegamenti tra Presidenza del Consiglio del Ministri, altri Ministeri, Unione Europea, Ambasciate e Consolati, Regioni, Province e Comuni, mondo produttivo ed accademico, in una logica di rafforzata consultazione tra i diversi soggetti del sistema Paese, sancita dalla riforma del 2012 della Cabina di Regia per l\u2019Italia internazionale.<\/p>\n<p>L\u2019apposita\u00a0<a href=\"https:\/\/www.esteri.it\/mae\/resource\/doc\/2016\/07\/intesa_regi_prov_auton_18122008_materia_rapportiinterli.pdf\">Intesa<\/a>\u00a0tra\u00a0<strong>Governo e Regioni in materia di attivit\u00e0 internazionali<\/strong>, conclusa nel dicembre del 2008 nell\u2019ambito della Conferenza Stato Regioni, costituisce la cornice operativa per tale coordinamento. \u00c8 in tale contesto che <strong>la Farnesina presiede la procedura per la conclusione di accordi internazionali tra Regioni italiane e Stati esteri<\/strong>\u00a0(fino alla concessione alla Regione interessata dei \u201cpieni poteri\u201d di firma da parte del Ministro) ed esprime il proprio parere su intese e gemellaggi che gli Enti Territoriali italiani intendono concludere con enti omologhi stranieri (in applicazione della Legge n. 131\/2003 c.d. \u201cLa Loggia\u201d).<\/p>\n<p>L\u2019apposita <a href=\"https:\/\/www.esteri.it\/mae\/resource\/doc\/2016\/08\/intesa_pcm_maeci_anci_def.pdf\">Intesa tra Governo e Comuni (DARA-MAECI-ANCI<\/a><u>) <\/u>conclusa nel luglio del 2015, costituisce un <strong>quadro di riferimento per il coordinamento delle attivit\u00e0 internazionali dei Comuni e delle Citt\u00e0 Metropolitane<\/strong>.<\/p>\n<p>In applicazione della legge n. 125\/2014 (Capo VI &#8211; Art. 23, comma 2, lettera b e Art. 25), il MAECI e l&#8217;Agenzia italiana per la Cooperazione allo Sviluppo (AICS) promuovono <strong>forme di partenariato e collaborazione con le Regioni, le Province Autonome di Trento e di Bolzano<\/strong> e gli enti locali nel campo della cooperazione allo sviluppo, concedendo altres\u00ec <strong>contributi al finanziamento <\/strong>delle iniziative di cui all\u2019Art. 9, comma 2 della menzionata legge. (Direzione di riferimento, Direzione Generale per la Cooperazione allo Sviluppo, Ufficio VI).<\/p>\n<p>Tra i compiti attributi al MAECI rientra anche quello di esprimere pareri in merito alle leggi regionali (anche per l\u2019eventuale promozione da parte del Governo del giudizio di legittimit\u00e0 davanti alla Corte costituzionale) nonch\u00e9 alle richieste di autorizzazione alla costituzione di Gruppi Europei di Cooperazione Territoriale (GECT) tra Enti Territoriali e altri soggetti di Paesi UE e territori limitrofi.<\/p>\n<p>I rapporti con le Autonomie Territoriali sono sviluppati attraverso due strutture di coordinamento:<\/p>\n<ul>\n<li><strong>Il Tavolo permanente per il coordinamento dell\u2019azione internazionale<\/strong><\/li>\n<li><strong>Il Gruppo di lavoro per l\u2019internazionalizzazione dei territori<\/strong><\/li>\n<\/ul>\n<p><strong>\u00a0<\/strong><\/p>\n<p><strong>\u00a0<\/strong><\/p>\n<p><strong>Tavolo permanente per il coordinamento dell\u2019azione internazionale<\/strong><\/p>\n<p>A partire dal settembre del 2011 \u00e8 stato riattivato il Tavolo permanente per il coordinamento dell\u2019azione internazionale, istituito dall\u2019Intesa Governo\/Regioni\/Province autonome di Trento e Bolzano del 18 dicembre 2008, che si riunisce periodicamente.<\/p>\n<p>Oltre a favorire il regolare scambio di informazioni, anche in tema di priorit\u00e0 geografiche e di programmazione delle iniziative all\u2019estero, nonch\u00e9 a facilitare il monitoraggio sugli esiti dell\u2019attivit\u00e0 di rilievo internazionale degli Enti territoriali, il Tavolo si propone di costituire un foro di consultazione e approfondimento a tutto campo per l\u2019azione condivisa di promozione del Sistema Paese.<\/p>\n<p><strong>Gruppo di lavoro per l\u2019internazionalizzazione dei territori<\/strong><\/p>\n<p>Al fine di consolidare la collaborazione per la promozione dei territori e con l\u2019obiettivo di mettere a disposizione della Cabina di Regia per l\u2019Italia internazionale uno strumento operativo per la programmazione delle attivit\u00e0 promozionali condivise con gli Enti territoriali, \u00e8 stato istituito nell\u2019ambito del Tavolo permanente il\u00a0<strong>Gruppo di lavoro per l\u2019Internazionalizzazione dei territori,<\/strong>\u00a0aperto a tutte le Regioni e coordinato da Ministero degli Affari Esteri e Cooperazione Internazionale, Ministero delle Imprese e del Made in Italy e Conferenza delle Regioni e delle Province Autonome.<\/p>\n<p>&nbsp;<\/p>\n<p><strong>CONTATTI UTILI:<\/strong><\/p>\n<p>Direzione Generale per la Crescita e la Promozione delle Esportazioni<\/p>\n<p>Ufficio IX<br \/>\nE-mail: <a href=\"mailto:dgce09@esteri.it\">dgce09@esteri.it<\/a><\/p>\n","protected":false},"excerpt":{"rendered":"Rapporti con le Autonomie Territoriali Il \u201cpotere estero\u201d delle Regioni e delle altre Autonomie Territoriali, riconosciuto dall\u2019ordinamento italiano, implica la necessit\u00e0 di un raccordo costante e strutturato tra il Governo e gli stessi Enti Territoriali per assicurare unitariet\u00e0 e coerenza alla politica estera del Paese e per svolgere in forma coordinata le attivit\u00e0 di promozione [&hellip;]","protected":false},"author":1,"featured_media":0,"parent":329,"menu_order":9,"comment_status":"closed","ping_status":"closed","template":"page-imprese.php","meta":{"footnotes":""},"class_list":["post-30278","page","type-page","status-publish","hentry"],"_links":{"self":[{"href":"https:\/\/www.esteri.it\/it\/wp-json\/wp\/v2\/pages\/30278","targetHints":{"allow":["GET"]}}],"collection":[{"href":"https:\/\/www.esteri.it\/it\/wp-json\/wp\/v2\/pages"}],"about":[{"href":"https:\/\/www.esteri.it\/it\/wp-json\/wp\/v2\/types\/page"}],"author":[{"embeddable":true,"href":"https:\/\/www.esteri.it\/it\/wp-json\/wp\/v2\/users\/1"}],"replies":[{"embeddable":true,"href":"https:\/\/www.esteri.it\/it\/wp-json\/wp\/v2\/comments?post=30278"}],"version-history":[{"count":5,"href":"https:\/\/www.esteri.it\/it\/wp-json\/wp\/v2\/pages\/30278\/revisions"}],"predecessor-version":[{"id":168678,"href":"https:\/\/www.esteri.it\/it\/wp-json\/wp\/v2\/pages\/30278\/revisions\/168678"}],"up":[{"embeddable":true,"href":"https:\/\/www.esteri.it\/it\/wp-json\/wp\/v2\/pages\/329"}],"wp:attachment":[{"href":"https:\/\/www.esteri.it\/it\/wp-json\/wp\/v2\/media?parent=30278"}],"curies":[{"name":"wp","href":"https:\/\/api.w.org\/{rel}","templated":true}]}}